{"id":8110,"date":"2026-04-30T03:00:57","date_gmt":"2026-04-30T01:00:57","guid":{"rendered":"https:\/\/www.avf-motors.com\/shop\/porsche-cayenne-coupe-platinum-edition\/"},"modified":"2026-05-03T15:00:05","modified_gmt":"2026-05-03T13:00:05","slug":"porsche-cayenne-coupe-platinum-edition","status":"publish","type":"product","link":"https:\/\/www.avf-motors.com\/en\/shop\/porsche-cayenne-coupe-platinum-edition\/","title":{"rendered":"Porsche Cayenne Coup\u00e9 Platinum Edition"},"content":{"rendered":"<p>Disponible Maintenant !<\/p>\n<p>Available Now !<\/p>\n<p><\/p>\n<p>Sur rendez-vous uniquement.<\/p>\n<p>By appointment only.<\/p>\n<p><\/p>\n<p>R\u00e9servoir 90 litres<\/p>\n<p>Suppression de la d\u00e9signation du mod\u00e8le<\/p>\n<p>Syst\u00e8me audio Bose Surround<\/p>\n<p>Suspension pneumatique \u00e0 hauteur variable avec r\u00e9gulation de la hauteur de caisse et de l&rsquo;assiette incluant le PASM<br \/>Dispositif d&rsquo;attelage retractable \u00e9lectriquement<br \/>Kit Anticrevaison (bombe et compresseur \u00e9lectrique)<br \/>Boulons de roue avec protection antivol<br \/>Ionisateur<br \/>Volant chauffant<br \/>Pack d&rsquo;am\u00e9nagement du coffre<br \/>Si\u00e8ges Confort \u00e0 l&rsquo;arri\u00e8re (2+1)<br \/>Si\u00e8ges chauffants \u00e0 l&rsquo;avant et \u00e0 l&rsquo;arri\u00e8re<br \/>Assistance de changement de voie<br \/>Phares \u00e0 LED teint\u00e9s avec Porsche Dynamic Light System (PDLS)<br \/>Feux arri\u00e8re Exclusive Design<br \/>Climatisation automatique 4 zones<br \/>Pack fumeur<br \/>Compartiment pour smartphone avec chargement sans fil<br \/>Int\u00e9rieur tout cuir Noir<br \/>Assistance parking avant et arri\u00e8re avec cam\u00e9ra de recul et vue 360\u00b0<\/p>\n<p>R\u00e9gulateur de vitesse adaptatif avec fonction arr\u00eat d&rsquo;urgence (incluant affichage des limitations de vitesse avec assis)<br \/>Projecteurs de porte \u00e0 LED avec signature \u00ab\u00a0PORSCHE\u00a0\u00bb<br \/>HomeLink\u00ae (syst\u00e8me d&rsquo;ouverture de porte de garage)<\/p>\n<p>Jantes RS Spyder Design 21 pouces en finition Platine satin\u00e9<\/p>\n<p>Inserts des entr\u00e9es d&rsquo;air avant en Platine satin\u00e9<\/p>\n<p>Monogramme Porsche et d\u00e9signation mod\u00e8le arri\u00e8re en Platine satin\u00e9<\/p>\n<p>Sorties d&rsquo;\u00e9chappement Sport et contours de vitres en Noir<\/p>\n<p>Toit panoramique vitr\u00e9<\/p>\n<p>Vitrage arri\u00e8re teint\u00e9 (privacy glass)<\/p>\n<p>Phares LED avec syst\u00e8me PDLS<\/p>\n<p>Si\u00e8ges Sport en cuir \u00e0 8 r\u00e9glages \u00e9lectriques<\/p>\n<p>Ecusson Porsche sr les appuie-t\u00eates avant et arri\u00e8re<\/p>\n<p>Ceintures de s\u00e9curit\u00e9 couleur Craie<\/p>\n<p>Seuils de porte en aluminium bross\u00e9 avec inscription \u00ab\u00a0Platinum Edition\u00a0\u00bb<\/p>\n<p>Eclairage d&rsquo;ambiance<\/p>\n<p>Horloge analogique sur le tableau de bord<\/p>\n<p>Syst\u00e8me de fermeture des portes soft-close&nbsp;<\/p>\n<p><\/p>","protected":false},"excerpt":{"rendered":"<p>Disponible Maintenant !<\/p>\n<p>Available Now !<\/p>\n<p><\/p>\n<p>Sur rendez-vous uniquement.<\/p>\n<p>By appointment only.<\/p>\n<p><\/p>\n<p>Ce Porsche Cayenne Platinum Edition, disponible \u00e0 la vente chez AVF Motors, se distingue par une configuration intemporelle et particuli\u00e8rement \u00e9quip\u00e9e. Les finitions en Platine satin\u00e9 de l&rsquo;\u00e9dition Platinum soulignent son design dynamique tout en conservant une allure \u00e9l\u00e9gante propre \u00e0 la marque. L&rsquo;habitacle, enti\u00e8rement habill\u00e9 de cuir noir, offre une atmosph\u00e8re premium et un excellent confort pour tous les passagers. Cela se retrouve notamment \u00e0 travers les si\u00e8ges chauffant avant et arri\u00e8re, le toit panoramique vitr\u00e9 et le syst\u00e8me audio Bose Surround.&nbsp;<\/p>\n<p><\/p>\n<p>R\u00e9servoir 90 litres<\/p>\n<p>Suppression de la d\u00e9signation du mod\u00e8le<\/p>\n<p>Syst\u00e8me audio Bose Surround<\/p>\n<p>Suspension pneumatique \u00e0 hauteur variable avec r\u00e9gulation de la hauteur de caisse et de l&rsquo;assiette incluant le PASM<br \/>Dispositif d&rsquo;attelage retractable \u00e9lectriquement<br \/>Kit Anticrevaison (bombe et compresseur \u00e9lectrique)<br \/>Boulons de roue avec protection antivol<br \/>Ionisateur<br \/>Volant chauffant<br \/>Pack d&rsquo;am\u00e9nagement du coffre<br \/>Si\u00e8ges Confort \u00e0 l&rsquo;arri\u00e8re (2+1)<br \/>Si\u00e8ges chauffants \u00e0 l&rsquo;avant et \u00e0 l&rsquo;arri\u00e8re<br \/>Assistance de changement de voie<br \/>Phares \u00e0 LED teint\u00e9s avec Porsche Dynamic Light System (PDLS)<br \/>Feux arri\u00e8re Exclusive Design<br \/>Climatisation automatique 4 zones<br \/>Pack fumeur<br \/>Compartiment pour smartphone avec chargement sans fil<br \/>Int\u00e9rieur tout cuir Noir<br \/>Assistance parking avant et arri\u00e8re avec cam\u00e9ra de recul et vue 360\u00b0<\/p>\n<p>R\u00e9gulateur de vitesse adaptatif avec fonction arr\u00eat d&rsquo;urgence (incluant affichage des limitations de vitesse avec assis)<br \/>Projecteurs de porte \u00e0 LED avec signature \u00ab\u00a0PORSCHE\u00a0\u00bb<br \/>HomeLink\u00ae (syst\u00e8me d&rsquo;ouverture de porte de garage)<\/p>\n<p>Jantes RS Spyder Design 21 pouces en finition Platine satin\u00e9<\/p>\n<p>Inserts des entr\u00e9es d&rsquo;air avant en Platine satin\u00e9<\/p>\n<p>Monogramme Porsche et d\u00e9signation mod\u00e8le arri\u00e8re en Platine satin\u00e9<\/p>\n<p>Sorties d&rsquo;\u00e9chappement Sport et contours de vitres en Noir<\/p>\n<p>Toit panoramique vitr\u00e9<\/p>\n<p>Vitrage arri\u00e8re teint\u00e9 (privacy glass)<\/p>\n<p>Phares LED avec syst\u00e8me PDLS<\/p>\n<p>Si\u00e8ges Sport en cuir \u00e0 8 r\u00e9glages \u00e9lectriques<\/p>\n<p>Ecusson Porsche sr les appuie-t\u00eates avant et arri\u00e8re<\/p>\n<p>Ceintures de s\u00e9curit\u00e9 couleur Craie<\/p>\n<p>Seuils de porte en aluminium bross\u00e9 avec inscription \u00ab\u00a0Platinum Edition\u00a0\u00bb<\/p>\n<p>Eclairage d&rsquo;ambiance<\/p>\n<p>Horloge analogique sur le tableau de bord<\/p>\n<p>Syst\u00e8me de fermeture des portes soft-close&nbsp;<\/p>\n<p><\/p>","protected":false},"featured_media":8141,"template":"","meta":{"_acf_changed":false,"content-type":"","ocean_post_layout":"","ocean_both_sidebars_style":"","ocean_both_sidebars_content_width":0,"ocean_both_sidebars_sidebars_width":0,"ocean_sidebar":"","ocean_second_sidebar":"","ocean_disable_margins":"enable","ocean_add_body_class":"","ocean_shortcode_before_top_bar":"","ocean_shortcode_after_top_bar":"","ocean_shortcode_before_header":"","ocean_shortcode_after_header":"","ocean_has_shortcode":"","ocean_shortcode_after_title":"","ocean_shortcode_before_footer_widgets":"","ocean_shortcode_after_footer_widgets":"","ocean_shortcode_before_footer_bottom":"","ocean_shortcode_after_footer_bottom":"","ocean_display_top_bar":"default","ocean_display_header":"default","ocean_header_style":"","ocean_center_header_left_menu":"","ocean_custom_header_template":"","ocean_custom_logo":0,"ocean_custom_retina_logo":0,"ocean_custom_logo_max_width":0,"ocean_custom_logo_tablet_max_width":0,"ocean_custom_logo_mobile_max_width":0,"ocean_custom_logo_max_height":0,"ocean_custom_logo_tablet_max_height":0,"ocean_custom_logo_mobile_max_height":0,"ocean_header_custom_menu":"","ocean_menu_typo_font_family":"","ocean_menu_typo_font_subset":"","ocean_menu_typo_font_size":0,"ocean_menu_typo_font_size_tablet":0,"ocean_menu_typo_font_size_mobile":0,"ocean_menu_typo_font_size_unit":"px","ocean_menu_typo_font_weight":"","ocean_menu_typo_font_weight_tablet":"","ocean_menu_typo_font_weight_mobile":"","ocean_menu_typo_transform":"","ocean_menu_typo_transform_tablet":"","ocean_menu_typo_transform_mobile":"","ocean_menu_typo_line_height":0,"ocean_menu_typo_line_height_tablet":0,"ocean_menu_typo_line_height_mobile":0,"ocean_menu_typo_line_height_unit":"","ocean_menu_typo_spacing":0,"ocean_menu_typo_spacing_tablet":0,"ocean_menu_typo_spacing_mobile":0,"ocean_menu_typo_spacing_unit":"","ocean_menu_link_color":"","ocean_menu_link_color_hover":"","ocean_menu_link_color_active":"","ocean_menu_link_background":"","ocean_menu_link_hover_background":"","ocean_menu_link_active_background":"","ocean_menu_social_links_bg":"","ocean_menu_social_hover_links_bg":"","ocean_menu_social_links_color":"","ocean_menu_social_hover_links_color":"","ocean_disable_title":"default","ocean_disable_heading":"default","ocean_post_title":"","ocean_post_subheading":"","ocean_post_title_style":"","ocean_post_title_background_color":"","ocean_post_title_background":0,"ocean_post_title_bg_image_position":"","ocean_post_title_bg_image_attachment":"","ocean_post_title_bg_image_repeat":"","ocean_post_title_bg_image_size":"","ocean_post_title_height":0,"ocean_post_title_bg_overlay":0.5,"ocean_post_title_bg_overlay_color":"","ocean_disable_breadcrumbs":"default","ocean_breadcrumbs_color":"","ocean_breadcrumbs_separator_color":"","ocean_breadcrumbs_links_color":"","ocean_breadcrumbs_links_hover_color":"","ocean_display_footer_widgets":"default","ocean_display_footer_bottom":"default","ocean_custom_footer_template":""},"product_brand":[],"product_cat":[19],"product_tag":[],"class_list":{"0":"post-8110","1":"product","2":"type-product","3":"status-publish","4":"has-post-thumbnail","6":"product_cat-non-classe","7":"entry","8":"has-media","10":"first","11":"instock","12":"shipping-taxable","13":"purchasable","14":"product-type-simple"},"acf":[],"yoast_head":"<!-- This site is optimized with the Yoast SEO plugin v27.3 - https:\/\/yoast.com\/product\/yoast-seo-wordpress\/ -->\n<title>Porsche Cayenne Coup\u00e9 Platinum Edition - AVF Motors<\/title>\n<meta name=\"robots\" content=\"index, follow, max-snippet:-1, max-image-preview:large, max-video-preview:-1\" \/>\n<link rel=\"canonical\" href=\"https:\/\/www.avf-motors.com\/en\/shop\/porsche-cayenne-coupe-platinum-edition\/\" \/>\n<meta property=\"og:locale\" content=\"en_GB\" \/>\n<meta property=\"og:type\" content=\"article\" \/>\n<meta property=\"og:title\" content=\"Porsche Cayenne Coup\u00e9 Platinum Edition - AVF Motors\" \/>\n<meta property=\"og:description\" content=\"Disponible Maintenant !Available Now !Sur rendez-vous uniquement.By appointment only.Ce Porsche Cayenne Platinum Edition, disponible \u00e0 la vente chez AVF Motors, se distingue par une configuration intemporelle et particuli\u00e8rement \u00e9quip\u00e9e. Les finitions en Platine satin\u00e9 de l&#039;\u00e9dition Platinum soulignent son design dynamique tout en conservant une allure \u00e9l\u00e9gante propre \u00e0 la marque. L&#039;habitacle, enti\u00e8rement habill\u00e9 de cuir noir, offre une atmosph\u00e8re premium et un excellent confort pour tous les passagers. Cela se retrouve notamment \u00e0 travers les si\u00e8ges chauffant avant et arri\u00e8re, le toit panoramique vitr\u00e9 et le syst\u00e8me audio Bose Surround.&nbsp;R\u00e9servoir 90 litresSuppression de la d\u00e9signation du mod\u00e8leSyst\u00e8me audio Bose SurroundSuspension pneumatique \u00e0 hauteur variable avec r\u00e9gulation de la hauteur de caisse et de l&#039;assiette incluant le PASMDispositif d&#039;attelage retractable \u00e9lectriquementKit Anticrevaison (bombe et compresseur \u00e9lectrique)Boulons de roue avec protection antivolIonisateurVolant chauffantPack d&#039;am\u00e9nagement du coffreSi\u00e8ges Confort \u00e0 l&#039;arri\u00e8re (2+1)Si\u00e8ges chauffants \u00e0 l&#039;avant et \u00e0 l&#039;arri\u00e8reAssistance de changement de voiePhares \u00e0 LED teint\u00e9s avec Porsche Dynamic Light System (PDLS)Feux arri\u00e8re Exclusive DesignClimatisation automatique 4 zonesPack fumeurCompartiment pour smartphone avec chargement sans filInt\u00e9rieur tout cuir NoirAssistance parking avant et arri\u00e8re avec cam\u00e9ra de recul et vue 360\u00b0R\u00e9gulateur de vitesse adaptatif avec fonction arr\u00eat d&#039;urgence (incluant affichage des limitations de vitesse avec assis)Projecteurs de porte \u00e0 LED avec signature &quot;PORSCHE&quot;HomeLink\u00ae (syst\u00e8me d&#039;ouverture de porte de garage)Jantes RS Spyder Design 21 pouces en finition Platine satin\u00e9Inserts des entr\u00e9es d&#039;air avant en Platine satin\u00e9Monogramme Porsche et d\u00e9signation mod\u00e8le arri\u00e8re en Platine satin\u00e9Sorties d&#039;\u00e9chappement Sport et contours de vitres en NoirToit panoramique vitr\u00e9Vitrage arri\u00e8re teint\u00e9 (privacy glass)Phares LED avec syst\u00e8me PDLSSi\u00e8ges Sport en cuir \u00e0 8 r\u00e9glages \u00e9lectriquesEcusson Porsche sr les appuie-t\u00eates avant et arri\u00e8reCeintures de s\u00e9curit\u00e9 couleur CraieSeuils de porte en aluminium bross\u00e9 avec inscription &quot;Platinum Edition&quot;Eclairage d&#039;ambianceHorloge analogique sur le tableau de bordSyst\u00e8me de fermeture des portes soft-close&nbsp;\" \/>\n<meta property=\"og:url\" content=\"https:\/\/www.avf-motors.com\/en\/shop\/porsche-cayenne-coupe-platinum-edition\/\" \/>\n<meta property=\"og:site_name\" content=\"AVF Motors\" \/>\n<meta property=\"article:modified_time\" content=\"2026-05-03T13:00:05+00:00\" \/>\n<meta name=\"twitter:card\" content=\"summary_large_image\" \/>\n<meta name=\"twitter:label1\" content=\"Estimated reading time\" \/>\n\t<meta name=\"twitter:data1\" content=\"1 minute\" \/>\n<script type=\"application\/ld+json\" class=\"yoast-schema-graph\">{\"@context\":\"https:\\\/\\\/schema.org\",\"@graph\":[{\"@type\":\"WebPage\",\"@id\":\"https:\\\/\\\/www.avf-motors.com\\\/shop\\\/porsche-cayenne-coupe-platinum-edition\\\/\",\"url\":\"https:\\\/\\\/www.avf-motors.com\\\/shop\\\/porsche-cayenne-coupe-platinum-edition\\\/\",\"name\":\"Porsche Cayenne Coup\u00e9 Platinum Edition - AVF Motors\",\"isPartOf\":{\"@id\":\"https:\\\/\\\/www.avf-motors.com\\\/en\\\/#website\"},\"primaryImageOfPage\":{\"@id\":\"https:\\\/\\\/www.avf-motors.com\\\/shop\\\/porsche-cayenne-coupe-platinum-edition\\\/#primaryimage\"},\"image\":{\"@id\":\"https:\\\/\\\/www.avf-motors.com\\\/shop\\\/porsche-cayenne-coupe-platinum-edition\\\/#primaryimage\"},\"thumbnailUrl\":\"https:\\\/\\\/www.avf-motors.com\\\/wp-content\\\/uploads\\\/2026\\\/04\\\/124008-ChGtTEgBxuDeLQjYyolS.jpg\",\"datePublished\":\"2026-04-30T01:00:57+00:00\",\"dateModified\":\"2026-05-03T13:00:05+00:00\",\"breadcrumb\":{\"@id\":\"https:\\\/\\\/www.avf-motors.com\\\/shop\\\/porsche-cayenne-coupe-platinum-edition\\\/#breadcrumb\"},\"inLanguage\":\"en-GB\",\"potentialAction\":[{\"@type\":\"ReadAction\",\"target\":[\"https:\\\/\\\/www.avf-motors.com\\\/shop\\\/porsche-cayenne-coupe-platinum-edition\\\/\"]}]},{\"@type\":\"ImageObject\",\"inLanguage\":\"en-GB\",\"@id\":\"https:\\\/\\\/www.avf-motors.com\\\/shop\\\/porsche-cayenne-coupe-platinum-edition\\\/#primaryimage\",\"url\":\"https:\\\/\\\/www.avf-motors.com\\\/wp-content\\\/uploads\\\/2026\\\/04\\\/124008-ChGtTEgBxuDeLQjYyolS.jpg\",\"contentUrl\":\"https:\\\/\\\/www.avf-motors.com\\\/wp-content\\\/uploads\\\/2026\\\/04\\\/124008-ChGtTEgBxuDeLQjYyolS.jpg\",\"width\":800,\"height\":600},{\"@type\":\"BreadcrumbList\",\"@id\":\"https:\\\/\\\/www.avf-motors.com\\\/shop\\\/porsche-cayenne-coupe-platinum-edition\\\/#breadcrumb\",\"itemListElement\":[{\"@type\":\"ListItem\",\"position\":1,\"name\":\"Accueil\",\"item\":\"https:\\\/\\\/www.avf-motors.com\\\/en\\\/\"},{\"@type\":\"ListItem\",\"position\":2,\"name\":\"Nos voitures\",\"item\":\"https:\\\/\\\/www.avf-motors.com\\\/en\\\/nos-voitures\\\/\"},{\"@type\":\"ListItem\",\"position\":3,\"name\":\"Porsche Cayenne Coup\u00e9 Platinum Edition\"}]},{\"@type\":\"WebSite\",\"@id\":\"https:\\\/\\\/www.avf-motors.com\\\/en\\\/#website\",\"url\":\"https:\\\/\\\/www.avf-motors.com\\\/en\\\/\",\"name\":\"AVF Motors\",\"description\":\"\",\"publisher\":{\"@id\":\"https:\\\/\\\/www.avf-motors.com\\\/en\\\/#organization\"},\"potentialAction\":[{\"@type\":\"SearchAction\",\"target\":{\"@type\":\"EntryPoint\",\"urlTemplate\":\"https:\\\/\\\/www.avf-motors.com\\\/en\\\/?s={search_term_string}\"},\"query-input\":{\"@type\":\"PropertyValueSpecification\",\"valueRequired\":true,\"valueName\":\"search_term_string\"}}],\"inLanguage\":\"en-GB\"},{\"@type\":\"Organization\",\"@id\":\"https:\\\/\\\/www.avf-motors.com\\\/en\\\/#organization\",\"name\":\"AVF Motors\",\"url\":\"https:\\\/\\\/www.avf-motors.com\\\/en\\\/\",\"logo\":{\"@type\":\"ImageObject\",\"inLanguage\":\"en-GB\",\"@id\":\"https:\\\/\\\/www.avf-motors.com\\\/en\\\/#\\\/schema\\\/logo\\\/image\\\/\",\"url\":\"https:\\\/\\\/www.avf-motors.com\\\/wp-content\\\/uploads\\\/2025\\\/06\\\/cropped-cropped-Logo-couleur-baseline-vectoriel-removebg-preview-1-1.png\",\"contentUrl\":\"https:\\\/\\\/www.avf-motors.com\\\/wp-content\\\/uploads\\\/2025\\\/06\\\/cropped-cropped-Logo-couleur-baseline-vectoriel-removebg-preview-1-1.png\",\"width\":630,\"height\":330,\"caption\":\"AVF Motors\"},\"image\":{\"@id\":\"https:\\\/\\\/www.avf-motors.com\\\/en\\\/#\\\/schema\\\/logo\\\/image\\\/\"}}]}<\/script>\n<!-- \/ Yoast SEO plugin. -->","yoast_head_json":{"title":"Porsche Cayenne Coup\u00e9 Platinum Edition - AVF Motors","robots":{"index":"index","follow":"follow","max-snippet":"max-snippet:-1","max-image-preview":"max-image-preview:large","max-video-preview":"max-video-preview:-1"},"canonical":"https:\/\/www.avf-motors.com\/en\/shop\/porsche-cayenne-coupe-platinum-edition\/","og_locale":"en_GB","og_type":"article","og_title":"Porsche Cayenne Coup\u00e9 Platinum Edition - AVF Motors","og_description":"Disponible Maintenant !Available Now !Sur rendez-vous uniquement.By appointment only.Ce Porsche Cayenne Platinum Edition, disponible \u00e0 la vente chez AVF Motors, se distingue par une configuration intemporelle et particuli\u00e8rement \u00e9quip\u00e9e. Les finitions en Platine satin\u00e9 de l'\u00e9dition Platinum soulignent son design dynamique tout en conservant une allure \u00e9l\u00e9gante propre \u00e0 la marque. L'habitacle, enti\u00e8rement habill\u00e9 de cuir noir, offre une atmosph\u00e8re premium et un excellent confort pour tous les passagers. Cela se retrouve notamment \u00e0 travers les si\u00e8ges chauffant avant et arri\u00e8re, le toit panoramique vitr\u00e9 et le syst\u00e8me audio Bose Surround.&nbsp;R\u00e9servoir 90 litresSuppression de la d\u00e9signation du mod\u00e8leSyst\u00e8me audio Bose SurroundSuspension pneumatique \u00e0 hauteur variable avec r\u00e9gulation de la hauteur de caisse et de l'assiette incluant le PASMDispositif d'attelage retractable \u00e9lectriquementKit Anticrevaison (bombe et compresseur \u00e9lectrique)Boulons de roue avec protection antivolIonisateurVolant chauffantPack d'am\u00e9nagement du coffreSi\u00e8ges Confort \u00e0 l'arri\u00e8re (2+1)Si\u00e8ges chauffants \u00e0 l'avant et \u00e0 l'arri\u00e8reAssistance de changement de voiePhares \u00e0 LED teint\u00e9s avec Porsche Dynamic Light System (PDLS)Feux arri\u00e8re Exclusive DesignClimatisation automatique 4 zonesPack fumeurCompartiment pour smartphone avec chargement sans filInt\u00e9rieur tout cuir NoirAssistance parking avant et arri\u00e8re avec cam\u00e9ra de recul et vue 360\u00b0R\u00e9gulateur de vitesse adaptatif avec fonction arr\u00eat d'urgence (incluant affichage des limitations de vitesse avec assis)Projecteurs de porte \u00e0 LED avec signature \"PORSCHE\"HomeLink\u00ae (syst\u00e8me d'ouverture de porte de garage)Jantes RS Spyder Design 21 pouces en finition Platine satin\u00e9Inserts des entr\u00e9es d'air avant en Platine satin\u00e9Monogramme Porsche et d\u00e9signation mod\u00e8le arri\u00e8re en Platine satin\u00e9Sorties d'\u00e9chappement Sport et contours de vitres en NoirToit panoramique vitr\u00e9Vitrage arri\u00e8re teint\u00e9 (privacy glass)Phares LED avec syst\u00e8me PDLSSi\u00e8ges Sport en cuir \u00e0 8 r\u00e9glages \u00e9lectriquesEcusson Porsche sr les appuie-t\u00eates avant et arri\u00e8reCeintures de s\u00e9curit\u00e9 couleur CraieSeuils de porte en aluminium bross\u00e9 avec inscription \"Platinum Edition\"Eclairage d'ambianceHorloge analogique sur le tableau de bordSyst\u00e8me de fermeture des portes soft-close&nbsp;","og_url":"https:\/\/www.avf-motors.com\/en\/shop\/porsche-cayenne-coupe-platinum-edition\/","og_site_name":"AVF Motors","article_modified_time":"2026-05-03T13:00:05+00:00","twitter_card":"summary_large_image","twitter_misc":{"Estimated reading time":"1 minute"},"schema":{"@context":"https:\/\/schema.org","@graph":[{"@type":"WebPage","@id":"https:\/\/www.avf-motors.com\/shop\/porsche-cayenne-coupe-platinum-edition\/","url":"https:\/\/www.avf-motors.com\/shop\/porsche-cayenne-coupe-platinum-edition\/","name":"Porsche Cayenne Coup\u00e9 Platinum Edition - AVF Motors","isPartOf":{"@id":"https:\/\/www.avf-motors.com\/en\/#website"},"primaryImageOfPage":{"@id":"https:\/\/www.avf-motors.com\/shop\/porsche-cayenne-coupe-platinum-edition\/#primaryimage"},"image":{"@id":"https:\/\/www.avf-motors.com\/shop\/porsche-cayenne-coupe-platinum-edition\/#primaryimage"},"thumbnailUrl":"https:\/\/www.avf-motors.com\/wp-content\/uploads\/2026\/04\/124008-ChGtTEgBxuDeLQjYyolS.jpg","datePublished":"2026-04-30T01:00:57+00:00","dateModified":"2026-05-03T13:00:05+00:00","breadcrumb":{"@id":"https:\/\/www.avf-motors.com\/shop\/porsche-cayenne-coupe-platinum-edition\/#breadcrumb"},"inLanguage":"en-GB","potentialAction":[{"@type":"ReadAction","target":["https:\/\/www.avf-motors.com\/shop\/porsche-cayenne-coupe-platinum-edition\/"]}]},{"@type":"ImageObject","inLanguage":"en-GB","@id":"https:\/\/www.avf-motors.com\/shop\/porsche-cayenne-coupe-platinum-edition\/#primaryimage","url":"https:\/\/www.avf-motors.com\/wp-content\/uploads\/2026\/04\/124008-ChGtTEgBxuDeLQjYyolS.jpg","contentUrl":"https:\/\/www.avf-motors.com\/wp-content\/uploads\/2026\/04\/124008-ChGtTEgBxuDeLQjYyolS.jpg","width":800,"height":600},{"@type":"BreadcrumbList","@id":"https:\/\/www.avf-motors.com\/shop\/porsche-cayenne-coupe-platinum-edition\/#breadcrumb","itemListElement":[{"@type":"ListItem","position":1,"name":"Accueil","item":"https:\/\/www.avf-motors.com\/en\/"},{"@type":"ListItem","position":2,"name":"Nos voitures","item":"https:\/\/www.avf-motors.com\/en\/nos-voitures\/"},{"@type":"ListItem","position":3,"name":"Porsche Cayenne Coup\u00e9 Platinum Edition"}]},{"@type":"WebSite","@id":"https:\/\/www.avf-motors.com\/en\/#website","url":"https:\/\/www.avf-motors.com\/en\/","name":"AVF Motors","description":"","publisher":{"@id":"https:\/\/www.avf-motors.com\/en\/#organization"},"potentialAction":[{"@type":"SearchAction","target":{"@type":"EntryPoint","urlTemplate":"https:\/\/www.avf-motors.com\/en\/?s={search_term_string}"},"query-input":{"@type":"PropertyValueSpecification","valueRequired":true,"valueName":"search_term_string"}}],"inLanguage":"en-GB"},{"@type":"Organization","@id":"https:\/\/www.avf-motors.com\/en\/#organization","name":"AVF Motors","url":"https:\/\/www.avf-motors.com\/en\/","logo":{"@type":"ImageObject","inLanguage":"en-GB","@id":"https:\/\/www.avf-motors.com\/en\/#\/schema\/logo\/image\/","url":"https:\/\/www.avf-motors.com\/wp-content\/uploads\/2025\/06\/cropped-cropped-Logo-couleur-baseline-vectoriel-removebg-preview-1-1.png","contentUrl":"https:\/\/www.avf-motors.com\/wp-content\/uploads\/2025\/06\/cropped-cropped-Logo-couleur-baseline-vectoriel-removebg-preview-1-1.png","width":630,"height":330,"caption":"AVF Motors"},"image":{"@id":"https:\/\/www.avf-motors.com\/en\/#\/schema\/logo\/image\/"}}]}},"_links":{"self":[{"href":"https:\/\/www.avf-motors.com\/en\/wp-json\/wp\/v2\/product\/8110","targetHints":{"allow":["GET"]}}],"collection":[{"href":"https:\/\/www.avf-motors.com\/en\/wp-json\/wp\/v2\/product"}],"about":[{"href":"https:\/\/www.avf-motors.com\/en\/wp-json\/wp\/v2\/types\/product"}],"wp:featuredmedia":[{"embeddable":true,"href":"https:\/\/www.avf-motors.com\/en\/wp-json\/wp\/v2\/media\/8141"}],"wp:attachment":[{"href":"https:\/\/www.avf-motors.com\/en\/wp-json\/wp\/v2\/media?parent=8110"}],"wp:term":[{"taxonomy":"product_brand","embeddable":true,"href":"https:\/\/www.avf-motors.com\/en\/wp-json\/wp\/v2\/product_brand?post=8110"},{"taxonomy":"product_cat","embeddable":true,"href":"https:\/\/www.avf-motors.com\/en\/wp-json\/wp\/v2\/product_cat?post=8110"},{"taxonomy":"product_tag","embeddable":true,"href":"https:\/\/www.avf-motors.com\/en\/wp-json\/wp\/v2\/product_tag?post=8110"}],"curies":[{"name":"wp","href":"https:\/\/api.w.org\/{rel}","templated":true}]}}