{"id":7972,"date":"2026-04-10T10:51:42","date_gmt":"2026-04-10T08:51:42","guid":{"rendered":"https:\/\/www.avf-motors.com\/shop\/porsche-cayenne-turbo-s-e-hybrid\/"},"modified":"2026-05-03T15:00:21","modified_gmt":"2026-05-03T13:00:21","slug":"porsche-cayenne-turbo-s-e-hybrid","status":"publish","type":"product","link":"https:\/\/www.avf-motors.com\/en\/shop\/porsche-cayenne-turbo-s-e-hybrid\/","title":{"rendered":"Porsche Cayenne Turbo S E-Hybrid"},"content":{"rendered":"<p><b>Disponible maintenant !<\/b><\/p>\n<p><b>Available now!<\/b><\/p>\n<p><\/p>\n<p>Sur rendez-vous uniquement.<\/p>\n<p>By appointment only.<\/p>\n<p><\/p>\n<p>Informations compl\u00e9mentaires :<\/p>\n<p>Mont\u00e9 en kit hiver + kit \u00e9t\u00e9 fourni<\/p>\n<p>Marchands uniquement (v\u00e9hicule vendu sans garantie)<\/p>\n<ul>\n<li>\n<p>Couleur noir m\u00e9tallis\u00e9 profond<\/p>\n<\/li>\n<li>\n<p>Sellerie cuir noir<\/p>\n<\/li>\n<li>\n<p>Essieu arri\u00e8re directionnel<\/p>\n<\/li>\n<li>\n<p>Suppression des \u00e9l\u00e9ments Acid Green<\/p>\n<\/li>\n<li>\n<p>Dispositif d&rsquo;attelage \u00e9lectrique<\/p>\n<\/li>\n<li>\n<p>Volant en Alcantara avec chauffage<\/p>\n<\/li>\n<li>\n<p>Toit panoramique<\/p>\n<\/li>\n<li>\n<p>Ciel de toit en tissu noir<\/p>\n<\/li>\n<li>\n<p>Jantes 22&Prime; Sport Classic finition noir brillant<\/p>\n<\/li>\n<li>\n<p>Fonction massage + ventilation des si\u00e8ges<\/p>\n<\/li>\n<li>\n<p>Airbags lat\u00e9raux \u00e0 l&rsquo;arri\u00e8re<\/p>\n<\/li>\n<li>\n<p>Pack int\u00e9rieur aluminium bross\u00e9<\/p>\n<\/li>\n<li>\n<p>Appuie-t\u00eates avec blason Porsche<\/p>\n<\/li>\n<li>\n<p>Accoudoir central avec lettrage personnalis\u00e9<\/p>\n<\/li>\n<li>\n<p>Levier de vitesses au design exclusif<\/p>\n<\/li>\n<li>\n<p>Surpiq\u00fbres int\u00e9rieures couleur contrast\u00e9e<\/p>\n<\/li>\n<li>\n<p>C\u00e2ble de recharge 400V (prise domestique)<\/p>\n<\/li>\n<li>\n<p>C\u00e2ble pour bornes publiques<\/p>\n<\/li>\n<li>\n<p>Aide au changement de voie<\/p>\n<\/li>\n<li>\n<p>Phares Matrix LED avec Porsche Dynamic Light System Plus<\/p>\n<\/li>\n<li>\n<p>Pack Sport Chrono avec s\u00e9lecteur de mode<\/p>\n<\/li>\n<li>\n<p>Climatisation automatique 4 zones<\/p>\n<\/li>\n<li>\n<p>Syst\u00e8me audio Burmester haut de gamme<\/p>\n<\/li>\n<li>\n<p>Compartiment pour smartphone<\/p>\n<\/li>\n<li>\n<p>C\u00e2ble de recharge pour le v\u00e9hicule<\/p>\n<\/li>\n<li>\n<p>Num\u00e9ro de s\u00e9rie exclusif<\/p>\n<\/li>\n<li>\n<p>Fermeture assist\u00e9e des portes (Soft Close)<\/p>\n<\/li>\n<li>\n<p>Assistance au stationnement + cam\u00e9ra 360\u00b0<\/p>\n<\/li>\n<li>\n<p>Head-Up Display<\/p>\n<\/li>\n<li>\n<p>R\u00e9gulateur de vitesse adaptatif avec fonction arr\u00eat d&rsquo;urgence<\/p>\n<\/li>\n<li>\n<p>Si\u00e8ges confort 14 positions avec m\u00e9moire<\/p>\n<\/li>\n<li>\n<p>Encadrements de vitres noirs<\/p>\n<\/li>\n<li>\n<p>\u00c9clairage d&rsquo;ambiance int\u00e9rieur<\/p>\n<\/li>\n<li>\n<p>Projecteurs de porte LED avec inscription Porsche<\/p>\n<\/li>\n<li>\n<p>Vitrage arri\u00e8re fum\u00e9 (Privacy Glass)<\/p>\n<\/li>\n<li>\n<p>D\u00e9cor int\u00e9rieur avec surpiq\u00fbres contrast\u00e9es<\/p>\n<\/li>\n<\/ul>","protected":false},"excerpt":{"rendered":"<p><b>Disponible maintenant !<\/b><\/p>\n<p><b>Available now!<\/b><\/p>\n<p><\/p>\n<p>Sur rendez-vous uniquement.<\/p>\n<p>By appointment only.<\/p>\n<p><\/p>\n<p>Informations compl\u00e9mentaires :<\/p>\n<p>Mont\u00e9 en kit hiver + kit \u00e9t\u00e9 fourni<\/p>\n<p>Marchands uniquement (v\u00e9hicule vendu sans garantie)<\/p>\n<ul>\n<li>\n<p>Couleur noir m\u00e9tallis\u00e9 profond<\/p>\n<\/li>\n<li>\n<p>Sellerie cuir noir<\/p>\n<\/li>\n<li>\n<p>Essieu arri\u00e8re directionnel<\/p>\n<\/li>\n<li>\n<p>Suppression des \u00e9l\u00e9ments Acid Green<\/p>\n<\/li>\n<li>\n<p>Dispositif d&rsquo;attelage \u00e9lectrique<\/p>\n<\/li>\n<li>\n<p>Volant en Alcantara avec chauffage<\/p>\n<\/li>\n<li>\n<p>Toit panoramique<\/p>\n<\/li>\n<li>\n<p>Ciel de toit en tissu noir<\/p>\n<\/li>\n<li>\n<p>Jantes 22&Prime; Sport Classic finition noir brillant<\/p>\n<\/li>\n<li>\n<p>Fonction massage + ventilation des si\u00e8ges<\/p>\n<\/li>\n<li>\n<p>Airbags lat\u00e9raux \u00e0 l&rsquo;arri\u00e8re<\/p>\n<\/li>\n<li>\n<p>Pack int\u00e9rieur aluminium bross\u00e9<\/p>\n<\/li>\n<li>\n<p>Appuie-t\u00eates avec blason Porsche<\/p>\n<\/li>\n<li>\n<p>Accoudoir central avec lettrage personnalis\u00e9<\/p>\n<\/li>\n<li>\n<p>Levier de vitesses au design exclusif<\/p>\n<\/li>\n<li>\n<p>Surpiq\u00fbres int\u00e9rieures couleur contrast\u00e9e<\/p>\n<\/li>\n<li>\n<p>C\u00e2ble de recharge 400V (prise domestique)<\/p>\n<\/li>\n<li>\n<p>C\u00e2ble pour bornes publiques<\/p>\n<\/li>\n<li>\n<p>Aide au changement de voie<\/p>\n<\/li>\n<li>\n<p>Phares Matrix LED avec Porsche Dynamic Light System Plus<\/p>\n<\/li>\n<li>\n<p>Pack Sport Chrono avec s\u00e9lecteur de mode<\/p>\n<\/li>\n<li>\n<p>Climatisation automatique 4 zones<\/p>\n<\/li>\n<li>\n<p>Syst\u00e8me audio Burmester haut de gamme<\/p>\n<\/li>\n<li>\n<p>Compartiment pour smartphone<\/p>\n<\/li>\n<li>\n<p>C\u00e2ble de recharge pour le v\u00e9hicule<\/p>\n<\/li>\n<li>\n<p>Num\u00e9ro de s\u00e9rie exclusif<\/p>\n<\/li>\n<li>\n<p>Fermeture assist\u00e9e des portes (Soft Close)<\/p>\n<\/li>\n<li>\n<p>Assistance au stationnement + cam\u00e9ra 360\u00b0<\/p>\n<\/li>\n<li>\n<p>Head-Up Display<\/p>\n<\/li>\n<li>\n<p>R\u00e9gulateur de vitesse adaptatif avec fonction arr\u00eat d&rsquo;urgence<\/p>\n<\/li>\n<li>\n<p>Si\u00e8ges confort 14 positions avec m\u00e9moire<\/p>\n<\/li>\n<li>\n<p>Encadrements de vitres noirs<\/p>\n<\/li>\n<li>\n<p>\u00c9clairage d&rsquo;ambiance int\u00e9rieur<\/p>\n<\/li>\n<li>\n<p>Projecteurs de porte LED avec inscription Porsche<\/p>\n<\/li>\n<li>\n<p>Vitrage arri\u00e8re fum\u00e9 (Privacy Glass)<\/p>\n<\/li>\n<li>\n<p>D\u00e9cor int\u00e9rieur avec surpiq\u00fbres contrast\u00e9es<\/p>\n<\/li>\n<\/ul>","protected":false},"featured_media":5480,"template":"","meta":{"_acf_changed":false,"content-type":"","ocean_post_layout":"","ocean_both_sidebars_style":"","ocean_both_sidebars_content_width":0,"ocean_both_sidebars_sidebars_width":0,"ocean_sidebar":"","ocean_second_sidebar":"","ocean_disable_margins":"enable","ocean_add_body_class":"","ocean_shortcode_before_top_bar":"","ocean_shortcode_after_top_bar":"","ocean_shortcode_before_header":"","ocean_shortcode_after_header":"","ocean_has_shortcode":"","ocean_shortcode_after_title":"","ocean_shortcode_before_footer_widgets":"","ocean_shortcode_after_footer_widgets":"","ocean_shortcode_before_footer_bottom":"","ocean_shortcode_after_footer_bottom":"","ocean_display_top_bar":"default","ocean_display_header":"default","ocean_header_style":"","ocean_center_header_left_menu":"","ocean_custom_header_template":"","ocean_custom_logo":0,"ocean_custom_retina_logo":0,"ocean_custom_logo_max_width":0,"ocean_custom_logo_tablet_max_width":0,"ocean_custom_logo_mobile_max_width":0,"ocean_custom_logo_max_height":0,"ocean_custom_logo_tablet_max_height":0,"ocean_custom_logo_mobile_max_height":0,"ocean_header_custom_menu":"","ocean_menu_typo_font_family":"","ocean_menu_typo_font_subset":"","ocean_menu_typo_font_size":0,"ocean_menu_typo_font_size_tablet":0,"ocean_menu_typo_font_size_mobile":0,"ocean_menu_typo_font_size_unit":"px","ocean_menu_typo_font_weight":"","ocean_menu_typo_font_weight_tablet":"","ocean_menu_typo_font_weight_mobile":"","ocean_menu_typo_transform":"","ocean_menu_typo_transform_tablet":"","ocean_menu_typo_transform_mobile":"","ocean_menu_typo_line_height":0,"ocean_menu_typo_line_height_tablet":0,"ocean_menu_typo_line_height_mobile":0,"ocean_menu_typo_line_height_unit":"","ocean_menu_typo_spacing":0,"ocean_menu_typo_spacing_tablet":0,"ocean_menu_typo_spacing_mobile":0,"ocean_menu_typo_spacing_unit":"","ocean_menu_link_color":"","ocean_menu_link_color_hover":"","ocean_menu_link_color_active":"","ocean_menu_link_background":"","ocean_menu_link_hover_background":"","ocean_menu_link_active_background":"","ocean_menu_social_links_bg":"","ocean_menu_social_hover_links_bg":"","ocean_menu_social_links_color":"","ocean_menu_social_hover_links_color":"","ocean_disable_title":"default","ocean_disable_heading":"default","ocean_post_title":"","ocean_post_subheading":"","ocean_post_title_style":"","ocean_post_title_background_color":"","ocean_post_title_background":0,"ocean_post_title_bg_image_position":"","ocean_post_title_bg_image_attachment":"","ocean_post_title_bg_image_repeat":"","ocean_post_title_bg_image_size":"","ocean_post_title_height":0,"ocean_post_title_bg_overlay":0.5,"ocean_post_title_bg_overlay_color":"","ocean_disable_breadcrumbs":"default","ocean_breadcrumbs_color":"","ocean_breadcrumbs_separator_color":"","ocean_breadcrumbs_links_color":"","ocean_breadcrumbs_links_hover_color":"","ocean_display_footer_widgets":"default","ocean_display_footer_bottom":"default","ocean_custom_footer_template":""},"product_brand":[],"product_cat":[19],"product_tag":[],"class_list":{"0":"post-7972","1":"product","2":"type-product","3":"status-publish","4":"has-post-thumbnail","6":"product_cat-non-classe","7":"entry","8":"has-media","10":"first","11":"instock","12":"shipping-taxable","13":"purchasable","14":"product-type-simple"},"acf":[],"yoast_head":"<!-- This site is optimized with the Yoast SEO plugin v27.3 - https:\/\/yoast.com\/product\/yoast-seo-wordpress\/ -->\n<title>Porsche Cayenne Turbo S E-Hybrid - AVF Motors<\/title>\n<meta name=\"robots\" content=\"index, follow, max-snippet:-1, max-image-preview:large, max-video-preview:-1\" \/>\n<link rel=\"canonical\" href=\"https:\/\/www.avf-motors.com\/en\/shop\/porsche-cayenne-turbo-s-e-hybrid\/\" \/>\n<meta property=\"og:locale\" content=\"en_GB\" \/>\n<meta property=\"og:type\" content=\"article\" \/>\n<meta property=\"og:title\" content=\"Porsche Cayenne Turbo S E-Hybrid - AVF Motors\" \/>\n<meta property=\"og:description\" content=\"Disponible maintenant !Available now!Sur rendez-vous uniquement.By appointment only.Informations compl\u00e9mentaires :Mont\u00e9 en kit hiver + kit \u00e9t\u00e9 fourniMarchands uniquement (v\u00e9hicule vendu sans garantie)Couleur noir m\u00e9tallis\u00e9 profondSellerie cuir noirEssieu arri\u00e8re directionnelSuppression des \u00e9l\u00e9ments Acid GreenDispositif d&#039;attelage \u00e9lectriqueVolant en Alcantara avec chauffageToit panoramiqueCiel de toit en tissu noirJantes 22&quot; Sport Classic finition noir brillantFonction massage + ventilation des si\u00e8gesAirbags lat\u00e9raux \u00e0 l&#039;arri\u00e8rePack int\u00e9rieur aluminium bross\u00e9Appuie-t\u00eates avec blason PorscheAccoudoir central avec lettrage personnalis\u00e9Levier de vitesses au design exclusifSurpiq\u00fbres int\u00e9rieures couleur contrast\u00e9eC\u00e2ble de recharge 400V (prise domestique)C\u00e2ble pour bornes publiquesAide au changement de voiePhares Matrix LED avec Porsche Dynamic Light System PlusPack Sport Chrono avec s\u00e9lecteur de modeClimatisation automatique 4 zonesSyst\u00e8me audio Burmester haut de gammeCompartiment pour smartphoneC\u00e2ble de recharge pour le v\u00e9hiculeNum\u00e9ro de s\u00e9rie exclusifFermeture assist\u00e9e des portes (Soft Close)Assistance au stationnement + cam\u00e9ra 360\u00b0Head-Up DisplayR\u00e9gulateur de vitesse adaptatif avec fonction arr\u00eat d&#039;urgenceSi\u00e8ges confort 14 positions avec m\u00e9moireEncadrements de vitres noirs\u00c9clairage d&#039;ambiance int\u00e9rieurProjecteurs de porte LED avec inscription PorscheVitrage arri\u00e8re fum\u00e9 (Privacy Glass)D\u00e9cor int\u00e9rieur avec surpiq\u00fbres contrast\u00e9es\" \/>\n<meta property=\"og:url\" content=\"https:\/\/www.avf-motors.com\/en\/shop\/porsche-cayenne-turbo-s-e-hybrid\/\" \/>\n<meta property=\"og:site_name\" content=\"AVF Motors\" \/>\n<meta property=\"article:modified_time\" content=\"2026-05-03T13:00:21+00:00\" \/>\n<meta name=\"twitter:card\" content=\"summary_large_image\" \/>\n<meta name=\"twitter:label1\" content=\"Estimated reading time\" \/>\n\t<meta name=\"twitter:data1\" content=\"1 minute\" \/>\n<script type=\"application\/ld+json\" class=\"yoast-schema-graph\">{\"@context\":\"https:\\\/\\\/schema.org\",\"@graph\":[{\"@type\":\"WebPage\",\"@id\":\"https:\\\/\\\/www.avf-motors.com\\\/shop\\\/porsche-cayenne-turbo-s-e-hybrid\\\/\",\"url\":\"https:\\\/\\\/www.avf-motors.com\\\/shop\\\/porsche-cayenne-turbo-s-e-hybrid\\\/\",\"name\":\"Porsche Cayenne Turbo S E-Hybrid - AVF Motors\",\"isPartOf\":{\"@id\":\"https:\\\/\\\/www.avf-motors.com\\\/en\\\/#website\"},\"primaryImageOfPage\":{\"@id\":\"https:\\\/\\\/www.avf-motors.com\\\/shop\\\/porsche-cayenne-turbo-s-e-hybrid\\\/#primaryimage\"},\"image\":{\"@id\":\"https:\\\/\\\/www.avf-motors.com\\\/shop\\\/porsche-cayenne-turbo-s-e-hybrid\\\/#primaryimage\"},\"thumbnailUrl\":\"https:\\\/\\\/www.avf-motors.com\\\/wp-content\\\/uploads\\\/2025\\\/07\\\/95233-CPksaRbHdlIKtLuDierz.jpg\",\"datePublished\":\"2026-04-10T08:51:42+00:00\",\"dateModified\":\"2026-05-03T13:00:21+00:00\",\"breadcrumb\":{\"@id\":\"https:\\\/\\\/www.avf-motors.com\\\/shop\\\/porsche-cayenne-turbo-s-e-hybrid\\\/#breadcrumb\"},\"inLanguage\":\"en-GB\",\"potentialAction\":[{\"@type\":\"ReadAction\",\"target\":[\"https:\\\/\\\/www.avf-motors.com\\\/shop\\\/porsche-cayenne-turbo-s-e-hybrid\\\/\"]}]},{\"@type\":\"ImageObject\",\"inLanguage\":\"en-GB\",\"@id\":\"https:\\\/\\\/www.avf-motors.com\\\/shop\\\/porsche-cayenne-turbo-s-e-hybrid\\\/#primaryimage\",\"url\":\"https:\\\/\\\/www.avf-motors.com\\\/wp-content\\\/uploads\\\/2025\\\/07\\\/95233-CPksaRbHdlIKtLuDierz.jpg\",\"contentUrl\":\"https:\\\/\\\/www.avf-motors.com\\\/wp-content\\\/uploads\\\/2025\\\/07\\\/95233-CPksaRbHdlIKtLuDierz.jpg\",\"width\":800,\"height\":600},{\"@type\":\"BreadcrumbList\",\"@id\":\"https:\\\/\\\/www.avf-motors.com\\\/shop\\\/porsche-cayenne-turbo-s-e-hybrid\\\/#breadcrumb\",\"itemListElement\":[{\"@type\":\"ListItem\",\"position\":1,\"name\":\"Accueil\",\"item\":\"https:\\\/\\\/www.avf-motors.com\\\/en\\\/\"},{\"@type\":\"ListItem\",\"position\":2,\"name\":\"Nos voitures\",\"item\":\"https:\\\/\\\/www.avf-motors.com\\\/en\\\/nos-voitures\\\/\"},{\"@type\":\"ListItem\",\"position\":3,\"name\":\"Porsche Cayenne Turbo S E-Hybrid\"}]},{\"@type\":\"WebSite\",\"@id\":\"https:\\\/\\\/www.avf-motors.com\\\/en\\\/#website\",\"url\":\"https:\\\/\\\/www.avf-motors.com\\\/en\\\/\",\"name\":\"AVF Motors\",\"description\":\"\",\"publisher\":{\"@id\":\"https:\\\/\\\/www.avf-motors.com\\\/en\\\/#organization\"},\"potentialAction\":[{\"@type\":\"SearchAction\",\"target\":{\"@type\":\"EntryPoint\",\"urlTemplate\":\"https:\\\/\\\/www.avf-motors.com\\\/en\\\/?s={search_term_string}\"},\"query-input\":{\"@type\":\"PropertyValueSpecification\",\"valueRequired\":true,\"valueName\":\"search_term_string\"}}],\"inLanguage\":\"en-GB\"},{\"@type\":\"Organization\",\"@id\":\"https:\\\/\\\/www.avf-motors.com\\\/en\\\/#organization\",\"name\":\"AVF Motors\",\"url\":\"https:\\\/\\\/www.avf-motors.com\\\/en\\\/\",\"logo\":{\"@type\":\"ImageObject\",\"inLanguage\":\"en-GB\",\"@id\":\"https:\\\/\\\/www.avf-motors.com\\\/en\\\/#\\\/schema\\\/logo\\\/image\\\/\",\"url\":\"https:\\\/\\\/www.avf-motors.com\\\/wp-content\\\/uploads\\\/2025\\\/06\\\/cropped-cropped-Logo-couleur-baseline-vectoriel-removebg-preview-1-1.png\",\"contentUrl\":\"https:\\\/\\\/www.avf-motors.com\\\/wp-content\\\/uploads\\\/2025\\\/06\\\/cropped-cropped-Logo-couleur-baseline-vectoriel-removebg-preview-1-1.png\",\"width\":630,\"height\":330,\"caption\":\"AVF Motors\"},\"image\":{\"@id\":\"https:\\\/\\\/www.avf-motors.com\\\/en\\\/#\\\/schema\\\/logo\\\/image\\\/\"}}]}<\/script>\n<!-- \/ Yoast SEO plugin. -->","yoast_head_json":{"title":"Porsche Cayenne Turbo S E-Hybrid - AVF Motors","robots":{"index":"index","follow":"follow","max-snippet":"max-snippet:-1","max-image-preview":"max-image-preview:large","max-video-preview":"max-video-preview:-1"},"canonical":"https:\/\/www.avf-motors.com\/en\/shop\/porsche-cayenne-turbo-s-e-hybrid\/","og_locale":"en_GB","og_type":"article","og_title":"Porsche Cayenne Turbo S E-Hybrid - AVF Motors","og_description":"Disponible maintenant !Available now!Sur rendez-vous uniquement.By appointment only.Informations compl\u00e9mentaires :Mont\u00e9 en kit hiver + kit \u00e9t\u00e9 fourniMarchands uniquement (v\u00e9hicule vendu sans garantie)Couleur noir m\u00e9tallis\u00e9 profondSellerie cuir noirEssieu arri\u00e8re directionnelSuppression des \u00e9l\u00e9ments Acid GreenDispositif d'attelage \u00e9lectriqueVolant en Alcantara avec chauffageToit panoramiqueCiel de toit en tissu noirJantes 22\" Sport Classic finition noir brillantFonction massage + ventilation des si\u00e8gesAirbags lat\u00e9raux \u00e0 l'arri\u00e8rePack int\u00e9rieur aluminium bross\u00e9Appuie-t\u00eates avec blason PorscheAccoudoir central avec lettrage personnalis\u00e9Levier de vitesses au design exclusifSurpiq\u00fbres int\u00e9rieures couleur contrast\u00e9eC\u00e2ble de recharge 400V (prise domestique)C\u00e2ble pour bornes publiquesAide au changement de voiePhares Matrix LED avec Porsche Dynamic Light System PlusPack Sport Chrono avec s\u00e9lecteur de modeClimatisation automatique 4 zonesSyst\u00e8me audio Burmester haut de gammeCompartiment pour smartphoneC\u00e2ble de recharge pour le v\u00e9hiculeNum\u00e9ro de s\u00e9rie exclusifFermeture assist\u00e9e des portes (Soft Close)Assistance au stationnement + cam\u00e9ra 360\u00b0Head-Up DisplayR\u00e9gulateur de vitesse adaptatif avec fonction arr\u00eat d'urgenceSi\u00e8ges confort 14 positions avec m\u00e9moireEncadrements de vitres noirs\u00c9clairage d'ambiance int\u00e9rieurProjecteurs de porte LED avec inscription PorscheVitrage arri\u00e8re fum\u00e9 (Privacy Glass)D\u00e9cor int\u00e9rieur avec surpiq\u00fbres contrast\u00e9es","og_url":"https:\/\/www.avf-motors.com\/en\/shop\/porsche-cayenne-turbo-s-e-hybrid\/","og_site_name":"AVF Motors","article_modified_time":"2026-05-03T13:00:21+00:00","twitter_card":"summary_large_image","twitter_misc":{"Estimated reading time":"1 minute"},"schema":{"@context":"https:\/\/schema.org","@graph":[{"@type":"WebPage","@id":"https:\/\/www.avf-motors.com\/shop\/porsche-cayenne-turbo-s-e-hybrid\/","url":"https:\/\/www.avf-motors.com\/shop\/porsche-cayenne-turbo-s-e-hybrid\/","name":"Porsche Cayenne Turbo S E-Hybrid - AVF Motors","isPartOf":{"@id":"https:\/\/www.avf-motors.com\/en\/#website"},"primaryImageOfPage":{"@id":"https:\/\/www.avf-motors.com\/shop\/porsche-cayenne-turbo-s-e-hybrid\/#primaryimage"},"image":{"@id":"https:\/\/www.avf-motors.com\/shop\/porsche-cayenne-turbo-s-e-hybrid\/#primaryimage"},"thumbnailUrl":"https:\/\/www.avf-motors.com\/wp-content\/uploads\/2025\/07\/95233-CPksaRbHdlIKtLuDierz.jpg","datePublished":"2026-04-10T08:51:42+00:00","dateModified":"2026-05-03T13:00:21+00:00","breadcrumb":{"@id":"https:\/\/www.avf-motors.com\/shop\/porsche-cayenne-turbo-s-e-hybrid\/#breadcrumb"},"inLanguage":"en-GB","potentialAction":[{"@type":"ReadAction","target":["https:\/\/www.avf-motors.com\/shop\/porsche-cayenne-turbo-s-e-hybrid\/"]}]},{"@type":"ImageObject","inLanguage":"en-GB","@id":"https:\/\/www.avf-motors.com\/shop\/porsche-cayenne-turbo-s-e-hybrid\/#primaryimage","url":"https:\/\/www.avf-motors.com\/wp-content\/uploads\/2025\/07\/95233-CPksaRbHdlIKtLuDierz.jpg","contentUrl":"https:\/\/www.avf-motors.com\/wp-content\/uploads\/2025\/07\/95233-CPksaRbHdlIKtLuDierz.jpg","width":800,"height":600},{"@type":"BreadcrumbList","@id":"https:\/\/www.avf-motors.com\/shop\/porsche-cayenne-turbo-s-e-hybrid\/#breadcrumb","itemListElement":[{"@type":"ListItem","position":1,"name":"Accueil","item":"https:\/\/www.avf-motors.com\/en\/"},{"@type":"ListItem","position":2,"name":"Nos voitures","item":"https:\/\/www.avf-motors.com\/en\/nos-voitures\/"},{"@type":"ListItem","position":3,"name":"Porsche Cayenne Turbo S E-Hybrid"}]},{"@type":"WebSite","@id":"https:\/\/www.avf-motors.com\/en\/#website","url":"https:\/\/www.avf-motors.com\/en\/","name":"AVF Motors","description":"","publisher":{"@id":"https:\/\/www.avf-motors.com\/en\/#organization"},"potentialAction":[{"@type":"SearchAction","target":{"@type":"EntryPoint","urlTemplate":"https:\/\/www.avf-motors.com\/en\/?s={search_term_string}"},"query-input":{"@type":"PropertyValueSpecification","valueRequired":true,"valueName":"search_term_string"}}],"inLanguage":"en-GB"},{"@type":"Organization","@id":"https:\/\/www.avf-motors.com\/en\/#organization","name":"AVF Motors","url":"https:\/\/www.avf-motors.com\/en\/","logo":{"@type":"ImageObject","inLanguage":"en-GB","@id":"https:\/\/www.avf-motors.com\/en\/#\/schema\/logo\/image\/","url":"https:\/\/www.avf-motors.com\/wp-content\/uploads\/2025\/06\/cropped-cropped-Logo-couleur-baseline-vectoriel-removebg-preview-1-1.png","contentUrl":"https:\/\/www.avf-motors.com\/wp-content\/uploads\/2025\/06\/cropped-cropped-Logo-couleur-baseline-vectoriel-removebg-preview-1-1.png","width":630,"height":330,"caption":"AVF Motors"},"image":{"@id":"https:\/\/www.avf-motors.com\/en\/#\/schema\/logo\/image\/"}}]}},"_links":{"self":[{"href":"https:\/\/www.avf-motors.com\/en\/wp-json\/wp\/v2\/product\/7972","targetHints":{"allow":["GET"]}}],"collection":[{"href":"https:\/\/www.avf-motors.com\/en\/wp-json\/wp\/v2\/product"}],"about":[{"href":"https:\/\/www.avf-motors.com\/en\/wp-json\/wp\/v2\/types\/product"}],"wp:featuredmedia":[{"embeddable":true,"href":"https:\/\/www.avf-motors.com\/en\/wp-json\/wp\/v2\/media\/5480"}],"wp:attachment":[{"href":"https:\/\/www.avf-motors.com\/en\/wp-json\/wp\/v2\/media?parent=7972"}],"wp:term":[{"taxonomy":"product_brand","embeddable":true,"href":"https:\/\/www.avf-motors.com\/en\/wp-json\/wp\/v2\/product_brand?post=7972"},{"taxonomy":"product_cat","embeddable":true,"href":"https:\/\/www.avf-motors.com\/en\/wp-json\/wp\/v2\/product_cat?post=7972"},{"taxonomy":"product_tag","embeddable":true,"href":"https:\/\/www.avf-motors.com\/en\/wp-json\/wp\/v2\/product_tag?post=7972"}],"curies":[{"name":"wp","href":"https:\/\/api.w.org\/{rel}","templated":true}]}}