{"id":7971,"date":"2026-04-10T10:51:42","date_gmt":"2026-04-10T08:51:42","guid":{"rendered":"https:\/\/www.avf-motors.com\/shop\/lamborghini-huracan-sto-5-2-v10-640-rwd-ldf7\/"},"modified":"2026-05-03T15:00:20","modified_gmt":"2026-05-03T13:00:20","slug":"lamborghini-huracan-sto-5-2-v10-640-rwd-ldf7","status":"publish","type":"product","link":"https:\/\/www.avf-motors.com\/en\/shop\/lamborghini-huracan-sto-5-2-v10-640-rwd-ldf7\/","title":{"rendered":"Lamborghini Hurac\u00e1n STO 5.2 V10 640 RWD LDF7"},"content":{"rendered":"<p><b>Disponible maintenant !<\/b><\/p>\n<p><b>Available now!<\/b><\/p>\n<p>Sur rendez-vous uniquement.<\/p>\n<p>By appointment only.<\/p>\n<ul>\n<li>PSK Carbon skin package<\/li>\n<li>PCN Black CCMR brakes calipers<\/li>\n<li>83K Bridgestone Potenza Race<\/li>\n<li>0TS Carbon Footplate<\/li>\n<li>5TU Carbon Twill Pack<\/li>\n<li>7054 Color exterior Verde Citrea &#8211; Ad Personam<\/li>\n<\/ul>\n<li>PD2 Contrast color lower scheme (Nero Noctis &#8211; Rosso Mars &#8211; Giallo Belenus &#8211; Arancio<\/li>\n<ul>\n<li>Xanto &#8211; Verde Selvans &#8211; Blu Nila)<\/li>\n<li>1RM Contrast color lower scheme ADP &#8211; Ad Personam<\/li>\n<li>8T2 Cruise Control<\/li>\n<li>6A7 Extincteur d&rsquo;incendie<\/li>\n<li>PD3 Full Exterior Carbon Pack &#8211; Matt Carbon<\/li>\n<li>PZ3 Lifting system<\/li>\n<li>KA2 Rear View Camera<\/li>\n<li>PB9 Smartphone interface and connected services (Apple CarPlay &#038; Android Auto)<\/li>\n<li>0KE Stickers Pack 1 &#8211; STO Logo on Door Pannel<\/li>\n<li>0KF Stickers Pack 2 &#8211; Front Lip and Rear Fin<\/li>\n<li>YS0 Stitching in contrast color for multifunctional steering wheel<\/li>\n<li>YCS Stitching Option<\/li>\n<li>W0K STO TRIM- Sportivo Alcantara Bicolor<\/li>\n<li>Aucune extension de garantie<\/li>\n<li>NR1 Lamborghini Writing on Dashboard<\/li>\n<li>PV6 Sport Seat<\/li>\n<li>57L Hek 20&Prime; monolock forged rim in matt black<\/li>\n<li>PT7 Lamborghini Telemetry<\/li>\n<\/ul>\n<p>\u00b7 Pack couleur Ad Personam :<\/p>\n<p>  \u00b7      Bicolore Arancio<\/p>\n<p>  \u00b7      Verde Citrea<\/p>\n<p>\u00b7      Pack \u00ab\u00a0Carbon Skin\u00a0\u00bb<\/p>\n<p>\u00b7      \u00c9triers de freins en carbone-c\u00e9ramique noirs<\/p>\n<p>\u00b7      Pneus Bridgestone Potenza Race<\/p>\n<p>\u00b7      Repose-pieds en carbone<\/p>\n<p>\u00b7      Pack carbone \u00ab\u00a0Twill\u00a0\u00bb<\/p>\n<p>\u00b7      Teinte contrastante sur les \u00e9l\u00e9ments inf\u00e9rieurs (Nero Noctis, Rosso Mars, Giallo Belenus, Arancio Xanto, Verde Selvans, Blu Nila)<\/p>\n<p>\u00b7      R\u00e9gulateur de vitesse<\/p>\n<p>\u00b7 Jantes forg\u00e9es monobloc 20&Prime; finition noir mat<\/p>\n<p>\u00b7      T\u00e9l\u00e9m\u00e9trie Lamborghini<\/p>\n<p>\u00b7      Inscription Lamborghini sur la planche de bord<\/p>\n<p>\u00b7      Syst\u00e8me de levage de l&rsquo;essieu avant<\/p>\n<p>\u00b7      Cam\u00e9ra de recul<\/p>\n<p>\u00b7      Interface smartphone et services connect\u00e9s (Apple CarPlay &#038; Android Auto)<\/p>\n<p>\u00b7      Si\u00e8ges sport<\/p>\n<p>\u00b7      Stickers Pack 1 \u2013 Logo STO sur les porti\u00e8res<\/p>\n<p>\u00b7      Stickers Pack 2 \u2013 L\u00e8vre avant et aileron arri\u00e8re<\/p>\n<p>\u00b7      Surpiq\u00fbres contrast\u00e9es sur le volant multifonction<\/p>\n<p>\u00b7      Option de surpiq\u00fbres personnalis\u00e9es<\/p>\n<p>\u00b7      Sellerie int\u00e9rieure STO \u2013 Alcantara Sportivo bicolore<\/p>\n<p>\u00b7      Extincteur<\/p>\n<p>\u00b7      Pack carbone ext\u00e9rieur complet \u2013 finition carbone mat<\/p>","protected":false},"excerpt":{"rendered":"<p>La Hurac\u00e1n STO (Super Trofeo Omologata) puise son ADN dans la comp\u00e9tition. Chaque ligne, chaque \u00e9l\u00e9ment a\u00e9rodynamique et chaque gramme de son ch\u00e2ssis all\u00e9g\u00e9 sont con\u00e7us pour offrir une exp\u00e9rience de pilotage aussi pure qu&rsquo;intense. \u00c0 la crois\u00e9e du sport et de l&rsquo;exception, elle incarne l&rsquo;ultime supercar \u00e0 moteur atmosph\u00e9rique.<\/p>\n<p>V10 5.2L atmosph\u00e9rique \u2013 640 ch \u2013 Propulsion arri\u00e8re \u2013 Bo\u00eete LDF 7 rapports<br \/>0 \u00e0 100 km\/h en 3,0 s \u2013 A\u00e9ro active \u2013 Mode STO \/ Trofeo \/ Pioggia<br \/>Ch\u00e2ssis en fibre de carbone \u2013 Freins carbone-c\u00e9ramique \u2013 Direction arri\u00e8re active<br \/>Configuration exclusive :<br \/>&#8211; Teinte bicolore Arancio Xanto &#038; Verde Citrea<br \/>&#8211; Capot, toit et aileron en carbone apparent<br \/>&#8211; Int\u00e9rieur full Alcantara Nero Cosmus &#038; Verde Fauns \u2013 Si\u00e8ges baquets carbone<br \/>&#8211; \u00c9chappement sport \u2013 Pack telemetry \u2013 Cam\u00e9ra 360\u00b0<\/p>\n<p>Un concentr\u00e9 de technologies de course, dans une silhouette sculpturale aux couleurs iconiques de Sant&rsquo;Agata Bolognese.<\/p>","protected":false},"featured_media":7606,"template":"","meta":{"_acf_changed":false,"content-type":"","ocean_post_layout":"","ocean_both_sidebars_style":"","ocean_both_sidebars_content_width":0,"ocean_both_sidebars_sidebars_width":0,"ocean_sidebar":"","ocean_second_sidebar":"","ocean_disable_margins":"enable","ocean_add_body_class":"","ocean_shortcode_before_top_bar":"","ocean_shortcode_after_top_bar":"","ocean_shortcode_before_header":"","ocean_shortcode_after_header":"","ocean_has_shortcode":"","ocean_shortcode_after_title":"","ocean_shortcode_before_footer_widgets":"","ocean_shortcode_after_footer_widgets":"","ocean_shortcode_before_footer_bottom":"","ocean_shortcode_after_footer_bottom":"","ocean_display_top_bar":"default","ocean_display_header":"default","ocean_header_style":"","ocean_center_header_left_menu":"","ocean_custom_header_template":"","ocean_custom_logo":0,"ocean_custom_retina_logo":0,"ocean_custom_logo_max_width":0,"ocean_custom_logo_tablet_max_width":0,"ocean_custom_logo_mobile_max_width":0,"ocean_custom_logo_max_height":0,"ocean_custom_logo_tablet_max_height":0,"ocean_custom_logo_mobile_max_height":0,"ocean_header_custom_menu":"","ocean_menu_typo_font_family":"","ocean_menu_typo_font_subset":"","ocean_menu_typo_font_size":0,"ocean_menu_typo_font_size_tablet":0,"ocean_menu_typo_font_size_mobile":0,"ocean_menu_typo_font_size_unit":"px","ocean_menu_typo_font_weight":"","ocean_menu_typo_font_weight_tablet":"","ocean_menu_typo_font_weight_mobile":"","ocean_menu_typo_transform":"","ocean_menu_typo_transform_tablet":"","ocean_menu_typo_transform_mobile":"","ocean_menu_typo_line_height":0,"ocean_menu_typo_line_height_tablet":0,"ocean_menu_typo_line_height_mobile":0,"ocean_menu_typo_line_height_unit":"","ocean_menu_typo_spacing":0,"ocean_menu_typo_spacing_tablet":0,"ocean_menu_typo_spacing_mobile":0,"ocean_menu_typo_spacing_unit":"","ocean_menu_link_color":"","ocean_menu_link_color_hover":"","ocean_menu_link_color_active":"","ocean_menu_link_background":"","ocean_menu_link_hover_background":"","ocean_menu_link_active_background":"","ocean_menu_social_links_bg":"","ocean_menu_social_hover_links_bg":"","ocean_menu_social_links_color":"","ocean_menu_social_hover_links_color":"","ocean_disable_title":"default","ocean_disable_heading":"default","ocean_post_title":"","ocean_post_subheading":"","ocean_post_title_style":"","ocean_post_title_background_color":"","ocean_post_title_background":0,"ocean_post_title_bg_image_position":"","ocean_post_title_bg_image_attachment":"","ocean_post_title_bg_image_repeat":"","ocean_post_title_bg_image_size":"","ocean_post_title_height":0,"ocean_post_title_bg_overlay":0.5,"ocean_post_title_bg_overlay_color":"","ocean_disable_breadcrumbs":"default","ocean_breadcrumbs_color":"","ocean_breadcrumbs_separator_color":"","ocean_breadcrumbs_links_color":"","ocean_breadcrumbs_links_hover_color":"","ocean_display_footer_widgets":"default","ocean_display_footer_bottom":"default","ocean_custom_footer_template":""},"product_brand":[],"product_cat":[19],"product_tag":[],"class_list":{"0":"post-7971","1":"product","2":"type-product","3":"status-publish","4":"has-post-thumbnail","6":"product_cat-non-classe","7":"entry","8":"has-media","10":"first","11":"instock","12":"shipping-taxable","13":"purchasable","14":"product-type-simple"},"acf":[],"yoast_head":"<!-- This site is optimized with the Yoast SEO plugin v27.3 - https:\/\/yoast.com\/product\/yoast-seo-wordpress\/ -->\n<title>Lamborghini Hurac\u00e1n STO 5.2 V10 640 RWD LDF7 - AVF Motors<\/title>\n<meta name=\"robots\" content=\"index, follow, max-snippet:-1, max-image-preview:large, max-video-preview:-1\" \/>\n<link rel=\"canonical\" href=\"https:\/\/www.avf-motors.com\/en\/shop\/lamborghini-huracan-sto-5-2-v10-640-rwd-ldf7\/\" \/>\n<meta property=\"og:locale\" content=\"en_GB\" \/>\n<meta property=\"og:type\" content=\"article\" \/>\n<meta property=\"og:title\" content=\"Lamborghini Hurac\u00e1n STO 5.2 V10 640 RWD LDF7 - AVF Motors\" \/>\n<meta property=\"og:description\" content=\"La Hurac\u00e1n STO (Super Trofeo Omologata) puise son ADN dans la comp\u00e9tition. Chaque ligne, chaque \u00e9l\u00e9ment a\u00e9rodynamique et chaque gramme de son ch\u00e2ssis all\u00e9g\u00e9 sont con\u00e7us pour offrir une exp\u00e9rience de pilotage aussi pure qu&#039;intense. \u00c0 la crois\u00e9e du sport et de l&#039;exception, elle incarne l&#039;ultime supercar \u00e0 moteur atmosph\u00e9rique.V10 5.2L atmosph\u00e9rique \u2013 640 ch \u2013 Propulsion arri\u00e8re \u2013 Bo\u00eete LDF 7 rapports0 \u00e0 100 km\/h en 3,0 s \u2013 A\u00e9ro active \u2013 Mode STO \/ Trofeo \/ PioggiaCh\u00e2ssis en fibre de carbone \u2013 Freins carbone-c\u00e9ramique \u2013 Direction arri\u00e8re activeConfiguration exclusive :- Teinte bicolore Arancio Xanto &amp; Verde Citrea- Capot, toit et aileron en carbone apparent- Int\u00e9rieur full Alcantara Nero Cosmus &amp; Verde Fauns \u2013 Si\u00e8ges baquets carbone- \u00c9chappement sport \u2013 Pack telemetry \u2013 Cam\u00e9ra 360\u00b0Un concentr\u00e9 de technologies de course, dans une silhouette sculpturale aux couleurs iconiques de Sant&#039;Agata Bolognese.\" \/>\n<meta property=\"og:url\" content=\"https:\/\/www.avf-motors.com\/en\/shop\/lamborghini-huracan-sto-5-2-v10-640-rwd-ldf7\/\" \/>\n<meta property=\"og:site_name\" content=\"AVF Motors\" \/>\n<meta property=\"article:modified_time\" content=\"2026-05-03T13:00:20+00:00\" \/>\n<meta name=\"twitter:card\" content=\"summary_large_image\" \/>\n<meta name=\"twitter:label1\" content=\"Estimated reading time\" \/>\n\t<meta name=\"twitter:data1\" content=\"1 minute\" \/>\n<script type=\"application\/ld+json\" class=\"yoast-schema-graph\">{\"@context\":\"https:\\\/\\\/schema.org\",\"@graph\":[{\"@type\":\"WebPage\",\"@id\":\"https:\\\/\\\/www.avf-motors.com\\\/shop\\\/lamborghini-huracan-sto-5-2-v10-640-rwd-ldf7\\\/\",\"url\":\"https:\\\/\\\/www.avf-motors.com\\\/shop\\\/lamborghini-huracan-sto-5-2-v10-640-rwd-ldf7\\\/\",\"name\":\"Lamborghini Hurac\u00e1n STO 5.2 V10 640 RWD LDF7 - AVF Motors\",\"isPartOf\":{\"@id\":\"https:\\\/\\\/www.avf-motors.com\\\/en\\\/#website\"},\"primaryImageOfPage\":{\"@id\":\"https:\\\/\\\/www.avf-motors.com\\\/shop\\\/lamborghini-huracan-sto-5-2-v10-640-rwd-ldf7\\\/#primaryimage\"},\"image\":{\"@id\":\"https:\\\/\\\/www.avf-motors.com\\\/shop\\\/lamborghini-huracan-sto-5-2-v10-640-rwd-ldf7\\\/#primaryimage\"},\"thumbnailUrl\":\"https:\\\/\\\/www.avf-motors.com\\\/wp-content\\\/uploads\\\/2026\\\/03\\\/99906-cRwfWyqmAYSoIJQVnUzt.jpg\",\"datePublished\":\"2026-04-10T08:51:42+00:00\",\"dateModified\":\"2026-05-03T13:00:20+00:00\",\"breadcrumb\":{\"@id\":\"https:\\\/\\\/www.avf-motors.com\\\/shop\\\/lamborghini-huracan-sto-5-2-v10-640-rwd-ldf7\\\/#breadcrumb\"},\"inLanguage\":\"en-GB\",\"potentialAction\":[{\"@type\":\"ReadAction\",\"target\":[\"https:\\\/\\\/www.avf-motors.com\\\/shop\\\/lamborghini-huracan-sto-5-2-v10-640-rwd-ldf7\\\/\"]}]},{\"@type\":\"ImageObject\",\"inLanguage\":\"en-GB\",\"@id\":\"https:\\\/\\\/www.avf-motors.com\\\/shop\\\/lamborghini-huracan-sto-5-2-v10-640-rwd-ldf7\\\/#primaryimage\",\"url\":\"https:\\\/\\\/www.avf-motors.com\\\/wp-content\\\/uploads\\\/2026\\\/03\\\/99906-cRwfWyqmAYSoIJQVnUzt.jpg\",\"contentUrl\":\"https:\\\/\\\/www.avf-motors.com\\\/wp-content\\\/uploads\\\/2026\\\/03\\\/99906-cRwfWyqmAYSoIJQVnUzt.jpg\",\"width\":800,\"height\":600},{\"@type\":\"BreadcrumbList\",\"@id\":\"https:\\\/\\\/www.avf-motors.com\\\/shop\\\/lamborghini-huracan-sto-5-2-v10-640-rwd-ldf7\\\/#breadcrumb\",\"itemListElement\":[{\"@type\":\"ListItem\",\"position\":1,\"name\":\"Accueil\",\"item\":\"https:\\\/\\\/www.avf-motors.com\\\/en\\\/\"},{\"@type\":\"ListItem\",\"position\":2,\"name\":\"Nos voitures\",\"item\":\"https:\\\/\\\/www.avf-motors.com\\\/en\\\/nos-voitures\\\/\"},{\"@type\":\"ListItem\",\"position\":3,\"name\":\"Lamborghini Hurac\u00e1n STO 5.2 V10 640 RWD LDF7\"}]},{\"@type\":\"WebSite\",\"@id\":\"https:\\\/\\\/www.avf-motors.com\\\/en\\\/#website\",\"url\":\"https:\\\/\\\/www.avf-motors.com\\\/en\\\/\",\"name\":\"AVF Motors\",\"description\":\"\",\"publisher\":{\"@id\":\"https:\\\/\\\/www.avf-motors.com\\\/en\\\/#organization\"},\"potentialAction\":[{\"@type\":\"SearchAction\",\"target\":{\"@type\":\"EntryPoint\",\"urlTemplate\":\"https:\\\/\\\/www.avf-motors.com\\\/en\\\/?s={search_term_string}\"},\"query-input\":{\"@type\":\"PropertyValueSpecification\",\"valueRequired\":true,\"valueName\":\"search_term_string\"}}],\"inLanguage\":\"en-GB\"},{\"@type\":\"Organization\",\"@id\":\"https:\\\/\\\/www.avf-motors.com\\\/en\\\/#organization\",\"name\":\"AVF Motors\",\"url\":\"https:\\\/\\\/www.avf-motors.com\\\/en\\\/\",\"logo\":{\"@type\":\"ImageObject\",\"inLanguage\":\"en-GB\",\"@id\":\"https:\\\/\\\/www.avf-motors.com\\\/en\\\/#\\\/schema\\\/logo\\\/image\\\/\",\"url\":\"https:\\\/\\\/www.avf-motors.com\\\/wp-content\\\/uploads\\\/2025\\\/06\\\/cropped-cropped-Logo-couleur-baseline-vectoriel-removebg-preview-1-1.png\",\"contentUrl\":\"https:\\\/\\\/www.avf-motors.com\\\/wp-content\\\/uploads\\\/2025\\\/06\\\/cropped-cropped-Logo-couleur-baseline-vectoriel-removebg-preview-1-1.png\",\"width\":630,\"height\":330,\"caption\":\"AVF Motors\"},\"image\":{\"@id\":\"https:\\\/\\\/www.avf-motors.com\\\/en\\\/#\\\/schema\\\/logo\\\/image\\\/\"}}]}<\/script>\n<!-- \/ Yoast SEO plugin. -->","yoast_head_json":{"title":"Lamborghini Hurac\u00e1n STO 5.2 V10 640 RWD LDF7 - AVF Motors","robots":{"index":"index","follow":"follow","max-snippet":"max-snippet:-1","max-image-preview":"max-image-preview:large","max-video-preview":"max-video-preview:-1"},"canonical":"https:\/\/www.avf-motors.com\/en\/shop\/lamborghini-huracan-sto-5-2-v10-640-rwd-ldf7\/","og_locale":"en_GB","og_type":"article","og_title":"Lamborghini Hurac\u00e1n STO 5.2 V10 640 RWD LDF7 - AVF Motors","og_description":"La Hurac\u00e1n STO (Super Trofeo Omologata) puise son ADN dans la comp\u00e9tition. Chaque ligne, chaque \u00e9l\u00e9ment a\u00e9rodynamique et chaque gramme de son ch\u00e2ssis all\u00e9g\u00e9 sont con\u00e7us pour offrir une exp\u00e9rience de pilotage aussi pure qu'intense. \u00c0 la crois\u00e9e du sport et de l'exception, elle incarne l'ultime supercar \u00e0 moteur atmosph\u00e9rique.V10 5.2L atmosph\u00e9rique \u2013 640 ch \u2013 Propulsion arri\u00e8re \u2013 Bo\u00eete LDF 7 rapports0 \u00e0 100 km\/h en 3,0 s \u2013 A\u00e9ro active \u2013 Mode STO \/ Trofeo \/ PioggiaCh\u00e2ssis en fibre de carbone \u2013 Freins carbone-c\u00e9ramique \u2013 Direction arri\u00e8re activeConfiguration exclusive :- Teinte bicolore Arancio Xanto & Verde Citrea- Capot, toit et aileron en carbone apparent- Int\u00e9rieur full Alcantara Nero Cosmus & Verde Fauns \u2013 Si\u00e8ges baquets carbone- \u00c9chappement sport \u2013 Pack telemetry \u2013 Cam\u00e9ra 360\u00b0Un concentr\u00e9 de technologies de course, dans une silhouette sculpturale aux couleurs iconiques de Sant'Agata Bolognese.","og_url":"https:\/\/www.avf-motors.com\/en\/shop\/lamborghini-huracan-sto-5-2-v10-640-rwd-ldf7\/","og_site_name":"AVF Motors","article_modified_time":"2026-05-03T13:00:20+00:00","twitter_card":"summary_large_image","twitter_misc":{"Estimated reading time":"1 minute"},"schema":{"@context":"https:\/\/schema.org","@graph":[{"@type":"WebPage","@id":"https:\/\/www.avf-motors.com\/shop\/lamborghini-huracan-sto-5-2-v10-640-rwd-ldf7\/","url":"https:\/\/www.avf-motors.com\/shop\/lamborghini-huracan-sto-5-2-v10-640-rwd-ldf7\/","name":"Lamborghini Hurac\u00e1n STO 5.2 V10 640 RWD LDF7 - AVF Motors","isPartOf":{"@id":"https:\/\/www.avf-motors.com\/en\/#website"},"primaryImageOfPage":{"@id":"https:\/\/www.avf-motors.com\/shop\/lamborghini-huracan-sto-5-2-v10-640-rwd-ldf7\/#primaryimage"},"image":{"@id":"https:\/\/www.avf-motors.com\/shop\/lamborghini-huracan-sto-5-2-v10-640-rwd-ldf7\/#primaryimage"},"thumbnailUrl":"https:\/\/www.avf-motors.com\/wp-content\/uploads\/2026\/03\/99906-cRwfWyqmAYSoIJQVnUzt.jpg","datePublished":"2026-04-10T08:51:42+00:00","dateModified":"2026-05-03T13:00:20+00:00","breadcrumb":{"@id":"https:\/\/www.avf-motors.com\/shop\/lamborghini-huracan-sto-5-2-v10-640-rwd-ldf7\/#breadcrumb"},"inLanguage":"en-GB","potentialAction":[{"@type":"ReadAction","target":["https:\/\/www.avf-motors.com\/shop\/lamborghini-huracan-sto-5-2-v10-640-rwd-ldf7\/"]}]},{"@type":"ImageObject","inLanguage":"en-GB","@id":"https:\/\/www.avf-motors.com\/shop\/lamborghini-huracan-sto-5-2-v10-640-rwd-ldf7\/#primaryimage","url":"https:\/\/www.avf-motors.com\/wp-content\/uploads\/2026\/03\/99906-cRwfWyqmAYSoIJQVnUzt.jpg","contentUrl":"https:\/\/www.avf-motors.com\/wp-content\/uploads\/2026\/03\/99906-cRwfWyqmAYSoIJQVnUzt.jpg","width":800,"height":600},{"@type":"BreadcrumbList","@id":"https:\/\/www.avf-motors.com\/shop\/lamborghini-huracan-sto-5-2-v10-640-rwd-ldf7\/#breadcrumb","itemListElement":[{"@type":"ListItem","position":1,"name":"Accueil","item":"https:\/\/www.avf-motors.com\/en\/"},{"@type":"ListItem","position":2,"name":"Nos voitures","item":"https:\/\/www.avf-motors.com\/en\/nos-voitures\/"},{"@type":"ListItem","position":3,"name":"Lamborghini Hurac\u00e1n STO 5.2 V10 640 RWD LDF7"}]},{"@type":"WebSite","@id":"https:\/\/www.avf-motors.com\/en\/#website","url":"https:\/\/www.avf-motors.com\/en\/","name":"AVF Motors","description":"","publisher":{"@id":"https:\/\/www.avf-motors.com\/en\/#organization"},"potentialAction":[{"@type":"SearchAction","target":{"@type":"EntryPoint","urlTemplate":"https:\/\/www.avf-motors.com\/en\/?s={search_term_string}"},"query-input":{"@type":"PropertyValueSpecification","valueRequired":true,"valueName":"search_term_string"}}],"inLanguage":"en-GB"},{"@type":"Organization","@id":"https:\/\/www.avf-motors.com\/en\/#organization","name":"AVF Motors","url":"https:\/\/www.avf-motors.com\/en\/","logo":{"@type":"ImageObject","inLanguage":"en-GB","@id":"https:\/\/www.avf-motors.com\/en\/#\/schema\/logo\/image\/","url":"https:\/\/www.avf-motors.com\/wp-content\/uploads\/2025\/06\/cropped-cropped-Logo-couleur-baseline-vectoriel-removebg-preview-1-1.png","contentUrl":"https:\/\/www.avf-motors.com\/wp-content\/uploads\/2025\/06\/cropped-cropped-Logo-couleur-baseline-vectoriel-removebg-preview-1-1.png","width":630,"height":330,"caption":"AVF Motors"},"image":{"@id":"https:\/\/www.avf-motors.com\/en\/#\/schema\/logo\/image\/"}}]}},"_links":{"self":[{"href":"https:\/\/www.avf-motors.com\/en\/wp-json\/wp\/v2\/product\/7971","targetHints":{"allow":["GET"]}}],"collection":[{"href":"https:\/\/www.avf-motors.com\/en\/wp-json\/wp\/v2\/product"}],"about":[{"href":"https:\/\/www.avf-motors.com\/en\/wp-json\/wp\/v2\/types\/product"}],"wp:featuredmedia":[{"embeddable":true,"href":"https:\/\/www.avf-motors.com\/en\/wp-json\/wp\/v2\/media\/7606"}],"wp:attachment":[{"href":"https:\/\/www.avf-motors.com\/en\/wp-json\/wp\/v2\/media?parent=7971"}],"wp:term":[{"taxonomy":"product_brand","embeddable":true,"href":"https:\/\/www.avf-motors.com\/en\/wp-json\/wp\/v2\/product_brand?post=7971"},{"taxonomy":"product_cat","embeddable":true,"href":"https:\/\/www.avf-motors.com\/en\/wp-json\/wp\/v2\/product_cat?post=7971"},{"taxonomy":"product_tag","embeddable":true,"href":"https:\/\/www.avf-motors.com\/en\/wp-json\/wp\/v2\/product_tag?post=7971"}],"curies":[{"name":"wp","href":"https:\/\/api.w.org\/{rel}","templated":true}]}}