{"id":7955,"date":"2026-04-10T10:51:03","date_gmt":"2026-04-10T08:51:03","guid":{"rendered":"https:\/\/www.avf-motors.com\/shop\/porsche-718-cayman-gts-4-0-bose-pdls-plus-camera-de-recul\/"},"modified":"2026-05-03T15:00:08","modified_gmt":"2026-05-03T13:00:08","slug":"porsche-718-cayman-gts-4-0-bose-pdls-plus-camera-de-recul","status":"publish","type":"product","link":"https:\/\/www.avf-motors.com\/en\/shop\/porsche-718-cayman-gts-4-0-bose-pdls-plus-camera-de-recul\/","title":{"rendered":"Porsche 718 Cayman GTS 4.0 &#8211; BOSE &#8211; PDLS Plus &#8211; Cam\u00e9ra de recul"},"content":{"rendered":"<p>Disponible Maintenant !<\/p>\n<p>Available Now !<\/p>\n<p><\/p>\n<p>Sur rendez-vous uniquement.<\/p>\n<p>By appointment only.<\/p>\n<p><\/p>\n<p>Porsche Active Suspension Management (PASM) incluant abaissement de 10\u202fmm<\/p>\n<p>Servotronic Plus<\/p>\n<p>Multifonction avec volant chauffant<\/p>\n<p>Climatisation automatique 2 zones<\/p>\n<p>Si\u00e8ges chauffants<\/p>\n<p>Tapis de sol<\/p>\n<p>Filet de rangement dans le pied\u2011droit passager<\/p>\n<p>Rangement pour smartphone<\/p>\n<p>Syst\u00e8me audio BOSE\u00ae Surround Sound System<\/p>\n<p>Apple\u202fCarPlay\u00ae<\/p>\n<p>Navigation incluant Porsche Connect<\/p>\n<p>Phares avant \u00e0 LED incluant Porsche Dynamic Light System Plus (PDLS\u202fPlus)<\/p>\n<p>Pack \u00e9clairage int\u00e9rieur<\/p>\n<p>R\u00e9troviseurs ext\u00e9rieurs rabattables \u00e9lectriquement incluant \u00e9clairage de porte<\/p>\n<p>R\u00e9troviseurs int\u00e9rieur\/ext\u00e9rieur \u00e0 att\u00e9nuation automatique avec capteur de pluie int\u00e9gr\u00e9<\/p>\n<p>ParkAssist avant et arri\u00e8re incluant cam\u00e9ra de recul<\/p>\n<p>R\u00e9gulateur de vitesse (Tempomat)<\/p>","protected":false},"excerpt":{"rendered":"<p>Disponible Maintenant !<\/p>\n<p>Available Now !<\/p>\n<p><\/p>\n<p>Sur rendez-vous uniquement.<\/p>\n<p>By appointment only.<\/p>\n<p><\/p>\n<p>Reconnue pour ses performances et son ch\u00e2ssis hors-normes, AVF Motors vous propose cette Porsche Cayman alliant sportivit\u00e9 et \u00e9l\u00e9gance. \u00c9quip\u00e9e de la suspension active PASM et du Servotronic Plus, cette derni\u00e8re offre une pr\u00e9cision de conduite exceptionnelle et des sensations pures. Le confort n&rsquo;est pas n\u00e9glig\u00e9 \u00e0 l&rsquo;int\u00e9rieur gr\u00e2ce au volant multifonctions chauffant, aux si\u00e8ges chauffants et \u00e0 la climatisation automatique bi-zone. Le Sound System BOSE Surround, associ\u00e9 \u00e0 l&rsquo;Apple CarPlay et au syst\u00e8me de navigation, garantit l\u00e0 aussi une technologie compl\u00e8te. Enfin, les phares LED PDLS Plus, le ParkAssist avec cam\u00e9ra de recul et le r\u00e9gulateur de vitesse Tempomat assurent une configuration parfaitement fonctionnelle.&nbsp;<\/p>\n<p><\/p>\n<p>Flat 6 4.0L atmosph\u00e9rique &#8211; 400 ch &#8211; Bo\u00eete PDK 7 rapports<\/p>\n<p>Propulsion (RWD) &#8211; 0 \u00e0 100 km\/h en 4,0 sec<\/p>\n<p><\/p>\n<p>Porsche Active Suspension Management (PASM) incluant abaissement de 10\u202fmm<\/p>\n<p>Direction assist\u00e9e Plus<\/p>\n<p>Multifonction avec volant chauffant<\/p>\n<p>Climatisation automatique 2 zones<\/p>\n<p>Si\u00e8ges chauffants<\/p>\n<p>Tapis de sol<\/p>\n<p>Filet de rangement dans le pied\u2011droit passager<\/p>\n<p>Rangement pour smartphone<\/p>\n<p>Syst\u00e8me audio BOSE\u00ae Surround Sound System<\/p>\n<p>Apple\u202fCarPlay\u00ae<\/p>\n<p>Navigation incluant Porsche Connect<\/p>\n<p>Phares avant \u00e0 LED incluant Porsche Dynamic Light System Plus (PDLS\u202fPlus)<\/p>\n<p>Pack \u00e9clairage int\u00e9rieur<\/p>\n<p>R\u00e9troviseurs ext\u00e9rieurs rabattables \u00e9lectriquement incluant \u00e9clairage de porte<\/p>\n<p>R\u00e9troviseurs int\u00e9rieur\/ext\u00e9rieur \u00e0 att\u00e9nuation automatique avec capteur de pluie int\u00e9gr\u00e9<\/p>\n<p>ParkAssist avant et arri\u00e8re incluant cam\u00e9ra de recul<\/p>\n<p>R\u00e9gulateur de vitesse (Tempomat)<\/p>","protected":false},"featured_media":7956,"template":"","meta":{"_acf_changed":false,"content-type":"","ocean_post_layout":"","ocean_both_sidebars_style":"","ocean_both_sidebars_content_width":0,"ocean_both_sidebars_sidebars_width":0,"ocean_sidebar":"","ocean_second_sidebar":"","ocean_disable_margins":"enable","ocean_add_body_class":"","ocean_shortcode_before_top_bar":"","ocean_shortcode_after_top_bar":"","ocean_shortcode_before_header":"","ocean_shortcode_after_header":"","ocean_has_shortcode":"","ocean_shortcode_after_title":"","ocean_shortcode_before_footer_widgets":"","ocean_shortcode_after_footer_widgets":"","ocean_shortcode_before_footer_bottom":"","ocean_shortcode_after_footer_bottom":"","ocean_display_top_bar":"default","ocean_display_header":"default","ocean_header_style":"","ocean_center_header_left_menu":"","ocean_custom_header_template":"","ocean_custom_logo":0,"ocean_custom_retina_logo":0,"ocean_custom_logo_max_width":0,"ocean_custom_logo_tablet_max_width":0,"ocean_custom_logo_mobile_max_width":0,"ocean_custom_logo_max_height":0,"ocean_custom_logo_tablet_max_height":0,"ocean_custom_logo_mobile_max_height":0,"ocean_header_custom_menu":"","ocean_menu_typo_font_family":"","ocean_menu_typo_font_subset":"","ocean_menu_typo_font_size":0,"ocean_menu_typo_font_size_tablet":0,"ocean_menu_typo_font_size_mobile":0,"ocean_menu_typo_font_size_unit":"px","ocean_menu_typo_font_weight":"","ocean_menu_typo_font_weight_tablet":"","ocean_menu_typo_font_weight_mobile":"","ocean_menu_typo_transform":"","ocean_menu_typo_transform_tablet":"","ocean_menu_typo_transform_mobile":"","ocean_menu_typo_line_height":0,"ocean_menu_typo_line_height_tablet":0,"ocean_menu_typo_line_height_mobile":0,"ocean_menu_typo_line_height_unit":"","ocean_menu_typo_spacing":0,"ocean_menu_typo_spacing_tablet":0,"ocean_menu_typo_spacing_mobile":0,"ocean_menu_typo_spacing_unit":"","ocean_menu_link_color":"","ocean_menu_link_color_hover":"","ocean_menu_link_color_active":"","ocean_menu_link_background":"","ocean_menu_link_hover_background":"","ocean_menu_link_active_background":"","ocean_menu_social_links_bg":"","ocean_menu_social_hover_links_bg":"","ocean_menu_social_links_color":"","ocean_menu_social_hover_links_color":"","ocean_disable_title":"default","ocean_disable_heading":"default","ocean_post_title":"","ocean_post_subheading":"","ocean_post_title_style":"","ocean_post_title_background_color":"","ocean_post_title_background":0,"ocean_post_title_bg_image_position":"","ocean_post_title_bg_image_attachment":"","ocean_post_title_bg_image_repeat":"","ocean_post_title_bg_image_size":"","ocean_post_title_height":0,"ocean_post_title_bg_overlay":0.5,"ocean_post_title_bg_overlay_color":"","ocean_disable_breadcrumbs":"default","ocean_breadcrumbs_color":"","ocean_breadcrumbs_separator_color":"","ocean_breadcrumbs_links_color":"","ocean_breadcrumbs_links_hover_color":"","ocean_display_footer_widgets":"default","ocean_display_footer_bottom":"default","ocean_custom_footer_template":""},"product_brand":[],"product_cat":[19],"product_tag":[],"class_list":{"0":"post-7955","1":"product","2":"type-product","3":"status-publish","4":"has-post-thumbnail","6":"product_cat-non-classe","7":"entry","8":"has-media","10":"first","11":"instock","12":"shipping-taxable","13":"purchasable","14":"product-type-simple"},"acf":[],"yoast_head":"<!-- This site is optimized with the Yoast SEO plugin v27.3 - https:\/\/yoast.com\/product\/yoast-seo-wordpress\/ -->\n<title>Porsche 718 Cayman GTS 4.0 - BOSE - PDLS Plus - Cam\u00e9ra de recul - AVF Motors<\/title>\n<meta name=\"robots\" content=\"index, follow, max-snippet:-1, max-image-preview:large, max-video-preview:-1\" \/>\n<link rel=\"canonical\" href=\"https:\/\/www.avf-motors.com\/en\/shop\/porsche-718-cayman-gts-4-0-bose-pdls-plus-camera-de-recul\/\" \/>\n<meta property=\"og:locale\" content=\"en_GB\" \/>\n<meta property=\"og:type\" content=\"article\" \/>\n<meta property=\"og:title\" content=\"Porsche 718 Cayman GTS 4.0 - BOSE - PDLS Plus - Cam\u00e9ra de recul - AVF Motors\" \/>\n<meta property=\"og:description\" content=\"Disponible Maintenant !Available Now !Sur rendez-vous uniquement.By appointment only.Reconnue pour ses performances et son ch\u00e2ssis hors-normes, AVF Motors vous propose cette Porsche Cayman alliant sportivit\u00e9 et \u00e9l\u00e9gance. \u00c9quip\u00e9e de la suspension active PASM et du Servotronic Plus, cette derni\u00e8re offre une pr\u00e9cision de conduite exceptionnelle et des sensations pures. Le confort n&#039;est pas n\u00e9glig\u00e9 \u00e0 l&#039;int\u00e9rieur gr\u00e2ce au volant multifonctions chauffant, aux si\u00e8ges chauffants et \u00e0 la climatisation automatique bi-zone. Le Sound System BOSE Surround, associ\u00e9 \u00e0 l&#039;Apple CarPlay et au syst\u00e8me de navigation, garantit l\u00e0 aussi une technologie compl\u00e8te. Enfin, les phares LED PDLS Plus, le ParkAssist avec cam\u00e9ra de recul et le r\u00e9gulateur de vitesse Tempomat assurent une configuration parfaitement fonctionnelle.&nbsp;Flat 6 4.0L atmosph\u00e9rique - 400 ch - Bo\u00eete PDK 7 rapportsPropulsion (RWD) - 0 \u00e0 100 km\/h en 4,0 secPorsche Active Suspension Management (PASM) incluant abaissement de 10\u202fmmDirection assist\u00e9e PlusMultifonction avec volant chauffantClimatisation automatique 2 zonesSi\u00e8ges chauffantsTapis de solFilet de rangement dans le pied\u2011droit passagerRangement pour smartphoneSyst\u00e8me audio BOSE\u00ae Surround Sound SystemApple\u202fCarPlay\u00aeNavigation incluant Porsche ConnectPhares avant \u00e0 LED incluant Porsche Dynamic Light System Plus (PDLS\u202fPlus)Pack \u00e9clairage int\u00e9rieurR\u00e9troviseurs ext\u00e9rieurs rabattables \u00e9lectriquement incluant \u00e9clairage de porteR\u00e9troviseurs int\u00e9rieur\/ext\u00e9rieur \u00e0 att\u00e9nuation automatique avec capteur de pluie int\u00e9gr\u00e9ParkAssist avant et arri\u00e8re incluant cam\u00e9ra de reculR\u00e9gulateur de vitesse (Tempomat)\" \/>\n<meta property=\"og:url\" content=\"https:\/\/www.avf-motors.com\/en\/shop\/porsche-718-cayman-gts-4-0-bose-pdls-plus-camera-de-recul\/\" \/>\n<meta property=\"og:site_name\" content=\"AVF Motors\" \/>\n<meta property=\"article:modified_time\" content=\"2026-05-03T13:00:08+00:00\" \/>\n<meta name=\"twitter:card\" content=\"summary_large_image\" \/>\n<meta name=\"twitter:label1\" content=\"Estimated reading time\" \/>\n\t<meta name=\"twitter:data1\" content=\"1 minute\" \/>\n<script type=\"application\/ld+json\" class=\"yoast-schema-graph\">{\"@context\":\"https:\\\/\\\/schema.org\",\"@graph\":[{\"@type\":\"WebPage\",\"@id\":\"https:\\\/\\\/www.avf-motors.com\\\/shop\\\/porsche-718-cayman-gts-4-0-bose-pdls-plus-camera-de-recul\\\/\",\"url\":\"https:\\\/\\\/www.avf-motors.com\\\/shop\\\/porsche-718-cayman-gts-4-0-bose-pdls-plus-camera-de-recul\\\/\",\"name\":\"Porsche 718 Cayman GTS 4.0 - BOSE - PDLS Plus - Cam\u00e9ra de recul - AVF Motors\",\"isPartOf\":{\"@id\":\"https:\\\/\\\/www.avf-motors.com\\\/en\\\/#website\"},\"primaryImageOfPage\":{\"@id\":\"https:\\\/\\\/www.avf-motors.com\\\/shop\\\/porsche-718-cayman-gts-4-0-bose-pdls-plus-camera-de-recul\\\/#primaryimage\"},\"image\":{\"@id\":\"https:\\\/\\\/www.avf-motors.com\\\/shop\\\/porsche-718-cayman-gts-4-0-bose-pdls-plus-camera-de-recul\\\/#primaryimage\"},\"thumbnailUrl\":\"https:\\\/\\\/www.avf-motors.com\\\/wp-content\\\/uploads\\\/2026\\\/04\\\/123114-lcQGVoCxhFajrIMZkzWy.jpg\",\"datePublished\":\"2026-04-10T08:51:03+00:00\",\"dateModified\":\"2026-05-03T13:00:08+00:00\",\"breadcrumb\":{\"@id\":\"https:\\\/\\\/www.avf-motors.com\\\/shop\\\/porsche-718-cayman-gts-4-0-bose-pdls-plus-camera-de-recul\\\/#breadcrumb\"},\"inLanguage\":\"en-GB\",\"potentialAction\":[{\"@type\":\"ReadAction\",\"target\":[\"https:\\\/\\\/www.avf-motors.com\\\/shop\\\/porsche-718-cayman-gts-4-0-bose-pdls-plus-camera-de-recul\\\/\"]}]},{\"@type\":\"ImageObject\",\"inLanguage\":\"en-GB\",\"@id\":\"https:\\\/\\\/www.avf-motors.com\\\/shop\\\/porsche-718-cayman-gts-4-0-bose-pdls-plus-camera-de-recul\\\/#primaryimage\",\"url\":\"https:\\\/\\\/www.avf-motors.com\\\/wp-content\\\/uploads\\\/2026\\\/04\\\/123114-lcQGVoCxhFajrIMZkzWy.jpg\",\"contentUrl\":\"https:\\\/\\\/www.avf-motors.com\\\/wp-content\\\/uploads\\\/2026\\\/04\\\/123114-lcQGVoCxhFajrIMZkzWy.jpg\",\"width\":800,\"height\":600},{\"@type\":\"BreadcrumbList\",\"@id\":\"https:\\\/\\\/www.avf-motors.com\\\/shop\\\/porsche-718-cayman-gts-4-0-bose-pdls-plus-camera-de-recul\\\/#breadcrumb\",\"itemListElement\":[{\"@type\":\"ListItem\",\"position\":1,\"name\":\"Accueil\",\"item\":\"https:\\\/\\\/www.avf-motors.com\\\/en\\\/\"},{\"@type\":\"ListItem\",\"position\":2,\"name\":\"Nos voitures\",\"item\":\"https:\\\/\\\/www.avf-motors.com\\\/en\\\/nos-voitures\\\/\"},{\"@type\":\"ListItem\",\"position\":3,\"name\":\"Porsche 718 Cayman GTS 4.0 &#8211; BOSE &#8211; PDLS Plus &#8211; Cam\u00e9ra de recul\"}]},{\"@type\":\"WebSite\",\"@id\":\"https:\\\/\\\/www.avf-motors.com\\\/en\\\/#website\",\"url\":\"https:\\\/\\\/www.avf-motors.com\\\/en\\\/\",\"name\":\"AVF Motors\",\"description\":\"\",\"publisher\":{\"@id\":\"https:\\\/\\\/www.avf-motors.com\\\/en\\\/#organization\"},\"potentialAction\":[{\"@type\":\"SearchAction\",\"target\":{\"@type\":\"EntryPoint\",\"urlTemplate\":\"https:\\\/\\\/www.avf-motors.com\\\/en\\\/?s={search_term_string}\"},\"query-input\":{\"@type\":\"PropertyValueSpecification\",\"valueRequired\":true,\"valueName\":\"search_term_string\"}}],\"inLanguage\":\"en-GB\"},{\"@type\":\"Organization\",\"@id\":\"https:\\\/\\\/www.avf-motors.com\\\/en\\\/#organization\",\"name\":\"AVF Motors\",\"url\":\"https:\\\/\\\/www.avf-motors.com\\\/en\\\/\",\"logo\":{\"@type\":\"ImageObject\",\"inLanguage\":\"en-GB\",\"@id\":\"https:\\\/\\\/www.avf-motors.com\\\/en\\\/#\\\/schema\\\/logo\\\/image\\\/\",\"url\":\"https:\\\/\\\/www.avf-motors.com\\\/wp-content\\\/uploads\\\/2025\\\/06\\\/cropped-cropped-Logo-couleur-baseline-vectoriel-removebg-preview-1-1.png\",\"contentUrl\":\"https:\\\/\\\/www.avf-motors.com\\\/wp-content\\\/uploads\\\/2025\\\/06\\\/cropped-cropped-Logo-couleur-baseline-vectoriel-removebg-preview-1-1.png\",\"width\":630,\"height\":330,\"caption\":\"AVF Motors\"},\"image\":{\"@id\":\"https:\\\/\\\/www.avf-motors.com\\\/en\\\/#\\\/schema\\\/logo\\\/image\\\/\"}}]}<\/script>\n<!-- \/ Yoast SEO plugin. -->","yoast_head_json":{"title":"Porsche 718 Cayman GTS 4.0 - BOSE - PDLS Plus - Cam\u00e9ra de recul - AVF Motors","robots":{"index":"index","follow":"follow","max-snippet":"max-snippet:-1","max-image-preview":"max-image-preview:large","max-video-preview":"max-video-preview:-1"},"canonical":"https:\/\/www.avf-motors.com\/en\/shop\/porsche-718-cayman-gts-4-0-bose-pdls-plus-camera-de-recul\/","og_locale":"en_GB","og_type":"article","og_title":"Porsche 718 Cayman GTS 4.0 - BOSE - PDLS Plus - Cam\u00e9ra de recul - AVF Motors","og_description":"Disponible Maintenant !Available Now !Sur rendez-vous uniquement.By appointment only.Reconnue pour ses performances et son ch\u00e2ssis hors-normes, AVF Motors vous propose cette Porsche Cayman alliant sportivit\u00e9 et \u00e9l\u00e9gance. \u00c9quip\u00e9e de la suspension active PASM et du Servotronic Plus, cette derni\u00e8re offre une pr\u00e9cision de conduite exceptionnelle et des sensations pures. Le confort n'est pas n\u00e9glig\u00e9 \u00e0 l'int\u00e9rieur gr\u00e2ce au volant multifonctions chauffant, aux si\u00e8ges chauffants et \u00e0 la climatisation automatique bi-zone. Le Sound System BOSE Surround, associ\u00e9 \u00e0 l'Apple CarPlay et au syst\u00e8me de navigation, garantit l\u00e0 aussi une technologie compl\u00e8te. Enfin, les phares LED PDLS Plus, le ParkAssist avec cam\u00e9ra de recul et le r\u00e9gulateur de vitesse Tempomat assurent une configuration parfaitement fonctionnelle.&nbsp;Flat 6 4.0L atmosph\u00e9rique - 400 ch - Bo\u00eete PDK 7 rapportsPropulsion (RWD) - 0 \u00e0 100 km\/h en 4,0 secPorsche Active Suspension Management (PASM) incluant abaissement de 10\u202fmmDirection assist\u00e9e PlusMultifonction avec volant chauffantClimatisation automatique 2 zonesSi\u00e8ges chauffantsTapis de solFilet de rangement dans le pied\u2011droit passagerRangement pour smartphoneSyst\u00e8me audio BOSE\u00ae Surround Sound SystemApple\u202fCarPlay\u00aeNavigation incluant Porsche ConnectPhares avant \u00e0 LED incluant Porsche Dynamic Light System Plus (PDLS\u202fPlus)Pack \u00e9clairage int\u00e9rieurR\u00e9troviseurs ext\u00e9rieurs rabattables \u00e9lectriquement incluant \u00e9clairage de porteR\u00e9troviseurs int\u00e9rieur\/ext\u00e9rieur \u00e0 att\u00e9nuation automatique avec capteur de pluie int\u00e9gr\u00e9ParkAssist avant et arri\u00e8re incluant cam\u00e9ra de reculR\u00e9gulateur de vitesse (Tempomat)","og_url":"https:\/\/www.avf-motors.com\/en\/shop\/porsche-718-cayman-gts-4-0-bose-pdls-plus-camera-de-recul\/","og_site_name":"AVF Motors","article_modified_time":"2026-05-03T13:00:08+00:00","twitter_card":"summary_large_image","twitter_misc":{"Estimated reading time":"1 minute"},"schema":{"@context":"https:\/\/schema.org","@graph":[{"@type":"WebPage","@id":"https:\/\/www.avf-motors.com\/shop\/porsche-718-cayman-gts-4-0-bose-pdls-plus-camera-de-recul\/","url":"https:\/\/www.avf-motors.com\/shop\/porsche-718-cayman-gts-4-0-bose-pdls-plus-camera-de-recul\/","name":"Porsche 718 Cayman GTS 4.0 - BOSE - PDLS Plus - Cam\u00e9ra de recul - AVF Motors","isPartOf":{"@id":"https:\/\/www.avf-motors.com\/en\/#website"},"primaryImageOfPage":{"@id":"https:\/\/www.avf-motors.com\/shop\/porsche-718-cayman-gts-4-0-bose-pdls-plus-camera-de-recul\/#primaryimage"},"image":{"@id":"https:\/\/www.avf-motors.com\/shop\/porsche-718-cayman-gts-4-0-bose-pdls-plus-camera-de-recul\/#primaryimage"},"thumbnailUrl":"https:\/\/www.avf-motors.com\/wp-content\/uploads\/2026\/04\/123114-lcQGVoCxhFajrIMZkzWy.jpg","datePublished":"2026-04-10T08:51:03+00:00","dateModified":"2026-05-03T13:00:08+00:00","breadcrumb":{"@id":"https:\/\/www.avf-motors.com\/shop\/porsche-718-cayman-gts-4-0-bose-pdls-plus-camera-de-recul\/#breadcrumb"},"inLanguage":"en-GB","potentialAction":[{"@type":"ReadAction","target":["https:\/\/www.avf-motors.com\/shop\/porsche-718-cayman-gts-4-0-bose-pdls-plus-camera-de-recul\/"]}]},{"@type":"ImageObject","inLanguage":"en-GB","@id":"https:\/\/www.avf-motors.com\/shop\/porsche-718-cayman-gts-4-0-bose-pdls-plus-camera-de-recul\/#primaryimage","url":"https:\/\/www.avf-motors.com\/wp-content\/uploads\/2026\/04\/123114-lcQGVoCxhFajrIMZkzWy.jpg","contentUrl":"https:\/\/www.avf-motors.com\/wp-content\/uploads\/2026\/04\/123114-lcQGVoCxhFajrIMZkzWy.jpg","width":800,"height":600},{"@type":"BreadcrumbList","@id":"https:\/\/www.avf-motors.com\/shop\/porsche-718-cayman-gts-4-0-bose-pdls-plus-camera-de-recul\/#breadcrumb","itemListElement":[{"@type":"ListItem","position":1,"name":"Accueil","item":"https:\/\/www.avf-motors.com\/en\/"},{"@type":"ListItem","position":2,"name":"Nos voitures","item":"https:\/\/www.avf-motors.com\/en\/nos-voitures\/"},{"@type":"ListItem","position":3,"name":"Porsche 718 Cayman GTS 4.0 &#8211; BOSE &#8211; PDLS Plus &#8211; Cam\u00e9ra de recul"}]},{"@type":"WebSite","@id":"https:\/\/www.avf-motors.com\/en\/#website","url":"https:\/\/www.avf-motors.com\/en\/","name":"AVF Motors","description":"","publisher":{"@id":"https:\/\/www.avf-motors.com\/en\/#organization"},"potentialAction":[{"@type":"SearchAction","target":{"@type":"EntryPoint","urlTemplate":"https:\/\/www.avf-motors.com\/en\/?s={search_term_string}"},"query-input":{"@type":"PropertyValueSpecification","valueRequired":true,"valueName":"search_term_string"}}],"inLanguage":"en-GB"},{"@type":"Organization","@id":"https:\/\/www.avf-motors.com\/en\/#organization","name":"AVF Motors","url":"https:\/\/www.avf-motors.com\/en\/","logo":{"@type":"ImageObject","inLanguage":"en-GB","@id":"https:\/\/www.avf-motors.com\/en\/#\/schema\/logo\/image\/","url":"https:\/\/www.avf-motors.com\/wp-content\/uploads\/2025\/06\/cropped-cropped-Logo-couleur-baseline-vectoriel-removebg-preview-1-1.png","contentUrl":"https:\/\/www.avf-motors.com\/wp-content\/uploads\/2025\/06\/cropped-cropped-Logo-couleur-baseline-vectoriel-removebg-preview-1-1.png","width":630,"height":330,"caption":"AVF Motors"},"image":{"@id":"https:\/\/www.avf-motors.com\/en\/#\/schema\/logo\/image\/"}}]}},"_links":{"self":[{"href":"https:\/\/www.avf-motors.com\/en\/wp-json\/wp\/v2\/product\/7955","targetHints":{"allow":["GET"]}}],"collection":[{"href":"https:\/\/www.avf-motors.com\/en\/wp-json\/wp\/v2\/product"}],"about":[{"href":"https:\/\/www.avf-motors.com\/en\/wp-json\/wp\/v2\/types\/product"}],"wp:featuredmedia":[{"embeddable":true,"href":"https:\/\/www.avf-motors.com\/en\/wp-json\/wp\/v2\/media\/7956"}],"wp:attachment":[{"href":"https:\/\/www.avf-motors.com\/en\/wp-json\/wp\/v2\/media?parent=7955"}],"wp:term":[{"taxonomy":"product_brand","embeddable":true,"href":"https:\/\/www.avf-motors.com\/en\/wp-json\/wp\/v2\/product_brand?post=7955"},{"taxonomy":"product_cat","embeddable":true,"href":"https:\/\/www.avf-motors.com\/en\/wp-json\/wp\/v2\/product_cat?post=7955"},{"taxonomy":"product_tag","embeddable":true,"href":"https:\/\/www.avf-motors.com\/en\/wp-json\/wp\/v2\/product_tag?post=7955"}],"curies":[{"name":"wp","href":"https:\/\/api.w.org\/{rel}","templated":true}]}}