{"id":7939,"date":"2026-04-10T10:50:33","date_gmt":"2026-04-10T08:50:33","guid":{"rendered":"https:\/\/www.avf-motors.com\/shop\/mercedes-benz-c-43-amg-4matic-burmester-toit-ouvrant-panoramique-camera-360\/"},"modified":"2026-05-03T15:00:08","modified_gmt":"2026-05-03T13:00:08","slug":"mercedes-benz-c-43-amg-4matic-burmester-toit-ouvrant-panoramique-camera-360","status":"publish","type":"product","link":"https:\/\/www.avf-motors.com\/en\/shop\/mercedes-benz-c-43-amg-4matic-burmester-toit-ouvrant-panoramique-camera-360\/","title":{"rendered":"Mercedes-Benz C 43 AMG 4MATIC &#8211; Burmester &#8211; Toit ouvrant panoramique &#8211; Cam\u00e9ra 360\u00b0"},"content":{"rendered":"<p>Disponible Maintenant !<\/p>\n<p>Available Now !<\/p>\n<p><\/p>\n<p>Sur rendez-vous uniquement.<\/p>\n<p>By appointment only.<\/p>\n<p><\/p>\n<p><b>Liste des \u00e9quipements et options (sous r\u00e9serve d&rsquo;oubli et\/ou d&rsquo;erreurs) :&nbsp;<\/b><\/p>\n<p>Toit ouvrant panoramique<\/p>\n<p>Surround Sound System Burmester<\/p>\n<p>Insert carbone int\u00e9rieur AMG<\/p>\n<p>Si\u00e8ges avant chauffants<\/p>\n<p>Si\u00e8ges avant \u00e9lectriques \u00e0 m\u00e9moire<\/p>\n<p>Syst\u00e8me d&rsquo;\u00e9chappement AMG Performance (sonorit\u00e9 r\u00e9glable)<\/p>\n<p>Syst\u00e8me de navigation MBUX<\/p>\n<p>Apple CarPlay<\/p>\n<p>Android Auto<\/p>\n<p>R\u00e9gulateur de vitesse adaptatif<\/p>\n<p>Limiteur de vitesse<\/p>\n<p>Avertisseur d&rsquo;angle mort<\/p>\n<p>Modes de conduite AMG Dynamic Select<\/p>\n<p>AMG Drive Unit<\/p>\n<p>Climatisation automatique<\/p>\n<p>Volant multifonctions<\/p>\n<p>Radars de stationnement avant et arri\u00e8re<\/p>\n<p>Cam\u00e9ra 360\u00b0<\/p>\n<p>Cam\u00e9ra de recul<\/p>\n<p>Assistance au maintien dans la voie<\/p>\n<p>Phares LED<\/p>\n<p>Feux automatiques<\/p>\n<p>Eclairage d&rsquo;ambiance personnalisable<\/p>\n<p>Syst\u00e8me MBUX avec commandes tactiles au volant<\/p>\n<p>Commande vocale<\/p>\n<p>Suspension adaptative AMG (AMG Ride Control)<\/p>\n<p>Bluetooth&nbsp;<\/p>\n<p>Radio DAB<\/p>\n<p>In-Car Office<\/p>\n<p>Mercedes me Connect<\/p>\n<p>D\u00e9tecteur de panneaux<\/p>\n<p>Freinage d&rsquo;urgence actif<\/p>\n<p>Attention Assist<\/p>\n<p>Intelligent Light System<\/p>\n<p><\/p>","protected":false},"excerpt":{"rendered":"<p>Disponible Maintenant !<\/p>\n<p>Available Now !<\/p>\n<p><\/p>\n<p>Sur rendez-vous uniquement.<\/p>\n<p>By appointment only.<\/p>\n<p><\/p>\n<p>Cette Mercedes-Benz C 43 AMG, propos\u00e9e \u00e0 la vente chez AVF Motors, est le compromis id\u00e9al entre performances et confort au quotidien. Particuli\u00e8rement bien \u00e9quip\u00e9, notre exemplaire se d\u00e9marque par son toit ouvrant panoramique, son Surround Sound System Burmester et sa cam\u00e9ra 360\u00b0. \u00c0 son bord, l&rsquo;atmosph\u00e8re est r\u00e9solument haut de gamme avec si\u00e8ges \u00e9lectriques chauffants \u00e0 m\u00e9moire, \u00e9clairage d&rsquo;ambiance personnalisable et syst\u00e8me MBUX avec Apple CarPlay \/ Android Auto.&nbsp;<\/p>\n<p><\/p>\n<p>V6 3.0L biturbo &#8211; 390 ch &#8211; Bo\u00eete automatique \u00e0 9 rapports AMG SPEEDSHIFT<\/p>\n<p>Transmission int\u00e9grale 4MATIC &#8211; 0 \u00e0 100 km\/h en 4,7 sec<\/p>\n<p><\/p>\n<p><b>Liste des \u00e9quipements et options (sous r\u00e9serve d&rsquo;oubli et\/ou d&rsquo;erreurs) :&nbsp;<\/b><\/p>\n<p>Toit ouvrant panoramique<\/p>\n<p>Surround Sound System Burmester<\/p>\n<p>Insert carbone int\u00e9rieur AMG<\/p>\n<p>Si\u00e8ges avant chauffants<\/p>\n<p>Si\u00e8ges avant \u00e9lectriques \u00e0 m\u00e9moire<\/p>\n<p>Syst\u00e8me d&rsquo;\u00e9chappement AMG Performance (sonorit\u00e9 r\u00e9glable)<\/p>\n<p>Syst\u00e8me de navigation MBUX<\/p>\n<p>Apple CarPlay<\/p>\n<p>Android Auto<\/p>\n<p>R\u00e9gulateur de vitesse adaptatif<\/p>\n<p>Limiteur de vitesse<\/p>\n<p>Avertisseur d&rsquo;angle mort<\/p>\n<p>Modes de conduite AMG Dynamic Select<\/p>\n<p>AMG Drive Unit<\/p>\n<p>Climatisation automatique<\/p>\n<p>Volant multifonctions<\/p>\n<p>Radars de stationnement avant et arri\u00e8re<\/p>\n<p>Cam\u00e9ra 360\u00b0<\/p>\n<p>Cam\u00e9ra de recul<\/p>\n<p>Assistance au maintien dans la voie<\/p>\n<p>Phares LED<\/p>\n<p>Feux automatiques<\/p>\n<p>Eclairage d&rsquo;ambiance personnalisable<\/p>\n<p>Syst\u00e8me MBUX avec commandes tactiles au volant<\/p>\n<p>Commande vocale<\/p>\n<p>Suspension adaptative AMG (AMG Ride Control)<\/p>\n<p>Bluetooth&nbsp;<\/p>\n<p>Radio DAB<\/p>\n<p>In-Car Office<\/p>\n<p>Mercedes me Connect<\/p>\n<p>D\u00e9tecteur de panneaux<\/p>\n<p>Freinage d&rsquo;urgence actif<\/p>\n<p>Attention Assist<\/p>\n<p>Intelligent Light System<\/p>","protected":false},"featured_media":7940,"template":"","meta":{"_acf_changed":false,"content-type":"","ocean_post_layout":"","ocean_both_sidebars_style":"","ocean_both_sidebars_content_width":0,"ocean_both_sidebars_sidebars_width":0,"ocean_sidebar":"","ocean_second_sidebar":"","ocean_disable_margins":"enable","ocean_add_body_class":"","ocean_shortcode_before_top_bar":"","ocean_shortcode_after_top_bar":"","ocean_shortcode_before_header":"","ocean_shortcode_after_header":"","ocean_has_shortcode":"","ocean_shortcode_after_title":"","ocean_shortcode_before_footer_widgets":"","ocean_shortcode_after_footer_widgets":"","ocean_shortcode_before_footer_bottom":"","ocean_shortcode_after_footer_bottom":"","ocean_display_top_bar":"default","ocean_display_header":"default","ocean_header_style":"","ocean_center_header_left_menu":"","ocean_custom_header_template":"","ocean_custom_logo":0,"ocean_custom_retina_logo":0,"ocean_custom_logo_max_width":0,"ocean_custom_logo_tablet_max_width":0,"ocean_custom_logo_mobile_max_width":0,"ocean_custom_logo_max_height":0,"ocean_custom_logo_tablet_max_height":0,"ocean_custom_logo_mobile_max_height":0,"ocean_header_custom_menu":"","ocean_menu_typo_font_family":"","ocean_menu_typo_font_subset":"","ocean_menu_typo_font_size":0,"ocean_menu_typo_font_size_tablet":0,"ocean_menu_typo_font_size_mobile":0,"ocean_menu_typo_font_size_unit":"px","ocean_menu_typo_font_weight":"","ocean_menu_typo_font_weight_tablet":"","ocean_menu_typo_font_weight_mobile":"","ocean_menu_typo_transform":"","ocean_menu_typo_transform_tablet":"","ocean_menu_typo_transform_mobile":"","ocean_menu_typo_line_height":0,"ocean_menu_typo_line_height_tablet":0,"ocean_menu_typo_line_height_mobile":0,"ocean_menu_typo_line_height_unit":"","ocean_menu_typo_spacing":0,"ocean_menu_typo_spacing_tablet":0,"ocean_menu_typo_spacing_mobile":0,"ocean_menu_typo_spacing_unit":"","ocean_menu_link_color":"","ocean_menu_link_color_hover":"","ocean_menu_link_color_active":"","ocean_menu_link_background":"","ocean_menu_link_hover_background":"","ocean_menu_link_active_background":"","ocean_menu_social_links_bg":"","ocean_menu_social_hover_links_bg":"","ocean_menu_social_links_color":"","ocean_menu_social_hover_links_color":"","ocean_disable_title":"default","ocean_disable_heading":"default","ocean_post_title":"","ocean_post_subheading":"","ocean_post_title_style":"","ocean_post_title_background_color":"","ocean_post_title_background":0,"ocean_post_title_bg_image_position":"","ocean_post_title_bg_image_attachment":"","ocean_post_title_bg_image_repeat":"","ocean_post_title_bg_image_size":"","ocean_post_title_height":0,"ocean_post_title_bg_overlay":0.5,"ocean_post_title_bg_overlay_color":"","ocean_disable_breadcrumbs":"default","ocean_breadcrumbs_color":"","ocean_breadcrumbs_separator_color":"","ocean_breadcrumbs_links_color":"","ocean_breadcrumbs_links_hover_color":"","ocean_display_footer_widgets":"default","ocean_display_footer_bottom":"default","ocean_custom_footer_template":""},"product_brand":[],"product_cat":[19],"product_tag":[],"class_list":{"0":"post-7939","1":"product","2":"type-product","3":"status-publish","4":"has-post-thumbnail","6":"product_cat-non-classe","7":"entry","8":"has-media","10":"first","11":"instock","12":"shipping-taxable","13":"purchasable","14":"product-type-simple"},"acf":[],"yoast_head":"<!-- This site is optimized with the Yoast SEO plugin v27.3 - https:\/\/yoast.com\/product\/yoast-seo-wordpress\/ -->\n<title>Mercedes-Benz C 43 AMG 4MATIC - Burmester - Toit ouvrant panoramique - Cam\u00e9ra 360\u00b0 - AVF Motors<\/title>\n<meta name=\"robots\" content=\"index, follow, max-snippet:-1, max-image-preview:large, max-video-preview:-1\" \/>\n<link rel=\"canonical\" href=\"https:\/\/www.avf-motors.com\/en\/shop\/mercedes-benz-c-43-amg-4matic-burmester-toit-ouvrant-panoramique-camera-360\/\" \/>\n<meta property=\"og:locale\" content=\"en_GB\" \/>\n<meta property=\"og:type\" content=\"article\" \/>\n<meta property=\"og:title\" content=\"Mercedes-Benz C 43 AMG 4MATIC - Burmester - Toit ouvrant panoramique - Cam\u00e9ra 360\u00b0 - AVF Motors\" \/>\n<meta property=\"og:description\" content=\"Disponible Maintenant !Available Now !Sur rendez-vous uniquement.By appointment only.Cette Mercedes-Benz C 43 AMG, propos\u00e9e \u00e0 la vente chez AVF Motors, est le compromis id\u00e9al entre performances et confort au quotidien. Particuli\u00e8rement bien \u00e9quip\u00e9, notre exemplaire se d\u00e9marque par son toit ouvrant panoramique, son Surround Sound System Burmester et sa cam\u00e9ra 360\u00b0. \u00c0 son bord, l&#039;atmosph\u00e8re est r\u00e9solument haut de gamme avec si\u00e8ges \u00e9lectriques chauffants \u00e0 m\u00e9moire, \u00e9clairage d&#039;ambiance personnalisable et syst\u00e8me MBUX avec Apple CarPlay \/ Android Auto.&nbsp;V6 3.0L biturbo - 390 ch - Bo\u00eete automatique \u00e0 9 rapports AMG SPEEDSHIFTTransmission int\u00e9grale 4MATIC - 0 \u00e0 100 km\/h en 4,7 secListe des \u00e9quipements et options (sous r\u00e9serve d&#039;oubli et\/ou d&#039;erreurs) :&nbsp;Toit ouvrant panoramiqueSurround Sound System BurmesterInsert carbone int\u00e9rieur AMGSi\u00e8ges avant chauffantsSi\u00e8ges avant \u00e9lectriques \u00e0 m\u00e9moireSyst\u00e8me d&#039;\u00e9chappement AMG Performance (sonorit\u00e9 r\u00e9glable)Syst\u00e8me de navigation MBUXApple CarPlayAndroid AutoR\u00e9gulateur de vitesse adaptatifLimiteur de vitesseAvertisseur d&#039;angle mortModes de conduite AMG Dynamic SelectAMG Drive UnitClimatisation automatiqueVolant multifonctionsRadars de stationnement avant et arri\u00e8reCam\u00e9ra 360\u00b0Cam\u00e9ra de reculAssistance au maintien dans la voiePhares LEDFeux automatiquesEclairage d&#039;ambiance personnalisableSyst\u00e8me MBUX avec commandes tactiles au volantCommande vocaleSuspension adaptative AMG (AMG Ride Control)Bluetooth&nbsp;Radio DABIn-Car OfficeMercedes me ConnectD\u00e9tecteur de panneauxFreinage d&#039;urgence actifAttention AssistIntelligent Light System\" \/>\n<meta property=\"og:url\" content=\"https:\/\/www.avf-motors.com\/en\/shop\/mercedes-benz-c-43-amg-4matic-burmester-toit-ouvrant-panoramique-camera-360\/\" \/>\n<meta property=\"og:site_name\" content=\"AVF Motors\" \/>\n<meta property=\"article:modified_time\" content=\"2026-05-03T13:00:08+00:00\" \/>\n<meta name=\"twitter:card\" content=\"summary_large_image\" \/>\n<meta name=\"twitter:label1\" content=\"Estimated reading time\" \/>\n\t<meta name=\"twitter:data1\" content=\"1 minute\" \/>\n<script type=\"application\/ld+json\" class=\"yoast-schema-graph\">{\"@context\":\"https:\\\/\\\/schema.org\",\"@graph\":[{\"@type\":\"WebPage\",\"@id\":\"https:\\\/\\\/www.avf-motors.com\\\/shop\\\/mercedes-benz-c-43-amg-4matic-burmester-toit-ouvrant-panoramique-camera-360\\\/\",\"url\":\"https:\\\/\\\/www.avf-motors.com\\\/shop\\\/mercedes-benz-c-43-amg-4matic-burmester-toit-ouvrant-panoramique-camera-360\\\/\",\"name\":\"Mercedes-Benz C 43 AMG 4MATIC - Burmester - Toit ouvrant panoramique - Cam\u00e9ra 360\u00b0 - AVF Motors\",\"isPartOf\":{\"@id\":\"https:\\\/\\\/www.avf-motors.com\\\/en\\\/#website\"},\"primaryImageOfPage\":{\"@id\":\"https:\\\/\\\/www.avf-motors.com\\\/shop\\\/mercedes-benz-c-43-amg-4matic-burmester-toit-ouvrant-panoramique-camera-360\\\/#primaryimage\"},\"image\":{\"@id\":\"https:\\\/\\\/www.avf-motors.com\\\/shop\\\/mercedes-benz-c-43-amg-4matic-burmester-toit-ouvrant-panoramique-camera-360\\\/#primaryimage\"},\"thumbnailUrl\":\"https:\\\/\\\/www.avf-motors.com\\\/wp-content\\\/uploads\\\/2026\\\/04\\\/123138-mUJartuQdVEYCelMsbkh.jpg\",\"datePublished\":\"2026-04-10T08:50:33+00:00\",\"dateModified\":\"2026-05-03T13:00:08+00:00\",\"breadcrumb\":{\"@id\":\"https:\\\/\\\/www.avf-motors.com\\\/shop\\\/mercedes-benz-c-43-amg-4matic-burmester-toit-ouvrant-panoramique-camera-360\\\/#breadcrumb\"},\"inLanguage\":\"en-GB\",\"potentialAction\":[{\"@type\":\"ReadAction\",\"target\":[\"https:\\\/\\\/www.avf-motors.com\\\/shop\\\/mercedes-benz-c-43-amg-4matic-burmester-toit-ouvrant-panoramique-camera-360\\\/\"]}]},{\"@type\":\"ImageObject\",\"inLanguage\":\"en-GB\",\"@id\":\"https:\\\/\\\/www.avf-motors.com\\\/shop\\\/mercedes-benz-c-43-amg-4matic-burmester-toit-ouvrant-panoramique-camera-360\\\/#primaryimage\",\"url\":\"https:\\\/\\\/www.avf-motors.com\\\/wp-content\\\/uploads\\\/2026\\\/04\\\/123138-mUJartuQdVEYCelMsbkh.jpg\",\"contentUrl\":\"https:\\\/\\\/www.avf-motors.com\\\/wp-content\\\/uploads\\\/2026\\\/04\\\/123138-mUJartuQdVEYCelMsbkh.jpg\",\"width\":800,\"height\":600},{\"@type\":\"BreadcrumbList\",\"@id\":\"https:\\\/\\\/www.avf-motors.com\\\/shop\\\/mercedes-benz-c-43-amg-4matic-burmester-toit-ouvrant-panoramique-camera-360\\\/#breadcrumb\",\"itemListElement\":[{\"@type\":\"ListItem\",\"position\":1,\"name\":\"Accueil\",\"item\":\"https:\\\/\\\/www.avf-motors.com\\\/en\\\/\"},{\"@type\":\"ListItem\",\"position\":2,\"name\":\"Nos voitures\",\"item\":\"https:\\\/\\\/www.avf-motors.com\\\/en\\\/nos-voitures\\\/\"},{\"@type\":\"ListItem\",\"position\":3,\"name\":\"Mercedes-Benz C 43 AMG 4MATIC &#8211; Burmester &#8211; Toit ouvrant panoramique &#8211; Cam\u00e9ra 360\u00b0\"}]},{\"@type\":\"WebSite\",\"@id\":\"https:\\\/\\\/www.avf-motors.com\\\/en\\\/#website\",\"url\":\"https:\\\/\\\/www.avf-motors.com\\\/en\\\/\",\"name\":\"AVF Motors\",\"description\":\"\",\"publisher\":{\"@id\":\"https:\\\/\\\/www.avf-motors.com\\\/en\\\/#organization\"},\"potentialAction\":[{\"@type\":\"SearchAction\",\"target\":{\"@type\":\"EntryPoint\",\"urlTemplate\":\"https:\\\/\\\/www.avf-motors.com\\\/en\\\/?s={search_term_string}\"},\"query-input\":{\"@type\":\"PropertyValueSpecification\",\"valueRequired\":true,\"valueName\":\"search_term_string\"}}],\"inLanguage\":\"en-GB\"},{\"@type\":\"Organization\",\"@id\":\"https:\\\/\\\/www.avf-motors.com\\\/en\\\/#organization\",\"name\":\"AVF Motors\",\"url\":\"https:\\\/\\\/www.avf-motors.com\\\/en\\\/\",\"logo\":{\"@type\":\"ImageObject\",\"inLanguage\":\"en-GB\",\"@id\":\"https:\\\/\\\/www.avf-motors.com\\\/en\\\/#\\\/schema\\\/logo\\\/image\\\/\",\"url\":\"https:\\\/\\\/www.avf-motors.com\\\/wp-content\\\/uploads\\\/2025\\\/06\\\/cropped-cropped-Logo-couleur-baseline-vectoriel-removebg-preview-1-1.png\",\"contentUrl\":\"https:\\\/\\\/www.avf-motors.com\\\/wp-content\\\/uploads\\\/2025\\\/06\\\/cropped-cropped-Logo-couleur-baseline-vectoriel-removebg-preview-1-1.png\",\"width\":630,\"height\":330,\"caption\":\"AVF Motors\"},\"image\":{\"@id\":\"https:\\\/\\\/www.avf-motors.com\\\/en\\\/#\\\/schema\\\/logo\\\/image\\\/\"}}]}<\/script>\n<!-- \/ Yoast SEO plugin. -->","yoast_head_json":{"title":"Mercedes-Benz C 43 AMG 4MATIC - Burmester - Toit ouvrant panoramique - Cam\u00e9ra 360\u00b0 - AVF Motors","robots":{"index":"index","follow":"follow","max-snippet":"max-snippet:-1","max-image-preview":"max-image-preview:large","max-video-preview":"max-video-preview:-1"},"canonical":"https:\/\/www.avf-motors.com\/en\/shop\/mercedes-benz-c-43-amg-4matic-burmester-toit-ouvrant-panoramique-camera-360\/","og_locale":"en_GB","og_type":"article","og_title":"Mercedes-Benz C 43 AMG 4MATIC - Burmester - Toit ouvrant panoramique - Cam\u00e9ra 360\u00b0 - AVF Motors","og_description":"Disponible Maintenant !Available Now !Sur rendez-vous uniquement.By appointment only.Cette Mercedes-Benz C 43 AMG, propos\u00e9e \u00e0 la vente chez AVF Motors, est le compromis id\u00e9al entre performances et confort au quotidien. Particuli\u00e8rement bien \u00e9quip\u00e9, notre exemplaire se d\u00e9marque par son toit ouvrant panoramique, son Surround Sound System Burmester et sa cam\u00e9ra 360\u00b0. \u00c0 son bord, l'atmosph\u00e8re est r\u00e9solument haut de gamme avec si\u00e8ges \u00e9lectriques chauffants \u00e0 m\u00e9moire, \u00e9clairage d'ambiance personnalisable et syst\u00e8me MBUX avec Apple CarPlay \/ Android Auto.&nbsp;V6 3.0L biturbo - 390 ch - Bo\u00eete automatique \u00e0 9 rapports AMG SPEEDSHIFTTransmission int\u00e9grale 4MATIC - 0 \u00e0 100 km\/h en 4,7 secListe des \u00e9quipements et options (sous r\u00e9serve d'oubli et\/ou d'erreurs) :&nbsp;Toit ouvrant panoramiqueSurround Sound System BurmesterInsert carbone int\u00e9rieur AMGSi\u00e8ges avant chauffantsSi\u00e8ges avant \u00e9lectriques \u00e0 m\u00e9moireSyst\u00e8me d'\u00e9chappement AMG Performance (sonorit\u00e9 r\u00e9glable)Syst\u00e8me de navigation MBUXApple CarPlayAndroid AutoR\u00e9gulateur de vitesse adaptatifLimiteur de vitesseAvertisseur d'angle mortModes de conduite AMG Dynamic SelectAMG Drive UnitClimatisation automatiqueVolant multifonctionsRadars de stationnement avant et arri\u00e8reCam\u00e9ra 360\u00b0Cam\u00e9ra de reculAssistance au maintien dans la voiePhares LEDFeux automatiquesEclairage d'ambiance personnalisableSyst\u00e8me MBUX avec commandes tactiles au volantCommande vocaleSuspension adaptative AMG (AMG Ride Control)Bluetooth&nbsp;Radio DABIn-Car OfficeMercedes me ConnectD\u00e9tecteur de panneauxFreinage d'urgence actifAttention AssistIntelligent Light System","og_url":"https:\/\/www.avf-motors.com\/en\/shop\/mercedes-benz-c-43-amg-4matic-burmester-toit-ouvrant-panoramique-camera-360\/","og_site_name":"AVF Motors","article_modified_time":"2026-05-03T13:00:08+00:00","twitter_card":"summary_large_image","twitter_misc":{"Estimated reading time":"1 minute"},"schema":{"@context":"https:\/\/schema.org","@graph":[{"@type":"WebPage","@id":"https:\/\/www.avf-motors.com\/shop\/mercedes-benz-c-43-amg-4matic-burmester-toit-ouvrant-panoramique-camera-360\/","url":"https:\/\/www.avf-motors.com\/shop\/mercedes-benz-c-43-amg-4matic-burmester-toit-ouvrant-panoramique-camera-360\/","name":"Mercedes-Benz C 43 AMG 4MATIC - Burmester - Toit ouvrant panoramique - Cam\u00e9ra 360\u00b0 - AVF Motors","isPartOf":{"@id":"https:\/\/www.avf-motors.com\/en\/#website"},"primaryImageOfPage":{"@id":"https:\/\/www.avf-motors.com\/shop\/mercedes-benz-c-43-amg-4matic-burmester-toit-ouvrant-panoramique-camera-360\/#primaryimage"},"image":{"@id":"https:\/\/www.avf-motors.com\/shop\/mercedes-benz-c-43-amg-4matic-burmester-toit-ouvrant-panoramique-camera-360\/#primaryimage"},"thumbnailUrl":"https:\/\/www.avf-motors.com\/wp-content\/uploads\/2026\/04\/123138-mUJartuQdVEYCelMsbkh.jpg","datePublished":"2026-04-10T08:50:33+00:00","dateModified":"2026-05-03T13:00:08+00:00","breadcrumb":{"@id":"https:\/\/www.avf-motors.com\/shop\/mercedes-benz-c-43-amg-4matic-burmester-toit-ouvrant-panoramique-camera-360\/#breadcrumb"},"inLanguage":"en-GB","potentialAction":[{"@type":"ReadAction","target":["https:\/\/www.avf-motors.com\/shop\/mercedes-benz-c-43-amg-4matic-burmester-toit-ouvrant-panoramique-camera-360\/"]}]},{"@type":"ImageObject","inLanguage":"en-GB","@id":"https:\/\/www.avf-motors.com\/shop\/mercedes-benz-c-43-amg-4matic-burmester-toit-ouvrant-panoramique-camera-360\/#primaryimage","url":"https:\/\/www.avf-motors.com\/wp-content\/uploads\/2026\/04\/123138-mUJartuQdVEYCelMsbkh.jpg","contentUrl":"https:\/\/www.avf-motors.com\/wp-content\/uploads\/2026\/04\/123138-mUJartuQdVEYCelMsbkh.jpg","width":800,"height":600},{"@type":"BreadcrumbList","@id":"https:\/\/www.avf-motors.com\/shop\/mercedes-benz-c-43-amg-4matic-burmester-toit-ouvrant-panoramique-camera-360\/#breadcrumb","itemListElement":[{"@type":"ListItem","position":1,"name":"Accueil","item":"https:\/\/www.avf-motors.com\/en\/"},{"@type":"ListItem","position":2,"name":"Nos voitures","item":"https:\/\/www.avf-motors.com\/en\/nos-voitures\/"},{"@type":"ListItem","position":3,"name":"Mercedes-Benz C 43 AMG 4MATIC &#8211; Burmester &#8211; Toit ouvrant panoramique &#8211; Cam\u00e9ra 360\u00b0"}]},{"@type":"WebSite","@id":"https:\/\/www.avf-motors.com\/en\/#website","url":"https:\/\/www.avf-motors.com\/en\/","name":"AVF Motors","description":"","publisher":{"@id":"https:\/\/www.avf-motors.com\/en\/#organization"},"potentialAction":[{"@type":"SearchAction","target":{"@type":"EntryPoint","urlTemplate":"https:\/\/www.avf-motors.com\/en\/?s={search_term_string}"},"query-input":{"@type":"PropertyValueSpecification","valueRequired":true,"valueName":"search_term_string"}}],"inLanguage":"en-GB"},{"@type":"Organization","@id":"https:\/\/www.avf-motors.com\/en\/#organization","name":"AVF Motors","url":"https:\/\/www.avf-motors.com\/en\/","logo":{"@type":"ImageObject","inLanguage":"en-GB","@id":"https:\/\/www.avf-motors.com\/en\/#\/schema\/logo\/image\/","url":"https:\/\/www.avf-motors.com\/wp-content\/uploads\/2025\/06\/cropped-cropped-Logo-couleur-baseline-vectoriel-removebg-preview-1-1.png","contentUrl":"https:\/\/www.avf-motors.com\/wp-content\/uploads\/2025\/06\/cropped-cropped-Logo-couleur-baseline-vectoriel-removebg-preview-1-1.png","width":630,"height":330,"caption":"AVF Motors"},"image":{"@id":"https:\/\/www.avf-motors.com\/en\/#\/schema\/logo\/image\/"}}]}},"_links":{"self":[{"href":"https:\/\/www.avf-motors.com\/en\/wp-json\/wp\/v2\/product\/7939","targetHints":{"allow":["GET"]}}],"collection":[{"href":"https:\/\/www.avf-motors.com\/en\/wp-json\/wp\/v2\/product"}],"about":[{"href":"https:\/\/www.avf-motors.com\/en\/wp-json\/wp\/v2\/types\/product"}],"wp:featuredmedia":[{"embeddable":true,"href":"https:\/\/www.avf-motors.com\/en\/wp-json\/wp\/v2\/media\/7940"}],"wp:attachment":[{"href":"https:\/\/www.avf-motors.com\/en\/wp-json\/wp\/v2\/media?parent=7939"}],"wp:term":[{"taxonomy":"product_brand","embeddable":true,"href":"https:\/\/www.avf-motors.com\/en\/wp-json\/wp\/v2\/product_brand?post=7939"},{"taxonomy":"product_cat","embeddable":true,"href":"https:\/\/www.avf-motors.com\/en\/wp-json\/wp\/v2\/product_cat?post=7939"},{"taxonomy":"product_tag","embeddable":true,"href":"https:\/\/www.avf-motors.com\/en\/wp-json\/wp\/v2\/product_tag?post=7939"}],"curies":[{"name":"wp","href":"https:\/\/api.w.org\/{rel}","templated":true}]}}