{"id":7866,"date":"2026-04-01T19:02:44","date_gmt":"2026-04-01T17:02:44","guid":{"rendered":"https:\/\/www.avf-motors.com\/shop\/ferrari-812-gts-full-carbon-passenger-display\/"},"modified":"2026-05-03T15:00:19","modified_gmt":"2026-05-03T13:00:19","slug":"ferrari-812-gts-full-carbon-passenger-display","status":"publish","type":"product","link":"https:\/\/www.avf-motors.com\/en\/shop\/ferrari-812-gts-full-carbon-passenger-display\/","title":{"rendered":"Ferrari 812 GTS FULL CARBON &#8211; Passenger DISPLAY"},"content":{"rendered":"<p>Disponible imm\u00e9diatement! Available Now !<\/p>\n<ul>\n<li>Matt paint Grigio Silverstone<\/li>\n<li>Special features<\/li>\n<li>Cerchi 20&Prime; FORG. Racing Diamond<\/li>\n<li>Yellow brake calipers<\/li>\n<li>Front bumper insert carbon fiber<\/li>\n<li>Carbon fiber front spoiler<\/li>\n<li>Rear bumper sides in carbon fiber<\/li>\n<li>Carbon fiber underdoor cover<\/li>\n<li>Rear diffuser in cabron fibre<\/li>\n<li>Adaptative front lights+ Static bending light<\/li>\n<li>Suspension lifter<\/li>\n<li>Black ceramic exhaust pipes<\/li>\n<li>Scuderia Ferrari shields<\/li>\n<li>Surround view<\/li>\n<li>Coloured standard stitching<\/li>\n<li>Black ring on dashboard vents<\/li>\n<li>Diamond pattern style seats<\/li>\n<li>Full electric seats<\/li>\n<li>Horse stitched on headrest<\/li>\n<li>Coloured mats with logo<\/li>\n<li>Leather boot carpets charcoal<\/li>\n<li>Coloured steering wheel<\/li>\n<li>Leather central tunnel<\/li>\n<li>Upper part in coloured leather<\/li>\n<li>Leather door panel upon request<\/li>\n<li>High Power HIFI system<\/li>\n<li>Apple CarPlay<\/li>\n<li>Passenger display<\/li>\n<li>Carbon fiber dashboard insert<\/li>\n<li>Carbon fiber central bridge<\/li>\n<li>Carbon fiber upper tunnel trim<\/li>\n<li>Exterior sill kick in carbon<\/li>\n<li>Carbon fiber inner door handle<\/li>\n<li>Carbon fiber driver zone + leds<\/li>\n<li>Special leather orange<\/li>\n<li>Leather rear shelf ludp color<\/li>\n<\/ul>","protected":false},"excerpt":{"rendered":"<p>Symbole d&rsquo;\u00e9l\u00e9gance et de puissance, la 812 GTS allie la fougue du V12 atmosph\u00e9rique Ferrari \u00e0 ciel ouvert \u00e0 une configuration unique Full Carbone, sublimant chaque d\u00e9tail d&rsquo;un caract\u00e8re r\u00e9solument sportif.<\/p>\n<p>V12 6.5L atmosph\u00e9rique \u2013 800 ch \u2013 Propulsion arri\u00e8re \u2013 Bo\u00eete F1 DCT 7 rapports<br \/>0 \u00e0 100 km\/h en 3,0 s<br \/>Configuration exclusive :<br \/>&#8211; Pack Full Carbone int\u00e9rieur &#038; ext\u00e9rieur<br \/>&#8211; Jantes forg\u00e9es sport avec freins carbone-c\u00e9ramique<br \/>&#8211; Sellerie haut de gamme avec surpiq\u00fbres contrast\u00e9es<br \/>&#8211; \u00c9quipements premium pour un confort et une performance absolus<\/p>\n<p>Une \u0153uvre d&rsquo;ing\u00e9nierie et de design, con\u00e7ue pour offrir \u00e0 la fois la volupt\u00e9 du grand tourisme et l&rsquo;adr\u00e9naline de la supercar la plus noble : le dernier cabriolet V12 Ferrari atmosph\u00e9rique.<\/p>","protected":false},"featured_media":7750,"template":"","meta":{"_acf_changed":false,"content-type":"","ocean_post_layout":"","ocean_both_sidebars_style":"","ocean_both_sidebars_content_width":0,"ocean_both_sidebars_sidebars_width":0,"ocean_sidebar":"","ocean_second_sidebar":"","ocean_disable_margins":"enable","ocean_add_body_class":"","ocean_shortcode_before_top_bar":"","ocean_shortcode_after_top_bar":"","ocean_shortcode_before_header":"","ocean_shortcode_after_header":"","ocean_has_shortcode":"","ocean_shortcode_after_title":"","ocean_shortcode_before_footer_widgets":"","ocean_shortcode_after_footer_widgets":"","ocean_shortcode_before_footer_bottom":"","ocean_shortcode_after_footer_bottom":"","ocean_display_top_bar":"default","ocean_display_header":"default","ocean_header_style":"","ocean_center_header_left_menu":"","ocean_custom_header_template":"","ocean_custom_logo":0,"ocean_custom_retina_logo":0,"ocean_custom_logo_max_width":0,"ocean_custom_logo_tablet_max_width":0,"ocean_custom_logo_mobile_max_width":0,"ocean_custom_logo_max_height":0,"ocean_custom_logo_tablet_max_height":0,"ocean_custom_logo_mobile_max_height":0,"ocean_header_custom_menu":"","ocean_menu_typo_font_family":"","ocean_menu_typo_font_subset":"","ocean_menu_typo_font_size":0,"ocean_menu_typo_font_size_tablet":0,"ocean_menu_typo_font_size_mobile":0,"ocean_menu_typo_font_size_unit":"px","ocean_menu_typo_font_weight":"","ocean_menu_typo_font_weight_tablet":"","ocean_menu_typo_font_weight_mobile":"","ocean_menu_typo_transform":"","ocean_menu_typo_transform_tablet":"","ocean_menu_typo_transform_mobile":"","ocean_menu_typo_line_height":0,"ocean_menu_typo_line_height_tablet":0,"ocean_menu_typo_line_height_mobile":0,"ocean_menu_typo_line_height_unit":"","ocean_menu_typo_spacing":0,"ocean_menu_typo_spacing_tablet":0,"ocean_menu_typo_spacing_mobile":0,"ocean_menu_typo_spacing_unit":"","ocean_menu_link_color":"","ocean_menu_link_color_hover":"","ocean_menu_link_color_active":"","ocean_menu_link_background":"","ocean_menu_link_hover_background":"","ocean_menu_link_active_background":"","ocean_menu_social_links_bg":"","ocean_menu_social_hover_links_bg":"","ocean_menu_social_links_color":"","ocean_menu_social_hover_links_color":"","ocean_disable_title":"default","ocean_disable_heading":"default","ocean_post_title":"","ocean_post_subheading":"","ocean_post_title_style":"","ocean_post_title_background_color":"","ocean_post_title_background":0,"ocean_post_title_bg_image_position":"","ocean_post_title_bg_image_attachment":"","ocean_post_title_bg_image_repeat":"","ocean_post_title_bg_image_size":"","ocean_post_title_height":0,"ocean_post_title_bg_overlay":0.5,"ocean_post_title_bg_overlay_color":"","ocean_disable_breadcrumbs":"default","ocean_breadcrumbs_color":"","ocean_breadcrumbs_separator_color":"","ocean_breadcrumbs_links_color":"","ocean_breadcrumbs_links_hover_color":"","ocean_display_footer_widgets":"default","ocean_display_footer_bottom":"default","ocean_custom_footer_template":""},"product_brand":[],"product_cat":[19],"product_tag":[],"class_list":{"0":"post-7866","1":"product","2":"type-product","3":"status-publish","4":"has-post-thumbnail","6":"product_cat-non-classe","7":"entry","8":"has-media","10":"first","11":"instock","12":"shipping-taxable","13":"purchasable","14":"product-type-simple"},"acf":[],"yoast_head":"<!-- This site is optimized with the Yoast SEO plugin v27.3 - https:\/\/yoast.com\/product\/yoast-seo-wordpress\/ -->\n<title>Ferrari 812 GTS FULL CARBON - Passenger DISPLAY - AVF Motors<\/title>\n<meta name=\"robots\" content=\"index, follow, max-snippet:-1, max-image-preview:large, max-video-preview:-1\" \/>\n<link rel=\"canonical\" href=\"https:\/\/www.avf-motors.com\/en\/shop\/ferrari-812-gts-full-carbon-passenger-display\/\" \/>\n<meta property=\"og:locale\" content=\"en_GB\" \/>\n<meta property=\"og:type\" content=\"article\" \/>\n<meta property=\"og:title\" content=\"Ferrari 812 GTS FULL CARBON - Passenger DISPLAY - AVF Motors\" \/>\n<meta property=\"og:description\" content=\"Symbole d&#039;\u00e9l\u00e9gance et de puissance, la 812 GTS allie la fougue du V12 atmosph\u00e9rique Ferrari \u00e0 ciel ouvert \u00e0 une configuration unique Full Carbone, sublimant chaque d\u00e9tail d&#039;un caract\u00e8re r\u00e9solument sportif.V12 6.5L atmosph\u00e9rique \u2013 800 ch \u2013 Propulsion arri\u00e8re \u2013 Bo\u00eete F1 DCT 7 rapports0 \u00e0 100 km\/h en 3,0 sConfiguration exclusive :- Pack Full Carbone int\u00e9rieur &amp; ext\u00e9rieur- Jantes forg\u00e9es sport avec freins carbone-c\u00e9ramique- Sellerie haut de gamme avec surpiq\u00fbres contrast\u00e9es- \u00c9quipements premium pour un confort et une performance absolusUne \u0153uvre d&#039;ing\u00e9nierie et de design, con\u00e7ue pour offrir \u00e0 la fois la volupt\u00e9 du grand tourisme et l&#039;adr\u00e9naline de la supercar la plus noble : le dernier cabriolet V12 Ferrari atmosph\u00e9rique.\" \/>\n<meta property=\"og:url\" content=\"https:\/\/www.avf-motors.com\/en\/shop\/ferrari-812-gts-full-carbon-passenger-display\/\" \/>\n<meta property=\"og:site_name\" content=\"AVF Motors\" \/>\n<meta property=\"article:modified_time\" content=\"2026-05-03T13:00:19+00:00\" \/>\n<meta property=\"og:image\" content=\"https:\/\/www.avf-motors.com\/wp-content\/uploads\/2026\/04\/100169-xvGHEokwjuPSbrcCZWVg.jpg\" \/>\n\t<meta property=\"og:image:width\" content=\"800\" \/>\n\t<meta property=\"og:image:height\" content=\"600\" \/>\n\t<meta property=\"og:image:type\" content=\"image\/jpeg\" \/>\n<meta name=\"twitter:card\" content=\"summary_large_image\" \/>\n<meta name=\"twitter:label1\" content=\"Estimated reading time\" \/>\n\t<meta name=\"twitter:data1\" content=\"1 minute\" \/>\n<script type=\"application\/ld+json\" class=\"yoast-schema-graph\">{\"@context\":\"https:\\\/\\\/schema.org\",\"@graph\":[{\"@type\":\"WebPage\",\"@id\":\"https:\\\/\\\/www.avf-motors.com\\\/shop\\\/ferrari-812-gts-full-carbon-passenger-display\\\/\",\"url\":\"https:\\\/\\\/www.avf-motors.com\\\/shop\\\/ferrari-812-gts-full-carbon-passenger-display\\\/\",\"name\":\"Ferrari 812 GTS FULL CARBON - Passenger DISPLAY - AVF Motors\",\"isPartOf\":{\"@id\":\"https:\\\/\\\/www.avf-motors.com\\\/en\\\/#website\"},\"primaryImageOfPage\":{\"@id\":\"https:\\\/\\\/www.avf-motors.com\\\/shop\\\/ferrari-812-gts-full-carbon-passenger-display\\\/#primaryimage\"},\"image\":{\"@id\":\"https:\\\/\\\/www.avf-motors.com\\\/shop\\\/ferrari-812-gts-full-carbon-passenger-display\\\/#primaryimage\"},\"thumbnailUrl\":\"https:\\\/\\\/www.avf-motors.com\\\/wp-content\\\/uploads\\\/2026\\\/04\\\/100169-xvGHEokwjuPSbrcCZWVg.jpg\",\"datePublished\":\"2026-04-01T17:02:44+00:00\",\"dateModified\":\"2026-05-03T13:00:19+00:00\",\"breadcrumb\":{\"@id\":\"https:\\\/\\\/www.avf-motors.com\\\/shop\\\/ferrari-812-gts-full-carbon-passenger-display\\\/#breadcrumb\"},\"inLanguage\":\"en-GB\",\"potentialAction\":[{\"@type\":\"ReadAction\",\"target\":[\"https:\\\/\\\/www.avf-motors.com\\\/shop\\\/ferrari-812-gts-full-carbon-passenger-display\\\/\"]}]},{\"@type\":\"ImageObject\",\"inLanguage\":\"en-GB\",\"@id\":\"https:\\\/\\\/www.avf-motors.com\\\/shop\\\/ferrari-812-gts-full-carbon-passenger-display\\\/#primaryimage\",\"url\":\"https:\\\/\\\/www.avf-motors.com\\\/wp-content\\\/uploads\\\/2026\\\/04\\\/100169-xvGHEokwjuPSbrcCZWVg.jpg\",\"contentUrl\":\"https:\\\/\\\/www.avf-motors.com\\\/wp-content\\\/uploads\\\/2026\\\/04\\\/100169-xvGHEokwjuPSbrcCZWVg.jpg\",\"width\":800,\"height\":600},{\"@type\":\"BreadcrumbList\",\"@id\":\"https:\\\/\\\/www.avf-motors.com\\\/shop\\\/ferrari-812-gts-full-carbon-passenger-display\\\/#breadcrumb\",\"itemListElement\":[{\"@type\":\"ListItem\",\"position\":1,\"name\":\"Accueil\",\"item\":\"https:\\\/\\\/www.avf-motors.com\\\/en\\\/\"},{\"@type\":\"ListItem\",\"position\":2,\"name\":\"Nos voitures\",\"item\":\"https:\\\/\\\/www.avf-motors.com\\\/en\\\/nos-voitures\\\/\"},{\"@type\":\"ListItem\",\"position\":3,\"name\":\"Ferrari 812 GTS FULL CARBON &#8211; Passenger DISPLAY\"}]},{\"@type\":\"WebSite\",\"@id\":\"https:\\\/\\\/www.avf-motors.com\\\/en\\\/#website\",\"url\":\"https:\\\/\\\/www.avf-motors.com\\\/en\\\/\",\"name\":\"AVF Motors\",\"description\":\"\",\"publisher\":{\"@id\":\"https:\\\/\\\/www.avf-motors.com\\\/en\\\/#organization\"},\"potentialAction\":[{\"@type\":\"SearchAction\",\"target\":{\"@type\":\"EntryPoint\",\"urlTemplate\":\"https:\\\/\\\/www.avf-motors.com\\\/en\\\/?s={search_term_string}\"},\"query-input\":{\"@type\":\"PropertyValueSpecification\",\"valueRequired\":true,\"valueName\":\"search_term_string\"}}],\"inLanguage\":\"en-GB\"},{\"@type\":\"Organization\",\"@id\":\"https:\\\/\\\/www.avf-motors.com\\\/en\\\/#organization\",\"name\":\"AVF Motors\",\"url\":\"https:\\\/\\\/www.avf-motors.com\\\/en\\\/\",\"logo\":{\"@type\":\"ImageObject\",\"inLanguage\":\"en-GB\",\"@id\":\"https:\\\/\\\/www.avf-motors.com\\\/en\\\/#\\\/schema\\\/logo\\\/image\\\/\",\"url\":\"https:\\\/\\\/www.avf-motors.com\\\/wp-content\\\/uploads\\\/2025\\\/06\\\/cropped-cropped-Logo-couleur-baseline-vectoriel-removebg-preview-1-1.png\",\"contentUrl\":\"https:\\\/\\\/www.avf-motors.com\\\/wp-content\\\/uploads\\\/2025\\\/06\\\/cropped-cropped-Logo-couleur-baseline-vectoriel-removebg-preview-1-1.png\",\"width\":630,\"height\":330,\"caption\":\"AVF Motors\"},\"image\":{\"@id\":\"https:\\\/\\\/www.avf-motors.com\\\/en\\\/#\\\/schema\\\/logo\\\/image\\\/\"}}]}<\/script>\n<!-- \/ Yoast SEO plugin. -->","yoast_head_json":{"title":"Ferrari 812 GTS FULL CARBON - Passenger DISPLAY - AVF Motors","robots":{"index":"index","follow":"follow","max-snippet":"max-snippet:-1","max-image-preview":"max-image-preview:large","max-video-preview":"max-video-preview:-1"},"canonical":"https:\/\/www.avf-motors.com\/en\/shop\/ferrari-812-gts-full-carbon-passenger-display\/","og_locale":"en_GB","og_type":"article","og_title":"Ferrari 812 GTS FULL CARBON - Passenger DISPLAY - AVF Motors","og_description":"Symbole d'\u00e9l\u00e9gance et de puissance, la 812 GTS allie la fougue du V12 atmosph\u00e9rique Ferrari \u00e0 ciel ouvert \u00e0 une configuration unique Full Carbone, sublimant chaque d\u00e9tail d'un caract\u00e8re r\u00e9solument sportif.V12 6.5L atmosph\u00e9rique \u2013 800 ch \u2013 Propulsion arri\u00e8re \u2013 Bo\u00eete F1 DCT 7 rapports0 \u00e0 100 km\/h en 3,0 sConfiguration exclusive :- Pack Full Carbone int\u00e9rieur & ext\u00e9rieur- Jantes forg\u00e9es sport avec freins carbone-c\u00e9ramique- Sellerie haut de gamme avec surpiq\u00fbres contrast\u00e9es- \u00c9quipements premium pour un confort et une performance absolusUne \u0153uvre d'ing\u00e9nierie et de design, con\u00e7ue pour offrir \u00e0 la fois la volupt\u00e9 du grand tourisme et l'adr\u00e9naline de la supercar la plus noble : le dernier cabriolet V12 Ferrari atmosph\u00e9rique.","og_url":"https:\/\/www.avf-motors.com\/en\/shop\/ferrari-812-gts-full-carbon-passenger-display\/","og_site_name":"AVF Motors","article_modified_time":"2026-05-03T13:00:19+00:00","og_image":[{"width":800,"height":600,"url":"https:\/\/www.avf-motors.com\/wp-content\/uploads\/2026\/04\/100169-xvGHEokwjuPSbrcCZWVg.jpg","type":"image\/jpeg"}],"twitter_card":"summary_large_image","twitter_misc":{"Estimated reading time":"1 minute"},"schema":{"@context":"https:\/\/schema.org","@graph":[{"@type":"WebPage","@id":"https:\/\/www.avf-motors.com\/shop\/ferrari-812-gts-full-carbon-passenger-display\/","url":"https:\/\/www.avf-motors.com\/shop\/ferrari-812-gts-full-carbon-passenger-display\/","name":"Ferrari 812 GTS FULL CARBON - Passenger DISPLAY - AVF Motors","isPartOf":{"@id":"https:\/\/www.avf-motors.com\/en\/#website"},"primaryImageOfPage":{"@id":"https:\/\/www.avf-motors.com\/shop\/ferrari-812-gts-full-carbon-passenger-display\/#primaryimage"},"image":{"@id":"https:\/\/www.avf-motors.com\/shop\/ferrari-812-gts-full-carbon-passenger-display\/#primaryimage"},"thumbnailUrl":"https:\/\/www.avf-motors.com\/wp-content\/uploads\/2026\/04\/100169-xvGHEokwjuPSbrcCZWVg.jpg","datePublished":"2026-04-01T17:02:44+00:00","dateModified":"2026-05-03T13:00:19+00:00","breadcrumb":{"@id":"https:\/\/www.avf-motors.com\/shop\/ferrari-812-gts-full-carbon-passenger-display\/#breadcrumb"},"inLanguage":"en-GB","potentialAction":[{"@type":"ReadAction","target":["https:\/\/www.avf-motors.com\/shop\/ferrari-812-gts-full-carbon-passenger-display\/"]}]},{"@type":"ImageObject","inLanguage":"en-GB","@id":"https:\/\/www.avf-motors.com\/shop\/ferrari-812-gts-full-carbon-passenger-display\/#primaryimage","url":"https:\/\/www.avf-motors.com\/wp-content\/uploads\/2026\/04\/100169-xvGHEokwjuPSbrcCZWVg.jpg","contentUrl":"https:\/\/www.avf-motors.com\/wp-content\/uploads\/2026\/04\/100169-xvGHEokwjuPSbrcCZWVg.jpg","width":800,"height":600},{"@type":"BreadcrumbList","@id":"https:\/\/www.avf-motors.com\/shop\/ferrari-812-gts-full-carbon-passenger-display\/#breadcrumb","itemListElement":[{"@type":"ListItem","position":1,"name":"Accueil","item":"https:\/\/www.avf-motors.com\/en\/"},{"@type":"ListItem","position":2,"name":"Nos voitures","item":"https:\/\/www.avf-motors.com\/en\/nos-voitures\/"},{"@type":"ListItem","position":3,"name":"Ferrari 812 GTS FULL CARBON &#8211; Passenger DISPLAY"}]},{"@type":"WebSite","@id":"https:\/\/www.avf-motors.com\/en\/#website","url":"https:\/\/www.avf-motors.com\/en\/","name":"AVF Motors","description":"","publisher":{"@id":"https:\/\/www.avf-motors.com\/en\/#organization"},"potentialAction":[{"@type":"SearchAction","target":{"@type":"EntryPoint","urlTemplate":"https:\/\/www.avf-motors.com\/en\/?s={search_term_string}"},"query-input":{"@type":"PropertyValueSpecification","valueRequired":true,"valueName":"search_term_string"}}],"inLanguage":"en-GB"},{"@type":"Organization","@id":"https:\/\/www.avf-motors.com\/en\/#organization","name":"AVF Motors","url":"https:\/\/www.avf-motors.com\/en\/","logo":{"@type":"ImageObject","inLanguage":"en-GB","@id":"https:\/\/www.avf-motors.com\/en\/#\/schema\/logo\/image\/","url":"https:\/\/www.avf-motors.com\/wp-content\/uploads\/2025\/06\/cropped-cropped-Logo-couleur-baseline-vectoriel-removebg-preview-1-1.png","contentUrl":"https:\/\/www.avf-motors.com\/wp-content\/uploads\/2025\/06\/cropped-cropped-Logo-couleur-baseline-vectoriel-removebg-preview-1-1.png","width":630,"height":330,"caption":"AVF Motors"},"image":{"@id":"https:\/\/www.avf-motors.com\/en\/#\/schema\/logo\/image\/"}}]}},"_links":{"self":[{"href":"https:\/\/www.avf-motors.com\/en\/wp-json\/wp\/v2\/product\/7866","targetHints":{"allow":["GET"]}}],"collection":[{"href":"https:\/\/www.avf-motors.com\/en\/wp-json\/wp\/v2\/product"}],"about":[{"href":"https:\/\/www.avf-motors.com\/en\/wp-json\/wp\/v2\/types\/product"}],"wp:featuredmedia":[{"embeddable":true,"href":"https:\/\/www.avf-motors.com\/en\/wp-json\/wp\/v2\/media\/7750"}],"wp:attachment":[{"href":"https:\/\/www.avf-motors.com\/en\/wp-json\/wp\/v2\/media?parent=7866"}],"wp:term":[{"taxonomy":"product_brand","embeddable":true,"href":"https:\/\/www.avf-motors.com\/en\/wp-json\/wp\/v2\/product_brand?post=7866"},{"taxonomy":"product_cat","embeddable":true,"href":"https:\/\/www.avf-motors.com\/en\/wp-json\/wp\/v2\/product_cat?post=7866"},{"taxonomy":"product_tag","embeddable":true,"href":"https:\/\/www.avf-motors.com\/en\/wp-json\/wp\/v2\/product_tag?post=7866"}],"curies":[{"name":"wp","href":"https:\/\/api.w.org\/{rel}","templated":true}]}}