{"id":7864,"date":"2026-04-01T19:02:43","date_gmt":"2026-04-01T17:02:43","guid":{"rendered":"https:\/\/www.avf-motors.com\/shop\/porsche-macan-turbo\/"},"modified":"2026-05-03T15:00:17","modified_gmt":"2026-05-03T13:00:17","slug":"porsche-macan-turbo","status":"publish","type":"product","link":"https:\/\/www.avf-motors.com\/en\/shop\/porsche-macan-turbo\/","title":{"rendered":"Porsche Macan Turbo"},"content":{"rendered":"<p>Disponible imm\u00e9diatement ! Available Now !<\/p>\n<ul>\n<li>0TD Tapis de sol<\/li>\n<li>1BK Suspension pneumatique \u00e0 hauteur variable avec r\u00e9gulation de la hauteur de caisse et de l&rsquo;assiette incluant PASM<\/li>\n<li>1G8 Kit Anticrevaison<\/li>\n<li>1N3 Servotronic Plus<\/li>\n<li>1Y1 Porsche Torque Vectoring Plus (PTV Plus)<\/li>\n<li>2D2 Pack SportDesign sans jupes lat\u00e9rales<\/li>\n<li>2PJ Volant Sport GT en cuir avec chauffage du volant<\/li>\n<li>2V4 Ionisateur<\/li>\n<li>3FU Toit ouvrant panoramique<\/li>\n<li>3S5 Rampes de pavillon peintes en Noir (finition brillante)<\/li>\n<li>47Q Jantes RS Spyder Design 21 pouces<\/li>\n<li>4A3 Si\u00e8ges chauffants \u00e0 l&rsquo;avant<\/li>\n<li>4D3 Ventilation des si\u00e8ges avant<\/li>\n<li>4GR Pare-brise chauffant<\/li>\n<li>4L6 R\u00e9troviseurs ext\u00e9rieurs et int\u00e9rieur avec fonction anti-\u00e9blouissement automatique<\/li>\n<li>4X4 Airbags lat\u00e9raux \u00e0 l&rsquo;arri\u00e8re<\/li>\n<li>5ZF Ecusson Porsche sur appuie-t\u00eate avant et arri\u00e8re<\/li>\n<li>7Y7 Assistance angles morts<\/li>\n<li>8A4 Assistance parking avant et arri\u00e8re avec cam\u00e9ra de recul et vue 360\u00b0<\/li>\n<li>8JU Phares \u00e0 LED teint\u00e9s avec fonction Porsche Dynamic Light System Plus (PDLS+)<\/li>\n<li>8LH Pack Sport Chrono<\/li>\n<li>8T3 R\u00e9gulateur de vitesse adaptatif<\/li>\n<li>9JB Pack fumeur<\/li>\n<li>9MB Pack confort luminosit\u00e9<\/li>\n<li>9WT Apple CarPlay<\/li>\n<li>9ZC Compartiment de rangement pour smartphone avec fonction de recharge \u00e0 induction<\/li>\n<li>QJ4 Contour des vitres lat\u00e9rales en Noir (finition brillante)<\/li>\n<li>QR9 Affichage des limitations de vitesse<\/li>\n<li>UD1 Projecteurs de porte \u00e0 LED avec signature &lsquo;PORSCHE&rsquo;<\/li>\n<li>VC1 HomeLink<\/li>\n<li>VF Pack int\u00e9rieur cuir Noir avec si\u00e8ges en cuir partiel<\/li>\n<li>VT2 Baguettes de seuil de porte en aluminium bross\u00e9, illumin\u00e9es<\/li>\n<li>VW1 Vitrage arri\u00e8re fum\u00e9<\/li>\n<\/ul>","protected":false},"excerpt":{"rendered":"<p>Disponible imm\u00e9diatement ! Available Now !<\/p>\n<ul>\n<li>0TD Tapis de sol<\/li>\n<li>1BK Suspension pneumatique \u00e0 hauteur variable avec r\u00e9gulation de la hauteur de caisse et de l&rsquo;assiette incluant PASM<\/li>\n<li>1G8 Kit Anticrevaison<\/li>\n<li>1N3 Servotronic Plus<\/li>\n<li>1Y1 Porsche Torque Vectoring Plus (PTV Plus)<\/li>\n<li>2D2 Pack SportDesign sans jupes lat\u00e9rales<\/li>\n<li>2PJ Volant Sport GT en cuir avec chauffage du volant<\/li>\n<li>2V4 Ionisateur<\/li>\n<li>3FU Toit ouvrant panoramique<\/li>\n<li>3S5 Rampes de pavillon peintes en Noir (finition brillante)<\/li>\n<li>47Q Jantes RS Spyder Design 21 pouces<\/li>\n<li>4A3 Si\u00e8ges chauffants \u00e0 l&rsquo;avant<\/li>\n<li>4D3 Ventilation des si\u00e8ges avant<\/li>\n<li>4GR Pare-brise chauffant<\/li>\n<li>4L6 R\u00e9troviseurs ext\u00e9rieurs et int\u00e9rieur avec fonction anti-\u00e9blouissement automatique<\/li>\n<li>4X4 Airbags lat\u00e9raux \u00e0 l&rsquo;arri\u00e8re<\/li>\n<li>5ZF Ecusson Porsche sur appuie-t\u00eate avant et arri\u00e8re<\/li>\n<li>7Y7 Assistance angles morts<\/li>\n<li>8A4 Assistance parking avant et arri\u00e8re avec cam\u00e9ra de recul et vue 360\u00b0<\/li>\n<li>8JU Phares \u00e0 LED teint\u00e9s avec fonction Porsche Dynamic Light System Plus (PDLS+)<\/li>\n<li>8LH Pack Sport Chrono<\/li>\n<li>8T3 R\u00e9gulateur de vitesse adaptatif<\/li>\n<li>9JB Pack fumeur<\/li>\n<li>9MB Pack confort luminosit\u00e9<\/li>\n<li>9WT Apple CarPlay<\/li>\n<li>9ZC Compartiment de rangement pour smartphone avec fonction de recharge \u00e0 induction<\/li>\n<li>QJ4 Contour des vitres lat\u00e9rales en Noir (finition brillante)<\/li>\n<li>QR9 Affichage des limitations de vitesse<\/li>\n<li>UD1 Projecteurs de porte \u00e0 LED avec signature &lsquo;PORSCHE&rsquo;<\/li>\n<li>VC1 HomeLink<\/li>\n<li>VF Pack int\u00e9rieur cuir Noir avec si\u00e8ges en cuir partiel<\/li>\n<li>VT2 Baguettes de seuil de porte en aluminium bross\u00e9, illumin\u00e9es<\/li>\n<li>VW1 Vitrage arri\u00e8re fum\u00e9<\/li>\n<\/ul>","protected":false},"featured_media":6951,"template":"","meta":{"_acf_changed":false,"content-type":"","ocean_post_layout":"","ocean_both_sidebars_style":"","ocean_both_sidebars_content_width":0,"ocean_both_sidebars_sidebars_width":0,"ocean_sidebar":"","ocean_second_sidebar":"","ocean_disable_margins":"enable","ocean_add_body_class":"","ocean_shortcode_before_top_bar":"","ocean_shortcode_after_top_bar":"","ocean_shortcode_before_header":"","ocean_shortcode_after_header":"","ocean_has_shortcode":"","ocean_shortcode_after_title":"","ocean_shortcode_before_footer_widgets":"","ocean_shortcode_after_footer_widgets":"","ocean_shortcode_before_footer_bottom":"","ocean_shortcode_after_footer_bottom":"","ocean_display_top_bar":"default","ocean_display_header":"default","ocean_header_style":"","ocean_center_header_left_menu":"","ocean_custom_header_template":"","ocean_custom_logo":0,"ocean_custom_retina_logo":0,"ocean_custom_logo_max_width":0,"ocean_custom_logo_tablet_max_width":0,"ocean_custom_logo_mobile_max_width":0,"ocean_custom_logo_max_height":0,"ocean_custom_logo_tablet_max_height":0,"ocean_custom_logo_mobile_max_height":0,"ocean_header_custom_menu":"","ocean_menu_typo_font_family":"","ocean_menu_typo_font_subset":"","ocean_menu_typo_font_size":0,"ocean_menu_typo_font_size_tablet":0,"ocean_menu_typo_font_size_mobile":0,"ocean_menu_typo_font_size_unit":"px","ocean_menu_typo_font_weight":"","ocean_menu_typo_font_weight_tablet":"","ocean_menu_typo_font_weight_mobile":"","ocean_menu_typo_transform":"","ocean_menu_typo_transform_tablet":"","ocean_menu_typo_transform_mobile":"","ocean_menu_typo_line_height":0,"ocean_menu_typo_line_height_tablet":0,"ocean_menu_typo_line_height_mobile":0,"ocean_menu_typo_line_height_unit":"","ocean_menu_typo_spacing":0,"ocean_menu_typo_spacing_tablet":0,"ocean_menu_typo_spacing_mobile":0,"ocean_menu_typo_spacing_unit":"","ocean_menu_link_color":"","ocean_menu_link_color_hover":"","ocean_menu_link_color_active":"","ocean_menu_link_background":"","ocean_menu_link_hover_background":"","ocean_menu_link_active_background":"","ocean_menu_social_links_bg":"","ocean_menu_social_hover_links_bg":"","ocean_menu_social_links_color":"","ocean_menu_social_hover_links_color":"","ocean_disable_title":"default","ocean_disable_heading":"default","ocean_post_title":"","ocean_post_subheading":"","ocean_post_title_style":"","ocean_post_title_background_color":"","ocean_post_title_background":0,"ocean_post_title_bg_image_position":"","ocean_post_title_bg_image_attachment":"","ocean_post_title_bg_image_repeat":"","ocean_post_title_bg_image_size":"","ocean_post_title_height":0,"ocean_post_title_bg_overlay":0.5,"ocean_post_title_bg_overlay_color":"","ocean_disable_breadcrumbs":"default","ocean_breadcrumbs_color":"","ocean_breadcrumbs_separator_color":"","ocean_breadcrumbs_links_color":"","ocean_breadcrumbs_links_hover_color":"","ocean_display_footer_widgets":"default","ocean_display_footer_bottom":"default","ocean_custom_footer_template":""},"product_brand":[],"product_cat":[19],"product_tag":[],"class_list":{"0":"post-7864","1":"product","2":"type-product","3":"status-publish","4":"has-post-thumbnail","6":"product_cat-non-classe","7":"entry","8":"has-media","10":"first","11":"instock","12":"shipping-taxable","13":"purchasable","14":"product-type-simple"},"acf":[],"yoast_head":"<!-- This site is optimized with the Yoast SEO plugin v27.3 - https:\/\/yoast.com\/product\/yoast-seo-wordpress\/ -->\n<title>Porsche Macan Turbo - AVF Motors<\/title>\n<meta name=\"robots\" content=\"index, follow, max-snippet:-1, max-image-preview:large, max-video-preview:-1\" \/>\n<link rel=\"canonical\" href=\"https:\/\/www.avf-motors.com\/en\/shop\/porsche-macan-turbo\/\" \/>\n<meta property=\"og:locale\" content=\"en_GB\" \/>\n<meta property=\"og:type\" content=\"article\" \/>\n<meta property=\"og:title\" content=\"Porsche Macan Turbo - AVF Motors\" \/>\n<meta property=\"og:description\" content=\"Disponible imm\u00e9diatement ! Available Now !0TD Tapis de sol1BK Suspension pneumatique \u00e0 hauteur variable avec r\u00e9gulation de la hauteur de caisse et de l&#039;assiette incluant PASM1G8 Kit Anticrevaison1N3 Servotronic Plus1Y1 Porsche Torque Vectoring Plus (PTV Plus)2D2 Pack SportDesign sans jupes lat\u00e9rales2PJ Volant Sport GT en cuir avec chauffage du volant2V4 Ionisateur3FU Toit ouvrant panoramique3S5 Rampes de pavillon peintes en Noir (finition brillante)47Q Jantes RS Spyder Design 21 pouces4A3 Si\u00e8ges chauffants \u00e0 l&#039;avant4D3 Ventilation des si\u00e8ges avant4GR Pare-brise chauffant4L6 R\u00e9troviseurs ext\u00e9rieurs et int\u00e9rieur avec fonction anti-\u00e9blouissement automatique4X4 Airbags lat\u00e9raux \u00e0 l&#039;arri\u00e8re5ZF Ecusson Porsche sur appuie-t\u00eate avant et arri\u00e8re7Y7 Assistance angles morts8A4 Assistance parking avant et arri\u00e8re avec cam\u00e9ra de recul et vue 360\u00b08JU Phares \u00e0 LED teint\u00e9s avec fonction Porsche Dynamic Light System Plus (PDLS+)8LH Pack Sport Chrono8T3 R\u00e9gulateur de vitesse adaptatif9JB Pack fumeur9MB Pack confort luminosit\u00e99WT Apple CarPlay9ZC Compartiment de rangement pour smartphone avec fonction de recharge \u00e0 inductionQJ4 Contour des vitres lat\u00e9rales en Noir (finition brillante)QR9 Affichage des limitations de vitesseUD1 Projecteurs de porte \u00e0 LED avec signature &#039;PORSCHE&#039;VC1 HomeLinkVF Pack int\u00e9rieur cuir Noir avec si\u00e8ges en cuir partielVT2 Baguettes de seuil de porte en aluminium bross\u00e9, illumin\u00e9esVW1 Vitrage arri\u00e8re fum\u00e9\" \/>\n<meta property=\"og:url\" content=\"https:\/\/www.avf-motors.com\/en\/shop\/porsche-macan-turbo\/\" \/>\n<meta property=\"og:site_name\" content=\"AVF Motors\" \/>\n<meta property=\"article:modified_time\" content=\"2026-05-03T13:00:17+00:00\" \/>\n<meta property=\"og:image\" content=\"https:\/\/www.avf-motors.com\/wp-content\/uploads\/2025\/12\/105284-kmeZIjMKWBhbXGFfVCoU.jpg\" \/>\n\t<meta property=\"og:image:width\" content=\"800\" \/>\n\t<meta property=\"og:image:height\" content=\"600\" \/>\n\t<meta property=\"og:image:type\" content=\"image\/jpeg\" \/>\n<meta name=\"twitter:card\" content=\"summary_large_image\" \/>\n<meta name=\"twitter:label1\" content=\"Estimated reading time\" \/>\n\t<meta name=\"twitter:data1\" content=\"1 minute\" \/>\n<script type=\"application\/ld+json\" class=\"yoast-schema-graph\">{\"@context\":\"https:\\\/\\\/schema.org\",\"@graph\":[{\"@type\":\"WebPage\",\"@id\":\"https:\\\/\\\/www.avf-motors.com\\\/en\\\/shop\\\/porsche-macan-turbo\\\/\",\"url\":\"https:\\\/\\\/www.avf-motors.com\\\/en\\\/shop\\\/porsche-macan-turbo\\\/\",\"name\":\"Porsche Macan Turbo - AVF Motors\",\"isPartOf\":{\"@id\":\"https:\\\/\\\/www.avf-motors.com\\\/en\\\/#website\"},\"primaryImageOfPage\":{\"@id\":\"https:\\\/\\\/www.avf-motors.com\\\/en\\\/shop\\\/porsche-macan-turbo\\\/#primaryimage\"},\"image\":{\"@id\":\"https:\\\/\\\/www.avf-motors.com\\\/en\\\/shop\\\/porsche-macan-turbo\\\/#primaryimage\"},\"thumbnailUrl\":\"https:\\\/\\\/www.avf-motors.com\\\/wp-content\\\/uploads\\\/2025\\\/12\\\/105284-kmeZIjMKWBhbXGFfVCoU.jpg\",\"datePublished\":\"2026-04-01T17:02:43+00:00\",\"dateModified\":\"2026-05-03T13:00:17+00:00\",\"breadcrumb\":{\"@id\":\"https:\\\/\\\/www.avf-motors.com\\\/en\\\/shop\\\/porsche-macan-turbo\\\/#breadcrumb\"},\"inLanguage\":\"en-GB\",\"potentialAction\":[{\"@type\":\"ReadAction\",\"target\":[\"https:\\\/\\\/www.avf-motors.com\\\/en\\\/shop\\\/porsche-macan-turbo\\\/\"]}]},{\"@type\":\"ImageObject\",\"inLanguage\":\"en-GB\",\"@id\":\"https:\\\/\\\/www.avf-motors.com\\\/en\\\/shop\\\/porsche-macan-turbo\\\/#primaryimage\",\"url\":\"https:\\\/\\\/www.avf-motors.com\\\/wp-content\\\/uploads\\\/2025\\\/12\\\/105284-kmeZIjMKWBhbXGFfVCoU.jpg\",\"contentUrl\":\"https:\\\/\\\/www.avf-motors.com\\\/wp-content\\\/uploads\\\/2025\\\/12\\\/105284-kmeZIjMKWBhbXGFfVCoU.jpg\",\"width\":800,\"height\":600},{\"@type\":\"BreadcrumbList\",\"@id\":\"https:\\\/\\\/www.avf-motors.com\\\/en\\\/shop\\\/porsche-macan-turbo\\\/#breadcrumb\",\"itemListElement\":[{\"@type\":\"ListItem\",\"position\":1,\"name\":\"Accueil\",\"item\":\"https:\\\/\\\/www.avf-motors.com\\\/en\\\/\"},{\"@type\":\"ListItem\",\"position\":2,\"name\":\"Nos voitures\",\"item\":\"https:\\\/\\\/www.avf-motors.com\\\/en\\\/nos-voitures\\\/\"},{\"@type\":\"ListItem\",\"position\":3,\"name\":\"Porsche Macan Turbo\"}]},{\"@type\":\"WebSite\",\"@id\":\"https:\\\/\\\/www.avf-motors.com\\\/en\\\/#website\",\"url\":\"https:\\\/\\\/www.avf-motors.com\\\/en\\\/\",\"name\":\"AVF Motors\",\"description\":\"\",\"publisher\":{\"@id\":\"https:\\\/\\\/www.avf-motors.com\\\/en\\\/#organization\"},\"potentialAction\":[{\"@type\":\"SearchAction\",\"target\":{\"@type\":\"EntryPoint\",\"urlTemplate\":\"https:\\\/\\\/www.avf-motors.com\\\/en\\\/?s={search_term_string}\"},\"query-input\":{\"@type\":\"PropertyValueSpecification\",\"valueRequired\":true,\"valueName\":\"search_term_string\"}}],\"inLanguage\":\"en-GB\"},{\"@type\":\"Organization\",\"@id\":\"https:\\\/\\\/www.avf-motors.com\\\/en\\\/#organization\",\"name\":\"AVF Motors\",\"url\":\"https:\\\/\\\/www.avf-motors.com\\\/en\\\/\",\"logo\":{\"@type\":\"ImageObject\",\"inLanguage\":\"en-GB\",\"@id\":\"https:\\\/\\\/www.avf-motors.com\\\/en\\\/#\\\/schema\\\/logo\\\/image\\\/\",\"url\":\"https:\\\/\\\/www.avf-motors.com\\\/wp-content\\\/uploads\\\/2025\\\/06\\\/cropped-cropped-Logo-couleur-baseline-vectoriel-removebg-preview-1-1.png\",\"contentUrl\":\"https:\\\/\\\/www.avf-motors.com\\\/wp-content\\\/uploads\\\/2025\\\/06\\\/cropped-cropped-Logo-couleur-baseline-vectoriel-removebg-preview-1-1.png\",\"width\":630,\"height\":330,\"caption\":\"AVF Motors\"},\"image\":{\"@id\":\"https:\\\/\\\/www.avf-motors.com\\\/en\\\/#\\\/schema\\\/logo\\\/image\\\/\"}}]}<\/script>\n<!-- \/ Yoast SEO plugin. -->","yoast_head_json":{"title":"Porsche Macan Turbo - AVF Motors","robots":{"index":"index","follow":"follow","max-snippet":"max-snippet:-1","max-image-preview":"max-image-preview:large","max-video-preview":"max-video-preview:-1"},"canonical":"https:\/\/www.avf-motors.com\/en\/shop\/porsche-macan-turbo\/","og_locale":"en_GB","og_type":"article","og_title":"Porsche Macan Turbo - AVF Motors","og_description":"Disponible imm\u00e9diatement ! Available Now !0TD Tapis de sol1BK Suspension pneumatique \u00e0 hauteur variable avec r\u00e9gulation de la hauteur de caisse et de l'assiette incluant PASM1G8 Kit Anticrevaison1N3 Servotronic Plus1Y1 Porsche Torque Vectoring Plus (PTV Plus)2D2 Pack SportDesign sans jupes lat\u00e9rales2PJ Volant Sport GT en cuir avec chauffage du volant2V4 Ionisateur3FU Toit ouvrant panoramique3S5 Rampes de pavillon peintes en Noir (finition brillante)47Q Jantes RS Spyder Design 21 pouces4A3 Si\u00e8ges chauffants \u00e0 l'avant4D3 Ventilation des si\u00e8ges avant4GR Pare-brise chauffant4L6 R\u00e9troviseurs ext\u00e9rieurs et int\u00e9rieur avec fonction anti-\u00e9blouissement automatique4X4 Airbags lat\u00e9raux \u00e0 l'arri\u00e8re5ZF Ecusson Porsche sur appuie-t\u00eate avant et arri\u00e8re7Y7 Assistance angles morts8A4 Assistance parking avant et arri\u00e8re avec cam\u00e9ra de recul et vue 360\u00b08JU Phares \u00e0 LED teint\u00e9s avec fonction Porsche Dynamic Light System Plus (PDLS+)8LH Pack Sport Chrono8T3 R\u00e9gulateur de vitesse adaptatif9JB Pack fumeur9MB Pack confort luminosit\u00e99WT Apple CarPlay9ZC Compartiment de rangement pour smartphone avec fonction de recharge \u00e0 inductionQJ4 Contour des vitres lat\u00e9rales en Noir (finition brillante)QR9 Affichage des limitations de vitesseUD1 Projecteurs de porte \u00e0 LED avec signature 'PORSCHE'VC1 HomeLinkVF Pack int\u00e9rieur cuir Noir avec si\u00e8ges en cuir partielVT2 Baguettes de seuil de porte en aluminium bross\u00e9, illumin\u00e9esVW1 Vitrage arri\u00e8re fum\u00e9","og_url":"https:\/\/www.avf-motors.com\/en\/shop\/porsche-macan-turbo\/","og_site_name":"AVF Motors","article_modified_time":"2026-05-03T13:00:17+00:00","og_image":[{"width":800,"height":600,"url":"https:\/\/www.avf-motors.com\/wp-content\/uploads\/2025\/12\/105284-kmeZIjMKWBhbXGFfVCoU.jpg","type":"image\/jpeg"}],"twitter_card":"summary_large_image","twitter_misc":{"Estimated reading time":"1 minute"},"schema":{"@context":"https:\/\/schema.org","@graph":[{"@type":"WebPage","@id":"https:\/\/www.avf-motors.com\/en\/shop\/porsche-macan-turbo\/","url":"https:\/\/www.avf-motors.com\/en\/shop\/porsche-macan-turbo\/","name":"Porsche Macan Turbo - AVF Motors","isPartOf":{"@id":"https:\/\/www.avf-motors.com\/en\/#website"},"primaryImageOfPage":{"@id":"https:\/\/www.avf-motors.com\/en\/shop\/porsche-macan-turbo\/#primaryimage"},"image":{"@id":"https:\/\/www.avf-motors.com\/en\/shop\/porsche-macan-turbo\/#primaryimage"},"thumbnailUrl":"https:\/\/www.avf-motors.com\/wp-content\/uploads\/2025\/12\/105284-kmeZIjMKWBhbXGFfVCoU.jpg","datePublished":"2026-04-01T17:02:43+00:00","dateModified":"2026-05-03T13:00:17+00:00","breadcrumb":{"@id":"https:\/\/www.avf-motors.com\/en\/shop\/porsche-macan-turbo\/#breadcrumb"},"inLanguage":"en-GB","potentialAction":[{"@type":"ReadAction","target":["https:\/\/www.avf-motors.com\/en\/shop\/porsche-macan-turbo\/"]}]},{"@type":"ImageObject","inLanguage":"en-GB","@id":"https:\/\/www.avf-motors.com\/en\/shop\/porsche-macan-turbo\/#primaryimage","url":"https:\/\/www.avf-motors.com\/wp-content\/uploads\/2025\/12\/105284-kmeZIjMKWBhbXGFfVCoU.jpg","contentUrl":"https:\/\/www.avf-motors.com\/wp-content\/uploads\/2025\/12\/105284-kmeZIjMKWBhbXGFfVCoU.jpg","width":800,"height":600},{"@type":"BreadcrumbList","@id":"https:\/\/www.avf-motors.com\/en\/shop\/porsche-macan-turbo\/#breadcrumb","itemListElement":[{"@type":"ListItem","position":1,"name":"Accueil","item":"https:\/\/www.avf-motors.com\/en\/"},{"@type":"ListItem","position":2,"name":"Nos voitures","item":"https:\/\/www.avf-motors.com\/en\/nos-voitures\/"},{"@type":"ListItem","position":3,"name":"Porsche Macan Turbo"}]},{"@type":"WebSite","@id":"https:\/\/www.avf-motors.com\/en\/#website","url":"https:\/\/www.avf-motors.com\/en\/","name":"AVF Motors","description":"","publisher":{"@id":"https:\/\/www.avf-motors.com\/en\/#organization"},"potentialAction":[{"@type":"SearchAction","target":{"@type":"EntryPoint","urlTemplate":"https:\/\/www.avf-motors.com\/en\/?s={search_term_string}"},"query-input":{"@type":"PropertyValueSpecification","valueRequired":true,"valueName":"search_term_string"}}],"inLanguage":"en-GB"},{"@type":"Organization","@id":"https:\/\/www.avf-motors.com\/en\/#organization","name":"AVF Motors","url":"https:\/\/www.avf-motors.com\/en\/","logo":{"@type":"ImageObject","inLanguage":"en-GB","@id":"https:\/\/www.avf-motors.com\/en\/#\/schema\/logo\/image\/","url":"https:\/\/www.avf-motors.com\/wp-content\/uploads\/2025\/06\/cropped-cropped-Logo-couleur-baseline-vectoriel-removebg-preview-1-1.png","contentUrl":"https:\/\/www.avf-motors.com\/wp-content\/uploads\/2025\/06\/cropped-cropped-Logo-couleur-baseline-vectoriel-removebg-preview-1-1.png","width":630,"height":330,"caption":"AVF Motors"},"image":{"@id":"https:\/\/www.avf-motors.com\/en\/#\/schema\/logo\/image\/"}}]}},"_links":{"self":[{"href":"https:\/\/www.avf-motors.com\/en\/wp-json\/wp\/v2\/product\/7864","targetHints":{"allow":["GET"]}}],"collection":[{"href":"https:\/\/www.avf-motors.com\/en\/wp-json\/wp\/v2\/product"}],"about":[{"href":"https:\/\/www.avf-motors.com\/en\/wp-json\/wp\/v2\/types\/product"}],"wp:featuredmedia":[{"embeddable":true,"href":"https:\/\/www.avf-motors.com\/en\/wp-json\/wp\/v2\/media\/6951"}],"wp:attachment":[{"href":"https:\/\/www.avf-motors.com\/en\/wp-json\/wp\/v2\/media?parent=7864"}],"wp:term":[{"taxonomy":"product_brand","embeddable":true,"href":"https:\/\/www.avf-motors.com\/en\/wp-json\/wp\/v2\/product_brand?post=7864"},{"taxonomy":"product_cat","embeddable":true,"href":"https:\/\/www.avf-motors.com\/en\/wp-json\/wp\/v2\/product_cat?post=7864"},{"taxonomy":"product_tag","embeddable":true,"href":"https:\/\/www.avf-motors.com\/en\/wp-json\/wp\/v2\/product_tag?post=7864"}],"curies":[{"name":"wp","href":"https:\/\/api.w.org\/{rel}","templated":true}]}}