{"id":7862,"date":"2026-04-01T19:02:41","date_gmt":"2026-04-01T17:02:41","guid":{"rendered":"https:\/\/www.avf-motors.com\/shop\/mercedes-benz-g-63-amg-1st-owner-no-accident\/"},"modified":"2026-05-03T15:00:16","modified_gmt":"2026-05-03T13:00:16","slug":"mercedes-benz-g-63-amg-1st-owner-no-accident","status":"publish","type":"product","link":"https:\/\/www.avf-motors.com\/en\/shop\/mercedes-benz-g-63-amg-1st-owner-no-accident\/","title":{"rendered":"Mercedes-Benz G 63 AMG 1st owner \/ no accident"},"content":{"rendered":"<p>Syst\u00e8me d&rsquo;alarme<\/p>\n<p>Toutes roues motrices<\/p>\n<p>L&rsquo;\u00e9clairage ambiant<\/p>\n<p>VoitureAndroid<\/p>\n<p>Attelage de remorque pivotant<\/p>\n<p>Apple CarPlay<\/p>\n<p>Accoudoir<\/p>\n<p>Volant chauffant<\/p>\n<p>Colline d&rsquo;aide au d\u00e9marrage<\/p>\n<p>Feu de route sans \u00e9blouissement<\/p>\n<p>Bluetooth<\/p>\n<p>Ordinateur de bord<\/p>\n<p>Lecteur CD<\/p>\n<p>ABS<\/p>\n<p>Avertissement \u00e0 distance<\/p>\n<p>Eclairage de virage adaptatif<\/p>\n<p>Vitres \u00e9lectriques<\/p>\n<p>R\u00e9troviseur \u00e9lectrique<\/p>\n<p>R\u00e9glage \u00e9lectrique du si\u00e8ge<\/p>\n<p>Antid\u00e9marrage \u00e9lectrique<\/p>\n<p>ESP<\/p>\n<p>Assistant de feux de route<\/p>\n<p>Haut-parleur<\/p>\n<p>Garantie<\/p>\n<p>R\u00e9troviseur int\u00e9rieur autom. att\u00e9nuation<\/p>\n<p>Isofix<\/p>\n<p>Volant en cuir<\/p>\n<p>Phares \u00e0 LED<\/p>\n<p>Feux de jour \u00e0 LED<\/p>\n<p>Capteur de lumi\u00e8re<\/p>\n<p>Support lombaire<\/p>\n<p>Si\u00e8ges de massage<\/p>\n<p>Avertissement de fatigue<\/p>\n<p>Volant multifonction<\/p>\n<p>Syst\u00e8me de navigation<\/p>\n<p>Phares antibrouillards<\/p>\n<p>Aide au freinage d&rsquo;urgence<\/p>\n<p>Syst\u00e8me d&rsquo;appel d&rsquo;urgence<\/p>\n<p>Capteur de pluie<\/p>\n<p>Syst\u00e8me de surveillance de la pression<\/p>\n<p>Palettes de commande<\/p>\n<p>Lave-phares<\/p>\n<p>Toit ouvrant<\/p>\n<p>Direction assist\u00e9e<\/p>\n<p>Ventilation du si\u00e8ge<\/p>\n<p>Si\u00e8ges chauffants<\/p>\n<p>Pneus d&rsquo;\u00e9t\u00e9<\/p>\n<p>Sonorisation<\/p>\n<p>Suspension sport<\/p>\n<p>Pack Sport<\/p>\n<p>Commande vocale<\/p>\n<p>Chauffage<\/p>\n<p>Syst\u00e8me de d\u00e9marrage \/ arr\u00eat<\/p>\n<p>Blind SpotAssist<\/p>\n<p>Le contr\u00f4le de traction<\/p>\n<p>USB<\/p>\n<p>Combin\u00e9 d&rsquo;instruments enti\u00e8rement<\/p>\n<p>num\u00e9rique<\/p>","protected":false},"excerpt":{"rendered":"<p>Syst\u00e8me d&rsquo;alarme<\/p>\n<p>Toutes roues motrices<\/p>\n<p>L&rsquo;\u00e9clairage ambiant<\/p>\n<p>VoitureAndroid<\/p>\n<p>Attelage de remorque pivotant<\/p>\n<p>Apple CarPlay<\/p>\n<p>Accoudoir<\/p>\n<p>Volant chauffant<\/p>\n<p>Colline d&rsquo;aide au d\u00e9marrage<\/p>\n<p>Feu de route sans \u00e9blouissement<\/p>\n<p>Bluetooth<\/p>\n<p>Ordinateur de bord<\/p>\n<p>Lecteur CD<\/p>\n<p>ABS<\/p>\n<p>Avertissement \u00e0 distance<\/p>\n<p>Eclairage de virage adaptatif<\/p>\n<p>Vitres \u00e9lectriques<\/p>\n<p>R\u00e9troviseur \u00e9lectrique<\/p>\n<p>R\u00e9glage \u00e9lectrique du si\u00e8ge<\/p>\n<p>Antid\u00e9marrage \u00e9lectrique<\/p>\n<p>ESP<\/p>\n<p>Assistant de feux de route<\/p>\n<p>Haut-parleur<\/p>\n<p>Garantie<\/p>\n<p>R\u00e9troviseur int\u00e9rieur autom. att\u00e9nuation<\/p>\n<p>Isofix<\/p>\n<p>Volant en cuir<\/p>\n<p>Phares \u00e0 LED<\/p>\n<p>Feux de jour \u00e0 LED<\/p>\n<p>Capteur de lumi\u00e8re<\/p>\n<p>Support lombaire<\/p>\n<p>Si\u00e8ges de massage<\/p>\n<p>Avertissement de fatigue<\/p>\n<p>Volant multifonction<\/p>\n<p>Syst\u00e8me de navigation<\/p>\n<p>Phares antibrouillards<\/p>\n<p>Aide au freinage d&rsquo;urgence<\/p>\n<p>Syst\u00e8me d&rsquo;appel d&rsquo;urgence<\/p>\n<p>Capteur de pluie<\/p>\n<p>Syst\u00e8me de surveillance de la pression<\/p>\n<p>Palettes de commande<\/p>\n<p>Lave-phares<\/p>\n<p>Toit ouvrant<\/p>\n<p>Direction assist\u00e9e<\/p>\n<p>Ventilation du si\u00e8ge<\/p>\n<p>Si\u00e8ges chauffants<\/p>\n<p>Pneus d&rsquo;\u00e9t\u00e9<\/p>\n<p>Sonorisation<\/p>\n<p>Suspension sport<\/p>\n<p>Pack Sport<\/p>\n<p>Commande vocale<\/p>\n<p>Chauffage<\/p>\n<p>Syst\u00e8me de d\u00e9marrage \/ arr\u00eat<\/p>\n<p>Blind SpotAssist<\/p>\n<p>Le contr\u00f4le de traction<\/p>\n<p>USB<\/p>\n<p>Combin\u00e9 d&rsquo;instruments enti\u00e8rement<\/p>\n<p>num\u00e9rique<\/p>","protected":false},"featured_media":7728,"template":"","meta":{"_acf_changed":false,"content-type":"","ocean_post_layout":"","ocean_both_sidebars_style":"","ocean_both_sidebars_content_width":0,"ocean_both_sidebars_sidebars_width":0,"ocean_sidebar":"","ocean_second_sidebar":"","ocean_disable_margins":"enable","ocean_add_body_class":"","ocean_shortcode_before_top_bar":"","ocean_shortcode_after_top_bar":"","ocean_shortcode_before_header":"","ocean_shortcode_after_header":"","ocean_has_shortcode":"","ocean_shortcode_after_title":"","ocean_shortcode_before_footer_widgets":"","ocean_shortcode_after_footer_widgets":"","ocean_shortcode_before_footer_bottom":"","ocean_shortcode_after_footer_bottom":"","ocean_display_top_bar":"default","ocean_display_header":"default","ocean_header_style":"","ocean_center_header_left_menu":"","ocean_custom_header_template":"","ocean_custom_logo":0,"ocean_custom_retina_logo":0,"ocean_custom_logo_max_width":0,"ocean_custom_logo_tablet_max_width":0,"ocean_custom_logo_mobile_max_width":0,"ocean_custom_logo_max_height":0,"ocean_custom_logo_tablet_max_height":0,"ocean_custom_logo_mobile_max_height":0,"ocean_header_custom_menu":"","ocean_menu_typo_font_family":"","ocean_menu_typo_font_subset":"","ocean_menu_typo_font_size":0,"ocean_menu_typo_font_size_tablet":0,"ocean_menu_typo_font_size_mobile":0,"ocean_menu_typo_font_size_unit":"px","ocean_menu_typo_font_weight":"","ocean_menu_typo_font_weight_tablet":"","ocean_menu_typo_font_weight_mobile":"","ocean_menu_typo_transform":"","ocean_menu_typo_transform_tablet":"","ocean_menu_typo_transform_mobile":"","ocean_menu_typo_line_height":0,"ocean_menu_typo_line_height_tablet":0,"ocean_menu_typo_line_height_mobile":0,"ocean_menu_typo_line_height_unit":"","ocean_menu_typo_spacing":0,"ocean_menu_typo_spacing_tablet":0,"ocean_menu_typo_spacing_mobile":0,"ocean_menu_typo_spacing_unit":"","ocean_menu_link_color":"","ocean_menu_link_color_hover":"","ocean_menu_link_color_active":"","ocean_menu_link_background":"","ocean_menu_link_hover_background":"","ocean_menu_link_active_background":"","ocean_menu_social_links_bg":"","ocean_menu_social_hover_links_bg":"","ocean_menu_social_links_color":"","ocean_menu_social_hover_links_color":"","ocean_disable_title":"default","ocean_disable_heading":"default","ocean_post_title":"","ocean_post_subheading":"","ocean_post_title_style":"","ocean_post_title_background_color":"","ocean_post_title_background":0,"ocean_post_title_bg_image_position":"","ocean_post_title_bg_image_attachment":"","ocean_post_title_bg_image_repeat":"","ocean_post_title_bg_image_size":"","ocean_post_title_height":0,"ocean_post_title_bg_overlay":0.5,"ocean_post_title_bg_overlay_color":"","ocean_disable_breadcrumbs":"default","ocean_breadcrumbs_color":"","ocean_breadcrumbs_separator_color":"","ocean_breadcrumbs_links_color":"","ocean_breadcrumbs_links_hover_color":"","ocean_display_footer_widgets":"default","ocean_display_footer_bottom":"default","ocean_custom_footer_template":""},"product_brand":[],"product_cat":[19],"product_tag":[],"class_list":{"0":"post-7862","1":"product","2":"type-product","3":"status-publish","4":"has-post-thumbnail","6":"product_cat-non-classe","7":"entry","8":"has-media","10":"first","11":"instock","12":"shipping-taxable","13":"purchasable","14":"product-type-simple"},"acf":[],"yoast_head":"<!-- This site is optimized with the Yoast SEO plugin v27.3 - https:\/\/yoast.com\/product\/yoast-seo-wordpress\/ -->\n<title>Mercedes-Benz G 63 AMG 1st owner \/ no accident - AVF Motors<\/title>\n<meta name=\"robots\" content=\"index, follow, max-snippet:-1, max-image-preview:large, max-video-preview:-1\" \/>\n<link rel=\"canonical\" href=\"https:\/\/www.avf-motors.com\/en\/shop\/mercedes-benz-g-63-amg-1st-owner-no-accident\/\" \/>\n<meta property=\"og:locale\" content=\"en_GB\" \/>\n<meta property=\"og:type\" content=\"article\" \/>\n<meta property=\"og:title\" content=\"Mercedes-Benz G 63 AMG 1st owner \/ no accident - AVF Motors\" \/>\n<meta property=\"og:description\" content=\"Syst\u00e8me d&#039;alarmeToutes roues motricesL&#039;\u00e9clairage ambiantVoitureAndroidAttelage de remorque pivotantApple CarPlayAccoudoirVolant chauffantColline d&#039;aide au d\u00e9marrageFeu de route sans \u00e9blouissementBluetoothOrdinateur de bordLecteur CDABSAvertissement \u00e0 distanceEclairage de virage adaptatifVitres \u00e9lectriquesR\u00e9troviseur \u00e9lectriqueR\u00e9glage \u00e9lectrique du si\u00e8geAntid\u00e9marrage \u00e9lectriqueESPAssistant de feux de routeHaut-parleurGarantieR\u00e9troviseur int\u00e9rieur autom. att\u00e9nuationIsofixVolant en cuirPhares \u00e0 LEDFeux de jour \u00e0 LEDCapteur de lumi\u00e8reSupport lombaireSi\u00e8ges de massageAvertissement de fatigueVolant multifonctionSyst\u00e8me de navigationPhares antibrouillardsAide au freinage d&#039;urgenceSyst\u00e8me d&#039;appel d&#039;urgenceCapteur de pluieSyst\u00e8me de surveillance de la pressionPalettes de commandeLave-pharesToit ouvrantDirection assist\u00e9eVentilation du si\u00e8geSi\u00e8ges chauffantsPneus d&#039;\u00e9t\u00e9SonorisationSuspension sportPack SportCommande vocaleChauffageSyst\u00e8me de d\u00e9marrage \/ arr\u00eatBlind SpotAssistLe contr\u00f4le de tractionUSBCombin\u00e9 d&#039;instruments enti\u00e8rementnum\u00e9rique\" \/>\n<meta property=\"og:url\" content=\"https:\/\/www.avf-motors.com\/en\/shop\/mercedes-benz-g-63-amg-1st-owner-no-accident\/\" \/>\n<meta property=\"og:site_name\" content=\"AVF Motors\" \/>\n<meta property=\"article:modified_time\" content=\"2026-05-03T13:00:16+00:00\" \/>\n<meta property=\"og:image\" content=\"https:\/\/www.avf-motors.com\/wp-content\/uploads\/2026\/04\/113461-WDbAvUhHewfKXLByQONu.jpg\" \/>\n\t<meta property=\"og:image:width\" content=\"800\" \/>\n\t<meta property=\"og:image:height\" content=\"600\" \/>\n\t<meta property=\"og:image:type\" content=\"image\/jpeg\" \/>\n<meta name=\"twitter:card\" content=\"summary_large_image\" \/>\n<meta name=\"twitter:label1\" content=\"Estimated reading time\" \/>\n\t<meta name=\"twitter:data1\" content=\"1 minute\" \/>\n<script type=\"application\/ld+json\" class=\"yoast-schema-graph\">{\"@context\":\"https:\\\/\\\/schema.org\",\"@graph\":[{\"@type\":\"WebPage\",\"@id\":\"https:\\\/\\\/www.avf-motors.com\\\/en\\\/shop\\\/mercedes-benz-g-63-amg-1st-owner-no-accident\\\/\",\"url\":\"https:\\\/\\\/www.avf-motors.com\\\/en\\\/shop\\\/mercedes-benz-g-63-amg-1st-owner-no-accident\\\/\",\"name\":\"Mercedes-Benz G 63 AMG 1st owner \\\/ no accident - AVF Motors\",\"isPartOf\":{\"@id\":\"https:\\\/\\\/www.avf-motors.com\\\/en\\\/#website\"},\"primaryImageOfPage\":{\"@id\":\"https:\\\/\\\/www.avf-motors.com\\\/en\\\/shop\\\/mercedes-benz-g-63-amg-1st-owner-no-accident\\\/#primaryimage\"},\"image\":{\"@id\":\"https:\\\/\\\/www.avf-motors.com\\\/en\\\/shop\\\/mercedes-benz-g-63-amg-1st-owner-no-accident\\\/#primaryimage\"},\"thumbnailUrl\":\"https:\\\/\\\/www.avf-motors.com\\\/wp-content\\\/uploads\\\/2026\\\/04\\\/113461-WDbAvUhHewfKXLByQONu.jpg\",\"datePublished\":\"2026-04-01T17:02:41+00:00\",\"dateModified\":\"2026-05-03T13:00:16+00:00\",\"breadcrumb\":{\"@id\":\"https:\\\/\\\/www.avf-motors.com\\\/en\\\/shop\\\/mercedes-benz-g-63-amg-1st-owner-no-accident\\\/#breadcrumb\"},\"inLanguage\":\"en-GB\",\"potentialAction\":[{\"@type\":\"ReadAction\",\"target\":[\"https:\\\/\\\/www.avf-motors.com\\\/en\\\/shop\\\/mercedes-benz-g-63-amg-1st-owner-no-accident\\\/\"]}]},{\"@type\":\"ImageObject\",\"inLanguage\":\"en-GB\",\"@id\":\"https:\\\/\\\/www.avf-motors.com\\\/en\\\/shop\\\/mercedes-benz-g-63-amg-1st-owner-no-accident\\\/#primaryimage\",\"url\":\"https:\\\/\\\/www.avf-motors.com\\\/wp-content\\\/uploads\\\/2026\\\/04\\\/113461-WDbAvUhHewfKXLByQONu.jpg\",\"contentUrl\":\"https:\\\/\\\/www.avf-motors.com\\\/wp-content\\\/uploads\\\/2026\\\/04\\\/113461-WDbAvUhHewfKXLByQONu.jpg\",\"width\":800,\"height\":600},{\"@type\":\"BreadcrumbList\",\"@id\":\"https:\\\/\\\/www.avf-motors.com\\\/en\\\/shop\\\/mercedes-benz-g-63-amg-1st-owner-no-accident\\\/#breadcrumb\",\"itemListElement\":[{\"@type\":\"ListItem\",\"position\":1,\"name\":\"Accueil\",\"item\":\"https:\\\/\\\/www.avf-motors.com\\\/en\\\/\"},{\"@type\":\"ListItem\",\"position\":2,\"name\":\"Nos voitures\",\"item\":\"https:\\\/\\\/www.avf-motors.com\\\/en\\\/nos-voitures\\\/\"},{\"@type\":\"ListItem\",\"position\":3,\"name\":\"Mercedes-Benz G 63 AMG 1st owner \\\/ no accident\"}]},{\"@type\":\"WebSite\",\"@id\":\"https:\\\/\\\/www.avf-motors.com\\\/en\\\/#website\",\"url\":\"https:\\\/\\\/www.avf-motors.com\\\/en\\\/\",\"name\":\"AVF Motors\",\"description\":\"\",\"publisher\":{\"@id\":\"https:\\\/\\\/www.avf-motors.com\\\/en\\\/#organization\"},\"potentialAction\":[{\"@type\":\"SearchAction\",\"target\":{\"@type\":\"EntryPoint\",\"urlTemplate\":\"https:\\\/\\\/www.avf-motors.com\\\/en\\\/?s={search_term_string}\"},\"query-input\":{\"@type\":\"PropertyValueSpecification\",\"valueRequired\":true,\"valueName\":\"search_term_string\"}}],\"inLanguage\":\"en-GB\"},{\"@type\":\"Organization\",\"@id\":\"https:\\\/\\\/www.avf-motors.com\\\/en\\\/#organization\",\"name\":\"AVF Motors\",\"url\":\"https:\\\/\\\/www.avf-motors.com\\\/en\\\/\",\"logo\":{\"@type\":\"ImageObject\",\"inLanguage\":\"en-GB\",\"@id\":\"https:\\\/\\\/www.avf-motors.com\\\/en\\\/#\\\/schema\\\/logo\\\/image\\\/\",\"url\":\"https:\\\/\\\/www.avf-motors.com\\\/wp-content\\\/uploads\\\/2025\\\/06\\\/cropped-cropped-Logo-couleur-baseline-vectoriel-removebg-preview-1-1.png\",\"contentUrl\":\"https:\\\/\\\/www.avf-motors.com\\\/wp-content\\\/uploads\\\/2025\\\/06\\\/cropped-cropped-Logo-couleur-baseline-vectoriel-removebg-preview-1-1.png\",\"width\":630,\"height\":330,\"caption\":\"AVF Motors\"},\"image\":{\"@id\":\"https:\\\/\\\/www.avf-motors.com\\\/en\\\/#\\\/schema\\\/logo\\\/image\\\/\"}}]}<\/script>\n<!-- \/ Yoast SEO plugin. -->","yoast_head_json":{"title":"Mercedes-Benz G 63 AMG 1st owner \/ no accident - AVF Motors","robots":{"index":"index","follow":"follow","max-snippet":"max-snippet:-1","max-image-preview":"max-image-preview:large","max-video-preview":"max-video-preview:-1"},"canonical":"https:\/\/www.avf-motors.com\/en\/shop\/mercedes-benz-g-63-amg-1st-owner-no-accident\/","og_locale":"en_GB","og_type":"article","og_title":"Mercedes-Benz G 63 AMG 1st owner \/ no accident - AVF Motors","og_description":"Syst\u00e8me d'alarmeToutes roues motricesL'\u00e9clairage ambiantVoitureAndroidAttelage de remorque pivotantApple CarPlayAccoudoirVolant chauffantColline d'aide au d\u00e9marrageFeu de route sans \u00e9blouissementBluetoothOrdinateur de bordLecteur CDABSAvertissement \u00e0 distanceEclairage de virage adaptatifVitres \u00e9lectriquesR\u00e9troviseur \u00e9lectriqueR\u00e9glage \u00e9lectrique du si\u00e8geAntid\u00e9marrage \u00e9lectriqueESPAssistant de feux de routeHaut-parleurGarantieR\u00e9troviseur int\u00e9rieur autom. att\u00e9nuationIsofixVolant en cuirPhares \u00e0 LEDFeux de jour \u00e0 LEDCapteur de lumi\u00e8reSupport lombaireSi\u00e8ges de massageAvertissement de fatigueVolant multifonctionSyst\u00e8me de navigationPhares antibrouillardsAide au freinage d'urgenceSyst\u00e8me d'appel d'urgenceCapteur de pluieSyst\u00e8me de surveillance de la pressionPalettes de commandeLave-pharesToit ouvrantDirection assist\u00e9eVentilation du si\u00e8geSi\u00e8ges chauffantsPneus d'\u00e9t\u00e9SonorisationSuspension sportPack SportCommande vocaleChauffageSyst\u00e8me de d\u00e9marrage \/ arr\u00eatBlind SpotAssistLe contr\u00f4le de tractionUSBCombin\u00e9 d'instruments enti\u00e8rementnum\u00e9rique","og_url":"https:\/\/www.avf-motors.com\/en\/shop\/mercedes-benz-g-63-amg-1st-owner-no-accident\/","og_site_name":"AVF Motors","article_modified_time":"2026-05-03T13:00:16+00:00","og_image":[{"width":800,"height":600,"url":"https:\/\/www.avf-motors.com\/wp-content\/uploads\/2026\/04\/113461-WDbAvUhHewfKXLByQONu.jpg","type":"image\/jpeg"}],"twitter_card":"summary_large_image","twitter_misc":{"Estimated reading time":"1 minute"},"schema":{"@context":"https:\/\/schema.org","@graph":[{"@type":"WebPage","@id":"https:\/\/www.avf-motors.com\/en\/shop\/mercedes-benz-g-63-amg-1st-owner-no-accident\/","url":"https:\/\/www.avf-motors.com\/en\/shop\/mercedes-benz-g-63-amg-1st-owner-no-accident\/","name":"Mercedes-Benz G 63 AMG 1st owner \/ no accident - AVF Motors","isPartOf":{"@id":"https:\/\/www.avf-motors.com\/en\/#website"},"primaryImageOfPage":{"@id":"https:\/\/www.avf-motors.com\/en\/shop\/mercedes-benz-g-63-amg-1st-owner-no-accident\/#primaryimage"},"image":{"@id":"https:\/\/www.avf-motors.com\/en\/shop\/mercedes-benz-g-63-amg-1st-owner-no-accident\/#primaryimage"},"thumbnailUrl":"https:\/\/www.avf-motors.com\/wp-content\/uploads\/2026\/04\/113461-WDbAvUhHewfKXLByQONu.jpg","datePublished":"2026-04-01T17:02:41+00:00","dateModified":"2026-05-03T13:00:16+00:00","breadcrumb":{"@id":"https:\/\/www.avf-motors.com\/en\/shop\/mercedes-benz-g-63-amg-1st-owner-no-accident\/#breadcrumb"},"inLanguage":"en-GB","potentialAction":[{"@type":"ReadAction","target":["https:\/\/www.avf-motors.com\/en\/shop\/mercedes-benz-g-63-amg-1st-owner-no-accident\/"]}]},{"@type":"ImageObject","inLanguage":"en-GB","@id":"https:\/\/www.avf-motors.com\/en\/shop\/mercedes-benz-g-63-amg-1st-owner-no-accident\/#primaryimage","url":"https:\/\/www.avf-motors.com\/wp-content\/uploads\/2026\/04\/113461-WDbAvUhHewfKXLByQONu.jpg","contentUrl":"https:\/\/www.avf-motors.com\/wp-content\/uploads\/2026\/04\/113461-WDbAvUhHewfKXLByQONu.jpg","width":800,"height":600},{"@type":"BreadcrumbList","@id":"https:\/\/www.avf-motors.com\/en\/shop\/mercedes-benz-g-63-amg-1st-owner-no-accident\/#breadcrumb","itemListElement":[{"@type":"ListItem","position":1,"name":"Accueil","item":"https:\/\/www.avf-motors.com\/en\/"},{"@type":"ListItem","position":2,"name":"Nos voitures","item":"https:\/\/www.avf-motors.com\/en\/nos-voitures\/"},{"@type":"ListItem","position":3,"name":"Mercedes-Benz G 63 AMG 1st owner \/ no accident"}]},{"@type":"WebSite","@id":"https:\/\/www.avf-motors.com\/en\/#website","url":"https:\/\/www.avf-motors.com\/en\/","name":"AVF Motors","description":"","publisher":{"@id":"https:\/\/www.avf-motors.com\/en\/#organization"},"potentialAction":[{"@type":"SearchAction","target":{"@type":"EntryPoint","urlTemplate":"https:\/\/www.avf-motors.com\/en\/?s={search_term_string}"},"query-input":{"@type":"PropertyValueSpecification","valueRequired":true,"valueName":"search_term_string"}}],"inLanguage":"en-GB"},{"@type":"Organization","@id":"https:\/\/www.avf-motors.com\/en\/#organization","name":"AVF Motors","url":"https:\/\/www.avf-motors.com\/en\/","logo":{"@type":"ImageObject","inLanguage":"en-GB","@id":"https:\/\/www.avf-motors.com\/en\/#\/schema\/logo\/image\/","url":"https:\/\/www.avf-motors.com\/wp-content\/uploads\/2025\/06\/cropped-cropped-Logo-couleur-baseline-vectoriel-removebg-preview-1-1.png","contentUrl":"https:\/\/www.avf-motors.com\/wp-content\/uploads\/2025\/06\/cropped-cropped-Logo-couleur-baseline-vectoriel-removebg-preview-1-1.png","width":630,"height":330,"caption":"AVF Motors"},"image":{"@id":"https:\/\/www.avf-motors.com\/en\/#\/schema\/logo\/image\/"}}]}},"_links":{"self":[{"href":"https:\/\/www.avf-motors.com\/en\/wp-json\/wp\/v2\/product\/7862","targetHints":{"allow":["GET"]}}],"collection":[{"href":"https:\/\/www.avf-motors.com\/en\/wp-json\/wp\/v2\/product"}],"about":[{"href":"https:\/\/www.avf-motors.com\/en\/wp-json\/wp\/v2\/types\/product"}],"wp:featuredmedia":[{"embeddable":true,"href":"https:\/\/www.avf-motors.com\/en\/wp-json\/wp\/v2\/media\/7728"}],"wp:attachment":[{"href":"https:\/\/www.avf-motors.com\/en\/wp-json\/wp\/v2\/media?parent=7862"}],"wp:term":[{"taxonomy":"product_brand","embeddable":true,"href":"https:\/\/www.avf-motors.com\/en\/wp-json\/wp\/v2\/product_brand?post=7862"},{"taxonomy":"product_cat","embeddable":true,"href":"https:\/\/www.avf-motors.com\/en\/wp-json\/wp\/v2\/product_cat?post=7862"},{"taxonomy":"product_tag","embeddable":true,"href":"https:\/\/www.avf-motors.com\/en\/wp-json\/wp\/v2\/product_tag?post=7862"}],"curies":[{"name":"wp","href":"https:\/\/api.w.org\/{rel}","templated":true}]}}