{"id":7861,"date":"2026-04-01T19:02:40","date_gmt":"2026-04-01T17:02:40","guid":{"rendered":"https:\/\/www.avf-motors.com\/shop\/mercedes-benz-s-400-d-4matic-berline-amg-line\/"},"modified":"2026-05-03T15:00:15","modified_gmt":"2026-05-03T13:00:15","slug":"mercedes-benz-s-400-d-4matic-berline-amg-line","status":"publish","type":"product","link":"https:\/\/www.avf-motors.com\/en\/shop\/mercedes-benz-s-400-d-4matic-berline-amg-line\/","title":{"rendered":"Mercedes-Benz S 400 d 4Matic Berline AMG Line"},"content":{"rendered":"<p>Disponible imm\u00e9diatement ! Available Now !&nbsp;<\/p>\n<p><\/p>\n<p>Options :&nbsp;<\/p>\n<ul>\n<li>Roues arri\u00e8res directrices avec adaptation de l&rsquo;angle de braquage de 4.5\u00b0<\/li>\n<li>Pack Premium<\/li>\n<li>Affichage 3D conducteur&nbsp;<\/li>\n<li>Affichage t\u00eate haute avec r\u00e9alit\u00e9 augment\u00e9e MBUX int\u00e9gr\u00e9e<\/li>\n<li>DIGITAL LIGHT<\/li>\n<li>Eclairage d&rsquo;ambiance actifs<\/li>\n<li>Si\u00e8ges climatis\u00e9s \u00e0 l&rsquo;avant<\/li>\n<li>Syst\u00e8me de sonorisation Burmester 3D-Surround<\/li>\n<li>Toit ouvrant panoramique<\/li>\n<li>Pack stationnement \u00e0 distance<\/li>\n<li>Aide au parking Active<\/li>\n<li>Cam\u00e9ras panoramiques<\/li>\n<li>Pack protection antivol URBAN GUARD Plus<\/li>\n<li>Equipement pour pack protection antivol<\/li>\n<li>Protection volum\u00e9trique<\/li>\n<li>Chauffage de si\u00e8ge Plus \u00e0 l&rsquo;avant<\/li>\n<li>Appuie-t\u00eates confort \u00e0 l&rsquo;avant<\/li>\n<li>AMG Line<\/li>\n<li>Volant sport multifonction<\/li>\n<li>Hands-free Access&nbsp;<\/li>\n<li>Jantes alliage AMG 51cm (20&Prime;) multibranches, finition gris himalaya\/naturel brillant<\/li>\n<\/ul>","protected":false},"excerpt":{"rendered":"<p>Disponible imm\u00e9diatement ! Available Now !&nbsp;<\/p>\n<p><\/p>\n<p>Options :&nbsp;<\/p>\n<ul>\n<li>Roues arri\u00e8res directrices avec adaptation de l&rsquo;angle de braquage de 4.5\u00b0<\/li>\n<li>Pack Premium<\/li>\n<li>Affichage 3D conducteur&nbsp;<\/li>\n<li>Affichage t\u00eate haute avec r\u00e9alit\u00e9 augment\u00e9e MBUX int\u00e9gr\u00e9e<\/li>\n<li>DIGITAL LIGHT<\/li>\n<li>Eclairage d&rsquo;ambiance actifs<\/li>\n<li>Si\u00e8ges climatis\u00e9s \u00e0 l&rsquo;avant<\/li>\n<li>Syst\u00e8me de sonorisation Burmester 3D-Surround<\/li>\n<li>Toit ouvrant panoramique<\/li>\n<li>Pack stationnement \u00e0 distance<\/li>\n<li>Aide au parking Active<\/li>\n<li>Cam\u00e9ras panoramiques<\/li>\n<li>Pack protection antivol URBAN GUARD Plus<\/li>\n<li>Equipement pour pack protection antivol<\/li>\n<li>Protection volum\u00e9trique<\/li>\n<li>Chauffage de si\u00e8ge Plus \u00e0 l&rsquo;avant<\/li>\n<li>Appuie-t\u00eates confort \u00e0 l&rsquo;avant<\/li>\n<li>AMG Line<\/li>\n<li>Volant sport multifonction<\/li>\n<li>Hands-free Access&nbsp;<\/li>\n<li>Jantes alliage AMG 51cm (20&Prime;) multibranches, finition gris himalaya\/naturel brillant<\/li>\n<\/ul>","protected":false},"featured_media":7159,"template":"","meta":{"_acf_changed":false,"content-type":"","ocean_post_layout":"","ocean_both_sidebars_style":"","ocean_both_sidebars_content_width":0,"ocean_both_sidebars_sidebars_width":0,"ocean_sidebar":"","ocean_second_sidebar":"","ocean_disable_margins":"enable","ocean_add_body_class":"","ocean_shortcode_before_top_bar":"","ocean_shortcode_after_top_bar":"","ocean_shortcode_before_header":"","ocean_shortcode_after_header":"","ocean_has_shortcode":"","ocean_shortcode_after_title":"","ocean_shortcode_before_footer_widgets":"","ocean_shortcode_after_footer_widgets":"","ocean_shortcode_before_footer_bottom":"","ocean_shortcode_after_footer_bottom":"","ocean_display_top_bar":"default","ocean_display_header":"default","ocean_header_style":"","ocean_center_header_left_menu":"","ocean_custom_header_template":"","ocean_custom_logo":0,"ocean_custom_retina_logo":0,"ocean_custom_logo_max_width":0,"ocean_custom_logo_tablet_max_width":0,"ocean_custom_logo_mobile_max_width":0,"ocean_custom_logo_max_height":0,"ocean_custom_logo_tablet_max_height":0,"ocean_custom_logo_mobile_max_height":0,"ocean_header_custom_menu":"","ocean_menu_typo_font_family":"","ocean_menu_typo_font_subset":"","ocean_menu_typo_font_size":0,"ocean_menu_typo_font_size_tablet":0,"ocean_menu_typo_font_size_mobile":0,"ocean_menu_typo_font_size_unit":"px","ocean_menu_typo_font_weight":"","ocean_menu_typo_font_weight_tablet":"","ocean_menu_typo_font_weight_mobile":"","ocean_menu_typo_transform":"","ocean_menu_typo_transform_tablet":"","ocean_menu_typo_transform_mobile":"","ocean_menu_typo_line_height":0,"ocean_menu_typo_line_height_tablet":0,"ocean_menu_typo_line_height_mobile":0,"ocean_menu_typo_line_height_unit":"","ocean_menu_typo_spacing":0,"ocean_menu_typo_spacing_tablet":0,"ocean_menu_typo_spacing_mobile":0,"ocean_menu_typo_spacing_unit":"","ocean_menu_link_color":"","ocean_menu_link_color_hover":"","ocean_menu_link_color_active":"","ocean_menu_link_background":"","ocean_menu_link_hover_background":"","ocean_menu_link_active_background":"","ocean_menu_social_links_bg":"","ocean_menu_social_hover_links_bg":"","ocean_menu_social_links_color":"","ocean_menu_social_hover_links_color":"","ocean_disable_title":"default","ocean_disable_heading":"default","ocean_post_title":"","ocean_post_subheading":"","ocean_post_title_style":"","ocean_post_title_background_color":"","ocean_post_title_background":0,"ocean_post_title_bg_image_position":"","ocean_post_title_bg_image_attachment":"","ocean_post_title_bg_image_repeat":"","ocean_post_title_bg_image_size":"","ocean_post_title_height":0,"ocean_post_title_bg_overlay":0.5,"ocean_post_title_bg_overlay_color":"","ocean_disable_breadcrumbs":"default","ocean_breadcrumbs_color":"","ocean_breadcrumbs_separator_color":"","ocean_breadcrumbs_links_color":"","ocean_breadcrumbs_links_hover_color":"","ocean_display_footer_widgets":"default","ocean_display_footer_bottom":"default","ocean_custom_footer_template":""},"product_brand":[],"product_cat":[19],"product_tag":[],"class_list":{"0":"post-7861","1":"product","2":"type-product","3":"status-publish","4":"has-post-thumbnail","6":"product_cat-non-classe","7":"entry","8":"has-media","10":"first","11":"instock","12":"shipping-taxable","13":"purchasable","14":"product-type-simple"},"acf":[],"yoast_head":"<!-- This site is optimized with the Yoast SEO plugin v27.3 - https:\/\/yoast.com\/product\/yoast-seo-wordpress\/ -->\n<title>Mercedes-Benz S 400 d 4Matic Berline AMG Line - AVF Motors<\/title>\n<meta name=\"robots\" content=\"index, follow, max-snippet:-1, max-image-preview:large, max-video-preview:-1\" \/>\n<link rel=\"canonical\" href=\"https:\/\/www.avf-motors.com\/en\/shop\/mercedes-benz-s-400-d-4matic-berline-amg-line\/\" \/>\n<meta property=\"og:locale\" content=\"en_GB\" \/>\n<meta property=\"og:type\" content=\"article\" \/>\n<meta property=\"og:title\" content=\"Mercedes-Benz S 400 d 4Matic Berline AMG Line - AVF Motors\" \/>\n<meta property=\"og:description\" content=\"Disponible imm\u00e9diatement ! Available Now !&nbsp;Options :&nbsp;Roues arri\u00e8res directrices avec adaptation de l&#039;angle de braquage de 4.5\u00b0Pack PremiumAffichage 3D conducteur&nbsp;Affichage t\u00eate haute avec r\u00e9alit\u00e9 augment\u00e9e MBUX int\u00e9gr\u00e9eDIGITAL LIGHTEclairage d&#039;ambiance actifsSi\u00e8ges climatis\u00e9s \u00e0 l&#039;avantSyst\u00e8me de sonorisation Burmester 3D-SurroundToit ouvrant panoramiquePack stationnement \u00e0 distanceAide au parking ActiveCam\u00e9ras panoramiquesPack protection antivol URBAN GUARD PlusEquipement pour pack protection antivolProtection volum\u00e9triqueChauffage de si\u00e8ge Plus \u00e0 l&#039;avantAppuie-t\u00eates confort \u00e0 l&#039;avantAMG LineVolant sport multifonctionHands-free Access&nbsp;Jantes alliage AMG 51cm (20&quot;) multibranches, finition gris himalaya\/naturel brillant\" \/>\n<meta property=\"og:url\" content=\"https:\/\/www.avf-motors.com\/en\/shop\/mercedes-benz-s-400-d-4matic-berline-amg-line\/\" \/>\n<meta property=\"og:site_name\" content=\"AVF Motors\" \/>\n<meta property=\"article:modified_time\" content=\"2026-05-03T13:00:15+00:00\" \/>\n<meta property=\"og:image\" content=\"https:\/\/www.avf-motors.com\/wp-content\/uploads\/2026\/02\/116687-OvhxsldDonCwyUYTqAub.jpg\" \/>\n\t<meta property=\"og:image:width\" content=\"800\" \/>\n\t<meta property=\"og:image:height\" content=\"600\" \/>\n\t<meta property=\"og:image:type\" content=\"image\/jpeg\" \/>\n<meta name=\"twitter:card\" content=\"summary_large_image\" \/>\n<script type=\"application\/ld+json\" class=\"yoast-schema-graph\">{\"@context\":\"https:\\\/\\\/schema.org\",\"@graph\":[{\"@type\":\"WebPage\",\"@id\":\"https:\\\/\\\/www.avf-motors.com\\\/shop\\\/mercedes-benz-s-400-d-4matic-berline-amg-line\\\/\",\"url\":\"https:\\\/\\\/www.avf-motors.com\\\/shop\\\/mercedes-benz-s-400-d-4matic-berline-amg-line\\\/\",\"name\":\"Mercedes-Benz S 400 d 4Matic Berline AMG Line - AVF Motors\",\"isPartOf\":{\"@id\":\"https:\\\/\\\/www.avf-motors.com\\\/en\\\/#website\"},\"primaryImageOfPage\":{\"@id\":\"https:\\\/\\\/www.avf-motors.com\\\/shop\\\/mercedes-benz-s-400-d-4matic-berline-amg-line\\\/#primaryimage\"},\"image\":{\"@id\":\"https:\\\/\\\/www.avf-motors.com\\\/shop\\\/mercedes-benz-s-400-d-4matic-berline-amg-line\\\/#primaryimage\"},\"thumbnailUrl\":\"https:\\\/\\\/www.avf-motors.com\\\/wp-content\\\/uploads\\\/2026\\\/02\\\/116687-OvhxsldDonCwyUYTqAub.jpg\",\"datePublished\":\"2026-04-01T17:02:40+00:00\",\"dateModified\":\"2026-05-03T13:00:15+00:00\",\"breadcrumb\":{\"@id\":\"https:\\\/\\\/www.avf-motors.com\\\/shop\\\/mercedes-benz-s-400-d-4matic-berline-amg-line\\\/#breadcrumb\"},\"inLanguage\":\"en-GB\",\"potentialAction\":[{\"@type\":\"ReadAction\",\"target\":[\"https:\\\/\\\/www.avf-motors.com\\\/shop\\\/mercedes-benz-s-400-d-4matic-berline-amg-line\\\/\"]}]},{\"@type\":\"ImageObject\",\"inLanguage\":\"en-GB\",\"@id\":\"https:\\\/\\\/www.avf-motors.com\\\/shop\\\/mercedes-benz-s-400-d-4matic-berline-amg-line\\\/#primaryimage\",\"url\":\"https:\\\/\\\/www.avf-motors.com\\\/wp-content\\\/uploads\\\/2026\\\/02\\\/116687-OvhxsldDonCwyUYTqAub.jpg\",\"contentUrl\":\"https:\\\/\\\/www.avf-motors.com\\\/wp-content\\\/uploads\\\/2026\\\/02\\\/116687-OvhxsldDonCwyUYTqAub.jpg\",\"width\":800,\"height\":600},{\"@type\":\"BreadcrumbList\",\"@id\":\"https:\\\/\\\/www.avf-motors.com\\\/shop\\\/mercedes-benz-s-400-d-4matic-berline-amg-line\\\/#breadcrumb\",\"itemListElement\":[{\"@type\":\"ListItem\",\"position\":1,\"name\":\"Accueil\",\"item\":\"https:\\\/\\\/www.avf-motors.com\\\/en\\\/\"},{\"@type\":\"ListItem\",\"position\":2,\"name\":\"Nos voitures\",\"item\":\"https:\\\/\\\/www.avf-motors.com\\\/en\\\/nos-voitures\\\/\"},{\"@type\":\"ListItem\",\"position\":3,\"name\":\"Mercedes-Benz S 400 d 4Matic Berline AMG Line\"}]},{\"@type\":\"WebSite\",\"@id\":\"https:\\\/\\\/www.avf-motors.com\\\/en\\\/#website\",\"url\":\"https:\\\/\\\/www.avf-motors.com\\\/en\\\/\",\"name\":\"AVF Motors\",\"description\":\"\",\"publisher\":{\"@id\":\"https:\\\/\\\/www.avf-motors.com\\\/en\\\/#organization\"},\"potentialAction\":[{\"@type\":\"SearchAction\",\"target\":{\"@type\":\"EntryPoint\",\"urlTemplate\":\"https:\\\/\\\/www.avf-motors.com\\\/en\\\/?s={search_term_string}\"},\"query-input\":{\"@type\":\"PropertyValueSpecification\",\"valueRequired\":true,\"valueName\":\"search_term_string\"}}],\"inLanguage\":\"en-GB\"},{\"@type\":\"Organization\",\"@id\":\"https:\\\/\\\/www.avf-motors.com\\\/en\\\/#organization\",\"name\":\"AVF Motors\",\"url\":\"https:\\\/\\\/www.avf-motors.com\\\/en\\\/\",\"logo\":{\"@type\":\"ImageObject\",\"inLanguage\":\"en-GB\",\"@id\":\"https:\\\/\\\/www.avf-motors.com\\\/en\\\/#\\\/schema\\\/logo\\\/image\\\/\",\"url\":\"https:\\\/\\\/www.avf-motors.com\\\/wp-content\\\/uploads\\\/2025\\\/06\\\/cropped-cropped-Logo-couleur-baseline-vectoriel-removebg-preview-1-1.png\",\"contentUrl\":\"https:\\\/\\\/www.avf-motors.com\\\/wp-content\\\/uploads\\\/2025\\\/06\\\/cropped-cropped-Logo-couleur-baseline-vectoriel-removebg-preview-1-1.png\",\"width\":630,\"height\":330,\"caption\":\"AVF Motors\"},\"image\":{\"@id\":\"https:\\\/\\\/www.avf-motors.com\\\/en\\\/#\\\/schema\\\/logo\\\/image\\\/\"}}]}<\/script>\n<!-- \/ Yoast SEO plugin. -->","yoast_head_json":{"title":"Mercedes-Benz S 400 d 4Matic Berline AMG Line - AVF Motors","robots":{"index":"index","follow":"follow","max-snippet":"max-snippet:-1","max-image-preview":"max-image-preview:large","max-video-preview":"max-video-preview:-1"},"canonical":"https:\/\/www.avf-motors.com\/en\/shop\/mercedes-benz-s-400-d-4matic-berline-amg-line\/","og_locale":"en_GB","og_type":"article","og_title":"Mercedes-Benz S 400 d 4Matic Berline AMG Line - AVF Motors","og_description":"Disponible imm\u00e9diatement ! Available Now !&nbsp;Options :&nbsp;Roues arri\u00e8res directrices avec adaptation de l'angle de braquage de 4.5\u00b0Pack PremiumAffichage 3D conducteur&nbsp;Affichage t\u00eate haute avec r\u00e9alit\u00e9 augment\u00e9e MBUX int\u00e9gr\u00e9eDIGITAL LIGHTEclairage d'ambiance actifsSi\u00e8ges climatis\u00e9s \u00e0 l'avantSyst\u00e8me de sonorisation Burmester 3D-SurroundToit ouvrant panoramiquePack stationnement \u00e0 distanceAide au parking ActiveCam\u00e9ras panoramiquesPack protection antivol URBAN GUARD PlusEquipement pour pack protection antivolProtection volum\u00e9triqueChauffage de si\u00e8ge Plus \u00e0 l'avantAppuie-t\u00eates confort \u00e0 l'avantAMG LineVolant sport multifonctionHands-free Access&nbsp;Jantes alliage AMG 51cm (20\") multibranches, finition gris himalaya\/naturel brillant","og_url":"https:\/\/www.avf-motors.com\/en\/shop\/mercedes-benz-s-400-d-4matic-berline-amg-line\/","og_site_name":"AVF Motors","article_modified_time":"2026-05-03T13:00:15+00:00","og_image":[{"width":800,"height":600,"url":"https:\/\/www.avf-motors.com\/wp-content\/uploads\/2026\/02\/116687-OvhxsldDonCwyUYTqAub.jpg","type":"image\/jpeg"}],"twitter_card":"summary_large_image","schema":{"@context":"https:\/\/schema.org","@graph":[{"@type":"WebPage","@id":"https:\/\/www.avf-motors.com\/shop\/mercedes-benz-s-400-d-4matic-berline-amg-line\/","url":"https:\/\/www.avf-motors.com\/shop\/mercedes-benz-s-400-d-4matic-berline-amg-line\/","name":"Mercedes-Benz S 400 d 4Matic Berline AMG Line - AVF Motors","isPartOf":{"@id":"https:\/\/www.avf-motors.com\/en\/#website"},"primaryImageOfPage":{"@id":"https:\/\/www.avf-motors.com\/shop\/mercedes-benz-s-400-d-4matic-berline-amg-line\/#primaryimage"},"image":{"@id":"https:\/\/www.avf-motors.com\/shop\/mercedes-benz-s-400-d-4matic-berline-amg-line\/#primaryimage"},"thumbnailUrl":"https:\/\/www.avf-motors.com\/wp-content\/uploads\/2026\/02\/116687-OvhxsldDonCwyUYTqAub.jpg","datePublished":"2026-04-01T17:02:40+00:00","dateModified":"2026-05-03T13:00:15+00:00","breadcrumb":{"@id":"https:\/\/www.avf-motors.com\/shop\/mercedes-benz-s-400-d-4matic-berline-amg-line\/#breadcrumb"},"inLanguage":"en-GB","potentialAction":[{"@type":"ReadAction","target":["https:\/\/www.avf-motors.com\/shop\/mercedes-benz-s-400-d-4matic-berline-amg-line\/"]}]},{"@type":"ImageObject","inLanguage":"en-GB","@id":"https:\/\/www.avf-motors.com\/shop\/mercedes-benz-s-400-d-4matic-berline-amg-line\/#primaryimage","url":"https:\/\/www.avf-motors.com\/wp-content\/uploads\/2026\/02\/116687-OvhxsldDonCwyUYTqAub.jpg","contentUrl":"https:\/\/www.avf-motors.com\/wp-content\/uploads\/2026\/02\/116687-OvhxsldDonCwyUYTqAub.jpg","width":800,"height":600},{"@type":"BreadcrumbList","@id":"https:\/\/www.avf-motors.com\/shop\/mercedes-benz-s-400-d-4matic-berline-amg-line\/#breadcrumb","itemListElement":[{"@type":"ListItem","position":1,"name":"Accueil","item":"https:\/\/www.avf-motors.com\/en\/"},{"@type":"ListItem","position":2,"name":"Nos voitures","item":"https:\/\/www.avf-motors.com\/en\/nos-voitures\/"},{"@type":"ListItem","position":3,"name":"Mercedes-Benz S 400 d 4Matic Berline AMG Line"}]},{"@type":"WebSite","@id":"https:\/\/www.avf-motors.com\/en\/#website","url":"https:\/\/www.avf-motors.com\/en\/","name":"AVF Motors","description":"","publisher":{"@id":"https:\/\/www.avf-motors.com\/en\/#organization"},"potentialAction":[{"@type":"SearchAction","target":{"@type":"EntryPoint","urlTemplate":"https:\/\/www.avf-motors.com\/en\/?s={search_term_string}"},"query-input":{"@type":"PropertyValueSpecification","valueRequired":true,"valueName":"search_term_string"}}],"inLanguage":"en-GB"},{"@type":"Organization","@id":"https:\/\/www.avf-motors.com\/en\/#organization","name":"AVF Motors","url":"https:\/\/www.avf-motors.com\/en\/","logo":{"@type":"ImageObject","inLanguage":"en-GB","@id":"https:\/\/www.avf-motors.com\/en\/#\/schema\/logo\/image\/","url":"https:\/\/www.avf-motors.com\/wp-content\/uploads\/2025\/06\/cropped-cropped-Logo-couleur-baseline-vectoriel-removebg-preview-1-1.png","contentUrl":"https:\/\/www.avf-motors.com\/wp-content\/uploads\/2025\/06\/cropped-cropped-Logo-couleur-baseline-vectoriel-removebg-preview-1-1.png","width":630,"height":330,"caption":"AVF Motors"},"image":{"@id":"https:\/\/www.avf-motors.com\/en\/#\/schema\/logo\/image\/"}}]}},"_links":{"self":[{"href":"https:\/\/www.avf-motors.com\/en\/wp-json\/wp\/v2\/product\/7861","targetHints":{"allow":["GET"]}}],"collection":[{"href":"https:\/\/www.avf-motors.com\/en\/wp-json\/wp\/v2\/product"}],"about":[{"href":"https:\/\/www.avf-motors.com\/en\/wp-json\/wp\/v2\/types\/product"}],"wp:featuredmedia":[{"embeddable":true,"href":"https:\/\/www.avf-motors.com\/en\/wp-json\/wp\/v2\/media\/7159"}],"wp:attachment":[{"href":"https:\/\/www.avf-motors.com\/en\/wp-json\/wp\/v2\/media?parent=7861"}],"wp:term":[{"taxonomy":"product_brand","embeddable":true,"href":"https:\/\/www.avf-motors.com\/en\/wp-json\/wp\/v2\/product_brand?post=7861"},{"taxonomy":"product_cat","embeddable":true,"href":"https:\/\/www.avf-motors.com\/en\/wp-json\/wp\/v2\/product_cat?post=7861"},{"taxonomy":"product_tag","embeddable":true,"href":"https:\/\/www.avf-motors.com\/en\/wp-json\/wp\/v2\/product_tag?post=7861"}],"curies":[{"name":"wp","href":"https:\/\/api.w.org\/{rel}","templated":true}]}}