{"id":7860,"date":"2026-04-01T19:02:39","date_gmt":"2026-04-01T17:02:39","guid":{"rendered":"https:\/\/www.avf-motors.com\/shop\/audi-r8-coupe-5-2-fsi-quattro\/"},"modified":"2026-05-03T15:00:15","modified_gmt":"2026-05-03T13:00:15","slug":"audi-r8-coupe-5-2-fsi-quattro","status":"publish","type":"product","link":"https:\/\/www.avf-motors.com\/en\/shop\/audi-r8-coupe-5-2-fsi-quattro\/","title":{"rendered":"Audi R8 Coupe 5.2 FSI quattro"},"content":{"rendered":"<p><b>\u00c9quipements optionnels :<\/b><br \/>Chargeur CD, aide au stationnement avant et arri\u00e8re avec affichage et cam\u00e9ra de recul (APS Advanced), inserts d\u00e9coratifs en carbone dans l&rsquo;habitacle, int\u00e9rieur cuir int\u00e9gral en cuir fin Nappa, pack \u00e9clairage, \u00e9l\u00e9ments a\u00e9rodynamiques lat\u00e9raux Sideblade en carbone Sigma, cache moteur en carbone Sigma, peinture \u00e0 effet nacr\u00e9, \u00e9metteur int\u00e9gr\u00e9 pour ouvre-porte de garage, pr\u00e9-\u00e9quipement t\u00e9l\u00e9phone portable avec interface Bluetooth.<\/p>\n<p><b>Autres \u00e9quipements :<\/b><br \/>Airbags conducteur et passager avant, antipatinage (ASR), r\u00e9troviseur ext\u00e9rieur gauche asph\u00e9rique, r\u00e9troviseurs ext\u00e9rieurs \u00e9lectriques rabattables avec fonction anti-\u00e9blouissement, r\u00e9troviseur ext\u00e9rieur droit convexe, r\u00e9troviseurs couleur carrosserie, \u00e9crous antivol pour roues, diff\u00e9rentiel \u00e9lectronique (EDS), aide au d\u00e9marrage en c\u00f4te, syst\u00e8me d&rsquo;information du conducteur (FIS), suspension avec amortissement pilot\u00e9 (Magnetic Ride), pare-brise avec bande filtrante sup\u00e9rieure, syst\u00e8me d&rsquo;infodivertissement avec interface multim\u00e9dia MMI, r\u00e9troviseur int\u00e9rieur \u00e9lectrochrome, fixations Isofix pour si\u00e8ge enfant c\u00f4t\u00e9 passager, carrosserie 2 portes, climatisation automatique bi-zone, r\u00e9servoir de carburant 90 L, supports lombaires avant r\u00e9glables \u00e9lectriquement, jantes en alliage, moteur V10 FSI 5.2 L \u2013 386 kW (40 soupapes), navigation MMI Plus, p\u00e9dalier en aluminium, kit de r\u00e9paration de pneus, syst\u00e8me de contr\u00f4le de pression des pneus, buses de lave-glace chauffantes, airbags lat\u00e9raux avant, si\u00e8ges avant \u00e0 r\u00e9glage \u00e9lectrique, si\u00e8ges avant chauffants, syst\u00e8me audio Bang &#038; Olufsen, si\u00e8ges sport, vitrage athermique teint\u00e9 vert.<\/p>","protected":false},"excerpt":{"rendered":"<p><b>\u00c9quipements optionnels :<\/b><br \/>Chargeur CD, aide au stationnement avant et arri\u00e8re avec affichage et cam\u00e9ra de recul (APS Advanced), inserts d\u00e9coratifs en carbone dans l&rsquo;habitacle, int\u00e9rieur cuir int\u00e9gral en cuir fin Nappa, pack \u00e9clairage, \u00e9l\u00e9ments a\u00e9rodynamiques lat\u00e9raux Sideblade en carbone Sigma, cache moteur en carbone Sigma, peinture \u00e0 effet nacr\u00e9, \u00e9metteur int\u00e9gr\u00e9 pour ouvre-porte de garage, pr\u00e9-\u00e9quipement t\u00e9l\u00e9phone portable avec interface Bluetooth.<\/p>\n<p><b>Autres \u00e9quipements :<\/b><br \/>Airbags conducteur et passager avant, antipatinage (ASR), r\u00e9troviseur ext\u00e9rieur gauche asph\u00e9rique, r\u00e9troviseurs ext\u00e9rieurs \u00e9lectriques rabattables avec fonction anti-\u00e9blouissement, r\u00e9troviseur ext\u00e9rieur droit convexe, r\u00e9troviseurs couleur carrosserie, \u00e9crous antivol pour roues, diff\u00e9rentiel \u00e9lectronique (EDS), aide au d\u00e9marrage en c\u00f4te, syst\u00e8me d&rsquo;information du conducteur (FIS), suspension avec amortissement pilot\u00e9 (Magnetic Ride), pare-brise avec bande filtrante sup\u00e9rieure, syst\u00e8me d&rsquo;infodivertissement avec interface multim\u00e9dia MMI, r\u00e9troviseur int\u00e9rieur \u00e9lectrochrome, fixations Isofix pour si\u00e8ge enfant c\u00f4t\u00e9 passager, carrosserie 2 portes, climatisation automatique bi-zone, r\u00e9servoir de carburant 90 L, supports lombaires avant r\u00e9glables \u00e9lectriquement, jantes en alliage, moteur V10 FSI 5.2 L \u2013 386 kW (40 soupapes), navigation MMI Plus, p\u00e9dalier en aluminium, kit de r\u00e9paration de pneus, syst\u00e8me de contr\u00f4le de pression des pneus, buses de lave-glace chauffantes, airbags lat\u00e9raux avant, si\u00e8ges avant \u00e0 r\u00e9glage \u00e9lectrique, si\u00e8ges avant chauffants, syst\u00e8me audio Bang &#038; Olufsen, si\u00e8ges sport, vitrage athermique teint\u00e9 vert.<\/p>","protected":false},"featured_media":7235,"template":"","meta":{"_acf_changed":false,"content-type":"","ocean_post_layout":"","ocean_both_sidebars_style":"","ocean_both_sidebars_content_width":0,"ocean_both_sidebars_sidebars_width":0,"ocean_sidebar":"","ocean_second_sidebar":"","ocean_disable_margins":"enable","ocean_add_body_class":"","ocean_shortcode_before_top_bar":"","ocean_shortcode_after_top_bar":"","ocean_shortcode_before_header":"","ocean_shortcode_after_header":"","ocean_has_shortcode":"","ocean_shortcode_after_title":"","ocean_shortcode_before_footer_widgets":"","ocean_shortcode_after_footer_widgets":"","ocean_shortcode_before_footer_bottom":"","ocean_shortcode_after_footer_bottom":"","ocean_display_top_bar":"default","ocean_display_header":"default","ocean_header_style":"","ocean_center_header_left_menu":"","ocean_custom_header_template":"","ocean_custom_logo":0,"ocean_custom_retina_logo":0,"ocean_custom_logo_max_width":0,"ocean_custom_logo_tablet_max_width":0,"ocean_custom_logo_mobile_max_width":0,"ocean_custom_logo_max_height":0,"ocean_custom_logo_tablet_max_height":0,"ocean_custom_logo_mobile_max_height":0,"ocean_header_custom_menu":"","ocean_menu_typo_font_family":"","ocean_menu_typo_font_subset":"","ocean_menu_typo_font_size":0,"ocean_menu_typo_font_size_tablet":0,"ocean_menu_typo_font_size_mobile":0,"ocean_menu_typo_font_size_unit":"px","ocean_menu_typo_font_weight":"","ocean_menu_typo_font_weight_tablet":"","ocean_menu_typo_font_weight_mobile":"","ocean_menu_typo_transform":"","ocean_menu_typo_transform_tablet":"","ocean_menu_typo_transform_mobile":"","ocean_menu_typo_line_height":0,"ocean_menu_typo_line_height_tablet":0,"ocean_menu_typo_line_height_mobile":0,"ocean_menu_typo_line_height_unit":"","ocean_menu_typo_spacing":0,"ocean_menu_typo_spacing_tablet":0,"ocean_menu_typo_spacing_mobile":0,"ocean_menu_typo_spacing_unit":"","ocean_menu_link_color":"","ocean_menu_link_color_hover":"","ocean_menu_link_color_active":"","ocean_menu_link_background":"","ocean_menu_link_hover_background":"","ocean_menu_link_active_background":"","ocean_menu_social_links_bg":"","ocean_menu_social_hover_links_bg":"","ocean_menu_social_links_color":"","ocean_menu_social_hover_links_color":"","ocean_disable_title":"default","ocean_disable_heading":"default","ocean_post_title":"","ocean_post_subheading":"","ocean_post_title_style":"","ocean_post_title_background_color":"","ocean_post_title_background":0,"ocean_post_title_bg_image_position":"","ocean_post_title_bg_image_attachment":"","ocean_post_title_bg_image_repeat":"","ocean_post_title_bg_image_size":"","ocean_post_title_height":0,"ocean_post_title_bg_overlay":0.5,"ocean_post_title_bg_overlay_color":"","ocean_disable_breadcrumbs":"default","ocean_breadcrumbs_color":"","ocean_breadcrumbs_separator_color":"","ocean_breadcrumbs_links_color":"","ocean_breadcrumbs_links_hover_color":"","ocean_display_footer_widgets":"default","ocean_display_footer_bottom":"default","ocean_custom_footer_template":""},"product_brand":[],"product_cat":[19],"product_tag":[],"class_list":{"0":"post-7860","1":"product","2":"type-product","3":"status-publish","4":"has-post-thumbnail","6":"product_cat-non-classe","7":"entry","8":"has-media","10":"first","11":"instock","12":"shipping-taxable","13":"purchasable","14":"product-type-simple"},"acf":[],"yoast_head":"<!-- This site is optimized with the Yoast SEO plugin v27.3 - https:\/\/yoast.com\/product\/yoast-seo-wordpress\/ -->\n<title>Audi R8 Coupe 5.2 FSI quattro - AVF Motors<\/title>\n<meta name=\"robots\" content=\"index, follow, max-snippet:-1, max-image-preview:large, max-video-preview:-1\" \/>\n<link rel=\"canonical\" href=\"https:\/\/www.avf-motors.com\/en\/shop\/audi-r8-coupe-5-2-fsi-quattro\/\" \/>\n<meta property=\"og:locale\" content=\"en_GB\" \/>\n<meta property=\"og:type\" content=\"article\" \/>\n<meta property=\"og:title\" content=\"Audi R8 Coupe 5.2 FSI quattro - AVF Motors\" \/>\n<meta property=\"og:description\" content=\"\u00c9quipements optionnels :Chargeur CD, aide au stationnement avant et arri\u00e8re avec affichage et cam\u00e9ra de recul (APS Advanced), inserts d\u00e9coratifs en carbone dans l&#039;habitacle, int\u00e9rieur cuir int\u00e9gral en cuir fin Nappa, pack \u00e9clairage, \u00e9l\u00e9ments a\u00e9rodynamiques lat\u00e9raux Sideblade en carbone Sigma, cache moteur en carbone Sigma, peinture \u00e0 effet nacr\u00e9, \u00e9metteur int\u00e9gr\u00e9 pour ouvre-porte de garage, pr\u00e9-\u00e9quipement t\u00e9l\u00e9phone portable avec interface Bluetooth.Autres \u00e9quipements :Airbags conducteur et passager avant, antipatinage (ASR), r\u00e9troviseur ext\u00e9rieur gauche asph\u00e9rique, r\u00e9troviseurs ext\u00e9rieurs \u00e9lectriques rabattables avec fonction anti-\u00e9blouissement, r\u00e9troviseur ext\u00e9rieur droit convexe, r\u00e9troviseurs couleur carrosserie, \u00e9crous antivol pour roues, diff\u00e9rentiel \u00e9lectronique (EDS), aide au d\u00e9marrage en c\u00f4te, syst\u00e8me d&#039;information du conducteur (FIS), suspension avec amortissement pilot\u00e9 (Magnetic Ride), pare-brise avec bande filtrante sup\u00e9rieure, syst\u00e8me d&#039;infodivertissement avec interface multim\u00e9dia MMI, r\u00e9troviseur int\u00e9rieur \u00e9lectrochrome, fixations Isofix pour si\u00e8ge enfant c\u00f4t\u00e9 passager, carrosserie 2 portes, climatisation automatique bi-zone, r\u00e9servoir de carburant 90 L, supports lombaires avant r\u00e9glables \u00e9lectriquement, jantes en alliage, moteur V10 FSI 5.2 L \u2013 386 kW (40 soupapes), navigation MMI Plus, p\u00e9dalier en aluminium, kit de r\u00e9paration de pneus, syst\u00e8me de contr\u00f4le de pression des pneus, buses de lave-glace chauffantes, airbags lat\u00e9raux avant, si\u00e8ges avant \u00e0 r\u00e9glage \u00e9lectrique, si\u00e8ges avant chauffants, syst\u00e8me audio Bang &amp; Olufsen, si\u00e8ges sport, vitrage athermique teint\u00e9 vert.\" \/>\n<meta property=\"og:url\" content=\"https:\/\/www.avf-motors.com\/en\/shop\/audi-r8-coupe-5-2-fsi-quattro\/\" \/>\n<meta property=\"og:site_name\" content=\"AVF Motors\" \/>\n<meta property=\"article:modified_time\" content=\"2026-05-03T13:00:15+00:00\" \/>\n<meta property=\"og:image\" content=\"https:\/\/www.avf-motors.com\/wp-content\/uploads\/2026\/02\/117064-YIGarPOTUsBKtdQXAqic-1.jpg\" \/>\n\t<meta property=\"og:image:width\" content=\"800\" \/>\n\t<meta property=\"og:image:height\" content=\"600\" \/>\n\t<meta property=\"og:image:type\" content=\"image\/jpeg\" \/>\n<meta name=\"twitter:card\" content=\"summary_large_image\" \/>\n<meta name=\"twitter:label1\" content=\"Estimated reading time\" \/>\n\t<meta name=\"twitter:data1\" content=\"1 minute\" \/>\n<script type=\"application\/ld+json\" class=\"yoast-schema-graph\">{\"@context\":\"https:\\\/\\\/schema.org\",\"@graph\":[{\"@type\":\"WebPage\",\"@id\":\"https:\\\/\\\/www.avf-motors.com\\\/shop\\\/audi-r8-coupe-5-2-fsi-quattro\\\/\",\"url\":\"https:\\\/\\\/www.avf-motors.com\\\/shop\\\/audi-r8-coupe-5-2-fsi-quattro\\\/\",\"name\":\"Audi R8 Coupe 5.2 FSI quattro - AVF Motors\",\"isPartOf\":{\"@id\":\"https:\\\/\\\/www.avf-motors.com\\\/en\\\/#website\"},\"primaryImageOfPage\":{\"@id\":\"https:\\\/\\\/www.avf-motors.com\\\/shop\\\/audi-r8-coupe-5-2-fsi-quattro\\\/#primaryimage\"},\"image\":{\"@id\":\"https:\\\/\\\/www.avf-motors.com\\\/shop\\\/audi-r8-coupe-5-2-fsi-quattro\\\/#primaryimage\"},\"thumbnailUrl\":\"https:\\\/\\\/www.avf-motors.com\\\/wp-content\\\/uploads\\\/2026\\\/02\\\/117064-YIGarPOTUsBKtdQXAqic-1.jpg\",\"datePublished\":\"2026-04-01T17:02:39+00:00\",\"dateModified\":\"2026-05-03T13:00:15+00:00\",\"breadcrumb\":{\"@id\":\"https:\\\/\\\/www.avf-motors.com\\\/shop\\\/audi-r8-coupe-5-2-fsi-quattro\\\/#breadcrumb\"},\"inLanguage\":\"en-GB\",\"potentialAction\":[{\"@type\":\"ReadAction\",\"target\":[\"https:\\\/\\\/www.avf-motors.com\\\/shop\\\/audi-r8-coupe-5-2-fsi-quattro\\\/\"]}]},{\"@type\":\"ImageObject\",\"inLanguage\":\"en-GB\",\"@id\":\"https:\\\/\\\/www.avf-motors.com\\\/shop\\\/audi-r8-coupe-5-2-fsi-quattro\\\/#primaryimage\",\"url\":\"https:\\\/\\\/www.avf-motors.com\\\/wp-content\\\/uploads\\\/2026\\\/02\\\/117064-YIGarPOTUsBKtdQXAqic-1.jpg\",\"contentUrl\":\"https:\\\/\\\/www.avf-motors.com\\\/wp-content\\\/uploads\\\/2026\\\/02\\\/117064-YIGarPOTUsBKtdQXAqic-1.jpg\",\"width\":800,\"height\":600},{\"@type\":\"BreadcrumbList\",\"@id\":\"https:\\\/\\\/www.avf-motors.com\\\/shop\\\/audi-r8-coupe-5-2-fsi-quattro\\\/#breadcrumb\",\"itemListElement\":[{\"@type\":\"ListItem\",\"position\":1,\"name\":\"Accueil\",\"item\":\"https:\\\/\\\/www.avf-motors.com\\\/en\\\/\"},{\"@type\":\"ListItem\",\"position\":2,\"name\":\"Nos voitures\",\"item\":\"https:\\\/\\\/www.avf-motors.com\\\/en\\\/nos-voitures\\\/\"},{\"@type\":\"ListItem\",\"position\":3,\"name\":\"Audi R8 Coupe 5.2 FSI quattro\"}]},{\"@type\":\"WebSite\",\"@id\":\"https:\\\/\\\/www.avf-motors.com\\\/en\\\/#website\",\"url\":\"https:\\\/\\\/www.avf-motors.com\\\/en\\\/\",\"name\":\"AVF Motors\",\"description\":\"\",\"publisher\":{\"@id\":\"https:\\\/\\\/www.avf-motors.com\\\/en\\\/#organization\"},\"potentialAction\":[{\"@type\":\"SearchAction\",\"target\":{\"@type\":\"EntryPoint\",\"urlTemplate\":\"https:\\\/\\\/www.avf-motors.com\\\/en\\\/?s={search_term_string}\"},\"query-input\":{\"@type\":\"PropertyValueSpecification\",\"valueRequired\":true,\"valueName\":\"search_term_string\"}}],\"inLanguage\":\"en-GB\"},{\"@type\":\"Organization\",\"@id\":\"https:\\\/\\\/www.avf-motors.com\\\/en\\\/#organization\",\"name\":\"AVF Motors\",\"url\":\"https:\\\/\\\/www.avf-motors.com\\\/en\\\/\",\"logo\":{\"@type\":\"ImageObject\",\"inLanguage\":\"en-GB\",\"@id\":\"https:\\\/\\\/www.avf-motors.com\\\/en\\\/#\\\/schema\\\/logo\\\/image\\\/\",\"url\":\"https:\\\/\\\/www.avf-motors.com\\\/wp-content\\\/uploads\\\/2025\\\/06\\\/cropped-cropped-Logo-couleur-baseline-vectoriel-removebg-preview-1-1.png\",\"contentUrl\":\"https:\\\/\\\/www.avf-motors.com\\\/wp-content\\\/uploads\\\/2025\\\/06\\\/cropped-cropped-Logo-couleur-baseline-vectoriel-removebg-preview-1-1.png\",\"width\":630,\"height\":330,\"caption\":\"AVF Motors\"},\"image\":{\"@id\":\"https:\\\/\\\/www.avf-motors.com\\\/en\\\/#\\\/schema\\\/logo\\\/image\\\/\"}}]}<\/script>\n<!-- \/ Yoast SEO plugin. -->","yoast_head_json":{"title":"Audi R8 Coupe 5.2 FSI quattro - AVF Motors","robots":{"index":"index","follow":"follow","max-snippet":"max-snippet:-1","max-image-preview":"max-image-preview:large","max-video-preview":"max-video-preview:-1"},"canonical":"https:\/\/www.avf-motors.com\/en\/shop\/audi-r8-coupe-5-2-fsi-quattro\/","og_locale":"en_GB","og_type":"article","og_title":"Audi R8 Coupe 5.2 FSI quattro - AVF Motors","og_description":"\u00c9quipements optionnels :Chargeur CD, aide au stationnement avant et arri\u00e8re avec affichage et cam\u00e9ra de recul (APS Advanced), inserts d\u00e9coratifs en carbone dans l'habitacle, int\u00e9rieur cuir int\u00e9gral en cuir fin Nappa, pack \u00e9clairage, \u00e9l\u00e9ments a\u00e9rodynamiques lat\u00e9raux Sideblade en carbone Sigma, cache moteur en carbone Sigma, peinture \u00e0 effet nacr\u00e9, \u00e9metteur int\u00e9gr\u00e9 pour ouvre-porte de garage, pr\u00e9-\u00e9quipement t\u00e9l\u00e9phone portable avec interface Bluetooth.Autres \u00e9quipements :Airbags conducteur et passager avant, antipatinage (ASR), r\u00e9troviseur ext\u00e9rieur gauche asph\u00e9rique, r\u00e9troviseurs ext\u00e9rieurs \u00e9lectriques rabattables avec fonction anti-\u00e9blouissement, r\u00e9troviseur ext\u00e9rieur droit convexe, r\u00e9troviseurs couleur carrosserie, \u00e9crous antivol pour roues, diff\u00e9rentiel \u00e9lectronique (EDS), aide au d\u00e9marrage en c\u00f4te, syst\u00e8me d'information du conducteur (FIS), suspension avec amortissement pilot\u00e9 (Magnetic Ride), pare-brise avec bande filtrante sup\u00e9rieure, syst\u00e8me d'infodivertissement avec interface multim\u00e9dia MMI, r\u00e9troviseur int\u00e9rieur \u00e9lectrochrome, fixations Isofix pour si\u00e8ge enfant c\u00f4t\u00e9 passager, carrosserie 2 portes, climatisation automatique bi-zone, r\u00e9servoir de carburant 90 L, supports lombaires avant r\u00e9glables \u00e9lectriquement, jantes en alliage, moteur V10 FSI 5.2 L \u2013 386 kW (40 soupapes), navigation MMI Plus, p\u00e9dalier en aluminium, kit de r\u00e9paration de pneus, syst\u00e8me de contr\u00f4le de pression des pneus, buses de lave-glace chauffantes, airbags lat\u00e9raux avant, si\u00e8ges avant \u00e0 r\u00e9glage \u00e9lectrique, si\u00e8ges avant chauffants, syst\u00e8me audio Bang & Olufsen, si\u00e8ges sport, vitrage athermique teint\u00e9 vert.","og_url":"https:\/\/www.avf-motors.com\/en\/shop\/audi-r8-coupe-5-2-fsi-quattro\/","og_site_name":"AVF Motors","article_modified_time":"2026-05-03T13:00:15+00:00","og_image":[{"width":800,"height":600,"url":"https:\/\/www.avf-motors.com\/wp-content\/uploads\/2026\/02\/117064-YIGarPOTUsBKtdQXAqic-1.jpg","type":"image\/jpeg"}],"twitter_card":"summary_large_image","twitter_misc":{"Estimated reading time":"1 minute"},"schema":{"@context":"https:\/\/schema.org","@graph":[{"@type":"WebPage","@id":"https:\/\/www.avf-motors.com\/shop\/audi-r8-coupe-5-2-fsi-quattro\/","url":"https:\/\/www.avf-motors.com\/shop\/audi-r8-coupe-5-2-fsi-quattro\/","name":"Audi R8 Coupe 5.2 FSI quattro - AVF Motors","isPartOf":{"@id":"https:\/\/www.avf-motors.com\/en\/#website"},"primaryImageOfPage":{"@id":"https:\/\/www.avf-motors.com\/shop\/audi-r8-coupe-5-2-fsi-quattro\/#primaryimage"},"image":{"@id":"https:\/\/www.avf-motors.com\/shop\/audi-r8-coupe-5-2-fsi-quattro\/#primaryimage"},"thumbnailUrl":"https:\/\/www.avf-motors.com\/wp-content\/uploads\/2026\/02\/117064-YIGarPOTUsBKtdQXAqic-1.jpg","datePublished":"2026-04-01T17:02:39+00:00","dateModified":"2026-05-03T13:00:15+00:00","breadcrumb":{"@id":"https:\/\/www.avf-motors.com\/shop\/audi-r8-coupe-5-2-fsi-quattro\/#breadcrumb"},"inLanguage":"en-GB","potentialAction":[{"@type":"ReadAction","target":["https:\/\/www.avf-motors.com\/shop\/audi-r8-coupe-5-2-fsi-quattro\/"]}]},{"@type":"ImageObject","inLanguage":"en-GB","@id":"https:\/\/www.avf-motors.com\/shop\/audi-r8-coupe-5-2-fsi-quattro\/#primaryimage","url":"https:\/\/www.avf-motors.com\/wp-content\/uploads\/2026\/02\/117064-YIGarPOTUsBKtdQXAqic-1.jpg","contentUrl":"https:\/\/www.avf-motors.com\/wp-content\/uploads\/2026\/02\/117064-YIGarPOTUsBKtdQXAqic-1.jpg","width":800,"height":600},{"@type":"BreadcrumbList","@id":"https:\/\/www.avf-motors.com\/shop\/audi-r8-coupe-5-2-fsi-quattro\/#breadcrumb","itemListElement":[{"@type":"ListItem","position":1,"name":"Accueil","item":"https:\/\/www.avf-motors.com\/en\/"},{"@type":"ListItem","position":2,"name":"Nos voitures","item":"https:\/\/www.avf-motors.com\/en\/nos-voitures\/"},{"@type":"ListItem","position":3,"name":"Audi R8 Coupe 5.2 FSI quattro"}]},{"@type":"WebSite","@id":"https:\/\/www.avf-motors.com\/en\/#website","url":"https:\/\/www.avf-motors.com\/en\/","name":"AVF Motors","description":"","publisher":{"@id":"https:\/\/www.avf-motors.com\/en\/#organization"},"potentialAction":[{"@type":"SearchAction","target":{"@type":"EntryPoint","urlTemplate":"https:\/\/www.avf-motors.com\/en\/?s={search_term_string}"},"query-input":{"@type":"PropertyValueSpecification","valueRequired":true,"valueName":"search_term_string"}}],"inLanguage":"en-GB"},{"@type":"Organization","@id":"https:\/\/www.avf-motors.com\/en\/#organization","name":"AVF Motors","url":"https:\/\/www.avf-motors.com\/en\/","logo":{"@type":"ImageObject","inLanguage":"en-GB","@id":"https:\/\/www.avf-motors.com\/en\/#\/schema\/logo\/image\/","url":"https:\/\/www.avf-motors.com\/wp-content\/uploads\/2025\/06\/cropped-cropped-Logo-couleur-baseline-vectoriel-removebg-preview-1-1.png","contentUrl":"https:\/\/www.avf-motors.com\/wp-content\/uploads\/2025\/06\/cropped-cropped-Logo-couleur-baseline-vectoriel-removebg-preview-1-1.png","width":630,"height":330,"caption":"AVF Motors"},"image":{"@id":"https:\/\/www.avf-motors.com\/en\/#\/schema\/logo\/image\/"}}]}},"_links":{"self":[{"href":"https:\/\/www.avf-motors.com\/en\/wp-json\/wp\/v2\/product\/7860","targetHints":{"allow":["GET"]}}],"collection":[{"href":"https:\/\/www.avf-motors.com\/en\/wp-json\/wp\/v2\/product"}],"about":[{"href":"https:\/\/www.avf-motors.com\/en\/wp-json\/wp\/v2\/types\/product"}],"wp:featuredmedia":[{"embeddable":true,"href":"https:\/\/www.avf-motors.com\/en\/wp-json\/wp\/v2\/media\/7235"}],"wp:attachment":[{"href":"https:\/\/www.avf-motors.com\/en\/wp-json\/wp\/v2\/media?parent=7860"}],"wp:term":[{"taxonomy":"product_brand","embeddable":true,"href":"https:\/\/www.avf-motors.com\/en\/wp-json\/wp\/v2\/product_brand?post=7860"},{"taxonomy":"product_cat","embeddable":true,"href":"https:\/\/www.avf-motors.com\/en\/wp-json\/wp\/v2\/product_cat?post=7860"},{"taxonomy":"product_tag","embeddable":true,"href":"https:\/\/www.avf-motors.com\/en\/wp-json\/wp\/v2\/product_tag?post=7860"}],"curies":[{"name":"wp","href":"https:\/\/api.w.org\/{rel}","templated":true}]}}