{"id":7858,"date":"2026-04-01T19:02:38","date_gmt":"2026-04-01T17:02:38","guid":{"rendered":"https:\/\/www.avf-motors.com\/shop\/aston-martin-dbx-707-carbone-exterieur-interieur-jantes-23-forgees\/"},"modified":"2026-05-03T15:00:14","modified_gmt":"2026-05-03T13:00:14","slug":"aston-martin-dbx-707-carbone-exterieur-interieur-jantes-23-forgees","status":"publish","type":"product","link":"https:\/\/www.avf-motors.com\/en\/shop\/aston-martin-dbx-707-carbone-exterieur-interieur-jantes-23-forgees\/","title":{"rendered":"Aston Martin DBX 707 &#8211; Carbone Ext\u00e9rieur &#038; Int\u00e9rieur &#8211; Jantes 23&Prime; Forg\u00e9es"},"content":{"rendered":"<p>Disponible Maintenant !<\/p>\n<p>Available Now !<\/p>\n<p><\/p>\n<p>Sur rendez-vous uniquement.<\/p>\n<p>By appointment only.<\/p>\n<p><\/p>\n<p>Peinture M\u00e9tallis\u00e9e Noir Onyx.<\/p>\n<p>Kit de premier secours.<\/p>\n<p>Calandre Noire.<\/p>\n<p>Ouverture du coffre sans cl\u00e9s.<\/p>\n<p>Vitres arri\u00e8res surteint\u00e9es.<\/p>\n<p>Pack Joaillerie &#8211; Noir Chrom\u00e9 &#038; Fibre de Carbone.<\/p>\n<p>Surpiqures Contrast\u00e9es.<\/p>\n<p>Feux arri\u00e8res fum\u00e9s.<\/p>\n<p>Syst\u00e8me traqueur Aston Martin.<\/p>\n<p>Pack Ext\u00e9rieur Haut &#8211; Fibre de carbone.<\/p>\n<p>Sellerie int\u00e9rieure Inspire &#8211; Sport Monotone.<\/p>\n<p>Finitions int\u00e9rieures &#8211; Fibre de carbone.<\/p>\n<p>Jantes 23&Prime; forg\u00e9es &#8211; Noir<\/p>","protected":false},"excerpt":{"rendered":"<p>Disponible Maintenant !<\/p>\n<p>Available Now !<\/p>\n<p><\/p>\n<p>Sur rendez-vous uniquement.<\/p>\n<p>By appointment only.<\/p>\n<p><\/p>\n<p>Pens\u00e9 pour repousser les limites des SUVs, ce superbe Aston Martin DBX 707 incarne l&rsquo;alliance parfaite entre performances et raffinement britannique. Ses lignes puissantes et \u00e9l\u00e9gantes, sublim\u00e9es par une teinte \u00ab\u00a0Onyx Noir\u00a0\u00bb, affirment un caract\u00e8re sportif sans oublier l&rsquo;\u00e9l\u00e9gance intemporelle d&rsquo;Aston Martin. La sellerie int\u00e9rieure noire \u00ab\u00a0Inspire &#8211; Sport Monotone\u00a0\u00bb et ses surpiqures contrast\u00e9es offrent un confort optimal pour chaque trajet \u00e0 son bord.<\/p>\n<p><\/p>\n<p>V8 4.0 biturbo &#8211; 707 ch &#8211;&nbsp;Bo\u00eete automatique \u00e0 9 rapports<\/p>\n<p>Transmission int\u00e9grale &#8211; 0 \u00e0 100 km\/h en 3,3 sec<\/p>\n<p><\/p>\n<p>Peinture M\u00e9tallis\u00e9e Noir Onyx.<\/p>\n<p>Kit de premier secours.<\/p>\n<p>Calandre Noire.<\/p>\n<p>Ouverture du coffre sans cl\u00e9s.<\/p>\n<p>Vitres arri\u00e8res surteint\u00e9es.<\/p>\n<p>Pack Joaillerie &#8211; Noir Chrom\u00e9 &#038; Fibre de Carbone.<\/p>\n<p>Surpiqures Contrast\u00e9es.<\/p>\n<p>Feux arri\u00e8res fum\u00e9s.<\/p>\n<p>Syst\u00e8me traqueur Aston Martin.<\/p>\n<p>Pack Ext\u00e9rieur Haut &#8211; Fibre de carbone.<\/p>\n<p>Sellerie int\u00e9rieure Inspire &#8211; Sport Monotone.<\/p>\n<p>Finitions int\u00e9rieures &#8211; Fibre de carbone.<\/p>\n<p>Jantes 23&Prime; forg\u00e9es &#8211; Noir<\/p>","protected":false},"featured_media":7281,"template":"","meta":{"_acf_changed":false,"content-type":"","ocean_post_layout":"","ocean_both_sidebars_style":"","ocean_both_sidebars_content_width":0,"ocean_both_sidebars_sidebars_width":0,"ocean_sidebar":"","ocean_second_sidebar":"","ocean_disable_margins":"enable","ocean_add_body_class":"","ocean_shortcode_before_top_bar":"","ocean_shortcode_after_top_bar":"","ocean_shortcode_before_header":"","ocean_shortcode_after_header":"","ocean_has_shortcode":"","ocean_shortcode_after_title":"","ocean_shortcode_before_footer_widgets":"","ocean_shortcode_after_footer_widgets":"","ocean_shortcode_before_footer_bottom":"","ocean_shortcode_after_footer_bottom":"","ocean_display_top_bar":"default","ocean_display_header":"default","ocean_header_style":"","ocean_center_header_left_menu":"","ocean_custom_header_template":"","ocean_custom_logo":0,"ocean_custom_retina_logo":0,"ocean_custom_logo_max_width":0,"ocean_custom_logo_tablet_max_width":0,"ocean_custom_logo_mobile_max_width":0,"ocean_custom_logo_max_height":0,"ocean_custom_logo_tablet_max_height":0,"ocean_custom_logo_mobile_max_height":0,"ocean_header_custom_menu":"","ocean_menu_typo_font_family":"","ocean_menu_typo_font_subset":"","ocean_menu_typo_font_size":0,"ocean_menu_typo_font_size_tablet":0,"ocean_menu_typo_font_size_mobile":0,"ocean_menu_typo_font_size_unit":"px","ocean_menu_typo_font_weight":"","ocean_menu_typo_font_weight_tablet":"","ocean_menu_typo_font_weight_mobile":"","ocean_menu_typo_transform":"","ocean_menu_typo_transform_tablet":"","ocean_menu_typo_transform_mobile":"","ocean_menu_typo_line_height":0,"ocean_menu_typo_line_height_tablet":0,"ocean_menu_typo_line_height_mobile":0,"ocean_menu_typo_line_height_unit":"","ocean_menu_typo_spacing":0,"ocean_menu_typo_spacing_tablet":0,"ocean_menu_typo_spacing_mobile":0,"ocean_menu_typo_spacing_unit":"","ocean_menu_link_color":"","ocean_menu_link_color_hover":"","ocean_menu_link_color_active":"","ocean_menu_link_background":"","ocean_menu_link_hover_background":"","ocean_menu_link_active_background":"","ocean_menu_social_links_bg":"","ocean_menu_social_hover_links_bg":"","ocean_menu_social_links_color":"","ocean_menu_social_hover_links_color":"","ocean_disable_title":"default","ocean_disable_heading":"default","ocean_post_title":"","ocean_post_subheading":"","ocean_post_title_style":"","ocean_post_title_background_color":"","ocean_post_title_background":0,"ocean_post_title_bg_image_position":"","ocean_post_title_bg_image_attachment":"","ocean_post_title_bg_image_repeat":"","ocean_post_title_bg_image_size":"","ocean_post_title_height":0,"ocean_post_title_bg_overlay":0.5,"ocean_post_title_bg_overlay_color":"","ocean_disable_breadcrumbs":"default","ocean_breadcrumbs_color":"","ocean_breadcrumbs_separator_color":"","ocean_breadcrumbs_links_color":"","ocean_breadcrumbs_links_hover_color":"","ocean_display_footer_widgets":"default","ocean_display_footer_bottom":"default","ocean_custom_footer_template":""},"product_brand":[],"product_cat":[19],"product_tag":[],"class_list":{"0":"post-7858","1":"product","2":"type-product","3":"status-publish","4":"has-post-thumbnail","6":"product_cat-non-classe","7":"entry","8":"has-media","10":"first","11":"instock","12":"shipping-taxable","13":"purchasable","14":"product-type-simple"},"acf":[],"yoast_head":"<!-- This site is optimized with the Yoast SEO plugin v27.3 - https:\/\/yoast.com\/product\/yoast-seo-wordpress\/ -->\n<title>Aston Martin DBX 707 - Carbone Ext\u00e9rieur &amp; Int\u00e9rieur - Jantes 23&quot; Forg\u00e9es - AVF Motors<\/title>\n<meta name=\"robots\" content=\"index, follow, max-snippet:-1, max-image-preview:large, max-video-preview:-1\" \/>\n<link rel=\"canonical\" href=\"https:\/\/www.avf-motors.com\/en\/shop\/aston-martin-dbx-707-carbone-exterieur-interieur-jantes-23-forgees\/\" \/>\n<meta property=\"og:locale\" content=\"en_GB\" \/>\n<meta property=\"og:type\" content=\"article\" \/>\n<meta property=\"og:title\" content=\"Aston Martin DBX 707 - Carbone Ext\u00e9rieur &amp; Int\u00e9rieur - Jantes 23&quot; Forg\u00e9es - AVF Motors\" \/>\n<meta property=\"og:description\" content=\"Disponible Maintenant !Available Now !Sur rendez-vous uniquement.By appointment only.Pens\u00e9 pour repousser les limites des SUVs, ce superbe Aston Martin DBX 707 incarne l&#039;alliance parfaite entre performances et raffinement britannique. Ses lignes puissantes et \u00e9l\u00e9gantes, sublim\u00e9es par une teinte &quot;Onyx Noir&quot;, affirment un caract\u00e8re sportif sans oublier l&#039;\u00e9l\u00e9gance intemporelle d&#039;Aston Martin. La sellerie int\u00e9rieure noire &quot;Inspire - Sport Monotone&quot; et ses surpiqures contrast\u00e9es offrent un confort optimal pour chaque trajet \u00e0 son bord.V8 4.0 biturbo - 707 ch -&nbsp;Bo\u00eete automatique \u00e0 9 rapportsTransmission int\u00e9grale - 0 \u00e0 100 km\/h en 3,3 secPeinture M\u00e9tallis\u00e9e Noir Onyx.Kit de premier secours.Calandre Noire.Ouverture du coffre sans cl\u00e9s.Vitres arri\u00e8res surteint\u00e9es.Pack Joaillerie - Noir Chrom\u00e9 &amp; Fibre de Carbone.Surpiqures Contrast\u00e9es.Feux arri\u00e8res fum\u00e9s.Syst\u00e8me traqueur Aston Martin.Pack Ext\u00e9rieur Haut - Fibre de carbone.Sellerie int\u00e9rieure Inspire - Sport Monotone.Finitions int\u00e9rieures - Fibre de carbone.Jantes 23&quot; forg\u00e9es - Noir\" \/>\n<meta property=\"og:url\" content=\"https:\/\/www.avf-motors.com\/en\/shop\/aston-martin-dbx-707-carbone-exterieur-interieur-jantes-23-forgees\/\" \/>\n<meta property=\"og:site_name\" content=\"AVF Motors\" \/>\n<meta property=\"article:modified_time\" content=\"2026-05-03T13:00:14+00:00\" \/>\n<meta property=\"og:image\" content=\"https:\/\/www.avf-motors.com\/wp-content\/uploads\/2026\/02\/117919-JZzQgGIBMNVthFeXKkym.jpg\" \/>\n\t<meta property=\"og:image:width\" content=\"800\" \/>\n\t<meta property=\"og:image:height\" content=\"600\" \/>\n\t<meta property=\"og:image:type\" content=\"image\/jpeg\" \/>\n<meta name=\"twitter:card\" content=\"summary_large_image\" \/>\n<script type=\"application\/ld+json\" class=\"yoast-schema-graph\">{\"@context\":\"https:\\\/\\\/schema.org\",\"@graph\":[{\"@type\":\"WebPage\",\"@id\":\"https:\\\/\\\/www.avf-motors.com\\\/shop\\\/aston-martin-dbx-707-carbone-exterieur-interieur-jantes-23-forgees\\\/\",\"url\":\"https:\\\/\\\/www.avf-motors.com\\\/shop\\\/aston-martin-dbx-707-carbone-exterieur-interieur-jantes-23-forgees\\\/\",\"name\":\"Aston Martin DBX 707 - Carbone Ext\u00e9rieur & Int\u00e9rieur - Jantes 23\\\" Forg\u00e9es - AVF Motors\",\"isPartOf\":{\"@id\":\"https:\\\/\\\/www.avf-motors.com\\\/en\\\/#website\"},\"primaryImageOfPage\":{\"@id\":\"https:\\\/\\\/www.avf-motors.com\\\/shop\\\/aston-martin-dbx-707-carbone-exterieur-interieur-jantes-23-forgees\\\/#primaryimage\"},\"image\":{\"@id\":\"https:\\\/\\\/www.avf-motors.com\\\/shop\\\/aston-martin-dbx-707-carbone-exterieur-interieur-jantes-23-forgees\\\/#primaryimage\"},\"thumbnailUrl\":\"https:\\\/\\\/www.avf-motors.com\\\/wp-content\\\/uploads\\\/2026\\\/02\\\/117919-JZzQgGIBMNVthFeXKkym.jpg\",\"datePublished\":\"2026-04-01T17:02:38+00:00\",\"dateModified\":\"2026-05-03T13:00:14+00:00\",\"breadcrumb\":{\"@id\":\"https:\\\/\\\/www.avf-motors.com\\\/shop\\\/aston-martin-dbx-707-carbone-exterieur-interieur-jantes-23-forgees\\\/#breadcrumb\"},\"inLanguage\":\"en-GB\",\"potentialAction\":[{\"@type\":\"ReadAction\",\"target\":[\"https:\\\/\\\/www.avf-motors.com\\\/shop\\\/aston-martin-dbx-707-carbone-exterieur-interieur-jantes-23-forgees\\\/\"]}]},{\"@type\":\"ImageObject\",\"inLanguage\":\"en-GB\",\"@id\":\"https:\\\/\\\/www.avf-motors.com\\\/shop\\\/aston-martin-dbx-707-carbone-exterieur-interieur-jantes-23-forgees\\\/#primaryimage\",\"url\":\"https:\\\/\\\/www.avf-motors.com\\\/wp-content\\\/uploads\\\/2026\\\/02\\\/117919-JZzQgGIBMNVthFeXKkym.jpg\",\"contentUrl\":\"https:\\\/\\\/www.avf-motors.com\\\/wp-content\\\/uploads\\\/2026\\\/02\\\/117919-JZzQgGIBMNVthFeXKkym.jpg\",\"width\":800,\"height\":600},{\"@type\":\"BreadcrumbList\",\"@id\":\"https:\\\/\\\/www.avf-motors.com\\\/shop\\\/aston-martin-dbx-707-carbone-exterieur-interieur-jantes-23-forgees\\\/#breadcrumb\",\"itemListElement\":[{\"@type\":\"ListItem\",\"position\":1,\"name\":\"Accueil\",\"item\":\"https:\\\/\\\/www.avf-motors.com\\\/en\\\/\"},{\"@type\":\"ListItem\",\"position\":2,\"name\":\"Nos voitures\",\"item\":\"https:\\\/\\\/www.avf-motors.com\\\/en\\\/nos-voitures\\\/\"},{\"@type\":\"ListItem\",\"position\":3,\"name\":\"Aston Martin DBX 707 &#8211; Carbone Ext\u00e9rieur &#038; Int\u00e9rieur &#8211; Jantes 23&Prime; Forg\u00e9es\"}]},{\"@type\":\"WebSite\",\"@id\":\"https:\\\/\\\/www.avf-motors.com\\\/en\\\/#website\",\"url\":\"https:\\\/\\\/www.avf-motors.com\\\/en\\\/\",\"name\":\"AVF Motors\",\"description\":\"\",\"publisher\":{\"@id\":\"https:\\\/\\\/www.avf-motors.com\\\/en\\\/#organization\"},\"potentialAction\":[{\"@type\":\"SearchAction\",\"target\":{\"@type\":\"EntryPoint\",\"urlTemplate\":\"https:\\\/\\\/www.avf-motors.com\\\/en\\\/?s={search_term_string}\"},\"query-input\":{\"@type\":\"PropertyValueSpecification\",\"valueRequired\":true,\"valueName\":\"search_term_string\"}}],\"inLanguage\":\"en-GB\"},{\"@type\":\"Organization\",\"@id\":\"https:\\\/\\\/www.avf-motors.com\\\/en\\\/#organization\",\"name\":\"AVF Motors\",\"url\":\"https:\\\/\\\/www.avf-motors.com\\\/en\\\/\",\"logo\":{\"@type\":\"ImageObject\",\"inLanguage\":\"en-GB\",\"@id\":\"https:\\\/\\\/www.avf-motors.com\\\/en\\\/#\\\/schema\\\/logo\\\/image\\\/\",\"url\":\"https:\\\/\\\/www.avf-motors.com\\\/wp-content\\\/uploads\\\/2025\\\/06\\\/cropped-cropped-Logo-couleur-baseline-vectoriel-removebg-preview-1-1.png\",\"contentUrl\":\"https:\\\/\\\/www.avf-motors.com\\\/wp-content\\\/uploads\\\/2025\\\/06\\\/cropped-cropped-Logo-couleur-baseline-vectoriel-removebg-preview-1-1.png\",\"width\":630,\"height\":330,\"caption\":\"AVF Motors\"},\"image\":{\"@id\":\"https:\\\/\\\/www.avf-motors.com\\\/en\\\/#\\\/schema\\\/logo\\\/image\\\/\"}}]}<\/script>\n<!-- \/ Yoast SEO plugin. -->","yoast_head_json":{"title":"Aston Martin DBX 707 - Carbone Ext\u00e9rieur & Int\u00e9rieur - Jantes 23\" Forg\u00e9es - AVF Motors","robots":{"index":"index","follow":"follow","max-snippet":"max-snippet:-1","max-image-preview":"max-image-preview:large","max-video-preview":"max-video-preview:-1"},"canonical":"https:\/\/www.avf-motors.com\/en\/shop\/aston-martin-dbx-707-carbone-exterieur-interieur-jantes-23-forgees\/","og_locale":"en_GB","og_type":"article","og_title":"Aston Martin DBX 707 - Carbone Ext\u00e9rieur & Int\u00e9rieur - Jantes 23\" Forg\u00e9es - AVF Motors","og_description":"Disponible Maintenant !Available Now !Sur rendez-vous uniquement.By appointment only.Pens\u00e9 pour repousser les limites des SUVs, ce superbe Aston Martin DBX 707 incarne l'alliance parfaite entre performances et raffinement britannique. Ses lignes puissantes et \u00e9l\u00e9gantes, sublim\u00e9es par une teinte \"Onyx Noir\", affirment un caract\u00e8re sportif sans oublier l'\u00e9l\u00e9gance intemporelle d'Aston Martin. La sellerie int\u00e9rieure noire \"Inspire - Sport Monotone\" et ses surpiqures contrast\u00e9es offrent un confort optimal pour chaque trajet \u00e0 son bord.V8 4.0 biturbo - 707 ch -&nbsp;Bo\u00eete automatique \u00e0 9 rapportsTransmission int\u00e9grale - 0 \u00e0 100 km\/h en 3,3 secPeinture M\u00e9tallis\u00e9e Noir Onyx.Kit de premier secours.Calandre Noire.Ouverture du coffre sans cl\u00e9s.Vitres arri\u00e8res surteint\u00e9es.Pack Joaillerie - Noir Chrom\u00e9 & Fibre de Carbone.Surpiqures Contrast\u00e9es.Feux arri\u00e8res fum\u00e9s.Syst\u00e8me traqueur Aston Martin.Pack Ext\u00e9rieur Haut - Fibre de carbone.Sellerie int\u00e9rieure Inspire - Sport Monotone.Finitions int\u00e9rieures - Fibre de carbone.Jantes 23\" forg\u00e9es - Noir","og_url":"https:\/\/www.avf-motors.com\/en\/shop\/aston-martin-dbx-707-carbone-exterieur-interieur-jantes-23-forgees\/","og_site_name":"AVF Motors","article_modified_time":"2026-05-03T13:00:14+00:00","og_image":[{"width":800,"height":600,"url":"https:\/\/www.avf-motors.com\/wp-content\/uploads\/2026\/02\/117919-JZzQgGIBMNVthFeXKkym.jpg","type":"image\/jpeg"}],"twitter_card":"summary_large_image","schema":{"@context":"https:\/\/schema.org","@graph":[{"@type":"WebPage","@id":"https:\/\/www.avf-motors.com\/shop\/aston-martin-dbx-707-carbone-exterieur-interieur-jantes-23-forgees\/","url":"https:\/\/www.avf-motors.com\/shop\/aston-martin-dbx-707-carbone-exterieur-interieur-jantes-23-forgees\/","name":"Aston Martin DBX 707 - Carbone Ext\u00e9rieur & Int\u00e9rieur - Jantes 23\" Forg\u00e9es - AVF Motors","isPartOf":{"@id":"https:\/\/www.avf-motors.com\/en\/#website"},"primaryImageOfPage":{"@id":"https:\/\/www.avf-motors.com\/shop\/aston-martin-dbx-707-carbone-exterieur-interieur-jantes-23-forgees\/#primaryimage"},"image":{"@id":"https:\/\/www.avf-motors.com\/shop\/aston-martin-dbx-707-carbone-exterieur-interieur-jantes-23-forgees\/#primaryimage"},"thumbnailUrl":"https:\/\/www.avf-motors.com\/wp-content\/uploads\/2026\/02\/117919-JZzQgGIBMNVthFeXKkym.jpg","datePublished":"2026-04-01T17:02:38+00:00","dateModified":"2026-05-03T13:00:14+00:00","breadcrumb":{"@id":"https:\/\/www.avf-motors.com\/shop\/aston-martin-dbx-707-carbone-exterieur-interieur-jantes-23-forgees\/#breadcrumb"},"inLanguage":"en-GB","potentialAction":[{"@type":"ReadAction","target":["https:\/\/www.avf-motors.com\/shop\/aston-martin-dbx-707-carbone-exterieur-interieur-jantes-23-forgees\/"]}]},{"@type":"ImageObject","inLanguage":"en-GB","@id":"https:\/\/www.avf-motors.com\/shop\/aston-martin-dbx-707-carbone-exterieur-interieur-jantes-23-forgees\/#primaryimage","url":"https:\/\/www.avf-motors.com\/wp-content\/uploads\/2026\/02\/117919-JZzQgGIBMNVthFeXKkym.jpg","contentUrl":"https:\/\/www.avf-motors.com\/wp-content\/uploads\/2026\/02\/117919-JZzQgGIBMNVthFeXKkym.jpg","width":800,"height":600},{"@type":"BreadcrumbList","@id":"https:\/\/www.avf-motors.com\/shop\/aston-martin-dbx-707-carbone-exterieur-interieur-jantes-23-forgees\/#breadcrumb","itemListElement":[{"@type":"ListItem","position":1,"name":"Accueil","item":"https:\/\/www.avf-motors.com\/en\/"},{"@type":"ListItem","position":2,"name":"Nos voitures","item":"https:\/\/www.avf-motors.com\/en\/nos-voitures\/"},{"@type":"ListItem","position":3,"name":"Aston Martin DBX 707 &#8211; Carbone Ext\u00e9rieur &#038; Int\u00e9rieur &#8211; Jantes 23&Prime; Forg\u00e9es"}]},{"@type":"WebSite","@id":"https:\/\/www.avf-motors.com\/en\/#website","url":"https:\/\/www.avf-motors.com\/en\/","name":"AVF Motors","description":"","publisher":{"@id":"https:\/\/www.avf-motors.com\/en\/#organization"},"potentialAction":[{"@type":"SearchAction","target":{"@type":"EntryPoint","urlTemplate":"https:\/\/www.avf-motors.com\/en\/?s={search_term_string}"},"query-input":{"@type":"PropertyValueSpecification","valueRequired":true,"valueName":"search_term_string"}}],"inLanguage":"en-GB"},{"@type":"Organization","@id":"https:\/\/www.avf-motors.com\/en\/#organization","name":"AVF Motors","url":"https:\/\/www.avf-motors.com\/en\/","logo":{"@type":"ImageObject","inLanguage":"en-GB","@id":"https:\/\/www.avf-motors.com\/en\/#\/schema\/logo\/image\/","url":"https:\/\/www.avf-motors.com\/wp-content\/uploads\/2025\/06\/cropped-cropped-Logo-couleur-baseline-vectoriel-removebg-preview-1-1.png","contentUrl":"https:\/\/www.avf-motors.com\/wp-content\/uploads\/2025\/06\/cropped-cropped-Logo-couleur-baseline-vectoriel-removebg-preview-1-1.png","width":630,"height":330,"caption":"AVF Motors"},"image":{"@id":"https:\/\/www.avf-motors.com\/en\/#\/schema\/logo\/image\/"}}]}},"_links":{"self":[{"href":"https:\/\/www.avf-motors.com\/en\/wp-json\/wp\/v2\/product\/7858","targetHints":{"allow":["GET"]}}],"collection":[{"href":"https:\/\/www.avf-motors.com\/en\/wp-json\/wp\/v2\/product"}],"about":[{"href":"https:\/\/www.avf-motors.com\/en\/wp-json\/wp\/v2\/types\/product"}],"wp:featuredmedia":[{"embeddable":true,"href":"https:\/\/www.avf-motors.com\/en\/wp-json\/wp\/v2\/media\/7281"}],"wp:attachment":[{"href":"https:\/\/www.avf-motors.com\/en\/wp-json\/wp\/v2\/media?parent=7858"}],"wp:term":[{"taxonomy":"product_brand","embeddable":true,"href":"https:\/\/www.avf-motors.com\/en\/wp-json\/wp\/v2\/product_brand?post=7858"},{"taxonomy":"product_cat","embeddable":true,"href":"https:\/\/www.avf-motors.com\/en\/wp-json\/wp\/v2\/product_cat?post=7858"},{"taxonomy":"product_tag","embeddable":true,"href":"https:\/\/www.avf-motors.com\/en\/wp-json\/wp\/v2\/product_tag?post=7858"}],"curies":[{"name":"wp","href":"https:\/\/api.w.org\/{rel}","templated":true}]}}