{"id":7857,"date":"2026-04-01T19:02:37","date_gmt":"2026-04-01T17:02:37","guid":{"rendered":"https:\/\/www.avf-motors.com\/shop\/audi-rs3-sportback-2-5-tfsi-s-tronic-toit-pano-freins-ceramiques-bo\/"},"modified":"2026-05-03T15:00:14","modified_gmt":"2026-05-03T13:00:14","slug":"audi-rs3-sportback-2-5-tfsi-s-tronic-toit-pano-freins-ceramiques-bo","status":"publish","type":"product","link":"https:\/\/www.avf-motors.com\/en\/shop\/audi-rs3-sportback-2-5-tfsi-s-tronic-toit-pano-freins-ceramiques-bo\/","title":{"rendered":"Audi RS3 Sportback 2.5 TFSI S Tronic &#8211; Toit pano &#8211; Freins c\u00e9ramiques &#8211; B&#038;O"},"content":{"rendered":"<p>Disponible Maintenant !<\/p>\n<p>Available Now !<\/p>\n<p><\/p>\n<p>Sur rendez-vous uniquement.<\/p>\n<p>By appointment only.<\/p>\n<p><\/p>\n<p>0E0E Noir Mythos M\u00e9tallis\u00e9<\/p>\n<p>1XX Volant multifonctions \u00e0 3 branches gain\u00e9 de cuir avec palettes de changement<\/p>\n<p>2Z0 Absence de sigles<\/p>\n<p>3FB Toit en verre panoramique<\/p>\n<p>4E6 Ouverture confort du hayon<\/p>\n<p>4GF Pare-brise en vitrage d&rsquo;isolation thermique<\/p>\n<p>4ZP Shadow look plus<\/p>\n<p>52W Jantes en alliage l\u00e9ger \u00e0 5 y branches, noir mat 8 x 19, pneus 245\/35 r19<\/p>\n<p>5L5 El\u00e9ments ext\u00e9rieur rs en noir brillant<\/p>\n<p>5MB Encarts en carbone<\/p>\n<p>6FA Boitiers de r\u00e9troviseurs ext\u00e9rieurs dans la teinte du v\u00e9hicule<\/p>\n<p>79H Avertisseur de changement de voie avec avertissement \u00e0 la descente&#8230;<\/p>\n<p>7AL Alarme p\u00e9rim\u00e9trique et volum\u00e9trique (atr2)<\/p>\n<p>7K3 Contr\u00f4le de la pression des pneus plus<\/p>\n<p>7P1 Soutien lombaire \u00e0 4 voies aux si\u00e8ges avant<\/p>\n<p>7W1 Audi pre sense basic<\/p>\n<p>929 C\u00e2ble usb-c vers apple lightning + c\u00e2ble usb-c vers c\u00e2ble usb-c<\/p>\n<p>9VS Bang &#038; Olufsen premium sound system<\/p>\n<p>9ZE Audi phone box<\/p>\n<p>EB4 Eb4<\/p>\n<p>GB1 Amplificateur lte pour audi phone box<\/p>\n<p>IU1 Audi smartphone interface<\/p>\n<p>KA2 Cam\u00e9ra de recul<\/p>\n<p>KS1 Head-up display<\/p>\n<p>N1H Cuir fin nappa avec motif nid d&rsquo;abeille<\/p>\n<p>PC6 Freins c\u00e9ramiques rs avec \u00e9triers de frein gris anthracite<\/p>\n<p>PCE Pack d&rsquo;assistance<\/p>\n<p>PEE Pack rs design plus vert<\/p>\n<p>PG3 Cl\u00e9 confort avec alarme volum\u00e9trique et p\u00e9rim\u00e9trique<\/p>\n<p>PV3 Si\u00e8ges avant \u00e9lectrique avec fonction de m\u00e9morisation du si\u00e8ge conducteur<\/p>\n<p>PXC Phares matrix led avec clignotants dynamiques \u00e0 l&rsquo;avant et \u00e0 l&rsquo;arri\u00e8re + sc\u00e8n&#8230;<\/p>\n<p>QW Noir &#8211; noir &#8211; vert micrommata \/ noir &#8211; noir \/ noir<\/p>\n<p>WAH Pack platinum&nbsp;<\/p>","protected":false},"excerpt":{"rendered":"<p>Disponible Maintenant !<\/p>\n<p>Available Now !<\/p>\n<p><\/p>\n<p>Sur rendez-vous uniquement.<\/p>\n<p>By appointment only.<\/p>\n<p><\/p>\n<p>Cette Audi RS3 Sportback repr\u00e9sente le parfait \u00e9quilibre entre performance brute et polyvalence au quotidien. Dot\u00e9e du 5 cylindres 2.5L TFSI, du syst\u00e8me quattro et d&rsquo;un caract\u00e8re r\u00e9solument sportif, l&rsquo;Audi RS3 offre des sensations dignes d&rsquo;une vraie sportive dans un format compact et pratique. Son int\u00e9rieur en cuir noir accompagn\u00e9 du Pack RS Design Plus Vert offre une ambiance dynamique tout en restant confortable.&nbsp;<\/p>\n<p><\/p>\n<p>5 cylindres en ligne 2.5L &#8211; 400 ch &#8211; Boite automatique 7 vitesses<\/p>\n<p>Transmission int\u00e9grale quattro &#8211; 0 \u00e0 100 km\/h en 3,8 sec<\/p>\n<p><\/p>\n<p>0E0E Noir Mythos M\u00e9tallis\u00e9<\/p>\n<p>1XX Volant multifonctions \u00e0 3 branches gain\u00e9 de cuir avec palettes de changement<\/p>\n<p>2Z0 Absence de sigles<\/p>\n<p>3FB Toit en verre panoramique<\/p>\n<p>4E6 Ouverture confort du hayon<\/p>\n<p>4GF Pare-brise en vitrage d&rsquo;isolation thermique<\/p>\n<p>4ZP Shadow look plus<\/p>\n<p>52W Jantes en alliage l\u00e9ger \u00e0 5 y branches, noir mat 8 x 19, pneus 245\/35 r19<\/p>\n<p>5L5 El\u00e9ments ext\u00e9rieur rs en noir brillant<\/p>\n<p>5MB Encarts en carbone<\/p>\n<p>6FA Boitiers de r\u00e9troviseurs ext\u00e9rieurs dans la teinte du v\u00e9hicule<\/p>\n<p>79H Avertisseur de changement de voie avec avertissement \u00e0 la descente&#8230;<\/p>\n<p>7AL Alarme p\u00e9rim\u00e9trique et volum\u00e9trique (atr2)<\/p>\n<p>7K3 Contr\u00f4le de la pression des pneus plus<\/p>\n<p>7P1 Soutien lombaire \u00e0 4 voies aux si\u00e8ges avant<\/p>\n<p>7W1 Audi pre sense basic<\/p>\n<p>929 C\u00e2ble usb-c vers apple lightning + c\u00e2ble usb-c vers c\u00e2ble usb-c<\/p>\n<p>9VS Bang &#038; Olufsen premium sound system<\/p>\n<p>9ZE Audi phone box<\/p>\n<p>EB4 Eb4<\/p>\n<p>GB1 Amplificateur lte pour audi phone box<\/p>\n<p>IU1 Audi smartphone interface<\/p>\n<p>KA2 Cam\u00e9ra de recul<\/p>\n<p>KS1 Head-up display<\/p>\n<p>N1H Cuir fin nappa avec motif nid d&rsquo;abeille<\/p>\n<p>PC6 Freins c\u00e9ramiques rs avec \u00e9triers de frein gris anthracite<\/p>\n<p>PCE Pack d&rsquo;assistance<\/p>\n<p>PEE Pack rs design plus vert<\/p>\n<p>PG3 Cl\u00e9 confort avec alarme volum\u00e9trique et p\u00e9rim\u00e9trique<\/p>\n<p>PV3 Si\u00e8ges avant \u00e9lectrique avec fonction de m\u00e9morisation du si\u00e8ge conducteur<\/p>\n<p>PXC Phares matrix led avec clignotants dynamiques \u00e0 l&rsquo;avant et \u00e0 l&rsquo;arri\u00e8re + sc\u00e8n&#8230;<\/p>\n<p>QW Noir &#8211; noir &#8211; vert micrommata \/ noir &#8211; noir \/ noir<\/p>\n<p>WAH Pack platinum&nbsp;<\/p>","protected":false},"featured_media":7297,"template":"","meta":{"_acf_changed":false,"content-type":"","ocean_post_layout":"","ocean_both_sidebars_style":"","ocean_both_sidebars_content_width":0,"ocean_both_sidebars_sidebars_width":0,"ocean_sidebar":"","ocean_second_sidebar":"","ocean_disable_margins":"enable","ocean_add_body_class":"","ocean_shortcode_before_top_bar":"","ocean_shortcode_after_top_bar":"","ocean_shortcode_before_header":"","ocean_shortcode_after_header":"","ocean_has_shortcode":"","ocean_shortcode_after_title":"","ocean_shortcode_before_footer_widgets":"","ocean_shortcode_after_footer_widgets":"","ocean_shortcode_before_footer_bottom":"","ocean_shortcode_after_footer_bottom":"","ocean_display_top_bar":"default","ocean_display_header":"default","ocean_header_style":"","ocean_center_header_left_menu":"","ocean_custom_header_template":"","ocean_custom_logo":0,"ocean_custom_retina_logo":0,"ocean_custom_logo_max_width":0,"ocean_custom_logo_tablet_max_width":0,"ocean_custom_logo_mobile_max_width":0,"ocean_custom_logo_max_height":0,"ocean_custom_logo_tablet_max_height":0,"ocean_custom_logo_mobile_max_height":0,"ocean_header_custom_menu":"","ocean_menu_typo_font_family":"","ocean_menu_typo_font_subset":"","ocean_menu_typo_font_size":0,"ocean_menu_typo_font_size_tablet":0,"ocean_menu_typo_font_size_mobile":0,"ocean_menu_typo_font_size_unit":"px","ocean_menu_typo_font_weight":"","ocean_menu_typo_font_weight_tablet":"","ocean_menu_typo_font_weight_mobile":"","ocean_menu_typo_transform":"","ocean_menu_typo_transform_tablet":"","ocean_menu_typo_transform_mobile":"","ocean_menu_typo_line_height":0,"ocean_menu_typo_line_height_tablet":0,"ocean_menu_typo_line_height_mobile":0,"ocean_menu_typo_line_height_unit":"","ocean_menu_typo_spacing":0,"ocean_menu_typo_spacing_tablet":0,"ocean_menu_typo_spacing_mobile":0,"ocean_menu_typo_spacing_unit":"","ocean_menu_link_color":"","ocean_menu_link_color_hover":"","ocean_menu_link_color_active":"","ocean_menu_link_background":"","ocean_menu_link_hover_background":"","ocean_menu_link_active_background":"","ocean_menu_social_links_bg":"","ocean_menu_social_hover_links_bg":"","ocean_menu_social_links_color":"","ocean_menu_social_hover_links_color":"","ocean_disable_title":"default","ocean_disable_heading":"default","ocean_post_title":"","ocean_post_subheading":"","ocean_post_title_style":"","ocean_post_title_background_color":"","ocean_post_title_background":0,"ocean_post_title_bg_image_position":"","ocean_post_title_bg_image_attachment":"","ocean_post_title_bg_image_repeat":"","ocean_post_title_bg_image_size":"","ocean_post_title_height":0,"ocean_post_title_bg_overlay":0.5,"ocean_post_title_bg_overlay_color":"","ocean_disable_breadcrumbs":"default","ocean_breadcrumbs_color":"","ocean_breadcrumbs_separator_color":"","ocean_breadcrumbs_links_color":"","ocean_breadcrumbs_links_hover_color":"","ocean_display_footer_widgets":"default","ocean_display_footer_bottom":"default","ocean_custom_footer_template":""},"product_brand":[],"product_cat":[19],"product_tag":[],"class_list":{"0":"post-7857","1":"product","2":"type-product","3":"status-publish","4":"has-post-thumbnail","6":"product_cat-non-classe","7":"entry","8":"has-media","10":"first","11":"instock","12":"shipping-taxable","13":"purchasable","14":"product-type-simple"},"acf":[],"yoast_head":"<!-- This site is optimized with the Yoast SEO plugin v27.3 - https:\/\/yoast.com\/product\/yoast-seo-wordpress\/ -->\n<title>Audi RS3 Sportback 2.5 TFSI S Tronic - Toit pano - Freins c\u00e9ramiques - B&amp;O - AVF Motors<\/title>\n<meta name=\"robots\" content=\"index, follow, max-snippet:-1, max-image-preview:large, max-video-preview:-1\" \/>\n<link rel=\"canonical\" href=\"https:\/\/www.avf-motors.com\/en\/shop\/audi-rs3-sportback-2-5-tfsi-s-tronic-toit-pano-freins-ceramiques-bo\/\" \/>\n<meta property=\"og:locale\" content=\"en_GB\" \/>\n<meta property=\"og:type\" content=\"article\" \/>\n<meta property=\"og:title\" content=\"Audi RS3 Sportback 2.5 TFSI S Tronic - Toit pano - Freins c\u00e9ramiques - B&amp;O - AVF Motors\" \/>\n<meta property=\"og:description\" content=\"Disponible Maintenant !Available Now !Sur rendez-vous uniquement.By appointment only.Cette Audi RS3 Sportback repr\u00e9sente le parfait \u00e9quilibre entre performance brute et polyvalence au quotidien. Dot\u00e9e du 5 cylindres 2.5L TFSI, du syst\u00e8me quattro et d&#039;un caract\u00e8re r\u00e9solument sportif, l&#039;Audi RS3 offre des sensations dignes d&#039;une vraie sportive dans un format compact et pratique. Son int\u00e9rieur en cuir noir accompagn\u00e9 du Pack RS Design Plus Vert offre une ambiance dynamique tout en restant confortable.&nbsp;5 cylindres en ligne 2.5L - 400 ch - Boite automatique 7 vitessesTransmission int\u00e9grale quattro - 0 \u00e0 100 km\/h en 3,8 sec0E0E Noir Mythos M\u00e9tallis\u00e91XX Volant multifonctions \u00e0 3 branches gain\u00e9 de cuir avec palettes de changement2Z0 Absence de sigles3FB Toit en verre panoramique4E6 Ouverture confort du hayon4GF Pare-brise en vitrage d&#039;isolation thermique4ZP Shadow look plus52W Jantes en alliage l\u00e9ger \u00e0 5 y branches, noir mat 8 x 19, pneus 245\/35 r195L5 El\u00e9ments ext\u00e9rieur rs en noir brillant5MB Encarts en carbone6FA Boitiers de r\u00e9troviseurs ext\u00e9rieurs dans la teinte du v\u00e9hicule79H Avertisseur de changement de voie avec avertissement \u00e0 la descente...7AL Alarme p\u00e9rim\u00e9trique et volum\u00e9trique (atr2)7K3 Contr\u00f4le de la pression des pneus plus7P1 Soutien lombaire \u00e0 4 voies aux si\u00e8ges avant7W1 Audi pre sense basic929 C\u00e2ble usb-c vers apple lightning + c\u00e2ble usb-c vers c\u00e2ble usb-c9VS Bang &amp; Olufsen premium sound system9ZE Audi phone boxEB4 Eb4GB1 Amplificateur lte pour audi phone boxIU1 Audi smartphone interfaceKA2 Cam\u00e9ra de reculKS1 Head-up displayN1H Cuir fin nappa avec motif nid d&#039;abeillePC6 Freins c\u00e9ramiques rs avec \u00e9triers de frein gris anthracitePCE Pack d&#039;assistancePEE Pack rs design plus vertPG3 Cl\u00e9 confort avec alarme volum\u00e9trique et p\u00e9rim\u00e9triquePV3 Si\u00e8ges avant \u00e9lectrique avec fonction de m\u00e9morisation du si\u00e8ge conducteurPXC Phares matrix led avec clignotants dynamiques \u00e0 l&#039;avant et \u00e0 l&#039;arri\u00e8re + sc\u00e8n...QW Noir - noir - vert micrommata \/ noir - noir \/ noirWAH Pack platinum&nbsp;\" \/>\n<meta property=\"og:url\" content=\"https:\/\/www.avf-motors.com\/en\/shop\/audi-rs3-sportback-2-5-tfsi-s-tronic-toit-pano-freins-ceramiques-bo\/\" \/>\n<meta property=\"og:site_name\" content=\"AVF Motors\" \/>\n<meta property=\"article:modified_time\" content=\"2026-05-03T13:00:14+00:00\" \/>\n<meta property=\"og:image\" content=\"https:\/\/www.avf-motors.com\/wp-content\/uploads\/2026\/02\/118014-jVtLEShoJTcyGYMFbfRx.jpg\" \/>\n\t<meta property=\"og:image:width\" content=\"800\" \/>\n\t<meta property=\"og:image:height\" content=\"600\" \/>\n\t<meta property=\"og:image:type\" content=\"image\/jpeg\" \/>\n<meta name=\"twitter:card\" content=\"summary_large_image\" \/>\n<meta name=\"twitter:label1\" content=\"Estimated reading time\" \/>\n\t<meta name=\"twitter:data1\" content=\"1 minute\" \/>\n<script type=\"application\/ld+json\" class=\"yoast-schema-graph\">{\"@context\":\"https:\\\/\\\/schema.org\",\"@graph\":[{\"@type\":\"WebPage\",\"@id\":\"https:\\\/\\\/www.avf-motors.com\\\/shop\\\/audi-rs3-sportback-2-5-tfsi-s-tronic-toit-pano-freins-ceramiques-bo\\\/\",\"url\":\"https:\\\/\\\/www.avf-motors.com\\\/shop\\\/audi-rs3-sportback-2-5-tfsi-s-tronic-toit-pano-freins-ceramiques-bo\\\/\",\"name\":\"Audi RS3 Sportback 2.5 TFSI S Tronic - Toit pano - Freins c\u00e9ramiques - B&O - AVF Motors\",\"isPartOf\":{\"@id\":\"https:\\\/\\\/www.avf-motors.com\\\/en\\\/#website\"},\"primaryImageOfPage\":{\"@id\":\"https:\\\/\\\/www.avf-motors.com\\\/shop\\\/audi-rs3-sportback-2-5-tfsi-s-tronic-toit-pano-freins-ceramiques-bo\\\/#primaryimage\"},\"image\":{\"@id\":\"https:\\\/\\\/www.avf-motors.com\\\/shop\\\/audi-rs3-sportback-2-5-tfsi-s-tronic-toit-pano-freins-ceramiques-bo\\\/#primaryimage\"},\"thumbnailUrl\":\"https:\\\/\\\/www.avf-motors.com\\\/wp-content\\\/uploads\\\/2026\\\/02\\\/118014-jVtLEShoJTcyGYMFbfRx.jpg\",\"datePublished\":\"2026-04-01T17:02:37+00:00\",\"dateModified\":\"2026-05-03T13:00:14+00:00\",\"breadcrumb\":{\"@id\":\"https:\\\/\\\/www.avf-motors.com\\\/shop\\\/audi-rs3-sportback-2-5-tfsi-s-tronic-toit-pano-freins-ceramiques-bo\\\/#breadcrumb\"},\"inLanguage\":\"en-GB\",\"potentialAction\":[{\"@type\":\"ReadAction\",\"target\":[\"https:\\\/\\\/www.avf-motors.com\\\/shop\\\/audi-rs3-sportback-2-5-tfsi-s-tronic-toit-pano-freins-ceramiques-bo\\\/\"]}]},{\"@type\":\"ImageObject\",\"inLanguage\":\"en-GB\",\"@id\":\"https:\\\/\\\/www.avf-motors.com\\\/shop\\\/audi-rs3-sportback-2-5-tfsi-s-tronic-toit-pano-freins-ceramiques-bo\\\/#primaryimage\",\"url\":\"https:\\\/\\\/www.avf-motors.com\\\/wp-content\\\/uploads\\\/2026\\\/02\\\/118014-jVtLEShoJTcyGYMFbfRx.jpg\",\"contentUrl\":\"https:\\\/\\\/www.avf-motors.com\\\/wp-content\\\/uploads\\\/2026\\\/02\\\/118014-jVtLEShoJTcyGYMFbfRx.jpg\",\"width\":800,\"height\":600},{\"@type\":\"BreadcrumbList\",\"@id\":\"https:\\\/\\\/www.avf-motors.com\\\/shop\\\/audi-rs3-sportback-2-5-tfsi-s-tronic-toit-pano-freins-ceramiques-bo\\\/#breadcrumb\",\"itemListElement\":[{\"@type\":\"ListItem\",\"position\":1,\"name\":\"Accueil\",\"item\":\"https:\\\/\\\/www.avf-motors.com\\\/en\\\/\"},{\"@type\":\"ListItem\",\"position\":2,\"name\":\"Nos voitures\",\"item\":\"https:\\\/\\\/www.avf-motors.com\\\/en\\\/nos-voitures\\\/\"},{\"@type\":\"ListItem\",\"position\":3,\"name\":\"Audi RS3 Sportback 2.5 TFSI S Tronic &#8211; Toit pano &#8211; Freins c\u00e9ramiques &#8211; B&#038;O\"}]},{\"@type\":\"WebSite\",\"@id\":\"https:\\\/\\\/www.avf-motors.com\\\/en\\\/#website\",\"url\":\"https:\\\/\\\/www.avf-motors.com\\\/en\\\/\",\"name\":\"AVF Motors\",\"description\":\"\",\"publisher\":{\"@id\":\"https:\\\/\\\/www.avf-motors.com\\\/en\\\/#organization\"},\"potentialAction\":[{\"@type\":\"SearchAction\",\"target\":{\"@type\":\"EntryPoint\",\"urlTemplate\":\"https:\\\/\\\/www.avf-motors.com\\\/en\\\/?s={search_term_string}\"},\"query-input\":{\"@type\":\"PropertyValueSpecification\",\"valueRequired\":true,\"valueName\":\"search_term_string\"}}],\"inLanguage\":\"en-GB\"},{\"@type\":\"Organization\",\"@id\":\"https:\\\/\\\/www.avf-motors.com\\\/en\\\/#organization\",\"name\":\"AVF Motors\",\"url\":\"https:\\\/\\\/www.avf-motors.com\\\/en\\\/\",\"logo\":{\"@type\":\"ImageObject\",\"inLanguage\":\"en-GB\",\"@id\":\"https:\\\/\\\/www.avf-motors.com\\\/en\\\/#\\\/schema\\\/logo\\\/image\\\/\",\"url\":\"https:\\\/\\\/www.avf-motors.com\\\/wp-content\\\/uploads\\\/2025\\\/06\\\/cropped-cropped-Logo-couleur-baseline-vectoriel-removebg-preview-1-1.png\",\"contentUrl\":\"https:\\\/\\\/www.avf-motors.com\\\/wp-content\\\/uploads\\\/2025\\\/06\\\/cropped-cropped-Logo-couleur-baseline-vectoriel-removebg-preview-1-1.png\",\"width\":630,\"height\":330,\"caption\":\"AVF Motors\"},\"image\":{\"@id\":\"https:\\\/\\\/www.avf-motors.com\\\/en\\\/#\\\/schema\\\/logo\\\/image\\\/\"}}]}<\/script>\n<!-- \/ Yoast SEO plugin. -->","yoast_head_json":{"title":"Audi RS3 Sportback 2.5 TFSI S Tronic - Toit pano - Freins c\u00e9ramiques - B&O - AVF Motors","robots":{"index":"index","follow":"follow","max-snippet":"max-snippet:-1","max-image-preview":"max-image-preview:large","max-video-preview":"max-video-preview:-1"},"canonical":"https:\/\/www.avf-motors.com\/en\/shop\/audi-rs3-sportback-2-5-tfsi-s-tronic-toit-pano-freins-ceramiques-bo\/","og_locale":"en_GB","og_type":"article","og_title":"Audi RS3 Sportback 2.5 TFSI S Tronic - Toit pano - Freins c\u00e9ramiques - B&O - AVF Motors","og_description":"Disponible Maintenant !Available Now !Sur rendez-vous uniquement.By appointment only.Cette Audi RS3 Sportback repr\u00e9sente le parfait \u00e9quilibre entre performance brute et polyvalence au quotidien. Dot\u00e9e du 5 cylindres 2.5L TFSI, du syst\u00e8me quattro et d'un caract\u00e8re r\u00e9solument sportif, l'Audi RS3 offre des sensations dignes d'une vraie sportive dans un format compact et pratique. Son int\u00e9rieur en cuir noir accompagn\u00e9 du Pack RS Design Plus Vert offre une ambiance dynamique tout en restant confortable.&nbsp;5 cylindres en ligne 2.5L - 400 ch - Boite automatique 7 vitessesTransmission int\u00e9grale quattro - 0 \u00e0 100 km\/h en 3,8 sec0E0E Noir Mythos M\u00e9tallis\u00e91XX Volant multifonctions \u00e0 3 branches gain\u00e9 de cuir avec palettes de changement2Z0 Absence de sigles3FB Toit en verre panoramique4E6 Ouverture confort du hayon4GF Pare-brise en vitrage d'isolation thermique4ZP Shadow look plus52W Jantes en alliage l\u00e9ger \u00e0 5 y branches, noir mat 8 x 19, pneus 245\/35 r195L5 El\u00e9ments ext\u00e9rieur rs en noir brillant5MB Encarts en carbone6FA Boitiers de r\u00e9troviseurs ext\u00e9rieurs dans la teinte du v\u00e9hicule79H Avertisseur de changement de voie avec avertissement \u00e0 la descente...7AL Alarme p\u00e9rim\u00e9trique et volum\u00e9trique (atr2)7K3 Contr\u00f4le de la pression des pneus plus7P1 Soutien lombaire \u00e0 4 voies aux si\u00e8ges avant7W1 Audi pre sense basic929 C\u00e2ble usb-c vers apple lightning + c\u00e2ble usb-c vers c\u00e2ble usb-c9VS Bang & Olufsen premium sound system9ZE Audi phone boxEB4 Eb4GB1 Amplificateur lte pour audi phone boxIU1 Audi smartphone interfaceKA2 Cam\u00e9ra de reculKS1 Head-up displayN1H Cuir fin nappa avec motif nid d'abeillePC6 Freins c\u00e9ramiques rs avec \u00e9triers de frein gris anthracitePCE Pack d'assistancePEE Pack rs design plus vertPG3 Cl\u00e9 confort avec alarme volum\u00e9trique et p\u00e9rim\u00e9triquePV3 Si\u00e8ges avant \u00e9lectrique avec fonction de m\u00e9morisation du si\u00e8ge conducteurPXC Phares matrix led avec clignotants dynamiques \u00e0 l'avant et \u00e0 l'arri\u00e8re + sc\u00e8n...QW Noir - noir - vert micrommata \/ noir - noir \/ noirWAH Pack platinum&nbsp;","og_url":"https:\/\/www.avf-motors.com\/en\/shop\/audi-rs3-sportback-2-5-tfsi-s-tronic-toit-pano-freins-ceramiques-bo\/","og_site_name":"AVF Motors","article_modified_time":"2026-05-03T13:00:14+00:00","og_image":[{"width":800,"height":600,"url":"https:\/\/www.avf-motors.com\/wp-content\/uploads\/2026\/02\/118014-jVtLEShoJTcyGYMFbfRx.jpg","type":"image\/jpeg"}],"twitter_card":"summary_large_image","twitter_misc":{"Estimated reading time":"1 minute"},"schema":{"@context":"https:\/\/schema.org","@graph":[{"@type":"WebPage","@id":"https:\/\/www.avf-motors.com\/shop\/audi-rs3-sportback-2-5-tfsi-s-tronic-toit-pano-freins-ceramiques-bo\/","url":"https:\/\/www.avf-motors.com\/shop\/audi-rs3-sportback-2-5-tfsi-s-tronic-toit-pano-freins-ceramiques-bo\/","name":"Audi RS3 Sportback 2.5 TFSI S Tronic - Toit pano - Freins c\u00e9ramiques - B&O - AVF Motors","isPartOf":{"@id":"https:\/\/www.avf-motors.com\/en\/#website"},"primaryImageOfPage":{"@id":"https:\/\/www.avf-motors.com\/shop\/audi-rs3-sportback-2-5-tfsi-s-tronic-toit-pano-freins-ceramiques-bo\/#primaryimage"},"image":{"@id":"https:\/\/www.avf-motors.com\/shop\/audi-rs3-sportback-2-5-tfsi-s-tronic-toit-pano-freins-ceramiques-bo\/#primaryimage"},"thumbnailUrl":"https:\/\/www.avf-motors.com\/wp-content\/uploads\/2026\/02\/118014-jVtLEShoJTcyGYMFbfRx.jpg","datePublished":"2026-04-01T17:02:37+00:00","dateModified":"2026-05-03T13:00:14+00:00","breadcrumb":{"@id":"https:\/\/www.avf-motors.com\/shop\/audi-rs3-sportback-2-5-tfsi-s-tronic-toit-pano-freins-ceramiques-bo\/#breadcrumb"},"inLanguage":"en-GB","potentialAction":[{"@type":"ReadAction","target":["https:\/\/www.avf-motors.com\/shop\/audi-rs3-sportback-2-5-tfsi-s-tronic-toit-pano-freins-ceramiques-bo\/"]}]},{"@type":"ImageObject","inLanguage":"en-GB","@id":"https:\/\/www.avf-motors.com\/shop\/audi-rs3-sportback-2-5-tfsi-s-tronic-toit-pano-freins-ceramiques-bo\/#primaryimage","url":"https:\/\/www.avf-motors.com\/wp-content\/uploads\/2026\/02\/118014-jVtLEShoJTcyGYMFbfRx.jpg","contentUrl":"https:\/\/www.avf-motors.com\/wp-content\/uploads\/2026\/02\/118014-jVtLEShoJTcyGYMFbfRx.jpg","width":800,"height":600},{"@type":"BreadcrumbList","@id":"https:\/\/www.avf-motors.com\/shop\/audi-rs3-sportback-2-5-tfsi-s-tronic-toit-pano-freins-ceramiques-bo\/#breadcrumb","itemListElement":[{"@type":"ListItem","position":1,"name":"Accueil","item":"https:\/\/www.avf-motors.com\/en\/"},{"@type":"ListItem","position":2,"name":"Nos voitures","item":"https:\/\/www.avf-motors.com\/en\/nos-voitures\/"},{"@type":"ListItem","position":3,"name":"Audi RS3 Sportback 2.5 TFSI S Tronic &#8211; Toit pano &#8211; Freins c\u00e9ramiques &#8211; B&#038;O"}]},{"@type":"WebSite","@id":"https:\/\/www.avf-motors.com\/en\/#website","url":"https:\/\/www.avf-motors.com\/en\/","name":"AVF Motors","description":"","publisher":{"@id":"https:\/\/www.avf-motors.com\/en\/#organization"},"potentialAction":[{"@type":"SearchAction","target":{"@type":"EntryPoint","urlTemplate":"https:\/\/www.avf-motors.com\/en\/?s={search_term_string}"},"query-input":{"@type":"PropertyValueSpecification","valueRequired":true,"valueName":"search_term_string"}}],"inLanguage":"en-GB"},{"@type":"Organization","@id":"https:\/\/www.avf-motors.com\/en\/#organization","name":"AVF Motors","url":"https:\/\/www.avf-motors.com\/en\/","logo":{"@type":"ImageObject","inLanguage":"en-GB","@id":"https:\/\/www.avf-motors.com\/en\/#\/schema\/logo\/image\/","url":"https:\/\/www.avf-motors.com\/wp-content\/uploads\/2025\/06\/cropped-cropped-Logo-couleur-baseline-vectoriel-removebg-preview-1-1.png","contentUrl":"https:\/\/www.avf-motors.com\/wp-content\/uploads\/2025\/06\/cropped-cropped-Logo-couleur-baseline-vectoriel-removebg-preview-1-1.png","width":630,"height":330,"caption":"AVF Motors"},"image":{"@id":"https:\/\/www.avf-motors.com\/en\/#\/schema\/logo\/image\/"}}]}},"_links":{"self":[{"href":"https:\/\/www.avf-motors.com\/en\/wp-json\/wp\/v2\/product\/7857","targetHints":{"allow":["GET"]}}],"collection":[{"href":"https:\/\/www.avf-motors.com\/en\/wp-json\/wp\/v2\/product"}],"about":[{"href":"https:\/\/www.avf-motors.com\/en\/wp-json\/wp\/v2\/types\/product"}],"wp:featuredmedia":[{"embeddable":true,"href":"https:\/\/www.avf-motors.com\/en\/wp-json\/wp\/v2\/media\/7297"}],"wp:attachment":[{"href":"https:\/\/www.avf-motors.com\/en\/wp-json\/wp\/v2\/media?parent=7857"}],"wp:term":[{"taxonomy":"product_brand","embeddable":true,"href":"https:\/\/www.avf-motors.com\/en\/wp-json\/wp\/v2\/product_brand?post=7857"},{"taxonomy":"product_cat","embeddable":true,"href":"https:\/\/www.avf-motors.com\/en\/wp-json\/wp\/v2\/product_cat?post=7857"},{"taxonomy":"product_tag","embeddable":true,"href":"https:\/\/www.avf-motors.com\/en\/wp-json\/wp\/v2\/product_tag?post=7857"}],"curies":[{"name":"wp","href":"https:\/\/api.w.org\/{rel}","templated":true}]}}