{"id":7856,"date":"2026-04-01T19:02:37","date_gmt":"2026-04-01T17:02:37","guid":{"rendered":"https:\/\/www.avf-motors.com\/shop\/jeep-wrangler-2-0-phev-unlimited-overland-4xe\/"},"modified":"2026-05-03T15:00:13","modified_gmt":"2026-05-03T13:00:13","slug":"jeep-wrangler-2-0-phev-unlimited-overland-4xe","status":"publish","type":"product","link":"https:\/\/www.avf-motors.com\/en\/shop\/jeep-wrangler-2-0-phev-unlimited-overland-4xe\/","title":{"rendered":"Jeep Wrangler 2.0 PHEV Unlimited Overland 4Xe"},"content":{"rendered":"<p>Disponible Maintenant !<\/p>\n<p>Available Now !&nbsp;<\/p>\n<p><\/p>\n<p>Sur rendez-vous uniquement.<\/p>\n<p>By appointment only.<\/p>\n<p><\/p>\n<p>8 Haut parleurs&nbsp;<\/p>\n<p>Appel d&rsquo;Assistance Localis\u00e9&nbsp;<\/p>\n<p>Appel d&rsquo;Urgence Localis\u00e9&nbsp;<\/p>\n<p>\u00c9cran tactile&nbsp;<\/p>\n<p>Fonction MP3&nbsp;<\/p>\n<p>GPS Cartographique&nbsp;<\/p>\n<p>Interface Media&nbsp;<\/p>\n<p>Radio&nbsp;<\/p>\n<p>Services connect\u00e9s&nbsp;<\/p>\n<p>Arr\u00eat et red\u00e9marrage auto. du moteur&nbsp;<\/p>\n<p>Capteur de luminosit\u00e9&nbsp;<\/p>\n<p>D\u00e9marrage sans cl\u00e9<\/p>\n<p>Limiteur de vitesse&nbsp;<\/p>\n<p>Mode de conduite&nbsp;<\/p>\n<p>R\u00e9gulateur de vitesse&nbsp;<\/p>\n<p>R\u00e9gulateur de vitesse adaptatif&nbsp;<\/p>\n<p>Syst\u00e8me d&rsquo;acc\u00e8s sans cl\u00e9&nbsp;<\/p>\n<p>Cam\u00e9ra de recul&nbsp;<\/p>\n<p>Feux de route automatiques&nbsp;<\/p>\n<p>Filtre \u00e0 particules&nbsp;<\/p>\n<p>Hard Top&nbsp;<\/p>\n<p>Jantes Alu&nbsp;<\/p>\n<p>Marche-pieds arri\u00e8re&nbsp;<\/p>\n<p>Phares avant LED&nbsp;<\/p>\n<p>Radar de stationnement AR&nbsp;<\/p>\n<p>Radar de stationnement AV&nbsp;<\/p>\n<p>R\u00e9troviseurs d\u00e9givrants&nbsp;<\/p>\n<p>R\u00e9troviseurs \u00e9lectriques&nbsp;<\/p>\n<p>Syst\u00e8me d&rsquo;assistance au stationnement&nbsp;<\/p>\n<p>Syst\u00e8me d&rsquo;assistance au stationnement AR&nbsp;<\/p>\n<p>Syst\u00e8me d&rsquo;\u00e9clairage intelligent \u00e0 LED&nbsp;<\/p>\n<p>Accoudoir central AV&nbsp;<\/p>\n<p>Appui-t\u00eate conducteur r\u00e9glable hauteur&nbsp;<\/p>\n<p>Appui-t\u00eate passager r\u00e9glable en hauteur&nbsp;<\/p>\n<p>Banquette 60\/40&nbsp;<\/p>\n<p>Banquette AR rabattable&nbsp;<\/p>\n<p>Boite \u00e0 gant ferm\u00e9e&nbsp;<\/p>\n<p>Clim automatique bi-zones&nbsp;<\/p>\n<p>Compte tours&nbsp;<\/p>\n<p>\u00c9cran multifonction couleur&nbsp;<\/p>\n<p>Filtre \u00e0 Pollen&nbsp;<\/p>\n<p>Fixations Isofix aux places arri\u00e8re&nbsp;<\/p>\n<p>Kit Fumeur&nbsp;<\/p>\n<p>Lunette arri\u00e8re surteint\u00e9e&nbsp;<\/p>\n<p>Miroir de courtoisie conducteur \u00e9clair\u00e9&nbsp;<\/p>\n<p>Miroir de courtoisie passager \u00e9clair\u00e9&nbsp;<\/p>\n<p>Ordinateur de bord&nbsp;<\/p>\n<p>Porte-gobelets avant&nbsp;<\/p>\n<p>Prise 12V&nbsp;<\/p>\n<p>R\u00e9troviseur int\u00e9rieur \u00e9lectrochrome&nbsp;<\/p>\n<p>Si\u00e8ge conducteur avec r\u00e9glage lombaire&nbsp;<\/p>\n<p>Si\u00e8ge conducteur chauffant&nbsp;<\/p>\n<p>Si\u00e8ge conducteur r\u00e9glable en hauteur&nbsp;<\/p>\n<p>Si\u00e8ge passager chauffant&nbsp;<\/p>\n<p>Si\u00e8ge passager r\u00e9glable en hauteur&nbsp;<\/p>\n<p>Temp\u00e9rature ext\u00e9rieure&nbsp;<\/p>\n<p>Verrouillage centralis\u00e9 des portes&nbsp;<\/p>\n<p>Verrouillage centralis\u00e9 \u00e0 distance&nbsp;<\/p>\n<p>Vitres arri\u00e8re surteint\u00e9es&nbsp;<\/p>\n<p>Vitres arri\u00e8re \u00e9lectriques&nbsp;<\/p>\n<p>Vitres avant \u00e9lectriques&nbsp;<\/p>\n<p>Volant chauffant en cuir multifonction&nbsp;<\/p>","protected":false},"excerpt":{"rendered":"<p>Disponible Maintenant !<\/p>\n<p>Available Now !&nbsp;<\/p>\n<p><\/p>\n<p>Sur rendez-vous uniquement.<\/p>\n<p>By appointment only.<\/p>\n<p><\/p>\n<p>Superbe Jeep Wrangler 2.0 4Xe Unlimited Overland, ic\u00f4ne du 4&#215;4 tout-terrain, disponible \u00e0 la vente chez AVF Motors. Sa teinte \u00ab\u00a0Granite Crystal\u00a0\u00bb lui conf\u00e8re une allure \u00e9l\u00e9gante tout en conservant un esprit robuste. Son int\u00e9rieur en cuir et ses nombreux \u00e9quipements assurent quant \u00e0 eux un confort maximal lors de chaque trajet.<\/p>\n<p><\/p>\n<p>8 Haut parleurs&nbsp;<\/p>\n<p>Appel d&rsquo;Assistance Localis\u00e9&nbsp;<\/p>\n<p>Appel d&rsquo;Urgence Localis\u00e9&nbsp;<\/p>\n<p>\u00c9cran tactile&nbsp;<\/p>\n<p>Fonction MP3&nbsp;<\/p>\n<p>GPS Cartographique&nbsp;<\/p>\n<p>Interface Media&nbsp;<\/p>\n<p>Radio&nbsp;<\/p>\n<p>Services connect\u00e9s&nbsp;<\/p>\n<p>Arr\u00eat et red\u00e9marrage auto. du moteur&nbsp;<\/p>\n<p>Capteur de luminosit\u00e9&nbsp;<\/p>\n<p>D\u00e9marrage sans cl\u00e9<\/p>\n<p>Limiteur de vitesse&nbsp;<\/p>\n<p>Mode de conduite&nbsp;<\/p>\n<p>R\u00e9gulateur de vitesse&nbsp;<\/p>\n<p>R\u00e9gulateur de vitesse adaptatif&nbsp;<\/p>\n<p>Syst\u00e8me d&rsquo;acc\u00e8s sans cl\u00e9&nbsp;<\/p>\n<p>Cam\u00e9ra de recul&nbsp;<\/p>\n<p>Feux de route automatiques&nbsp;<\/p>\n<p>Filtre \u00e0 particules&nbsp;<\/p>\n<p>Hard Top&nbsp;<\/p>\n<p>Jantes Alu&nbsp;<\/p>\n<p>Marche-pieds arri\u00e8re&nbsp;<\/p>\n<p>Phares avant LED&nbsp;<\/p>\n<p>Radar de stationnement AR&nbsp;<\/p>\n<p>Radar de stationnement AV&nbsp;<\/p>\n<p>R\u00e9troviseurs d\u00e9givrants&nbsp;<\/p>\n<p>R\u00e9troviseurs \u00e9lectriques&nbsp;<\/p>\n<p>Syst\u00e8me d&rsquo;assistance au stationnement&nbsp;<\/p>\n<p>Syst\u00e8me d&rsquo;assistance au stationnement AR&nbsp;<\/p>\n<p>Syst\u00e8me d&rsquo;\u00e9clairage intelligent \u00e0 LED&nbsp;<\/p>\n<p>Accoudoir central AV&nbsp;<\/p>\n<p>Appui-t\u00eate conducteur r\u00e9glable hauteur&nbsp;<\/p>\n<p>Appui-t\u00eate passager r\u00e9glable en hauteur&nbsp;<\/p>\n<p>Banquette 60\/40&nbsp;<\/p>\n<p>Banquette AR rabattable&nbsp;<\/p>\n<p>Boite \u00e0 gant ferm\u00e9e&nbsp;<\/p>\n<p>Clim automatique bi-zones&nbsp;<\/p>\n<p>Compte tours&nbsp;<\/p>\n<p>\u00c9cran multifonction couleur&nbsp;<\/p>\n<p>Filtre \u00e0 Pollen&nbsp;<\/p>\n<p>Fixations Isofix aux places arri\u00e8re&nbsp;<\/p>\n<p>Kit Fumeur&nbsp;<\/p>\n<p>Lunette arri\u00e8re surteint\u00e9e&nbsp;<\/p>\n<p>Miroir de courtoisie conducteur \u00e9clair\u00e9&nbsp;<\/p>\n<p>Miroir de courtoisie passager \u00e9clair\u00e9&nbsp;<\/p>\n<p>Ordinateur de bord&nbsp;<\/p>\n<p>Porte-gobelets avant&nbsp;<\/p>\n<p>Prise 12V&nbsp;<\/p>\n<p>R\u00e9troviseur int\u00e9rieur \u00e9lectrochrome&nbsp;<\/p>\n<p>Si\u00e8ge conducteur avec r\u00e9glage lombaire&nbsp;<\/p>\n<p>Si\u00e8ge conducteur chauffant&nbsp;<\/p>\n<p>Si\u00e8ge conducteur r\u00e9glable en hauteur&nbsp;<\/p>\n<p>Si\u00e8ge passager chauffant&nbsp;<\/p>\n<p>Si\u00e8ge passager r\u00e9glable en hauteur&nbsp;<\/p>\n<p>Temp\u00e9rature ext\u00e9rieure&nbsp;<\/p>\n<p>Verrouillage centralis\u00e9 des portes&nbsp;<\/p>\n<p><\/p>","protected":false},"featured_media":7329,"template":"","meta":{"_acf_changed":false,"content-type":"","ocean_post_layout":"","ocean_both_sidebars_style":"","ocean_both_sidebars_content_width":0,"ocean_both_sidebars_sidebars_width":0,"ocean_sidebar":"","ocean_second_sidebar":"","ocean_disable_margins":"enable","ocean_add_body_class":"","ocean_shortcode_before_top_bar":"","ocean_shortcode_after_top_bar":"","ocean_shortcode_before_header":"","ocean_shortcode_after_header":"","ocean_has_shortcode":"","ocean_shortcode_after_title":"","ocean_shortcode_before_footer_widgets":"","ocean_shortcode_after_footer_widgets":"","ocean_shortcode_before_footer_bottom":"","ocean_shortcode_after_footer_bottom":"","ocean_display_top_bar":"default","ocean_display_header":"default","ocean_header_style":"","ocean_center_header_left_menu":"","ocean_custom_header_template":"","ocean_custom_logo":0,"ocean_custom_retina_logo":0,"ocean_custom_logo_max_width":0,"ocean_custom_logo_tablet_max_width":0,"ocean_custom_logo_mobile_max_width":0,"ocean_custom_logo_max_height":0,"ocean_custom_logo_tablet_max_height":0,"ocean_custom_logo_mobile_max_height":0,"ocean_header_custom_menu":"","ocean_menu_typo_font_family":"","ocean_menu_typo_font_subset":"","ocean_menu_typo_font_size":0,"ocean_menu_typo_font_size_tablet":0,"ocean_menu_typo_font_size_mobile":0,"ocean_menu_typo_font_size_unit":"px","ocean_menu_typo_font_weight":"","ocean_menu_typo_font_weight_tablet":"","ocean_menu_typo_font_weight_mobile":"","ocean_menu_typo_transform":"","ocean_menu_typo_transform_tablet":"","ocean_menu_typo_transform_mobile":"","ocean_menu_typo_line_height":0,"ocean_menu_typo_line_height_tablet":0,"ocean_menu_typo_line_height_mobile":0,"ocean_menu_typo_line_height_unit":"","ocean_menu_typo_spacing":0,"ocean_menu_typo_spacing_tablet":0,"ocean_menu_typo_spacing_mobile":0,"ocean_menu_typo_spacing_unit":"","ocean_menu_link_color":"","ocean_menu_link_color_hover":"","ocean_menu_link_color_active":"","ocean_menu_link_background":"","ocean_menu_link_hover_background":"","ocean_menu_link_active_background":"","ocean_menu_social_links_bg":"","ocean_menu_social_hover_links_bg":"","ocean_menu_social_links_color":"","ocean_menu_social_hover_links_color":"","ocean_disable_title":"default","ocean_disable_heading":"default","ocean_post_title":"","ocean_post_subheading":"","ocean_post_title_style":"","ocean_post_title_background_color":"","ocean_post_title_background":0,"ocean_post_title_bg_image_position":"","ocean_post_title_bg_image_attachment":"","ocean_post_title_bg_image_repeat":"","ocean_post_title_bg_image_size":"","ocean_post_title_height":0,"ocean_post_title_bg_overlay":0.5,"ocean_post_title_bg_overlay_color":"","ocean_disable_breadcrumbs":"default","ocean_breadcrumbs_color":"","ocean_breadcrumbs_separator_color":"","ocean_breadcrumbs_links_color":"","ocean_breadcrumbs_links_hover_color":"","ocean_display_footer_widgets":"default","ocean_display_footer_bottom":"default","ocean_custom_footer_template":""},"product_brand":[],"product_cat":[19],"product_tag":[],"class_list":{"0":"post-7856","1":"product","2":"type-product","3":"status-publish","4":"has-post-thumbnail","6":"product_cat-non-classe","7":"entry","8":"has-media","10":"first","11":"instock","12":"shipping-taxable","13":"purchasable","14":"product-type-simple"},"acf":[],"yoast_head":"<!-- This site is optimized with the Yoast SEO plugin v27.3 - https:\/\/yoast.com\/product\/yoast-seo-wordpress\/ -->\n<title>Jeep Wrangler 2.0 PHEV Unlimited Overland 4Xe - AVF Motors<\/title>\n<meta name=\"robots\" content=\"index, follow, max-snippet:-1, max-image-preview:large, max-video-preview:-1\" \/>\n<link rel=\"canonical\" href=\"https:\/\/www.avf-motors.com\/en\/shop\/jeep-wrangler-2-0-phev-unlimited-overland-4xe\/\" \/>\n<meta property=\"og:locale\" content=\"en_GB\" \/>\n<meta property=\"og:type\" content=\"article\" \/>\n<meta property=\"og:title\" content=\"Jeep Wrangler 2.0 PHEV Unlimited Overland 4Xe - AVF Motors\" \/>\n<meta property=\"og:description\" content=\"Disponible Maintenant !Available Now !&nbsp;Sur rendez-vous uniquement.By appointment only.Superbe Jeep Wrangler 2.0 4Xe Unlimited Overland, ic\u00f4ne du 4x4 tout-terrain, disponible \u00e0 la vente chez AVF Motors. Sa teinte &quot;Granite Crystal&quot; lui conf\u00e8re une allure \u00e9l\u00e9gante tout en conservant un esprit robuste. Son int\u00e9rieur en cuir et ses nombreux \u00e9quipements assurent quant \u00e0 eux un confort maximal lors de chaque trajet.8 Haut parleurs&nbsp;Appel d&#039;Assistance Localis\u00e9&nbsp;Appel d&#039;Urgence Localis\u00e9&nbsp;\u00c9cran tactile&nbsp;Fonction MP3&nbsp;GPS Cartographique&nbsp;Interface Media&nbsp;Radio&nbsp;Services connect\u00e9s&nbsp;Arr\u00eat et red\u00e9marrage auto. du moteur&nbsp;Capteur de luminosit\u00e9&nbsp;D\u00e9marrage sans cl\u00e9Limiteur de vitesse&nbsp;Mode de conduite&nbsp;R\u00e9gulateur de vitesse&nbsp;R\u00e9gulateur de vitesse adaptatif&nbsp;Syst\u00e8me d&#039;acc\u00e8s sans cl\u00e9&nbsp;Cam\u00e9ra de recul&nbsp;Feux de route automatiques&nbsp;Filtre \u00e0 particules&nbsp;Hard Top&nbsp;Jantes Alu&nbsp;Marche-pieds arri\u00e8re&nbsp;Phares avant LED&nbsp;Radar de stationnement AR&nbsp;Radar de stationnement AV&nbsp;R\u00e9troviseurs d\u00e9givrants&nbsp;R\u00e9troviseurs \u00e9lectriques&nbsp;Syst\u00e8me d&#039;assistance au stationnement&nbsp;Syst\u00e8me d&#039;assistance au stationnement AR&nbsp;Syst\u00e8me d&#039;\u00e9clairage intelligent \u00e0 LED&nbsp;Accoudoir central AV&nbsp;Appui-t\u00eate conducteur r\u00e9glable hauteur&nbsp;Appui-t\u00eate passager r\u00e9glable en hauteur&nbsp;Banquette 60\/40&nbsp;Banquette AR rabattable&nbsp;Boite \u00e0 gant ferm\u00e9e&nbsp;Clim automatique bi-zones&nbsp;Compte tours&nbsp;\u00c9cran multifonction couleur&nbsp;Filtre \u00e0 Pollen&nbsp;Fixations Isofix aux places arri\u00e8re&nbsp;Kit Fumeur&nbsp;Lunette arri\u00e8re surteint\u00e9e&nbsp;Miroir de courtoisie conducteur \u00e9clair\u00e9&nbsp;Miroir de courtoisie passager \u00e9clair\u00e9&nbsp;Ordinateur de bord&nbsp;Porte-gobelets avant&nbsp;Prise 12V&nbsp;R\u00e9troviseur int\u00e9rieur \u00e9lectrochrome&nbsp;Si\u00e8ge conducteur avec r\u00e9glage lombaire&nbsp;Si\u00e8ge conducteur chauffant&nbsp;Si\u00e8ge conducteur r\u00e9glable en hauteur&nbsp;Si\u00e8ge passager chauffant&nbsp;Si\u00e8ge passager r\u00e9glable en hauteur&nbsp;Temp\u00e9rature ext\u00e9rieure&nbsp;Verrouillage centralis\u00e9 des portes&nbsp;\" \/>\n<meta property=\"og:url\" content=\"https:\/\/www.avf-motors.com\/en\/shop\/jeep-wrangler-2-0-phev-unlimited-overland-4xe\/\" \/>\n<meta property=\"og:site_name\" content=\"AVF Motors\" \/>\n<meta property=\"article:modified_time\" content=\"2026-05-03T13:00:13+00:00\" \/>\n<meta property=\"og:image\" content=\"https:\/\/www.avf-motors.com\/wp-content\/uploads\/2026\/02\/118172-FBtLHuZfwJmpdOTYkoWM.jpg\" \/>\n\t<meta property=\"og:image:width\" content=\"800\" \/>\n\t<meta property=\"og:image:height\" content=\"600\" \/>\n\t<meta property=\"og:image:type\" content=\"image\/jpeg\" \/>\n<meta name=\"twitter:card\" content=\"summary_large_image\" \/>\n<meta name=\"twitter:label1\" content=\"Estimated reading time\" \/>\n\t<meta name=\"twitter:data1\" content=\"2 minutes\" \/>\n<script type=\"application\/ld+json\" class=\"yoast-schema-graph\">{\"@context\":\"https:\\\/\\\/schema.org\",\"@graph\":[{\"@type\":\"WebPage\",\"@id\":\"https:\\\/\\\/www.avf-motors.com\\\/shop\\\/jeep-wrangler-2-0-phev-unlimited-overland-4xe\\\/\",\"url\":\"https:\\\/\\\/www.avf-motors.com\\\/shop\\\/jeep-wrangler-2-0-phev-unlimited-overland-4xe\\\/\",\"name\":\"Jeep Wrangler 2.0 PHEV Unlimited Overland 4Xe - AVF Motors\",\"isPartOf\":{\"@id\":\"https:\\\/\\\/www.avf-motors.com\\\/en\\\/#website\"},\"primaryImageOfPage\":{\"@id\":\"https:\\\/\\\/www.avf-motors.com\\\/shop\\\/jeep-wrangler-2-0-phev-unlimited-overland-4xe\\\/#primaryimage\"},\"image\":{\"@id\":\"https:\\\/\\\/www.avf-motors.com\\\/shop\\\/jeep-wrangler-2-0-phev-unlimited-overland-4xe\\\/#primaryimage\"},\"thumbnailUrl\":\"https:\\\/\\\/www.avf-motors.com\\\/wp-content\\\/uploads\\\/2026\\\/02\\\/118172-FBtLHuZfwJmpdOTYkoWM.jpg\",\"datePublished\":\"2026-04-01T17:02:37+00:00\",\"dateModified\":\"2026-05-03T13:00:13+00:00\",\"breadcrumb\":{\"@id\":\"https:\\\/\\\/www.avf-motors.com\\\/shop\\\/jeep-wrangler-2-0-phev-unlimited-overland-4xe\\\/#breadcrumb\"},\"inLanguage\":\"en-GB\",\"potentialAction\":[{\"@type\":\"ReadAction\",\"target\":[\"https:\\\/\\\/www.avf-motors.com\\\/shop\\\/jeep-wrangler-2-0-phev-unlimited-overland-4xe\\\/\"]}]},{\"@type\":\"ImageObject\",\"inLanguage\":\"en-GB\",\"@id\":\"https:\\\/\\\/www.avf-motors.com\\\/shop\\\/jeep-wrangler-2-0-phev-unlimited-overland-4xe\\\/#primaryimage\",\"url\":\"https:\\\/\\\/www.avf-motors.com\\\/wp-content\\\/uploads\\\/2026\\\/02\\\/118172-FBtLHuZfwJmpdOTYkoWM.jpg\",\"contentUrl\":\"https:\\\/\\\/www.avf-motors.com\\\/wp-content\\\/uploads\\\/2026\\\/02\\\/118172-FBtLHuZfwJmpdOTYkoWM.jpg\",\"width\":800,\"height\":600},{\"@type\":\"BreadcrumbList\",\"@id\":\"https:\\\/\\\/www.avf-motors.com\\\/shop\\\/jeep-wrangler-2-0-phev-unlimited-overland-4xe\\\/#breadcrumb\",\"itemListElement\":[{\"@type\":\"ListItem\",\"position\":1,\"name\":\"Accueil\",\"item\":\"https:\\\/\\\/www.avf-motors.com\\\/en\\\/\"},{\"@type\":\"ListItem\",\"position\":2,\"name\":\"Nos voitures\",\"item\":\"https:\\\/\\\/www.avf-motors.com\\\/en\\\/nos-voitures\\\/\"},{\"@type\":\"ListItem\",\"position\":3,\"name\":\"Jeep Wrangler 2.0 PHEV Unlimited Overland 4Xe\"}]},{\"@type\":\"WebSite\",\"@id\":\"https:\\\/\\\/www.avf-motors.com\\\/en\\\/#website\",\"url\":\"https:\\\/\\\/www.avf-motors.com\\\/en\\\/\",\"name\":\"AVF Motors\",\"description\":\"\",\"publisher\":{\"@id\":\"https:\\\/\\\/www.avf-motors.com\\\/en\\\/#organization\"},\"potentialAction\":[{\"@type\":\"SearchAction\",\"target\":{\"@type\":\"EntryPoint\",\"urlTemplate\":\"https:\\\/\\\/www.avf-motors.com\\\/en\\\/?s={search_term_string}\"},\"query-input\":{\"@type\":\"PropertyValueSpecification\",\"valueRequired\":true,\"valueName\":\"search_term_string\"}}],\"inLanguage\":\"en-GB\"},{\"@type\":\"Organization\",\"@id\":\"https:\\\/\\\/www.avf-motors.com\\\/en\\\/#organization\",\"name\":\"AVF Motors\",\"url\":\"https:\\\/\\\/www.avf-motors.com\\\/en\\\/\",\"logo\":{\"@type\":\"ImageObject\",\"inLanguage\":\"en-GB\",\"@id\":\"https:\\\/\\\/www.avf-motors.com\\\/en\\\/#\\\/schema\\\/logo\\\/image\\\/\",\"url\":\"https:\\\/\\\/www.avf-motors.com\\\/wp-content\\\/uploads\\\/2025\\\/06\\\/cropped-cropped-Logo-couleur-baseline-vectoriel-removebg-preview-1-1.png\",\"contentUrl\":\"https:\\\/\\\/www.avf-motors.com\\\/wp-content\\\/uploads\\\/2025\\\/06\\\/cropped-cropped-Logo-couleur-baseline-vectoriel-removebg-preview-1-1.png\",\"width\":630,\"height\":330,\"caption\":\"AVF Motors\"},\"image\":{\"@id\":\"https:\\\/\\\/www.avf-motors.com\\\/en\\\/#\\\/schema\\\/logo\\\/image\\\/\"}}]}<\/script>\n<!-- \/ Yoast SEO plugin. -->","yoast_head_json":{"title":"Jeep Wrangler 2.0 PHEV Unlimited Overland 4Xe - AVF Motors","robots":{"index":"index","follow":"follow","max-snippet":"max-snippet:-1","max-image-preview":"max-image-preview:large","max-video-preview":"max-video-preview:-1"},"canonical":"https:\/\/www.avf-motors.com\/en\/shop\/jeep-wrangler-2-0-phev-unlimited-overland-4xe\/","og_locale":"en_GB","og_type":"article","og_title":"Jeep Wrangler 2.0 PHEV Unlimited Overland 4Xe - AVF Motors","og_description":"Disponible Maintenant !Available Now !&nbsp;Sur rendez-vous uniquement.By appointment only.Superbe Jeep Wrangler 2.0 4Xe Unlimited Overland, ic\u00f4ne du 4x4 tout-terrain, disponible \u00e0 la vente chez AVF Motors. Sa teinte \"Granite Crystal\" lui conf\u00e8re une allure \u00e9l\u00e9gante tout en conservant un esprit robuste. Son int\u00e9rieur en cuir et ses nombreux \u00e9quipements assurent quant \u00e0 eux un confort maximal lors de chaque trajet.8 Haut parleurs&nbsp;Appel d'Assistance Localis\u00e9&nbsp;Appel d'Urgence Localis\u00e9&nbsp;\u00c9cran tactile&nbsp;Fonction MP3&nbsp;GPS Cartographique&nbsp;Interface Media&nbsp;Radio&nbsp;Services connect\u00e9s&nbsp;Arr\u00eat et red\u00e9marrage auto. du moteur&nbsp;Capteur de luminosit\u00e9&nbsp;D\u00e9marrage sans cl\u00e9Limiteur de vitesse&nbsp;Mode de conduite&nbsp;R\u00e9gulateur de vitesse&nbsp;R\u00e9gulateur de vitesse adaptatif&nbsp;Syst\u00e8me d'acc\u00e8s sans cl\u00e9&nbsp;Cam\u00e9ra de recul&nbsp;Feux de route automatiques&nbsp;Filtre \u00e0 particules&nbsp;Hard Top&nbsp;Jantes Alu&nbsp;Marche-pieds arri\u00e8re&nbsp;Phares avant LED&nbsp;Radar de stationnement AR&nbsp;Radar de stationnement AV&nbsp;R\u00e9troviseurs d\u00e9givrants&nbsp;R\u00e9troviseurs \u00e9lectriques&nbsp;Syst\u00e8me d'assistance au stationnement&nbsp;Syst\u00e8me d'assistance au stationnement AR&nbsp;Syst\u00e8me d'\u00e9clairage intelligent \u00e0 LED&nbsp;Accoudoir central AV&nbsp;Appui-t\u00eate conducteur r\u00e9glable hauteur&nbsp;Appui-t\u00eate passager r\u00e9glable en hauteur&nbsp;Banquette 60\/40&nbsp;Banquette AR rabattable&nbsp;Boite \u00e0 gant ferm\u00e9e&nbsp;Clim automatique bi-zones&nbsp;Compte tours&nbsp;\u00c9cran multifonction couleur&nbsp;Filtre \u00e0 Pollen&nbsp;Fixations Isofix aux places arri\u00e8re&nbsp;Kit Fumeur&nbsp;Lunette arri\u00e8re surteint\u00e9e&nbsp;Miroir de courtoisie conducteur \u00e9clair\u00e9&nbsp;Miroir de courtoisie passager \u00e9clair\u00e9&nbsp;Ordinateur de bord&nbsp;Porte-gobelets avant&nbsp;Prise 12V&nbsp;R\u00e9troviseur int\u00e9rieur \u00e9lectrochrome&nbsp;Si\u00e8ge conducteur avec r\u00e9glage lombaire&nbsp;Si\u00e8ge conducteur chauffant&nbsp;Si\u00e8ge conducteur r\u00e9glable en hauteur&nbsp;Si\u00e8ge passager chauffant&nbsp;Si\u00e8ge passager r\u00e9glable en hauteur&nbsp;Temp\u00e9rature ext\u00e9rieure&nbsp;Verrouillage centralis\u00e9 des portes&nbsp;","og_url":"https:\/\/www.avf-motors.com\/en\/shop\/jeep-wrangler-2-0-phev-unlimited-overland-4xe\/","og_site_name":"AVF Motors","article_modified_time":"2026-05-03T13:00:13+00:00","og_image":[{"width":800,"height":600,"url":"https:\/\/www.avf-motors.com\/wp-content\/uploads\/2026\/02\/118172-FBtLHuZfwJmpdOTYkoWM.jpg","type":"image\/jpeg"}],"twitter_card":"summary_large_image","twitter_misc":{"Estimated reading time":"2 minutes"},"schema":{"@context":"https:\/\/schema.org","@graph":[{"@type":"WebPage","@id":"https:\/\/www.avf-motors.com\/shop\/jeep-wrangler-2-0-phev-unlimited-overland-4xe\/","url":"https:\/\/www.avf-motors.com\/shop\/jeep-wrangler-2-0-phev-unlimited-overland-4xe\/","name":"Jeep Wrangler 2.0 PHEV Unlimited Overland 4Xe - AVF Motors","isPartOf":{"@id":"https:\/\/www.avf-motors.com\/en\/#website"},"primaryImageOfPage":{"@id":"https:\/\/www.avf-motors.com\/shop\/jeep-wrangler-2-0-phev-unlimited-overland-4xe\/#primaryimage"},"image":{"@id":"https:\/\/www.avf-motors.com\/shop\/jeep-wrangler-2-0-phev-unlimited-overland-4xe\/#primaryimage"},"thumbnailUrl":"https:\/\/www.avf-motors.com\/wp-content\/uploads\/2026\/02\/118172-FBtLHuZfwJmpdOTYkoWM.jpg","datePublished":"2026-04-01T17:02:37+00:00","dateModified":"2026-05-03T13:00:13+00:00","breadcrumb":{"@id":"https:\/\/www.avf-motors.com\/shop\/jeep-wrangler-2-0-phev-unlimited-overland-4xe\/#breadcrumb"},"inLanguage":"en-GB","potentialAction":[{"@type":"ReadAction","target":["https:\/\/www.avf-motors.com\/shop\/jeep-wrangler-2-0-phev-unlimited-overland-4xe\/"]}]},{"@type":"ImageObject","inLanguage":"en-GB","@id":"https:\/\/www.avf-motors.com\/shop\/jeep-wrangler-2-0-phev-unlimited-overland-4xe\/#primaryimage","url":"https:\/\/www.avf-motors.com\/wp-content\/uploads\/2026\/02\/118172-FBtLHuZfwJmpdOTYkoWM.jpg","contentUrl":"https:\/\/www.avf-motors.com\/wp-content\/uploads\/2026\/02\/118172-FBtLHuZfwJmpdOTYkoWM.jpg","width":800,"height":600},{"@type":"BreadcrumbList","@id":"https:\/\/www.avf-motors.com\/shop\/jeep-wrangler-2-0-phev-unlimited-overland-4xe\/#breadcrumb","itemListElement":[{"@type":"ListItem","position":1,"name":"Accueil","item":"https:\/\/www.avf-motors.com\/en\/"},{"@type":"ListItem","position":2,"name":"Nos voitures","item":"https:\/\/www.avf-motors.com\/en\/nos-voitures\/"},{"@type":"ListItem","position":3,"name":"Jeep Wrangler 2.0 PHEV Unlimited Overland 4Xe"}]},{"@type":"WebSite","@id":"https:\/\/www.avf-motors.com\/en\/#website","url":"https:\/\/www.avf-motors.com\/en\/","name":"AVF Motors","description":"","publisher":{"@id":"https:\/\/www.avf-motors.com\/en\/#organization"},"potentialAction":[{"@type":"SearchAction","target":{"@type":"EntryPoint","urlTemplate":"https:\/\/www.avf-motors.com\/en\/?s={search_term_string}"},"query-input":{"@type":"PropertyValueSpecification","valueRequired":true,"valueName":"search_term_string"}}],"inLanguage":"en-GB"},{"@type":"Organization","@id":"https:\/\/www.avf-motors.com\/en\/#organization","name":"AVF Motors","url":"https:\/\/www.avf-motors.com\/en\/","logo":{"@type":"ImageObject","inLanguage":"en-GB","@id":"https:\/\/www.avf-motors.com\/en\/#\/schema\/logo\/image\/","url":"https:\/\/www.avf-motors.com\/wp-content\/uploads\/2025\/06\/cropped-cropped-Logo-couleur-baseline-vectoriel-removebg-preview-1-1.png","contentUrl":"https:\/\/www.avf-motors.com\/wp-content\/uploads\/2025\/06\/cropped-cropped-Logo-couleur-baseline-vectoriel-removebg-preview-1-1.png","width":630,"height":330,"caption":"AVF Motors"},"image":{"@id":"https:\/\/www.avf-motors.com\/en\/#\/schema\/logo\/image\/"}}]}},"_links":{"self":[{"href":"https:\/\/www.avf-motors.com\/en\/wp-json\/wp\/v2\/product\/7856","targetHints":{"allow":["GET"]}}],"collection":[{"href":"https:\/\/www.avf-motors.com\/en\/wp-json\/wp\/v2\/product"}],"about":[{"href":"https:\/\/www.avf-motors.com\/en\/wp-json\/wp\/v2\/types\/product"}],"wp:featuredmedia":[{"embeddable":true,"href":"https:\/\/www.avf-motors.com\/en\/wp-json\/wp\/v2\/media\/7329"}],"wp:attachment":[{"href":"https:\/\/www.avf-motors.com\/en\/wp-json\/wp\/v2\/media?parent=7856"}],"wp:term":[{"taxonomy":"product_brand","embeddable":true,"href":"https:\/\/www.avf-motors.com\/en\/wp-json\/wp\/v2\/product_brand?post=7856"},{"taxonomy":"product_cat","embeddable":true,"href":"https:\/\/www.avf-motors.com\/en\/wp-json\/wp\/v2\/product_cat?post=7856"},{"taxonomy":"product_tag","embeddable":true,"href":"https:\/\/www.avf-motors.com\/en\/wp-json\/wp\/v2\/product_tag?post=7856"}],"curies":[{"name":"wp","href":"https:\/\/api.w.org\/{rel}","templated":true}]}}