{"id":7855,"date":"2026-04-01T19:02:36","date_gmt":"2026-04-01T17:02:36","guid":{"rendered":"https:\/\/www.avf-motors.com\/shop\/porsche-cayenne-s-sport-chrono-bose-sport-design-toit-ouvrant-pasm\/"},"modified":"2026-05-03T15:00:13","modified_gmt":"2026-05-03T13:00:13","slug":"porsche-cayenne-s-sport-chrono-bose-sport-design-toit-ouvrant-pasm","status":"publish","type":"product","link":"https:\/\/www.avf-motors.com\/en\/shop\/porsche-cayenne-s-sport-chrono-bose-sport-design-toit-ouvrant-pasm\/","title":{"rendered":"Porsche Cayenne S &#8211; Sport Chrono &#8211; BOSE &#8211; Sport Design &#8211; Toit Ouvrant &#8211; PASM"},"content":{"rendered":"<p>Disponible Maintenant !<\/p>\n<p>Available Now !<\/p>\n<p><\/p>\n<p>Sur rendez-vous uniquement.<\/p>\n<p>By appointment only.<\/p>\n<p><\/p>\n<p>Si\u00e8ges Sport avant \u00e9lectriques adaptatifs 18 positions<\/p>\n<p>Suspension pneumatique \u00e0 hauteur variable PASM&nbsp;<\/p>\n<p>Syst\u00e8me d&rsquo;\u00e9chappement sport bronze fonc\u00e9<\/p>\n<p>Eclairage d&rsquo;ambiance<\/p>\n<p>R\u00e9troviseurs ext\u00e9rieurs peints dans la couleur ext\u00e9rieure<\/p>\n<p>Ecran passager&nbsp;<\/p>\n<p>Syst\u00e8me audio BOSE Surround&nbsp;<\/p>\n<p>Barres de toit en aluminium noir&nbsp;<\/p>\n<p>Dispositif d&rsquo;attelage \u00e9lectrique&nbsp;<\/p>\n<p>Pack ext\u00e9rieur noir&nbsp;<\/p>\n<p>Volant Sport GT avec volant chauffant&nbsp;<\/p>\n<p>Affichage t\u00eate haute&nbsp;<\/p>\n<p>Acc\u00e8s confort (Keyless)&nbsp;<\/p>\n<p>Feux arri\u00e8re \u00e0 LED et bandeau lumineux assombri<\/p>\n<p>Projecteurs de porte \u00e0 LED \u201cPORSCHE\u201c&nbsp;<\/p>\n<p>Toit ouvrant panoramique&nbsp;<\/p>\n<p>Porsche InnoDrive \/ Guidage actif de la trajectoire&nbsp;<\/p>\n<p>Ecusson Porsche sur appuie-t\u00eate avant&nbsp;<\/p>\n<p>Vitres teint\u00e9es \u00e0 l&rsquo;arri\u00e8re \/ Privacy Glass&nbsp;<\/p>\n<p>Ceinture de s\u00e9curit\u00e9 bordeaux&nbsp;<\/p>\n<p>Si\u00e8ges avant chauffants et ventil\u00e9s&nbsp;<\/p>\n<p>Si\u00e8ges arri\u00e8re chauffants&nbsp;<\/p>\n<p>Servotronic Plus&nbsp;<\/p>\n<p>Pack Sport Chrono&nbsp;<\/p>\n<p>Pack Sport design peint en noir<\/p>\n<p>Assistant de changement de voie<\/p>\n<p>Chauffage auxiliaire&nbsp;<\/p>\n<p>Surround view \/ Aide au stationnement active&nbsp;<\/p>\n<p>Pr\u00e9-\u00e9quipement pour syst\u00e8me multim\u00e9dia arri\u00e8re&nbsp;<\/p>\n<p>Cadran boussole\/chronom\u00e8tre sport bordeaux&nbsp;<\/p>\n<p>Jantes Sport Design 22\u201c&nbsp;<\/p>\n<p>Climatisation automatique 4 zones&nbsp;<\/p>\n<p>Apple CarPlay \/ Android Auto<\/p>","protected":false},"excerpt":{"rendered":"<p>Disponible Maintenant !<\/p>\n<p>Available Now !<\/p>\n<p>Sur rendez-vous uniquement.<\/p>\n<p>By appointment only.<\/p>\n<p>AVF Motors vous propose \u00e0 la vente ce superbe Porsche Cayenne S v\u00eatu d&rsquo;une configuration \u00e9l\u00e9gante et sportive. Sublim\u00e9 par sa teinte Noir Chromite M\u00e9tallis\u00e9 et son int\u00e9rieur en cuir noir alli\u00e9 aux ceintures de s\u00e9curit\u00e9 bordeaux, ce Cayenne S s\u00e9duit par ses performances et son confort. Ce dernier b\u00e9n\u00e9ficie par ailleurs d&rsquo;un \u00e9quipement particuli\u00e8rement complet. En quelques mots, ce Porsche Cayenne S n&rsquo;est autre que le symbole d&rsquo;une polyvalence parfaite entre sportivit\u00e9 et agr\u00e9ment de conduite.<\/p>\n<p>V8 4.0L biturbo &#8211; 474 ch &#8211; Bo\u00eete automatique Tiptronic S 8 rapports<\/p>\n<p>Transmission int\u00e9grale AWD &#8211; 0 \u00e0 100 km\/h en 4,7 sec<\/p>\n<p>Si\u00e8ges Sport avant \u00e9lectriques adaptatifs 18 positions<\/p>\n<p>Suspension pneumatique \u00e0 hauteur variable PASM&nbsp;<\/p>\n<p>Syst\u00e8me d&rsquo;\u00e9chappement sport bronze fonc\u00e9<\/p>\n<p>Eclairage d&rsquo;ambiance<\/p>\n<p>R\u00e9troviseurs ext\u00e9rieurs peints dans la couleur ext\u00e9rieure<\/p>\n<p>Ecran passager&nbsp;<\/p>\n<p>Syst\u00e8me audio BOSE Surround&nbsp;<\/p>\n<p>Barres de toit en aluminium noir&nbsp;<\/p>\n<p>Dispositif d&rsquo;attelage \u00e9lectrique&nbsp;<\/p>\n<p>Pack ext\u00e9rieur noir&nbsp;<\/p>\n<p>Volant Sport GT avec volant chauffant&nbsp;<\/p>\n<p>Affichage t\u00eate haute&nbsp;<\/p>\n<p>Acc\u00e8s confort (Keyless)&nbsp;<\/p>\n<p>Feux arri\u00e8re \u00e0 LED et bandeau lumineux assombri<\/p>\n<p>Projecteurs de porte \u00e0 LED \u201cPORSCHE\u201c&nbsp;<\/p>\n<p>Toit ouvrant panoramique&nbsp;<\/p>\n<p>Porsche InnoDrive \/ Guidage actif de la trajectoire&nbsp;<\/p>\n<p>Ecusson Porsche sur appuie-t\u00eate avant&nbsp;<\/p>\n<p>Vitres teint\u00e9es \u00e0 l&rsquo;arri\u00e8re \/ Privacy Glass&nbsp;<\/p>\n<p>Ceinture de s\u00e9curit\u00e9 bordeaux&nbsp;<\/p>\n<p>Si\u00e8ges avant chauffants et ventil\u00e9s&nbsp;<\/p>\n<p>Si\u00e8ges arri\u00e8re chauffants&nbsp;<\/p>\n<p>Servotronic Plus&nbsp;<\/p>\n<p>Pack Sport Chrono&nbsp;<\/p>\n<p>Pack Sport design peint en noir<\/p>\n<p>Assistant de changement de voie<\/p>\n<p>Chauffage auxiliaire&nbsp;<\/p>\n<p>Surround view \/ Aide au stationnement active&nbsp;<\/p>\n<p>Pr\u00e9-\u00e9quipement pour syst\u00e8me multim\u00e9dia arri\u00e8re&nbsp;<\/p>\n<p>Cadran boussole\/chronom\u00e8tre sport bordeaux&nbsp;<\/p>\n<p>Jantes Sport Design 22\u201c&nbsp;<\/p>\n<p>Climatisation automatique 4 zones&nbsp;<\/p>\n<p>Apple CarPlay \/ Android Auto<\/p>","protected":false},"featured_media":7394,"template":"","meta":{"_acf_changed":false,"content-type":"","ocean_post_layout":"","ocean_both_sidebars_style":"","ocean_both_sidebars_content_width":0,"ocean_both_sidebars_sidebars_width":0,"ocean_sidebar":"","ocean_second_sidebar":"","ocean_disable_margins":"enable","ocean_add_body_class":"","ocean_shortcode_before_top_bar":"","ocean_shortcode_after_top_bar":"","ocean_shortcode_before_header":"","ocean_shortcode_after_header":"","ocean_has_shortcode":"","ocean_shortcode_after_title":"","ocean_shortcode_before_footer_widgets":"","ocean_shortcode_after_footer_widgets":"","ocean_shortcode_before_footer_bottom":"","ocean_shortcode_after_footer_bottom":"","ocean_display_top_bar":"default","ocean_display_header":"default","ocean_header_style":"","ocean_center_header_left_menu":"","ocean_custom_header_template":"","ocean_custom_logo":0,"ocean_custom_retina_logo":0,"ocean_custom_logo_max_width":0,"ocean_custom_logo_tablet_max_width":0,"ocean_custom_logo_mobile_max_width":0,"ocean_custom_logo_max_height":0,"ocean_custom_logo_tablet_max_height":0,"ocean_custom_logo_mobile_max_height":0,"ocean_header_custom_menu":"","ocean_menu_typo_font_family":"","ocean_menu_typo_font_subset":"","ocean_menu_typo_font_size":0,"ocean_menu_typo_font_size_tablet":0,"ocean_menu_typo_font_size_mobile":0,"ocean_menu_typo_font_size_unit":"px","ocean_menu_typo_font_weight":"","ocean_menu_typo_font_weight_tablet":"","ocean_menu_typo_font_weight_mobile":"","ocean_menu_typo_transform":"","ocean_menu_typo_transform_tablet":"","ocean_menu_typo_transform_mobile":"","ocean_menu_typo_line_height":0,"ocean_menu_typo_line_height_tablet":0,"ocean_menu_typo_line_height_mobile":0,"ocean_menu_typo_line_height_unit":"","ocean_menu_typo_spacing":0,"ocean_menu_typo_spacing_tablet":0,"ocean_menu_typo_spacing_mobile":0,"ocean_menu_typo_spacing_unit":"","ocean_menu_link_color":"","ocean_menu_link_color_hover":"","ocean_menu_link_color_active":"","ocean_menu_link_background":"","ocean_menu_link_hover_background":"","ocean_menu_link_active_background":"","ocean_menu_social_links_bg":"","ocean_menu_social_hover_links_bg":"","ocean_menu_social_links_color":"","ocean_menu_social_hover_links_color":"","ocean_disable_title":"default","ocean_disable_heading":"default","ocean_post_title":"","ocean_post_subheading":"","ocean_post_title_style":"","ocean_post_title_background_color":"","ocean_post_title_background":0,"ocean_post_title_bg_image_position":"","ocean_post_title_bg_image_attachment":"","ocean_post_title_bg_image_repeat":"","ocean_post_title_bg_image_size":"","ocean_post_title_height":0,"ocean_post_title_bg_overlay":0.5,"ocean_post_title_bg_overlay_color":"","ocean_disable_breadcrumbs":"default","ocean_breadcrumbs_color":"","ocean_breadcrumbs_separator_color":"","ocean_breadcrumbs_links_color":"","ocean_breadcrumbs_links_hover_color":"","ocean_display_footer_widgets":"default","ocean_display_footer_bottom":"default","ocean_custom_footer_template":""},"product_brand":[],"product_cat":[19],"product_tag":[],"class_list":{"0":"post-7855","1":"product","2":"type-product","3":"status-publish","4":"has-post-thumbnail","6":"product_cat-non-classe","7":"entry","8":"has-media","10":"first","11":"instock","12":"shipping-taxable","13":"purchasable","14":"product-type-simple"},"acf":[],"yoast_head":"<!-- This site is optimized with the Yoast SEO plugin v27.3 - https:\/\/yoast.com\/product\/yoast-seo-wordpress\/ -->\n<title>Porsche Cayenne S - Sport Chrono - BOSE - Sport Design - Toit Ouvrant - PASM - AVF Motors<\/title>\n<meta name=\"robots\" content=\"index, follow, max-snippet:-1, max-image-preview:large, max-video-preview:-1\" \/>\n<link rel=\"canonical\" href=\"https:\/\/www.avf-motors.com\/en\/shop\/porsche-cayenne-s-sport-chrono-bose-sport-design-toit-ouvrant-pasm\/\" \/>\n<meta property=\"og:locale\" content=\"en_GB\" \/>\n<meta property=\"og:type\" content=\"article\" \/>\n<meta property=\"og:title\" content=\"Porsche Cayenne S - Sport Chrono - BOSE - Sport Design - Toit Ouvrant - PASM - AVF Motors\" \/>\n<meta property=\"og:description\" content=\"Disponible Maintenant !Available Now !Sur rendez-vous uniquement.By appointment only.AVF Motors vous propose \u00e0 la vente ce superbe Porsche Cayenne S v\u00eatu d&#039;une configuration \u00e9l\u00e9gante et sportive. Sublim\u00e9 par sa teinte Noir Chromite M\u00e9tallis\u00e9 et son int\u00e9rieur en cuir noir alli\u00e9 aux ceintures de s\u00e9curit\u00e9 bordeaux, ce Cayenne S s\u00e9duit par ses performances et son confort. Ce dernier b\u00e9n\u00e9ficie par ailleurs d&#039;un \u00e9quipement particuli\u00e8rement complet. En quelques mots, ce Porsche Cayenne S n&#039;est autre que le symbole d&#039;une polyvalence parfaite entre sportivit\u00e9 et agr\u00e9ment de conduite.V8 4.0L biturbo - 474 ch - Bo\u00eete automatique Tiptronic S 8 rapportsTransmission int\u00e9grale AWD - 0 \u00e0 100 km\/h en 4,7 secSi\u00e8ges Sport avant \u00e9lectriques adaptatifs 18 positionsSuspension pneumatique \u00e0 hauteur variable PASM&nbsp;Syst\u00e8me d&#039;\u00e9chappement sport bronze fonc\u00e9Eclairage d&#039;ambianceR\u00e9troviseurs ext\u00e9rieurs peints dans la couleur ext\u00e9rieureEcran passager&nbsp;Syst\u00e8me audio BOSE Surround&nbsp;Barres de toit en aluminium noir&nbsp;Dispositif d&#039;attelage \u00e9lectrique&nbsp;Pack ext\u00e9rieur noir&nbsp;Volant Sport GT avec volant chauffant&nbsp;Affichage t\u00eate haute&nbsp;Acc\u00e8s confort (Keyless)&nbsp;Feux arri\u00e8re \u00e0 LED et bandeau lumineux assombriProjecteurs de porte \u00e0 LED \u201cPORSCHE\u201c&nbsp;Toit ouvrant panoramique&nbsp;Porsche InnoDrive \/ Guidage actif de la trajectoire&nbsp;Ecusson Porsche sur appuie-t\u00eate avant&nbsp;Vitres teint\u00e9es \u00e0 l&#039;arri\u00e8re \/ Privacy Glass&nbsp;Ceinture de s\u00e9curit\u00e9 bordeaux&nbsp;Si\u00e8ges avant chauffants et ventil\u00e9s&nbsp;Si\u00e8ges arri\u00e8re chauffants&nbsp;Servotronic Plus&nbsp;Pack Sport Chrono&nbsp;Pack Sport design peint en noirAssistant de changement de voieChauffage auxiliaire&nbsp;Surround view \/ Aide au stationnement active&nbsp;Pr\u00e9-\u00e9quipement pour syst\u00e8me multim\u00e9dia arri\u00e8re&nbsp;Cadran boussole\/chronom\u00e8tre sport bordeaux&nbsp;Jantes Sport Design 22\u201c&nbsp;Climatisation automatique 4 zones&nbsp;Apple CarPlay \/ Android Auto\" \/>\n<meta property=\"og:url\" content=\"https:\/\/www.avf-motors.com\/en\/shop\/porsche-cayenne-s-sport-chrono-bose-sport-design-toit-ouvrant-pasm\/\" \/>\n<meta property=\"og:site_name\" content=\"AVF Motors\" \/>\n<meta property=\"article:modified_time\" content=\"2026-05-03T13:00:13+00:00\" \/>\n<meta property=\"og:image\" content=\"https:\/\/www.avf-motors.com\/wp-content\/uploads\/2026\/02\/118719-nKLxOSoWhsufmHlrNByj.jpg\" \/>\n\t<meta property=\"og:image:width\" content=\"800\" \/>\n\t<meta property=\"og:image:height\" content=\"600\" \/>\n\t<meta property=\"og:image:type\" content=\"image\/jpeg\" \/>\n<meta name=\"twitter:card\" content=\"summary_large_image\" \/>\n<meta name=\"twitter:label1\" content=\"Estimated reading time\" \/>\n\t<meta name=\"twitter:data1\" content=\"1 minute\" \/>\n<script type=\"application\/ld+json\" class=\"yoast-schema-graph\">{\"@context\":\"https:\\\/\\\/schema.org\",\"@graph\":[{\"@type\":\"WebPage\",\"@id\":\"https:\\\/\\\/www.avf-motors.com\\\/shop\\\/porsche-cayenne-s-sport-chrono-bose-sport-design-toit-ouvrant-pasm\\\/\",\"url\":\"https:\\\/\\\/www.avf-motors.com\\\/shop\\\/porsche-cayenne-s-sport-chrono-bose-sport-design-toit-ouvrant-pasm\\\/\",\"name\":\"Porsche Cayenne S - Sport Chrono - BOSE - Sport Design - Toit Ouvrant - PASM - AVF Motors\",\"isPartOf\":{\"@id\":\"https:\\\/\\\/www.avf-motors.com\\\/en\\\/#website\"},\"primaryImageOfPage\":{\"@id\":\"https:\\\/\\\/www.avf-motors.com\\\/shop\\\/porsche-cayenne-s-sport-chrono-bose-sport-design-toit-ouvrant-pasm\\\/#primaryimage\"},\"image\":{\"@id\":\"https:\\\/\\\/www.avf-motors.com\\\/shop\\\/porsche-cayenne-s-sport-chrono-bose-sport-design-toit-ouvrant-pasm\\\/#primaryimage\"},\"thumbnailUrl\":\"https:\\\/\\\/www.avf-motors.com\\\/wp-content\\\/uploads\\\/2026\\\/02\\\/118719-nKLxOSoWhsufmHlrNByj.jpg\",\"datePublished\":\"2026-04-01T17:02:36+00:00\",\"dateModified\":\"2026-05-03T13:00:13+00:00\",\"breadcrumb\":{\"@id\":\"https:\\\/\\\/www.avf-motors.com\\\/shop\\\/porsche-cayenne-s-sport-chrono-bose-sport-design-toit-ouvrant-pasm\\\/#breadcrumb\"},\"inLanguage\":\"en-GB\",\"potentialAction\":[{\"@type\":\"ReadAction\",\"target\":[\"https:\\\/\\\/www.avf-motors.com\\\/shop\\\/porsche-cayenne-s-sport-chrono-bose-sport-design-toit-ouvrant-pasm\\\/\"]}]},{\"@type\":\"ImageObject\",\"inLanguage\":\"en-GB\",\"@id\":\"https:\\\/\\\/www.avf-motors.com\\\/shop\\\/porsche-cayenne-s-sport-chrono-bose-sport-design-toit-ouvrant-pasm\\\/#primaryimage\",\"url\":\"https:\\\/\\\/www.avf-motors.com\\\/wp-content\\\/uploads\\\/2026\\\/02\\\/118719-nKLxOSoWhsufmHlrNByj.jpg\",\"contentUrl\":\"https:\\\/\\\/www.avf-motors.com\\\/wp-content\\\/uploads\\\/2026\\\/02\\\/118719-nKLxOSoWhsufmHlrNByj.jpg\",\"width\":800,\"height\":600},{\"@type\":\"BreadcrumbList\",\"@id\":\"https:\\\/\\\/www.avf-motors.com\\\/shop\\\/porsche-cayenne-s-sport-chrono-bose-sport-design-toit-ouvrant-pasm\\\/#breadcrumb\",\"itemListElement\":[{\"@type\":\"ListItem\",\"position\":1,\"name\":\"Accueil\",\"item\":\"https:\\\/\\\/www.avf-motors.com\\\/en\\\/\"},{\"@type\":\"ListItem\",\"position\":2,\"name\":\"Nos voitures\",\"item\":\"https:\\\/\\\/www.avf-motors.com\\\/en\\\/nos-voitures\\\/\"},{\"@type\":\"ListItem\",\"position\":3,\"name\":\"Porsche Cayenne S &#8211; Sport Chrono &#8211; BOSE &#8211; Sport Design &#8211; Toit Ouvrant &#8211; PASM\"}]},{\"@type\":\"WebSite\",\"@id\":\"https:\\\/\\\/www.avf-motors.com\\\/en\\\/#website\",\"url\":\"https:\\\/\\\/www.avf-motors.com\\\/en\\\/\",\"name\":\"AVF Motors\",\"description\":\"\",\"publisher\":{\"@id\":\"https:\\\/\\\/www.avf-motors.com\\\/en\\\/#organization\"},\"potentialAction\":[{\"@type\":\"SearchAction\",\"target\":{\"@type\":\"EntryPoint\",\"urlTemplate\":\"https:\\\/\\\/www.avf-motors.com\\\/en\\\/?s={search_term_string}\"},\"query-input\":{\"@type\":\"PropertyValueSpecification\",\"valueRequired\":true,\"valueName\":\"search_term_string\"}}],\"inLanguage\":\"en-GB\"},{\"@type\":\"Organization\",\"@id\":\"https:\\\/\\\/www.avf-motors.com\\\/en\\\/#organization\",\"name\":\"AVF Motors\",\"url\":\"https:\\\/\\\/www.avf-motors.com\\\/en\\\/\",\"logo\":{\"@type\":\"ImageObject\",\"inLanguage\":\"en-GB\",\"@id\":\"https:\\\/\\\/www.avf-motors.com\\\/en\\\/#\\\/schema\\\/logo\\\/image\\\/\",\"url\":\"https:\\\/\\\/www.avf-motors.com\\\/wp-content\\\/uploads\\\/2025\\\/06\\\/cropped-cropped-Logo-couleur-baseline-vectoriel-removebg-preview-1-1.png\",\"contentUrl\":\"https:\\\/\\\/www.avf-motors.com\\\/wp-content\\\/uploads\\\/2025\\\/06\\\/cropped-cropped-Logo-couleur-baseline-vectoriel-removebg-preview-1-1.png\",\"width\":630,\"height\":330,\"caption\":\"AVF Motors\"},\"image\":{\"@id\":\"https:\\\/\\\/www.avf-motors.com\\\/en\\\/#\\\/schema\\\/logo\\\/image\\\/\"}}]}<\/script>\n<!-- \/ Yoast SEO plugin. -->","yoast_head_json":{"title":"Porsche Cayenne S - Sport Chrono - BOSE - Sport Design - Toit Ouvrant - PASM - AVF Motors","robots":{"index":"index","follow":"follow","max-snippet":"max-snippet:-1","max-image-preview":"max-image-preview:large","max-video-preview":"max-video-preview:-1"},"canonical":"https:\/\/www.avf-motors.com\/en\/shop\/porsche-cayenne-s-sport-chrono-bose-sport-design-toit-ouvrant-pasm\/","og_locale":"en_GB","og_type":"article","og_title":"Porsche Cayenne S - Sport Chrono - BOSE - Sport Design - Toit Ouvrant - PASM - AVF Motors","og_description":"Disponible Maintenant !Available Now !Sur rendez-vous uniquement.By appointment only.AVF Motors vous propose \u00e0 la vente ce superbe Porsche Cayenne S v\u00eatu d'une configuration \u00e9l\u00e9gante et sportive. Sublim\u00e9 par sa teinte Noir Chromite M\u00e9tallis\u00e9 et son int\u00e9rieur en cuir noir alli\u00e9 aux ceintures de s\u00e9curit\u00e9 bordeaux, ce Cayenne S s\u00e9duit par ses performances et son confort. Ce dernier b\u00e9n\u00e9ficie par ailleurs d'un \u00e9quipement particuli\u00e8rement complet. En quelques mots, ce Porsche Cayenne S n'est autre que le symbole d'une polyvalence parfaite entre sportivit\u00e9 et agr\u00e9ment de conduite.V8 4.0L biturbo - 474 ch - Bo\u00eete automatique Tiptronic S 8 rapportsTransmission int\u00e9grale AWD - 0 \u00e0 100 km\/h en 4,7 secSi\u00e8ges Sport avant \u00e9lectriques adaptatifs 18 positionsSuspension pneumatique \u00e0 hauteur variable PASM&nbsp;Syst\u00e8me d'\u00e9chappement sport bronze fonc\u00e9Eclairage d'ambianceR\u00e9troviseurs ext\u00e9rieurs peints dans la couleur ext\u00e9rieureEcran passager&nbsp;Syst\u00e8me audio BOSE Surround&nbsp;Barres de toit en aluminium noir&nbsp;Dispositif d'attelage \u00e9lectrique&nbsp;Pack ext\u00e9rieur noir&nbsp;Volant Sport GT avec volant chauffant&nbsp;Affichage t\u00eate haute&nbsp;Acc\u00e8s confort (Keyless)&nbsp;Feux arri\u00e8re \u00e0 LED et bandeau lumineux assombriProjecteurs de porte \u00e0 LED \u201cPORSCHE\u201c&nbsp;Toit ouvrant panoramique&nbsp;Porsche InnoDrive \/ Guidage actif de la trajectoire&nbsp;Ecusson Porsche sur appuie-t\u00eate avant&nbsp;Vitres teint\u00e9es \u00e0 l'arri\u00e8re \/ Privacy Glass&nbsp;Ceinture de s\u00e9curit\u00e9 bordeaux&nbsp;Si\u00e8ges avant chauffants et ventil\u00e9s&nbsp;Si\u00e8ges arri\u00e8re chauffants&nbsp;Servotronic Plus&nbsp;Pack Sport Chrono&nbsp;Pack Sport design peint en noirAssistant de changement de voieChauffage auxiliaire&nbsp;Surround view \/ Aide au stationnement active&nbsp;Pr\u00e9-\u00e9quipement pour syst\u00e8me multim\u00e9dia arri\u00e8re&nbsp;Cadran boussole\/chronom\u00e8tre sport bordeaux&nbsp;Jantes Sport Design 22\u201c&nbsp;Climatisation automatique 4 zones&nbsp;Apple CarPlay \/ Android Auto","og_url":"https:\/\/www.avf-motors.com\/en\/shop\/porsche-cayenne-s-sport-chrono-bose-sport-design-toit-ouvrant-pasm\/","og_site_name":"AVF Motors","article_modified_time":"2026-05-03T13:00:13+00:00","og_image":[{"width":800,"height":600,"url":"https:\/\/www.avf-motors.com\/wp-content\/uploads\/2026\/02\/118719-nKLxOSoWhsufmHlrNByj.jpg","type":"image\/jpeg"}],"twitter_card":"summary_large_image","twitter_misc":{"Estimated reading time":"1 minute"},"schema":{"@context":"https:\/\/schema.org","@graph":[{"@type":"WebPage","@id":"https:\/\/www.avf-motors.com\/shop\/porsche-cayenne-s-sport-chrono-bose-sport-design-toit-ouvrant-pasm\/","url":"https:\/\/www.avf-motors.com\/shop\/porsche-cayenne-s-sport-chrono-bose-sport-design-toit-ouvrant-pasm\/","name":"Porsche Cayenne S - Sport Chrono - BOSE - Sport Design - Toit Ouvrant - PASM - AVF Motors","isPartOf":{"@id":"https:\/\/www.avf-motors.com\/en\/#website"},"primaryImageOfPage":{"@id":"https:\/\/www.avf-motors.com\/shop\/porsche-cayenne-s-sport-chrono-bose-sport-design-toit-ouvrant-pasm\/#primaryimage"},"image":{"@id":"https:\/\/www.avf-motors.com\/shop\/porsche-cayenne-s-sport-chrono-bose-sport-design-toit-ouvrant-pasm\/#primaryimage"},"thumbnailUrl":"https:\/\/www.avf-motors.com\/wp-content\/uploads\/2026\/02\/118719-nKLxOSoWhsufmHlrNByj.jpg","datePublished":"2026-04-01T17:02:36+00:00","dateModified":"2026-05-03T13:00:13+00:00","breadcrumb":{"@id":"https:\/\/www.avf-motors.com\/shop\/porsche-cayenne-s-sport-chrono-bose-sport-design-toit-ouvrant-pasm\/#breadcrumb"},"inLanguage":"en-GB","potentialAction":[{"@type":"ReadAction","target":["https:\/\/www.avf-motors.com\/shop\/porsche-cayenne-s-sport-chrono-bose-sport-design-toit-ouvrant-pasm\/"]}]},{"@type":"ImageObject","inLanguage":"en-GB","@id":"https:\/\/www.avf-motors.com\/shop\/porsche-cayenne-s-sport-chrono-bose-sport-design-toit-ouvrant-pasm\/#primaryimage","url":"https:\/\/www.avf-motors.com\/wp-content\/uploads\/2026\/02\/118719-nKLxOSoWhsufmHlrNByj.jpg","contentUrl":"https:\/\/www.avf-motors.com\/wp-content\/uploads\/2026\/02\/118719-nKLxOSoWhsufmHlrNByj.jpg","width":800,"height":600},{"@type":"BreadcrumbList","@id":"https:\/\/www.avf-motors.com\/shop\/porsche-cayenne-s-sport-chrono-bose-sport-design-toit-ouvrant-pasm\/#breadcrumb","itemListElement":[{"@type":"ListItem","position":1,"name":"Accueil","item":"https:\/\/www.avf-motors.com\/en\/"},{"@type":"ListItem","position":2,"name":"Nos voitures","item":"https:\/\/www.avf-motors.com\/en\/nos-voitures\/"},{"@type":"ListItem","position":3,"name":"Porsche Cayenne S &#8211; Sport Chrono &#8211; BOSE &#8211; Sport Design &#8211; Toit Ouvrant &#8211; PASM"}]},{"@type":"WebSite","@id":"https:\/\/www.avf-motors.com\/en\/#website","url":"https:\/\/www.avf-motors.com\/en\/","name":"AVF Motors","description":"","publisher":{"@id":"https:\/\/www.avf-motors.com\/en\/#organization"},"potentialAction":[{"@type":"SearchAction","target":{"@type":"EntryPoint","urlTemplate":"https:\/\/www.avf-motors.com\/en\/?s={search_term_string}"},"query-input":{"@type":"PropertyValueSpecification","valueRequired":true,"valueName":"search_term_string"}}],"inLanguage":"en-GB"},{"@type":"Organization","@id":"https:\/\/www.avf-motors.com\/en\/#organization","name":"AVF Motors","url":"https:\/\/www.avf-motors.com\/en\/","logo":{"@type":"ImageObject","inLanguage":"en-GB","@id":"https:\/\/www.avf-motors.com\/en\/#\/schema\/logo\/image\/","url":"https:\/\/www.avf-motors.com\/wp-content\/uploads\/2025\/06\/cropped-cropped-Logo-couleur-baseline-vectoriel-removebg-preview-1-1.png","contentUrl":"https:\/\/www.avf-motors.com\/wp-content\/uploads\/2025\/06\/cropped-cropped-Logo-couleur-baseline-vectoriel-removebg-preview-1-1.png","width":630,"height":330,"caption":"AVF Motors"},"image":{"@id":"https:\/\/www.avf-motors.com\/en\/#\/schema\/logo\/image\/"}}]}},"_links":{"self":[{"href":"https:\/\/www.avf-motors.com\/en\/wp-json\/wp\/v2\/product\/7855","targetHints":{"allow":["GET"]}}],"collection":[{"href":"https:\/\/www.avf-motors.com\/en\/wp-json\/wp\/v2\/product"}],"about":[{"href":"https:\/\/www.avf-motors.com\/en\/wp-json\/wp\/v2\/types\/product"}],"wp:featuredmedia":[{"embeddable":true,"href":"https:\/\/www.avf-motors.com\/en\/wp-json\/wp\/v2\/media\/7394"}],"wp:attachment":[{"href":"https:\/\/www.avf-motors.com\/en\/wp-json\/wp\/v2\/media?parent=7855"}],"wp:term":[{"taxonomy":"product_brand","embeddable":true,"href":"https:\/\/www.avf-motors.com\/en\/wp-json\/wp\/v2\/product_brand?post=7855"},{"taxonomy":"product_cat","embeddable":true,"href":"https:\/\/www.avf-motors.com\/en\/wp-json\/wp\/v2\/product_cat?post=7855"},{"taxonomy":"product_tag","embeddable":true,"href":"https:\/\/www.avf-motors.com\/en\/wp-json\/wp\/v2\/product_tag?post=7855"}],"curies":[{"name":"wp","href":"https:\/\/api.w.org\/{rel}","templated":true}]}}