{"id":7853,"date":"2026-04-01T19:02:35","date_gmt":"2026-04-01T17:02:35","guid":{"rendered":"https:\/\/www.avf-motors.com\/shop\/bmw-m3-competition-m-xdrive-sieges-baquets-m-carbon-laserlight-freins-m-compound\/"},"modified":"2026-05-03T15:00:12","modified_gmt":"2026-05-03T13:00:12","slug":"bmw-m3-competition-m-xdrive-sieges-baquets-m-carbon-laserlight-freins-m-compound","status":"publish","type":"product","link":"https:\/\/www.avf-motors.com\/en\/shop\/bmw-m3-competition-m-xdrive-sieges-baquets-m-carbon-laserlight-freins-m-compound\/","title":{"rendered":"BMW M3 Competition M xDrive &#8211; Si\u00e8ges Baquets M Carbon &#8211; Laserlight &#8211; Freins M Compound"},"content":{"rendered":"<p>Disponible Maintenant !<\/p>\n<p>Available Now !&nbsp;<\/p>\n<p><\/p>\n<p>Sur rendez-vous uniquement.<\/p>\n<p>By appointment only.<\/p>\n<p><\/p>\n<p>300 Alpinweiss III<\/p>\n<p>LKIA Cuir Merino Silverstone\/Schwarz<\/p>\n<p>1MB M Drive Professional<\/p>\n<p>1UO Jantes alu styling 826 M 19&Prime;\/20&Prime; (Jetblack)<\/p>\n<p>2PA Boulons antivol<\/p>\n<p>2T4 Diff\u00e9rentiel M Sport<\/p>\n<p>2VB Affichage de la pression&nbsp;<\/p>\n<p>2VF Suspension adaptative M<\/p>\n<p>302 Syst\u00e8me d&rsquo;alarme<\/p>\n<p>430 Pack r\u00e9troviseurs<\/p>\n<p>431 R\u00e9troviseur int\u00e9rieur anti-\u00e9blouissement automatique<\/p>\n<p>459 R\u00e9glage \u00e9lectrique des si\u00e8ges avant, avec fonction m\u00e9moire pour si\u00e8ge conducteur<\/p>\n<p>493 Pack rangement<\/p>\n<p>494 Si\u00e8ges chauffants \u00e0 l&rsquo;avant<\/p>\n<p>534 Climatisation \u00e0 r\u00e9glage \u00e9lectronique<\/p>\n<p>544 Cruise Control<\/p>\n<p>5AV Active Guard<\/p>\n<p>5DA D\u00e9sactivation airbag passager<\/p>\n<p>5DC Appuie-t\u00eates arri\u00e8re rabattables<\/p>\n<p>654 Tuner DAB<\/p>\n<p>6AE BMW Teleservices<\/p>\n<p>6AF Intelligent Emergency Call &#8211; eCall<\/p>\n<p>6AK ConnectedDrive Services<\/p>\n<p>6C4 ConectedPackage Professional<\/p>\n<p>760 M Shadow Line hochgl\u00e4nzend<\/p>\n<p>775 Ciel de pavillon M en Anthrazit<\/p>\n<p>7CG Garantie 3 ans, sans limite de kilom\u00e9trage<\/p>\n<p>7M9 M Shadow Line hochgl\u00e4nzend avec \u00e9l\u00e9ments suppl\u00e9mentaires<\/p>\n<p>ZML BMW M League<\/p>\n<p>ZB0 Technology Pack<\/p>\n<p>5AC High Beam Assist<\/p>\n<p>5AZ BMW Laserlight<\/p>\n<p>5DN Parking Assistant Pack Plus<\/p>\n<p>610 Head-Up Display<\/p>\n<p>6U8 BMW Gesture Control<\/p>\n<p>ZT0 Avantage client Pack<\/p>\n<p>2VC Kit de r\u00e9paration de pneus<\/p>\n<p>316 Ouverture\/Fermeture automatique du coffre<\/p>\n<p>320 Sans monogramme<\/p>\n<p>3M6 Freins M Compound, schwarz<\/p>\n<p>3MF M Lights Shadow Line<\/p>\n<p>420 Vitres teint\u00e9es fonc\u00e9es \u00e0 l&rsquo;arri\u00e8re<\/p>\n<p>441 Kit fumeurs<\/p>\n<p>48C Si\u00e8ges baquets M Carbon \u00e0 l&rsquo;avant<\/p>\n<p>4MC Inserts de d\u00e9coration M Carbon Fibre<\/p>\n<p>5AL Active Protection<\/p>\n<p>854 Version langage fran\u00e7ais<\/p>\n<p>881 Litt\u00e9rature de bord en fran\u00e7ais<\/p>\n<p>ZKS Kit s\u00e9curit\u00e9<\/p>","protected":false},"excerpt":{"rendered":"<p>Disponible Maintenant !<\/p>\n<p>Available Now !&nbsp;<\/p>\n<p><\/p>\n<p>Sur rendez-vous uniquement.<\/p>\n<p>By appointment only.<\/p>\n<p><\/p>\n<p>AVF Motors vous propose \u00e0 la vente cette magnifique BMW M3 Competition xDrive dans sa teinte blanche \u00ab\u00a0Alpinweiss III\u00a0\u00bb. Pens\u00e9e pour conjuguer performances extr\u00eames et polyvalence au quotidien, cette M3 Competition incarne tout le savoir-faire de la division BMW M. Sa ligne affirm\u00e9e et son ch\u00e2ssis d&rsquo;exception vous offrent des sensations de conduite uniques, sans oublier un agr\u00e9ment de conduite optimal dans un habitacle r\u00e9solument sportif en cuir Merino Silverstone\/Schwarz.<\/p>\n<p><\/p>\n<p>6 cylindres en ligne 3.0L biturbo &#8211; 510 ch &#8211; Bo\u00eete M Steptronic 8 rapports<\/p>\n<p>Transmission int\u00e9grale M xDrive &#8211; 0 \u00e0 100 km\/h en 3,5 sec<\/p>\n<p><\/p>\n<p>300 Alpinweiss III<\/p>\n<p>LKIA Cuir Merino Silverstone\/Schwarz<\/p>\n<p>1MB M Drive Professional<\/p>\n<p>1UO Jantes alu styling 826 M 19&Prime;\/20&Prime; (Jetblack)<\/p>\n<p>2PA Boulons antivol<\/p>\n<p>2T4 Diff\u00e9rentiel M Sport<\/p>\n<p>2VB Affichage de la pression *2VF Suspension adaptative M<\/p>\n<p>302 Syst\u00e8me d&rsquo;alarme<\/p>\n<p>430 Pack r\u00e9troviseurs<\/p>\n<p>431 R\u00e9troviseur int\u00e9rieur anti-\u00e9blouissement automatique<\/p>\n<p>459 R\u00e9glage \u00e9lectrique des si\u00e8ges avant, avec fonction m\u00e9moire pour si\u00e8ge conducteur<\/p>\n<p>493 Pack rangement<\/p>\n<p>494 Si\u00e8ges chauffants \u00e0 l&rsquo;avant<\/p>\n<p>534 Climatisation \u00e0 r\u00e9glage \u00e9lectronique<\/p>\n<p>544 Cruise Control<\/p>\n<p>5AV Active Guard<\/p>\n<p>5DA D\u00e9sactivation airbag passager<\/p>\n<p>5DC Appuie-t\u00eates arri\u00e8re rabattables<\/p>\n<p>654 Tuner DAB<\/p>\n<p>6AE BMW Teleservices<\/p>\n<p>6AF Intelligent Emergency Call &#8211; eCall<\/p>\n<p>6AK ConnectedDrive Services<\/p>\n<p>6C4 ConectedPackage Professional<\/p>\n<p>760 M Shadow Line hochgl\u00e4nzend<\/p>\n<p>775 Ciel de pavillon M en Anthrazit<\/p>\n<p>7CG Garantie 3 ans, sans limite de kilom\u00e9trage<\/p>\n<p>7M9 M Shadow Line hochgl\u00e4nzend avec \u00e9l\u00e9ments suppl\u00e9mentaires<\/p>\n<p>ZML BMW M League<\/p>\n<p>ZB0 Technology Pack<\/p>\n<p>5AC High Beam Assist<\/p>\n<p>5AZ BMW Laserlight<\/p>\n<p>5DN Parking Assistant Pack Plus<\/p>\n<p>610 Head-Up Display<\/p>\n<p>6U8 BMW Gesture Control<\/p>\n<p>ZT0 Avantage client Pack<\/p>\n<p>2VC Kit de r\u00e9paration de pneus<\/p>\n<p>316 Ouverture\/Fermeture automatique du coffre<\/p>\n<p>320 Sans monogramme<\/p>\n<p>3M6 Freins M Compound, schwarz<\/p>\n<p>3MF M Lights Shadow Line<\/p>\n<p>420 Vitres teint\u00e9es fonc\u00e9es \u00e0 l&rsquo;arri\u00e8re<\/p>\n<p>441 Kit fumeurs<\/p>\n<p>48C Si\u00e8ges baquets M Carbon \u00e0 l&rsquo;avant<\/p>\n<p>4MC Inserts de d\u00e9coration M Carbon Fibre<\/p>\n<p>5AL Active Protection<\/p>\n<p>854 Version langage fran\u00e7ais<\/p>\n<p>881 Litt\u00e9rature de bord en fran\u00e7ais<\/p>\n<p>ZKS Kit s\u00e9curit\u00e9<\/p>","protected":false},"featured_media":7500,"template":"","meta":{"_acf_changed":false,"content-type":"","ocean_post_layout":"","ocean_both_sidebars_style":"","ocean_both_sidebars_content_width":0,"ocean_both_sidebars_sidebars_width":0,"ocean_sidebar":"","ocean_second_sidebar":"","ocean_disable_margins":"enable","ocean_add_body_class":"","ocean_shortcode_before_top_bar":"","ocean_shortcode_after_top_bar":"","ocean_shortcode_before_header":"","ocean_shortcode_after_header":"","ocean_has_shortcode":"","ocean_shortcode_after_title":"","ocean_shortcode_before_footer_widgets":"","ocean_shortcode_after_footer_widgets":"","ocean_shortcode_before_footer_bottom":"","ocean_shortcode_after_footer_bottom":"","ocean_display_top_bar":"default","ocean_display_header":"default","ocean_header_style":"","ocean_center_header_left_menu":"","ocean_custom_header_template":"","ocean_custom_logo":0,"ocean_custom_retina_logo":0,"ocean_custom_logo_max_width":0,"ocean_custom_logo_tablet_max_width":0,"ocean_custom_logo_mobile_max_width":0,"ocean_custom_logo_max_height":0,"ocean_custom_logo_tablet_max_height":0,"ocean_custom_logo_mobile_max_height":0,"ocean_header_custom_menu":"","ocean_menu_typo_font_family":"","ocean_menu_typo_font_subset":"","ocean_menu_typo_font_size":0,"ocean_menu_typo_font_size_tablet":0,"ocean_menu_typo_font_size_mobile":0,"ocean_menu_typo_font_size_unit":"px","ocean_menu_typo_font_weight":"","ocean_menu_typo_font_weight_tablet":"","ocean_menu_typo_font_weight_mobile":"","ocean_menu_typo_transform":"","ocean_menu_typo_transform_tablet":"","ocean_menu_typo_transform_mobile":"","ocean_menu_typo_line_height":0,"ocean_menu_typo_line_height_tablet":0,"ocean_menu_typo_line_height_mobile":0,"ocean_menu_typo_line_height_unit":"","ocean_menu_typo_spacing":0,"ocean_menu_typo_spacing_tablet":0,"ocean_menu_typo_spacing_mobile":0,"ocean_menu_typo_spacing_unit":"","ocean_menu_link_color":"","ocean_menu_link_color_hover":"","ocean_menu_link_color_active":"","ocean_menu_link_background":"","ocean_menu_link_hover_background":"","ocean_menu_link_active_background":"","ocean_menu_social_links_bg":"","ocean_menu_social_hover_links_bg":"","ocean_menu_social_links_color":"","ocean_menu_social_hover_links_color":"","ocean_disable_title":"default","ocean_disable_heading":"default","ocean_post_title":"","ocean_post_subheading":"","ocean_post_title_style":"","ocean_post_title_background_color":"","ocean_post_title_background":0,"ocean_post_title_bg_image_position":"","ocean_post_title_bg_image_attachment":"","ocean_post_title_bg_image_repeat":"","ocean_post_title_bg_image_size":"","ocean_post_title_height":0,"ocean_post_title_bg_overlay":0.5,"ocean_post_title_bg_overlay_color":"","ocean_disable_breadcrumbs":"default","ocean_breadcrumbs_color":"","ocean_breadcrumbs_separator_color":"","ocean_breadcrumbs_links_color":"","ocean_breadcrumbs_links_hover_color":"","ocean_display_footer_widgets":"default","ocean_display_footer_bottom":"default","ocean_custom_footer_template":""},"product_brand":[],"product_cat":[19],"product_tag":[],"class_list":{"0":"post-7853","1":"product","2":"type-product","3":"status-publish","4":"has-post-thumbnail","6":"product_cat-non-classe","7":"entry","8":"has-media","10":"first","11":"instock","12":"shipping-taxable","13":"purchasable","14":"product-type-simple"},"acf":[],"yoast_head":"<!-- This site is optimized with the Yoast SEO plugin v27.3 - https:\/\/yoast.com\/product\/yoast-seo-wordpress\/ -->\n<title>BMW M3 Competition M xDrive - Si\u00e8ges Baquets M Carbon - Laserlight - Freins M Compound - AVF Motors<\/title>\n<meta name=\"robots\" content=\"index, follow, max-snippet:-1, max-image-preview:large, max-video-preview:-1\" \/>\n<link rel=\"canonical\" href=\"https:\/\/www.avf-motors.com\/en\/shop\/bmw-m3-competition-m-xdrive-sieges-baquets-m-carbon-laserlight-freins-m-compound\/\" \/>\n<meta property=\"og:locale\" content=\"en_GB\" \/>\n<meta property=\"og:type\" content=\"article\" \/>\n<meta property=\"og:title\" content=\"BMW M3 Competition M xDrive - Si\u00e8ges Baquets M Carbon - Laserlight - Freins M Compound - AVF Motors\" \/>\n<meta property=\"og:description\" content=\"Disponible Maintenant !Available Now !&nbsp;Sur rendez-vous uniquement.By appointment only.AVF Motors vous propose \u00e0 la vente cette magnifique BMW M3 Competition xDrive dans sa teinte blanche &quot;Alpinweiss III&quot;. Pens\u00e9e pour conjuguer performances extr\u00eames et polyvalence au quotidien, cette M3 Competition incarne tout le savoir-faire de la division BMW M. Sa ligne affirm\u00e9e et son ch\u00e2ssis d&#039;exception vous offrent des sensations de conduite uniques, sans oublier un agr\u00e9ment de conduite optimal dans un habitacle r\u00e9solument sportif en cuir Merino Silverstone\/Schwarz.6 cylindres en ligne 3.0L biturbo - 510 ch - Bo\u00eete M Steptronic 8 rapportsTransmission int\u00e9grale M xDrive - 0 \u00e0 100 km\/h en 3,5 sec300 Alpinweiss IIILKIA Cuir Merino Silverstone\/Schwarz1MB M Drive Professional1UO Jantes alu styling 826 M 19&quot;\/20&quot; (Jetblack)2PA Boulons antivol2T4 Diff\u00e9rentiel M Sport2VB Affichage de la pression *2VF Suspension adaptative M302 Syst\u00e8me d&#039;alarme430 Pack r\u00e9troviseurs431 R\u00e9troviseur int\u00e9rieur anti-\u00e9blouissement automatique459 R\u00e9glage \u00e9lectrique des si\u00e8ges avant, avec fonction m\u00e9moire pour si\u00e8ge conducteur493 Pack rangement494 Si\u00e8ges chauffants \u00e0 l&#039;avant534 Climatisation \u00e0 r\u00e9glage \u00e9lectronique544 Cruise Control5AV Active Guard5DA D\u00e9sactivation airbag passager5DC Appuie-t\u00eates arri\u00e8re rabattables654 Tuner DAB6AE BMW Teleservices6AF Intelligent Emergency Call - eCall6AK ConnectedDrive Services6C4 ConectedPackage Professional760 M Shadow Line hochgl\u00e4nzend775 Ciel de pavillon M en Anthrazit7CG Garantie 3 ans, sans limite de kilom\u00e9trage7M9 M Shadow Line hochgl\u00e4nzend avec \u00e9l\u00e9ments suppl\u00e9mentairesZML BMW M LeagueZB0 Technology Pack5AC High Beam Assist5AZ BMW Laserlight5DN Parking Assistant Pack Plus610 Head-Up Display6U8 BMW Gesture ControlZT0 Avantage client Pack2VC Kit de r\u00e9paration de pneus316 Ouverture\/Fermeture automatique du coffre320 Sans monogramme3M6 Freins M Compound, schwarz3MF M Lights Shadow Line420 Vitres teint\u00e9es fonc\u00e9es \u00e0 l&#039;arri\u00e8re441 Kit fumeurs48C Si\u00e8ges baquets M Carbon \u00e0 l&#039;avant4MC Inserts de d\u00e9coration M Carbon Fibre5AL Active Protection854 Version langage fran\u00e7ais881 Litt\u00e9rature de bord en fran\u00e7aisZKS Kit s\u00e9curit\u00e9\" \/>\n<meta property=\"og:url\" content=\"https:\/\/www.avf-motors.com\/en\/shop\/bmw-m3-competition-m-xdrive-sieges-baquets-m-carbon-laserlight-freins-m-compound\/\" \/>\n<meta property=\"og:site_name\" content=\"AVF Motors\" \/>\n<meta property=\"article:modified_time\" content=\"2026-05-03T13:00:12+00:00\" \/>\n<meta property=\"og:image\" content=\"https:\/\/www.avf-motors.com\/wp-content\/uploads\/2026\/03\/119689-bUjPJBipervfTIOYylVa.jpg\" \/>\n\t<meta property=\"og:image:width\" content=\"800\" \/>\n\t<meta property=\"og:image:height\" content=\"600\" \/>\n\t<meta property=\"og:image:type\" content=\"image\/jpeg\" \/>\n<meta name=\"twitter:card\" content=\"summary_large_image\" \/>\n<meta name=\"twitter:label1\" content=\"Estimated reading time\" \/>\n\t<meta name=\"twitter:data1\" content=\"1 minute\" \/>\n<script type=\"application\/ld+json\" class=\"yoast-schema-graph\">{\"@context\":\"https:\\\/\\\/schema.org\",\"@graph\":[{\"@type\":\"WebPage\",\"@id\":\"https:\\\/\\\/www.avf-motors.com\\\/shop\\\/bmw-m3-competition-m-xdrive-sieges-baquets-m-carbon-laserlight-freins-m-compound\\\/\",\"url\":\"https:\\\/\\\/www.avf-motors.com\\\/shop\\\/bmw-m3-competition-m-xdrive-sieges-baquets-m-carbon-laserlight-freins-m-compound\\\/\",\"name\":\"BMW M3 Competition M xDrive - Si\u00e8ges Baquets M Carbon - Laserlight - Freins M Compound - AVF Motors\",\"isPartOf\":{\"@id\":\"https:\\\/\\\/www.avf-motors.com\\\/en\\\/#website\"},\"primaryImageOfPage\":{\"@id\":\"https:\\\/\\\/www.avf-motors.com\\\/shop\\\/bmw-m3-competition-m-xdrive-sieges-baquets-m-carbon-laserlight-freins-m-compound\\\/#primaryimage\"},\"image\":{\"@id\":\"https:\\\/\\\/www.avf-motors.com\\\/shop\\\/bmw-m3-competition-m-xdrive-sieges-baquets-m-carbon-laserlight-freins-m-compound\\\/#primaryimage\"},\"thumbnailUrl\":\"https:\\\/\\\/www.avf-motors.com\\\/wp-content\\\/uploads\\\/2026\\\/03\\\/119689-bUjPJBipervfTIOYylVa.jpg\",\"datePublished\":\"2026-04-01T17:02:35+00:00\",\"dateModified\":\"2026-05-03T13:00:12+00:00\",\"breadcrumb\":{\"@id\":\"https:\\\/\\\/www.avf-motors.com\\\/shop\\\/bmw-m3-competition-m-xdrive-sieges-baquets-m-carbon-laserlight-freins-m-compound\\\/#breadcrumb\"},\"inLanguage\":\"en-GB\",\"potentialAction\":[{\"@type\":\"ReadAction\",\"target\":[\"https:\\\/\\\/www.avf-motors.com\\\/shop\\\/bmw-m3-competition-m-xdrive-sieges-baquets-m-carbon-laserlight-freins-m-compound\\\/\"]}]},{\"@type\":\"ImageObject\",\"inLanguage\":\"en-GB\",\"@id\":\"https:\\\/\\\/www.avf-motors.com\\\/shop\\\/bmw-m3-competition-m-xdrive-sieges-baquets-m-carbon-laserlight-freins-m-compound\\\/#primaryimage\",\"url\":\"https:\\\/\\\/www.avf-motors.com\\\/wp-content\\\/uploads\\\/2026\\\/03\\\/119689-bUjPJBipervfTIOYylVa.jpg\",\"contentUrl\":\"https:\\\/\\\/www.avf-motors.com\\\/wp-content\\\/uploads\\\/2026\\\/03\\\/119689-bUjPJBipervfTIOYylVa.jpg\",\"width\":800,\"height\":600},{\"@type\":\"BreadcrumbList\",\"@id\":\"https:\\\/\\\/www.avf-motors.com\\\/shop\\\/bmw-m3-competition-m-xdrive-sieges-baquets-m-carbon-laserlight-freins-m-compound\\\/#breadcrumb\",\"itemListElement\":[{\"@type\":\"ListItem\",\"position\":1,\"name\":\"Accueil\",\"item\":\"https:\\\/\\\/www.avf-motors.com\\\/en\\\/\"},{\"@type\":\"ListItem\",\"position\":2,\"name\":\"Nos voitures\",\"item\":\"https:\\\/\\\/www.avf-motors.com\\\/en\\\/nos-voitures\\\/\"},{\"@type\":\"ListItem\",\"position\":3,\"name\":\"BMW M3 Competition M xDrive &#8211; Si\u00e8ges Baquets M Carbon &#8211; Laserlight &#8211; Freins M Compound\"}]},{\"@type\":\"WebSite\",\"@id\":\"https:\\\/\\\/www.avf-motors.com\\\/en\\\/#website\",\"url\":\"https:\\\/\\\/www.avf-motors.com\\\/en\\\/\",\"name\":\"AVF Motors\",\"description\":\"\",\"publisher\":{\"@id\":\"https:\\\/\\\/www.avf-motors.com\\\/en\\\/#organization\"},\"potentialAction\":[{\"@type\":\"SearchAction\",\"target\":{\"@type\":\"EntryPoint\",\"urlTemplate\":\"https:\\\/\\\/www.avf-motors.com\\\/en\\\/?s={search_term_string}\"},\"query-input\":{\"@type\":\"PropertyValueSpecification\",\"valueRequired\":true,\"valueName\":\"search_term_string\"}}],\"inLanguage\":\"en-GB\"},{\"@type\":\"Organization\",\"@id\":\"https:\\\/\\\/www.avf-motors.com\\\/en\\\/#organization\",\"name\":\"AVF Motors\",\"url\":\"https:\\\/\\\/www.avf-motors.com\\\/en\\\/\",\"logo\":{\"@type\":\"ImageObject\",\"inLanguage\":\"en-GB\",\"@id\":\"https:\\\/\\\/www.avf-motors.com\\\/en\\\/#\\\/schema\\\/logo\\\/image\\\/\",\"url\":\"https:\\\/\\\/www.avf-motors.com\\\/wp-content\\\/uploads\\\/2025\\\/06\\\/cropped-cropped-Logo-couleur-baseline-vectoriel-removebg-preview-1-1.png\",\"contentUrl\":\"https:\\\/\\\/www.avf-motors.com\\\/wp-content\\\/uploads\\\/2025\\\/06\\\/cropped-cropped-Logo-couleur-baseline-vectoriel-removebg-preview-1-1.png\",\"width\":630,\"height\":330,\"caption\":\"AVF Motors\"},\"image\":{\"@id\":\"https:\\\/\\\/www.avf-motors.com\\\/en\\\/#\\\/schema\\\/logo\\\/image\\\/\"}}]}<\/script>\n<!-- \/ Yoast SEO plugin. -->","yoast_head_json":{"title":"BMW M3 Competition M xDrive - Si\u00e8ges Baquets M Carbon - Laserlight - Freins M Compound - AVF Motors","robots":{"index":"index","follow":"follow","max-snippet":"max-snippet:-1","max-image-preview":"max-image-preview:large","max-video-preview":"max-video-preview:-1"},"canonical":"https:\/\/www.avf-motors.com\/en\/shop\/bmw-m3-competition-m-xdrive-sieges-baquets-m-carbon-laserlight-freins-m-compound\/","og_locale":"en_GB","og_type":"article","og_title":"BMW M3 Competition M xDrive - Si\u00e8ges Baquets M Carbon - Laserlight - Freins M Compound - AVF Motors","og_description":"Disponible Maintenant !Available Now !&nbsp;Sur rendez-vous uniquement.By appointment only.AVF Motors vous propose \u00e0 la vente cette magnifique BMW M3 Competition xDrive dans sa teinte blanche \"Alpinweiss III\". Pens\u00e9e pour conjuguer performances extr\u00eames et polyvalence au quotidien, cette M3 Competition incarne tout le savoir-faire de la division BMW M. Sa ligne affirm\u00e9e et son ch\u00e2ssis d'exception vous offrent des sensations de conduite uniques, sans oublier un agr\u00e9ment de conduite optimal dans un habitacle r\u00e9solument sportif en cuir Merino Silverstone\/Schwarz.6 cylindres en ligne 3.0L biturbo - 510 ch - Bo\u00eete M Steptronic 8 rapportsTransmission int\u00e9grale M xDrive - 0 \u00e0 100 km\/h en 3,5 sec300 Alpinweiss IIILKIA Cuir Merino Silverstone\/Schwarz1MB M Drive Professional1UO Jantes alu styling 826 M 19\"\/20\" (Jetblack)2PA Boulons antivol2T4 Diff\u00e9rentiel M Sport2VB Affichage de la pression *2VF Suspension adaptative M302 Syst\u00e8me d'alarme430 Pack r\u00e9troviseurs431 R\u00e9troviseur int\u00e9rieur anti-\u00e9blouissement automatique459 R\u00e9glage \u00e9lectrique des si\u00e8ges avant, avec fonction m\u00e9moire pour si\u00e8ge conducteur493 Pack rangement494 Si\u00e8ges chauffants \u00e0 l'avant534 Climatisation \u00e0 r\u00e9glage \u00e9lectronique544 Cruise Control5AV Active Guard5DA D\u00e9sactivation airbag passager5DC Appuie-t\u00eates arri\u00e8re rabattables654 Tuner DAB6AE BMW Teleservices6AF Intelligent Emergency Call - eCall6AK ConnectedDrive Services6C4 ConectedPackage Professional760 M Shadow Line hochgl\u00e4nzend775 Ciel de pavillon M en Anthrazit7CG Garantie 3 ans, sans limite de kilom\u00e9trage7M9 M Shadow Line hochgl\u00e4nzend avec \u00e9l\u00e9ments suppl\u00e9mentairesZML BMW M LeagueZB0 Technology Pack5AC High Beam Assist5AZ BMW Laserlight5DN Parking Assistant Pack Plus610 Head-Up Display6U8 BMW Gesture ControlZT0 Avantage client Pack2VC Kit de r\u00e9paration de pneus316 Ouverture\/Fermeture automatique du coffre320 Sans monogramme3M6 Freins M Compound, schwarz3MF M Lights Shadow Line420 Vitres teint\u00e9es fonc\u00e9es \u00e0 l'arri\u00e8re441 Kit fumeurs48C Si\u00e8ges baquets M Carbon \u00e0 l'avant4MC Inserts de d\u00e9coration M Carbon Fibre5AL Active Protection854 Version langage fran\u00e7ais881 Litt\u00e9rature de bord en fran\u00e7aisZKS Kit s\u00e9curit\u00e9","og_url":"https:\/\/www.avf-motors.com\/en\/shop\/bmw-m3-competition-m-xdrive-sieges-baquets-m-carbon-laserlight-freins-m-compound\/","og_site_name":"AVF Motors","article_modified_time":"2026-05-03T13:00:12+00:00","og_image":[{"width":800,"height":600,"url":"https:\/\/www.avf-motors.com\/wp-content\/uploads\/2026\/03\/119689-bUjPJBipervfTIOYylVa.jpg","type":"image\/jpeg"}],"twitter_card":"summary_large_image","twitter_misc":{"Estimated reading time":"1 minute"},"schema":{"@context":"https:\/\/schema.org","@graph":[{"@type":"WebPage","@id":"https:\/\/www.avf-motors.com\/shop\/bmw-m3-competition-m-xdrive-sieges-baquets-m-carbon-laserlight-freins-m-compound\/","url":"https:\/\/www.avf-motors.com\/shop\/bmw-m3-competition-m-xdrive-sieges-baquets-m-carbon-laserlight-freins-m-compound\/","name":"BMW M3 Competition M xDrive - Si\u00e8ges Baquets M Carbon - Laserlight - Freins M Compound - AVF Motors","isPartOf":{"@id":"https:\/\/www.avf-motors.com\/en\/#website"},"primaryImageOfPage":{"@id":"https:\/\/www.avf-motors.com\/shop\/bmw-m3-competition-m-xdrive-sieges-baquets-m-carbon-laserlight-freins-m-compound\/#primaryimage"},"image":{"@id":"https:\/\/www.avf-motors.com\/shop\/bmw-m3-competition-m-xdrive-sieges-baquets-m-carbon-laserlight-freins-m-compound\/#primaryimage"},"thumbnailUrl":"https:\/\/www.avf-motors.com\/wp-content\/uploads\/2026\/03\/119689-bUjPJBipervfTIOYylVa.jpg","datePublished":"2026-04-01T17:02:35+00:00","dateModified":"2026-05-03T13:00:12+00:00","breadcrumb":{"@id":"https:\/\/www.avf-motors.com\/shop\/bmw-m3-competition-m-xdrive-sieges-baquets-m-carbon-laserlight-freins-m-compound\/#breadcrumb"},"inLanguage":"en-GB","potentialAction":[{"@type":"ReadAction","target":["https:\/\/www.avf-motors.com\/shop\/bmw-m3-competition-m-xdrive-sieges-baquets-m-carbon-laserlight-freins-m-compound\/"]}]},{"@type":"ImageObject","inLanguage":"en-GB","@id":"https:\/\/www.avf-motors.com\/shop\/bmw-m3-competition-m-xdrive-sieges-baquets-m-carbon-laserlight-freins-m-compound\/#primaryimage","url":"https:\/\/www.avf-motors.com\/wp-content\/uploads\/2026\/03\/119689-bUjPJBipervfTIOYylVa.jpg","contentUrl":"https:\/\/www.avf-motors.com\/wp-content\/uploads\/2026\/03\/119689-bUjPJBipervfTIOYylVa.jpg","width":800,"height":600},{"@type":"BreadcrumbList","@id":"https:\/\/www.avf-motors.com\/shop\/bmw-m3-competition-m-xdrive-sieges-baquets-m-carbon-laserlight-freins-m-compound\/#breadcrumb","itemListElement":[{"@type":"ListItem","position":1,"name":"Accueil","item":"https:\/\/www.avf-motors.com\/en\/"},{"@type":"ListItem","position":2,"name":"Nos voitures","item":"https:\/\/www.avf-motors.com\/en\/nos-voitures\/"},{"@type":"ListItem","position":3,"name":"BMW M3 Competition M xDrive &#8211; Si\u00e8ges Baquets M Carbon &#8211; Laserlight &#8211; Freins M Compound"}]},{"@type":"WebSite","@id":"https:\/\/www.avf-motors.com\/en\/#website","url":"https:\/\/www.avf-motors.com\/en\/","name":"AVF Motors","description":"","publisher":{"@id":"https:\/\/www.avf-motors.com\/en\/#organization"},"potentialAction":[{"@type":"SearchAction","target":{"@type":"EntryPoint","urlTemplate":"https:\/\/www.avf-motors.com\/en\/?s={search_term_string}"},"query-input":{"@type":"PropertyValueSpecification","valueRequired":true,"valueName":"search_term_string"}}],"inLanguage":"en-GB"},{"@type":"Organization","@id":"https:\/\/www.avf-motors.com\/en\/#organization","name":"AVF Motors","url":"https:\/\/www.avf-motors.com\/en\/","logo":{"@type":"ImageObject","inLanguage":"en-GB","@id":"https:\/\/www.avf-motors.com\/en\/#\/schema\/logo\/image\/","url":"https:\/\/www.avf-motors.com\/wp-content\/uploads\/2025\/06\/cropped-cropped-Logo-couleur-baseline-vectoriel-removebg-preview-1-1.png","contentUrl":"https:\/\/www.avf-motors.com\/wp-content\/uploads\/2025\/06\/cropped-cropped-Logo-couleur-baseline-vectoriel-removebg-preview-1-1.png","width":630,"height":330,"caption":"AVF Motors"},"image":{"@id":"https:\/\/www.avf-motors.com\/en\/#\/schema\/logo\/image\/"}}]}},"_links":{"self":[{"href":"https:\/\/www.avf-motors.com\/en\/wp-json\/wp\/v2\/product\/7853","targetHints":{"allow":["GET"]}}],"collection":[{"href":"https:\/\/www.avf-motors.com\/en\/wp-json\/wp\/v2\/product"}],"about":[{"href":"https:\/\/www.avf-motors.com\/en\/wp-json\/wp\/v2\/types\/product"}],"wp:featuredmedia":[{"embeddable":true,"href":"https:\/\/www.avf-motors.com\/en\/wp-json\/wp\/v2\/media\/7500"}],"wp:attachment":[{"href":"https:\/\/www.avf-motors.com\/en\/wp-json\/wp\/v2\/media?parent=7853"}],"wp:term":[{"taxonomy":"product_brand","embeddable":true,"href":"https:\/\/www.avf-motors.com\/en\/wp-json\/wp\/v2\/product_brand?post=7853"},{"taxonomy":"product_cat","embeddable":true,"href":"https:\/\/www.avf-motors.com\/en\/wp-json\/wp\/v2\/product_cat?post=7853"},{"taxonomy":"product_tag","embeddable":true,"href":"https:\/\/www.avf-motors.com\/en\/wp-json\/wp\/v2\/product_tag?post=7853"}],"curies":[{"name":"wp","href":"https:\/\/api.w.org\/{rel}","templated":true}]}}