{"id":7850,"date":"2026-04-01T19:02:33","date_gmt":"2026-04-01T17:02:33","guid":{"rendered":"https:\/\/www.avf-motors.com\/shop\/audi-rsq3-sportback-s-tronic-matrix-led-sonos-360-280-km-h-carbone\/"},"modified":"2026-05-03T15:00:10","modified_gmt":"2026-05-03T13:00:10","slug":"audi-rsq3-sportback-s-tronic-matrix-led-sonos-360-280-km-h-carbone","status":"publish","type":"product","link":"https:\/\/www.avf-motors.com\/en\/shop\/audi-rsq3-sportback-s-tronic-matrix-led-sonos-360-280-km-h-carbone\/","title":{"rendered":"Audi RSQ3 Sportback S Tronic &#8211; Matrix LED &#8211; SONOS &#8211; 360\u00b0 &#8211; 280 km\/h &#8211; Carbone"},"content":{"rendered":"<p>Disponible Maintenant !<\/p>\n<p>Available Now !<\/p>\n<p><\/p>\n<p>Sur rendez-vous uniquement.<\/p>\n<p>By appointment only.<\/p>\n<p><\/p>\n<p>0E0EQH &#8211; Mythosschwarz M\u00e9tallis\u00e9<\/p>\n<p>6Y4 &#8211; Augmentation de la vitesse maximale \u00e0 280 km\/h<\/p>\n<p>EL5 &#8211; Audi connect Remote &#038; Control<\/p>\n<p>GB1 &#8211; Support LTE pour Audi phone box<\/p>\n<p>IT4 &#8211; Audi connect Navigation &#038; Infotainment<\/p>\n<p>KA6 &#8211; Cam\u00e9ras de p\u00e9rim\u00e8tre<\/p>\n<p>PCG &#8211; Assistant de vitesse adaptatif<\/p>\n<p>PC2 &#8211; Assistance au freinage<\/p>\n<p>PDE &#8211; Conduite dynamique avec Audi drive select<\/p>\n<p>PG3 &#8211; Cl\u00e9 confort avec alarme antivol<\/p>\n<p>PNB &#8211; MMI Navigation Plus<\/p>\n<p>PS6 &#8211; Si\u00e8ges sport RS en cuir Feinnappa<\/p>\n<p>PXC &#8211; Phare \u00e0 LED Matrix<\/p>\n<p>QE1 &#8211; Option de rangement et de volume<\/p>\n<p>QL5 &#8211; Vitrage de confidentialit\u00e9<\/p>\n<p>QQ2 &#8211; Pack lumi\u00e8re d&rsquo;ambiance plus<\/p>\n<p>UH2 &#8211; Aide au stationnement<\/p>\n<p>UI2 &#8211; Interface Audi Smartphone<\/p>\n<p>YBS &#8211; Num\u00e9ro de commande<\/p>\n<p>YB7 &#8211; Num\u00e9ro de contr\u00f4le interne<\/p>\n<p>YB9 &#8211; Syst\u00e8me d&rsquo;\u00e9chappement RS<\/p>\n<p>1M5 &#8211; Pr\u00e9paration pour attelage<\/p>\n<p>1PE &#8211; S\u00e9curit\u00e9 contre le vol de roues<\/p>\n<p>3L5 &#8211; Si\u00e8ges avant \u00e9lectriques<\/p>\n<p>4A3 &#8211; Chauffage des si\u00e8ges avant<\/p>\n<p>4E7 &#8211; Hayon \u00e9lectrique avec ouverture et fermeture automatiques<\/p>\n<p>4L6 &#8211; R\u00e9troviseur int\u00e9rieur \u00e0 r\u00e9glage automatique anti-\u00e9blouissement<\/p>\n<p>4ZP &#8211; Pack ext\u00e9rieur noir plus<\/p>\n<p>42V &#8211; Jantes 5 branches, 8,5Jx21, pneus 255\/35 R21<\/p>\n<p>5MB &#8211; Inserts d\u00e9coratifs en carbone<\/p>\n<p>6E3 &#8211; Accoudoir central avant<\/p>\n<p>6FA &#8211; Coques de r\u00e9troviseurs ext\u00e9rieurs couleur carrosserie<\/p>\n<p>6XK &#8211; R\u00e9troviseurs ext\u00e9rieurs r\u00e9glables \u00e9lectriquement, chauffants et repliables, avec fonction anti-\u00e9blouissement automatique<\/p>\n<p>7K3 &#8211; Syst\u00e8me de contr\u00f4le de pression des pneus<\/p>\n<p>9AK &#8211; Climatisation automatique \u00e0 2 zones<\/p>\n<p>9S8 &#8211; Cockpit virtuel Audi Plus<\/p>\n<p>9VS &#8211; Syst\u00e8me sonore SONOS Premium avec son 3D<\/p>\n<p>9ZE &#8211; Audi phone box<\/p>","protected":false},"excerpt":{"rendered":"<p>Disponible Maintenant !<\/p>\n<p>Available Now !<\/p>\n<p><\/p>\n<p>Sur rendez-vous uniquement.<\/p>\n<p>By appointment only.<\/p>\n<p><\/p>\n<p>Pens\u00e9 pour allier sportivit\u00e9 et polyvalence au quotidien, AVF Motors vous propose \u00e0 la vente ce bel Audi RSQ3 Sportback S Tronic. Incarnant parfaitement l&rsquo;ADN RS d&rsquo;Audi, sa teinte \u00ab\u00a0Noir Mythos M\u00e9tallis\u00e9\u00a0\u00bb associ\u00e9e au pack ext\u00e9rieur noir et aux inserts carbone lui donne une allure muscl\u00e9e et r\u00e9solument sportive. A l&rsquo;int\u00e9rieur, les si\u00e8ges sport RS en cuir Nappa et le Cockpit virtuel Audi Plus vous offrent tout le confort n\u00e9cessaire. Ce dernier est par ailleurs dot\u00e9 d&rsquo;options int\u00e9ressantes telles que les phares Matrix LED, le Sound System SONOS Premium 3D, la cam\u00e9ra 360\u00b0 et la Vmax port\u00e9e \u00e0 280 km\/h.<\/p>\n<p><\/p>\n<p>5 cylindres 2.5 TFSI &#8211; 400 ch &#8211; Bo\u00eete S Tronic 7 rapports<\/p>\n<p>Transmission int\u00e9grale quattro &#8211; 0 \u00e0 100 km\/h en 4,5 sec&nbsp;<\/p>\n<p><\/p>\n<p>0E0EQH &#8211; Mythosschwarz M\u00e9tallis\u00e9<\/p>\n<p>C30 &#8211; Certificat de non-responsabilit\u00e9<\/p>\n<p>EL5 &#8211; Audi connect Remote &#038; Control<\/p>\n<p>GB1 &#8211; Support LTE pour Audi phone box<\/p>\n<p>IT4 &#8211; Audi connect Navigation &#038; Infotainment<\/p>\n<p>KA6 &#8211; Cam\u00e9ras de p\u00e9rim\u00e8tre<\/p>\n<p>PCG &#8211; Assistant de vitesse adaptatif<\/p>\n<p>PC2 &#8211; Assistance au freinage<\/p>\n<p>PDE &#8211; Conduite dynamique avec Audi drive select<\/p>\n<p>PG3 &#8211; Cl\u00e9 confort avec alarme antivol<\/p>\n<p>PNB &#8211; MMI Navigation Plus<\/p>\n<p>PS6 &#8211; Si\u00e8ges sport RS en cuir Feinnappa<\/p>\n<p>PXC &#8211; Phare \u00e0 LED Matrix<\/p>\n<p>QE1 &#8211; Option de rangement et de volume<\/p>\n<p>QL5 &#8211; Vitrage de confidentialit\u00e9<\/p>\n<p>QQ2 &#8211; Pack lumi\u00e8re d&rsquo;ambiance plus<\/p>\n<p>UH2 &#8211; Aide au stationnement<\/p>\n<p>UI2 &#8211; Interface Audi Smartphone<\/p>\n<p>YBS &#8211; Num\u00e9ro de commande<\/p>\n<p>YB7 &#8211; Num\u00e9ro de contr\u00f4le interne<\/p>\n<p>YB9 &#8211; Syst\u00e8me d&rsquo;\u00e9chappement RS<\/p>\n<p>1M5 &#8211; Pr\u00e9paration pour attelage<\/p>\n<p>1PE &#8211; S\u00e9curit\u00e9 contre le vol de roues<\/p>\n<p>3L5 &#8211; Si\u00e8ges avant \u00e9lectriques<\/p>\n<p>4A3 &#8211; Chauffage des si\u00e8ges avant<\/p>\n<p>4E7 &#8211; Hayon \u00e9lectrique avec ouverture et fermeture automatiques<\/p>\n<p>4L6 &#8211; R\u00e9troviseur int\u00e9rieur \u00e0 r\u00e9glage automatique anti-\u00e9blouissement<\/p>\n<p>4ZP &#8211; Pack ext\u00e9rieur noir plus<\/p>\n<p>42V &#8211; Jantes 5 branches, 8,5Jx21, pneus 255\/35 R21<\/p>\n<p>5MB &#8211; Inserts d\u00e9coratifs en carbone<\/p>\n<p>6E3 &#8211; Accoudoir central avant<\/p>\n<p>6FA &#8211; Coques de r\u00e9troviseurs ext\u00e9rieurs couleur carrosserie<\/p>\n<p>6XK &#8211; R\u00e9troviseurs ext\u00e9rieurs r\u00e9glables \u00e9lectriquement, chauffants et repliables, avec fonction anti-\u00e9blouissement automatique<\/p>\n<p>6Y4 &#8211; Augmentation de la vitesse maximale \u00e0 280 km\/h<\/p>\n<p>7K3 &#8211; Syst\u00e8me de contr\u00f4le de pression des pneus<\/p>\n<p>9AK &#8211; Climatisation automatique \u00e0 2 zones<\/p>\n<p>9S8 &#8211; Cockpit virtuel Audi Plus<\/p>\n<p>9VS &#8211; Syst\u00e8me sonore SONOS Premium avec son 3D<\/p>\n<p>9ZE &#8211; Audi phone box<\/p>","protected":false},"featured_media":7562,"template":"","meta":{"_acf_changed":false,"content-type":"","ocean_post_layout":"","ocean_both_sidebars_style":"","ocean_both_sidebars_content_width":0,"ocean_both_sidebars_sidebars_width":0,"ocean_sidebar":"","ocean_second_sidebar":"","ocean_disable_margins":"enable","ocean_add_body_class":"","ocean_shortcode_before_top_bar":"","ocean_shortcode_after_top_bar":"","ocean_shortcode_before_header":"","ocean_shortcode_after_header":"","ocean_has_shortcode":"","ocean_shortcode_after_title":"","ocean_shortcode_before_footer_widgets":"","ocean_shortcode_after_footer_widgets":"","ocean_shortcode_before_footer_bottom":"","ocean_shortcode_after_footer_bottom":"","ocean_display_top_bar":"default","ocean_display_header":"default","ocean_header_style":"","ocean_center_header_left_menu":"","ocean_custom_header_template":"","ocean_custom_logo":0,"ocean_custom_retina_logo":0,"ocean_custom_logo_max_width":0,"ocean_custom_logo_tablet_max_width":0,"ocean_custom_logo_mobile_max_width":0,"ocean_custom_logo_max_height":0,"ocean_custom_logo_tablet_max_height":0,"ocean_custom_logo_mobile_max_height":0,"ocean_header_custom_menu":"","ocean_menu_typo_font_family":"","ocean_menu_typo_font_subset":"","ocean_menu_typo_font_size":0,"ocean_menu_typo_font_size_tablet":0,"ocean_menu_typo_font_size_mobile":0,"ocean_menu_typo_font_size_unit":"px","ocean_menu_typo_font_weight":"","ocean_menu_typo_font_weight_tablet":"","ocean_menu_typo_font_weight_mobile":"","ocean_menu_typo_transform":"","ocean_menu_typo_transform_tablet":"","ocean_menu_typo_transform_mobile":"","ocean_menu_typo_line_height":0,"ocean_menu_typo_line_height_tablet":0,"ocean_menu_typo_line_height_mobile":0,"ocean_menu_typo_line_height_unit":"","ocean_menu_typo_spacing":0,"ocean_menu_typo_spacing_tablet":0,"ocean_menu_typo_spacing_mobile":0,"ocean_menu_typo_spacing_unit":"","ocean_menu_link_color":"","ocean_menu_link_color_hover":"","ocean_menu_link_color_active":"","ocean_menu_link_background":"","ocean_menu_link_hover_background":"","ocean_menu_link_active_background":"","ocean_menu_social_links_bg":"","ocean_menu_social_hover_links_bg":"","ocean_menu_social_links_color":"","ocean_menu_social_hover_links_color":"","ocean_disable_title":"default","ocean_disable_heading":"default","ocean_post_title":"","ocean_post_subheading":"","ocean_post_title_style":"","ocean_post_title_background_color":"","ocean_post_title_background":0,"ocean_post_title_bg_image_position":"","ocean_post_title_bg_image_attachment":"","ocean_post_title_bg_image_repeat":"","ocean_post_title_bg_image_size":"","ocean_post_title_height":0,"ocean_post_title_bg_overlay":0.5,"ocean_post_title_bg_overlay_color":"","ocean_disable_breadcrumbs":"default","ocean_breadcrumbs_color":"","ocean_breadcrumbs_separator_color":"","ocean_breadcrumbs_links_color":"","ocean_breadcrumbs_links_hover_color":"","ocean_display_footer_widgets":"default","ocean_display_footer_bottom":"default","ocean_custom_footer_template":""},"product_brand":[],"product_cat":[19],"product_tag":[],"class_list":{"0":"post-7850","1":"product","2":"type-product","3":"status-publish","4":"has-post-thumbnail","6":"product_cat-non-classe","7":"entry","8":"has-media","10":"first","11":"instock","12":"shipping-taxable","13":"purchasable","14":"product-type-simple"},"acf":[],"yoast_head":"<!-- This site is optimized with the Yoast SEO plugin v27.3 - https:\/\/yoast.com\/product\/yoast-seo-wordpress\/ -->\n<title>Audi RSQ3 Sportback S Tronic - Matrix LED - SONOS - 360\u00b0 - 280 km\/h - Carbone - AVF Motors<\/title>\n<meta name=\"robots\" content=\"index, follow, max-snippet:-1, max-image-preview:large, max-video-preview:-1\" \/>\n<link rel=\"canonical\" href=\"https:\/\/www.avf-motors.com\/en\/shop\/audi-rsq3-sportback-s-tronic-matrix-led-sonos-360-280-km-h-carbone\/\" \/>\n<meta property=\"og:locale\" content=\"en_GB\" \/>\n<meta property=\"og:type\" content=\"article\" \/>\n<meta property=\"og:title\" content=\"Audi RSQ3 Sportback S Tronic - Matrix LED - SONOS - 360\u00b0 - 280 km\/h - Carbone - AVF Motors\" \/>\n<meta property=\"og:description\" content=\"Disponible Maintenant !Available Now !Sur rendez-vous uniquement.By appointment only.Pens\u00e9 pour allier sportivit\u00e9 et polyvalence au quotidien, AVF Motors vous propose \u00e0 la vente ce bel Audi RSQ3 Sportback S Tronic. Incarnant parfaitement l&#039;ADN RS d&#039;Audi, sa teinte &quot;Noir Mythos M\u00e9tallis\u00e9&quot; associ\u00e9e au pack ext\u00e9rieur noir et aux inserts carbone lui donne une allure muscl\u00e9e et r\u00e9solument sportive. A l&#039;int\u00e9rieur, les si\u00e8ges sport RS en cuir Nappa et le Cockpit virtuel Audi Plus vous offrent tout le confort n\u00e9cessaire. Ce dernier est par ailleurs dot\u00e9 d&#039;options int\u00e9ressantes telles que les phares Matrix LED, le Sound System SONOS Premium 3D, la cam\u00e9ra 360\u00b0 et la Vmax port\u00e9e \u00e0 280 km\/h.5 cylindres 2.5 TFSI - 400 ch - Bo\u00eete S Tronic 7 rapportsTransmission int\u00e9grale quattro - 0 \u00e0 100 km\/h en 4,5 sec&nbsp;0E0EQH - Mythosschwarz M\u00e9tallis\u00e9C30 - Certificat de non-responsabilit\u00e9EL5 - Audi connect Remote &amp; ControlGB1 - Support LTE pour Audi phone boxIT4 - Audi connect Navigation &amp; InfotainmentKA6 - Cam\u00e9ras de p\u00e9rim\u00e8trePCG - Assistant de vitesse adaptatifPC2 - Assistance au freinagePDE - Conduite dynamique avec Audi drive selectPG3 - Cl\u00e9 confort avec alarme antivolPNB - MMI Navigation PlusPS6 - Si\u00e8ges sport RS en cuir FeinnappaPXC - Phare \u00e0 LED MatrixQE1 - Option de rangement et de volumeQL5 - Vitrage de confidentialit\u00e9QQ2 - Pack lumi\u00e8re d&#039;ambiance plusUH2 - Aide au stationnementUI2 - Interface Audi SmartphoneYBS - Num\u00e9ro de commandeYB7 - Num\u00e9ro de contr\u00f4le interneYB9 - Syst\u00e8me d&#039;\u00e9chappement RS1M5 - Pr\u00e9paration pour attelage1PE - S\u00e9curit\u00e9 contre le vol de roues3L5 - Si\u00e8ges avant \u00e9lectriques4A3 - Chauffage des si\u00e8ges avant4E7 - Hayon \u00e9lectrique avec ouverture et fermeture automatiques4L6 - R\u00e9troviseur int\u00e9rieur \u00e0 r\u00e9glage automatique anti-\u00e9blouissement4ZP - Pack ext\u00e9rieur noir plus42V - Jantes 5 branches, 8,5Jx21, pneus 255\/35 R215MB - Inserts d\u00e9coratifs en carbone6E3 - Accoudoir central avant6FA - Coques de r\u00e9troviseurs ext\u00e9rieurs couleur carrosserie6XK - R\u00e9troviseurs ext\u00e9rieurs r\u00e9glables \u00e9lectriquement, chauffants et repliables, avec fonction anti-\u00e9blouissement automatique6Y4 - Augmentation de la vitesse maximale \u00e0 280 km\/h7K3 - Syst\u00e8me de contr\u00f4le de pression des pneus9AK - Climatisation automatique \u00e0 2 zones9S8 - Cockpit virtuel Audi Plus9VS - Syst\u00e8me sonore SONOS Premium avec son 3D9ZE - Audi phone box\" \/>\n<meta property=\"og:url\" content=\"https:\/\/www.avf-motors.com\/en\/shop\/audi-rsq3-sportback-s-tronic-matrix-led-sonos-360-280-km-h-carbone\/\" \/>\n<meta property=\"og:site_name\" content=\"AVF Motors\" \/>\n<meta property=\"article:modified_time\" content=\"2026-05-03T13:00:10+00:00\" \/>\n<meta property=\"og:image\" content=\"https:\/\/www.avf-motors.com\/wp-content\/uploads\/2026\/03\/120122-LHpVSoAmkuhDbcjJeXOi.jpg\" \/>\n\t<meta property=\"og:image:width\" content=\"800\" \/>\n\t<meta property=\"og:image:height\" content=\"600\" \/>\n\t<meta property=\"og:image:type\" content=\"image\/jpeg\" \/>\n<meta name=\"twitter:card\" content=\"summary_large_image\" \/>\n<meta name=\"twitter:label1\" content=\"Estimated reading time\" \/>\n\t<meta name=\"twitter:data1\" content=\"1 minute\" \/>\n<script type=\"application\/ld+json\" class=\"yoast-schema-graph\">{\"@context\":\"https:\\\/\\\/schema.org\",\"@graph\":[{\"@type\":\"WebPage\",\"@id\":\"https:\\\/\\\/www.avf-motors.com\\\/shop\\\/audi-rsq3-sportback-s-tronic-matrix-led-sonos-360-280-km-h-carbone\\\/\",\"url\":\"https:\\\/\\\/www.avf-motors.com\\\/shop\\\/audi-rsq3-sportback-s-tronic-matrix-led-sonos-360-280-km-h-carbone\\\/\",\"name\":\"Audi RSQ3 Sportback S Tronic - Matrix LED - SONOS - 360\u00b0 - 280 km\\\/h - Carbone - AVF Motors\",\"isPartOf\":{\"@id\":\"https:\\\/\\\/www.avf-motors.com\\\/en\\\/#website\"},\"primaryImageOfPage\":{\"@id\":\"https:\\\/\\\/www.avf-motors.com\\\/shop\\\/audi-rsq3-sportback-s-tronic-matrix-led-sonos-360-280-km-h-carbone\\\/#primaryimage\"},\"image\":{\"@id\":\"https:\\\/\\\/www.avf-motors.com\\\/shop\\\/audi-rsq3-sportback-s-tronic-matrix-led-sonos-360-280-km-h-carbone\\\/#primaryimage\"},\"thumbnailUrl\":\"https:\\\/\\\/www.avf-motors.com\\\/wp-content\\\/uploads\\\/2026\\\/03\\\/120122-LHpVSoAmkuhDbcjJeXOi.jpg\",\"datePublished\":\"2026-04-01T17:02:33+00:00\",\"dateModified\":\"2026-05-03T13:00:10+00:00\",\"breadcrumb\":{\"@id\":\"https:\\\/\\\/www.avf-motors.com\\\/shop\\\/audi-rsq3-sportback-s-tronic-matrix-led-sonos-360-280-km-h-carbone\\\/#breadcrumb\"},\"inLanguage\":\"en-GB\",\"potentialAction\":[{\"@type\":\"ReadAction\",\"target\":[\"https:\\\/\\\/www.avf-motors.com\\\/shop\\\/audi-rsq3-sportback-s-tronic-matrix-led-sonos-360-280-km-h-carbone\\\/\"]}]},{\"@type\":\"ImageObject\",\"inLanguage\":\"en-GB\",\"@id\":\"https:\\\/\\\/www.avf-motors.com\\\/shop\\\/audi-rsq3-sportback-s-tronic-matrix-led-sonos-360-280-km-h-carbone\\\/#primaryimage\",\"url\":\"https:\\\/\\\/www.avf-motors.com\\\/wp-content\\\/uploads\\\/2026\\\/03\\\/120122-LHpVSoAmkuhDbcjJeXOi.jpg\",\"contentUrl\":\"https:\\\/\\\/www.avf-motors.com\\\/wp-content\\\/uploads\\\/2026\\\/03\\\/120122-LHpVSoAmkuhDbcjJeXOi.jpg\",\"width\":800,\"height\":600},{\"@type\":\"BreadcrumbList\",\"@id\":\"https:\\\/\\\/www.avf-motors.com\\\/shop\\\/audi-rsq3-sportback-s-tronic-matrix-led-sonos-360-280-km-h-carbone\\\/#breadcrumb\",\"itemListElement\":[{\"@type\":\"ListItem\",\"position\":1,\"name\":\"Accueil\",\"item\":\"https:\\\/\\\/www.avf-motors.com\\\/en\\\/\"},{\"@type\":\"ListItem\",\"position\":2,\"name\":\"Nos voitures\",\"item\":\"https:\\\/\\\/www.avf-motors.com\\\/en\\\/nos-voitures\\\/\"},{\"@type\":\"ListItem\",\"position\":3,\"name\":\"Audi RSQ3 Sportback S Tronic &#8211; Matrix LED &#8211; SONOS &#8211; 360\u00b0 &#8211; 280 km\\\/h &#8211; Carbone\"}]},{\"@type\":\"WebSite\",\"@id\":\"https:\\\/\\\/www.avf-motors.com\\\/en\\\/#website\",\"url\":\"https:\\\/\\\/www.avf-motors.com\\\/en\\\/\",\"name\":\"AVF Motors\",\"description\":\"\",\"publisher\":{\"@id\":\"https:\\\/\\\/www.avf-motors.com\\\/en\\\/#organization\"},\"potentialAction\":[{\"@type\":\"SearchAction\",\"target\":{\"@type\":\"EntryPoint\",\"urlTemplate\":\"https:\\\/\\\/www.avf-motors.com\\\/en\\\/?s={search_term_string}\"},\"query-input\":{\"@type\":\"PropertyValueSpecification\",\"valueRequired\":true,\"valueName\":\"search_term_string\"}}],\"inLanguage\":\"en-GB\"},{\"@type\":\"Organization\",\"@id\":\"https:\\\/\\\/www.avf-motors.com\\\/en\\\/#organization\",\"name\":\"AVF Motors\",\"url\":\"https:\\\/\\\/www.avf-motors.com\\\/en\\\/\",\"logo\":{\"@type\":\"ImageObject\",\"inLanguage\":\"en-GB\",\"@id\":\"https:\\\/\\\/www.avf-motors.com\\\/en\\\/#\\\/schema\\\/logo\\\/image\\\/\",\"url\":\"https:\\\/\\\/www.avf-motors.com\\\/wp-content\\\/uploads\\\/2025\\\/06\\\/cropped-cropped-Logo-couleur-baseline-vectoriel-removebg-preview-1-1.png\",\"contentUrl\":\"https:\\\/\\\/www.avf-motors.com\\\/wp-content\\\/uploads\\\/2025\\\/06\\\/cropped-cropped-Logo-couleur-baseline-vectoriel-removebg-preview-1-1.png\",\"width\":630,\"height\":330,\"caption\":\"AVF Motors\"},\"image\":{\"@id\":\"https:\\\/\\\/www.avf-motors.com\\\/en\\\/#\\\/schema\\\/logo\\\/image\\\/\"}}]}<\/script>\n<!-- \/ Yoast SEO plugin. -->","yoast_head_json":{"title":"Audi RSQ3 Sportback S Tronic - Matrix LED - SONOS - 360\u00b0 - 280 km\/h - Carbone - AVF Motors","robots":{"index":"index","follow":"follow","max-snippet":"max-snippet:-1","max-image-preview":"max-image-preview:large","max-video-preview":"max-video-preview:-1"},"canonical":"https:\/\/www.avf-motors.com\/en\/shop\/audi-rsq3-sportback-s-tronic-matrix-led-sonos-360-280-km-h-carbone\/","og_locale":"en_GB","og_type":"article","og_title":"Audi RSQ3 Sportback S Tronic - Matrix LED - SONOS - 360\u00b0 - 280 km\/h - Carbone - AVF Motors","og_description":"Disponible Maintenant !Available Now !Sur rendez-vous uniquement.By appointment only.Pens\u00e9 pour allier sportivit\u00e9 et polyvalence au quotidien, AVF Motors vous propose \u00e0 la vente ce bel Audi RSQ3 Sportback S Tronic. Incarnant parfaitement l'ADN RS d'Audi, sa teinte \"Noir Mythos M\u00e9tallis\u00e9\" associ\u00e9e au pack ext\u00e9rieur noir et aux inserts carbone lui donne une allure muscl\u00e9e et r\u00e9solument sportive. A l'int\u00e9rieur, les si\u00e8ges sport RS en cuir Nappa et le Cockpit virtuel Audi Plus vous offrent tout le confort n\u00e9cessaire. Ce dernier est par ailleurs dot\u00e9 d'options int\u00e9ressantes telles que les phares Matrix LED, le Sound System SONOS Premium 3D, la cam\u00e9ra 360\u00b0 et la Vmax port\u00e9e \u00e0 280 km\/h.5 cylindres 2.5 TFSI - 400 ch - Bo\u00eete S Tronic 7 rapportsTransmission int\u00e9grale quattro - 0 \u00e0 100 km\/h en 4,5 sec&nbsp;0E0EQH - Mythosschwarz M\u00e9tallis\u00e9C30 - Certificat de non-responsabilit\u00e9EL5 - Audi connect Remote & ControlGB1 - Support LTE pour Audi phone boxIT4 - Audi connect Navigation & InfotainmentKA6 - Cam\u00e9ras de p\u00e9rim\u00e8trePCG - Assistant de vitesse adaptatifPC2 - Assistance au freinagePDE - Conduite dynamique avec Audi drive selectPG3 - Cl\u00e9 confort avec alarme antivolPNB - MMI Navigation PlusPS6 - Si\u00e8ges sport RS en cuir FeinnappaPXC - Phare \u00e0 LED MatrixQE1 - Option de rangement et de volumeQL5 - Vitrage de confidentialit\u00e9QQ2 - Pack lumi\u00e8re d'ambiance plusUH2 - Aide au stationnementUI2 - Interface Audi SmartphoneYBS - Num\u00e9ro de commandeYB7 - Num\u00e9ro de contr\u00f4le interneYB9 - Syst\u00e8me d'\u00e9chappement RS1M5 - Pr\u00e9paration pour attelage1PE - S\u00e9curit\u00e9 contre le vol de roues3L5 - Si\u00e8ges avant \u00e9lectriques4A3 - Chauffage des si\u00e8ges avant4E7 - Hayon \u00e9lectrique avec ouverture et fermeture automatiques4L6 - R\u00e9troviseur int\u00e9rieur \u00e0 r\u00e9glage automatique anti-\u00e9blouissement4ZP - Pack ext\u00e9rieur noir plus42V - Jantes 5 branches, 8,5Jx21, pneus 255\/35 R215MB - Inserts d\u00e9coratifs en carbone6E3 - Accoudoir central avant6FA - Coques de r\u00e9troviseurs ext\u00e9rieurs couleur carrosserie6XK - R\u00e9troviseurs ext\u00e9rieurs r\u00e9glables \u00e9lectriquement, chauffants et repliables, avec fonction anti-\u00e9blouissement automatique6Y4 - Augmentation de la vitesse maximale \u00e0 280 km\/h7K3 - Syst\u00e8me de contr\u00f4le de pression des pneus9AK - Climatisation automatique \u00e0 2 zones9S8 - Cockpit virtuel Audi Plus9VS - Syst\u00e8me sonore SONOS Premium avec son 3D9ZE - Audi phone box","og_url":"https:\/\/www.avf-motors.com\/en\/shop\/audi-rsq3-sportback-s-tronic-matrix-led-sonos-360-280-km-h-carbone\/","og_site_name":"AVF Motors","article_modified_time":"2026-05-03T13:00:10+00:00","og_image":[{"width":800,"height":600,"url":"https:\/\/www.avf-motors.com\/wp-content\/uploads\/2026\/03\/120122-LHpVSoAmkuhDbcjJeXOi.jpg","type":"image\/jpeg"}],"twitter_card":"summary_large_image","twitter_misc":{"Estimated reading time":"1 minute"},"schema":{"@context":"https:\/\/schema.org","@graph":[{"@type":"WebPage","@id":"https:\/\/www.avf-motors.com\/shop\/audi-rsq3-sportback-s-tronic-matrix-led-sonos-360-280-km-h-carbone\/","url":"https:\/\/www.avf-motors.com\/shop\/audi-rsq3-sportback-s-tronic-matrix-led-sonos-360-280-km-h-carbone\/","name":"Audi RSQ3 Sportback S Tronic - Matrix LED - SONOS - 360\u00b0 - 280 km\/h - Carbone - AVF Motors","isPartOf":{"@id":"https:\/\/www.avf-motors.com\/en\/#website"},"primaryImageOfPage":{"@id":"https:\/\/www.avf-motors.com\/shop\/audi-rsq3-sportback-s-tronic-matrix-led-sonos-360-280-km-h-carbone\/#primaryimage"},"image":{"@id":"https:\/\/www.avf-motors.com\/shop\/audi-rsq3-sportback-s-tronic-matrix-led-sonos-360-280-km-h-carbone\/#primaryimage"},"thumbnailUrl":"https:\/\/www.avf-motors.com\/wp-content\/uploads\/2026\/03\/120122-LHpVSoAmkuhDbcjJeXOi.jpg","datePublished":"2026-04-01T17:02:33+00:00","dateModified":"2026-05-03T13:00:10+00:00","breadcrumb":{"@id":"https:\/\/www.avf-motors.com\/shop\/audi-rsq3-sportback-s-tronic-matrix-led-sonos-360-280-km-h-carbone\/#breadcrumb"},"inLanguage":"en-GB","potentialAction":[{"@type":"ReadAction","target":["https:\/\/www.avf-motors.com\/shop\/audi-rsq3-sportback-s-tronic-matrix-led-sonos-360-280-km-h-carbone\/"]}]},{"@type":"ImageObject","inLanguage":"en-GB","@id":"https:\/\/www.avf-motors.com\/shop\/audi-rsq3-sportback-s-tronic-matrix-led-sonos-360-280-km-h-carbone\/#primaryimage","url":"https:\/\/www.avf-motors.com\/wp-content\/uploads\/2026\/03\/120122-LHpVSoAmkuhDbcjJeXOi.jpg","contentUrl":"https:\/\/www.avf-motors.com\/wp-content\/uploads\/2026\/03\/120122-LHpVSoAmkuhDbcjJeXOi.jpg","width":800,"height":600},{"@type":"BreadcrumbList","@id":"https:\/\/www.avf-motors.com\/shop\/audi-rsq3-sportback-s-tronic-matrix-led-sonos-360-280-km-h-carbone\/#breadcrumb","itemListElement":[{"@type":"ListItem","position":1,"name":"Accueil","item":"https:\/\/www.avf-motors.com\/en\/"},{"@type":"ListItem","position":2,"name":"Nos voitures","item":"https:\/\/www.avf-motors.com\/en\/nos-voitures\/"},{"@type":"ListItem","position":3,"name":"Audi RSQ3 Sportback S Tronic &#8211; Matrix LED &#8211; SONOS &#8211; 360\u00b0 &#8211; 280 km\/h &#8211; Carbone"}]},{"@type":"WebSite","@id":"https:\/\/www.avf-motors.com\/en\/#website","url":"https:\/\/www.avf-motors.com\/en\/","name":"AVF Motors","description":"","publisher":{"@id":"https:\/\/www.avf-motors.com\/en\/#organization"},"potentialAction":[{"@type":"SearchAction","target":{"@type":"EntryPoint","urlTemplate":"https:\/\/www.avf-motors.com\/en\/?s={search_term_string}"},"query-input":{"@type":"PropertyValueSpecification","valueRequired":true,"valueName":"search_term_string"}}],"inLanguage":"en-GB"},{"@type":"Organization","@id":"https:\/\/www.avf-motors.com\/en\/#organization","name":"AVF Motors","url":"https:\/\/www.avf-motors.com\/en\/","logo":{"@type":"ImageObject","inLanguage":"en-GB","@id":"https:\/\/www.avf-motors.com\/en\/#\/schema\/logo\/image\/","url":"https:\/\/www.avf-motors.com\/wp-content\/uploads\/2025\/06\/cropped-cropped-Logo-couleur-baseline-vectoriel-removebg-preview-1-1.png","contentUrl":"https:\/\/www.avf-motors.com\/wp-content\/uploads\/2025\/06\/cropped-cropped-Logo-couleur-baseline-vectoriel-removebg-preview-1-1.png","width":630,"height":330,"caption":"AVF Motors"},"image":{"@id":"https:\/\/www.avf-motors.com\/en\/#\/schema\/logo\/image\/"}}]}},"_links":{"self":[{"href":"https:\/\/www.avf-motors.com\/en\/wp-json\/wp\/v2\/product\/7850","targetHints":{"allow":["GET"]}}],"collection":[{"href":"https:\/\/www.avf-motors.com\/en\/wp-json\/wp\/v2\/product"}],"about":[{"href":"https:\/\/www.avf-motors.com\/en\/wp-json\/wp\/v2\/types\/product"}],"wp:featuredmedia":[{"embeddable":true,"href":"https:\/\/www.avf-motors.com\/en\/wp-json\/wp\/v2\/media\/7562"}],"wp:attachment":[{"href":"https:\/\/www.avf-motors.com\/en\/wp-json\/wp\/v2\/media?parent=7850"}],"wp:term":[{"taxonomy":"product_brand","embeddable":true,"href":"https:\/\/www.avf-motors.com\/en\/wp-json\/wp\/v2\/product_brand?post=7850"},{"taxonomy":"product_cat","embeddable":true,"href":"https:\/\/www.avf-motors.com\/en\/wp-json\/wp\/v2\/product_cat?post=7850"},{"taxonomy":"product_tag","embeddable":true,"href":"https:\/\/www.avf-motors.com\/en\/wp-json\/wp\/v2\/product_tag?post=7850"}],"curies":[{"name":"wp","href":"https:\/\/api.w.org\/{rel}","templated":true}]}}