{"id":7848,"date":"2026-04-01T19:02:32","date_gmt":"2026-04-01T17:02:32","guid":{"rendered":"https:\/\/www.avf-motors.com\/shop\/porsche-356-b-super-90-matching-numbers-color\/"},"modified":"2026-05-03T15:00:09","modified_gmt":"2026-05-03T13:00:09","slug":"porsche-356-b-super-90-matching-numbers-color","status":"publish","type":"product","link":"https:\/\/www.avf-motors.com\/en\/shop\/porsche-356-b-super-90-matching-numbers-color\/","title":{"rendered":"Porsche 356 B Super 90 &#8211; Matching Numbers &#038; Color"},"content":{"rendered":"<p>Disponible Maintenant !<\/p>\n<p>Available Now !<\/p>\n<p><\/p>\n<p>Sur rendez-vous uniquement.<\/p>\n<p>By appointment only.<\/p>\n<p><\/p>\n<p>AVF Motors vous propose \u00e0 la vente cette superbe Porsche 356 B Super 90 Cabriolet.<\/p>\n<p><\/p>\n<p>Notre exemplaire, matching numbers et color, fut livr\u00e9 neuf en Allemagne.<\/p>\n<p>Chose rare, l&rsquo;auto dispose notamment de son titre de propri\u00e9t\u00e9 allemand original, permettant de retracer sa vie dans son pays d&rsquo;origine.<\/p>\n<p>Apr\u00e8s avoir pass\u00e9 plusieurs ann\u00e9es aux Etats-Unis, cette derni\u00e8re est arriv\u00e9e en France en 2011. Son propri\u00e9taire actuel la poss\u00e8de depuis maintenant plus de quatre ans.<\/p>\n<p><\/p>\n<p>Il est important de noter que cette Porsche poss\u00e8de son certificat d&rsquo;identification Porsche ainsi que son attestation de conformit\u00e9 Porsche attestant de sa limpidit\u00e9.<\/p>\n<p><\/p>\n<p>Toujours v\u00eatue de sa configuration d&rsquo;origine, la peinture Ivoire offre un tr\u00e8s bel aspect et les alignements sont bons.&nbsp;<\/p>\n<p>L&rsquo;habitacle, habill\u00e9 de cuir rouge et ayant fait l&rsquo;objet d&rsquo;une restauration en 2019, se pr\u00e9sente en bel \u00e9tat sans trous ni d\u00e9chirures.&nbsp;<\/p>\n<p>La capote, quant \u00e0 elle, est aussi en tr\u00e8s bon \u00e9tat.<\/p>\n<p><\/p>\n<p>La m\u00e9canique fonctionne parfaitement, sans \u00e9l\u00e9ment suspect.<\/p>\n<p>Le moteur a d&rsquo;ailleurs b\u00e9n\u00e9fici\u00e9 d&rsquo;une importante remise \u00e0 neuf en 2016.<\/p>\n<p><\/p>\n<p>En quelques mots, cette Porsche 356 Super 90 Cabriolet est pr\u00eate \u00e0 offrir \u00e0 son prochain propri\u00e9taire de belles aventures \u00e0 son volant.<\/p>\n<p><\/p>\n<p>Nous serons ravis d&rsquo;\u00e9changer avec vous pour toute demande.<\/p>","protected":false},"excerpt":{"rendered":"<p>Disponible Maintenant !<\/p>\n<p>Available Now !<\/p>\n<p><\/p>\n<p>Sur rendez-vous uniquement.<\/p>\n<p>By appointment only.<\/p>\n<p><\/p>\n<p>AVF Motors vous propose \u00e0 la vente cette superbe Porsche 356 B Super 90 Cabriolet.<\/p>\n<p><\/p>\n<p>Notre exemplaire, matching numbers et color, fut livr\u00e9 neuf en Allemagne.<\/p>\n<p>Chose rare, l&rsquo;auto dispose notamment de son titre de propri\u00e9t\u00e9 allemand original, permettant de retracer sa vie dans son pays d&rsquo;origine.<\/p>\n<p>Apr\u00e8s avoir pass\u00e9 plusieurs ann\u00e9es aux Etats-Unis, cette derni\u00e8re est arriv\u00e9e en France en 2011. Son propri\u00e9taire actuel la poss\u00e8de depuis maintenant plus de quatre ans.<\/p>\n<p><\/p>\n<p>Il est important de noter que cette Porsche poss\u00e8de son certificat d&rsquo;identification Porsche ainsi que son attestation de conformit\u00e9 Porsche attestant de sa limpidit\u00e9.<\/p>\n<p><\/p>\n<p>Toujours v\u00eatue de sa configuration d&rsquo;origine, la peinture Ivoire offre un tr\u00e8s bel aspect et les alignements sont bons.&nbsp;<\/p>\n<p>L&rsquo;habitacle, habill\u00e9 de cuir rouge et ayant fait l&rsquo;objet d&rsquo;une restauration en 2019, se pr\u00e9sente en bel \u00e9tat sans trous ni d\u00e9chirures.&nbsp;<\/p>\n<p>La capote, quant \u00e0 elle, est aussi en tr\u00e8s bon \u00e9tat.<\/p>\n<p><\/p>\n<p>La m\u00e9canique fonctionne parfaitement, sans \u00e9l\u00e9ment suspect.<\/p>\n<p>Le moteur a d&rsquo;ailleurs b\u00e9n\u00e9fici\u00e9 d&rsquo;une importante remise \u00e0 neuf en 2016.<\/p>\n<p><\/p>\n<p>En quelques mots, cette Porsche 356 Super 90 Cabriolet est pr\u00eate \u00e0 offrir \u00e0 son prochain propri\u00e9taire de belles aventures \u00e0 son volant.<\/p>\n<p><\/p>\n<p>Nous serons ravis d&rsquo;\u00e9changer avec vous pour toute demande.<\/p>\n<p><\/p>","protected":false},"featured_media":7699,"template":"","meta":{"_acf_changed":false,"content-type":"","ocean_post_layout":"","ocean_both_sidebars_style":"","ocean_both_sidebars_content_width":0,"ocean_both_sidebars_sidebars_width":0,"ocean_sidebar":"","ocean_second_sidebar":"","ocean_disable_margins":"enable","ocean_add_body_class":"","ocean_shortcode_before_top_bar":"","ocean_shortcode_after_top_bar":"","ocean_shortcode_before_header":"","ocean_shortcode_after_header":"","ocean_has_shortcode":"","ocean_shortcode_after_title":"","ocean_shortcode_before_footer_widgets":"","ocean_shortcode_after_footer_widgets":"","ocean_shortcode_before_footer_bottom":"","ocean_shortcode_after_footer_bottom":"","ocean_display_top_bar":"default","ocean_display_header":"default","ocean_header_style":"","ocean_center_header_left_menu":"","ocean_custom_header_template":"","ocean_custom_logo":0,"ocean_custom_retina_logo":0,"ocean_custom_logo_max_width":0,"ocean_custom_logo_tablet_max_width":0,"ocean_custom_logo_mobile_max_width":0,"ocean_custom_logo_max_height":0,"ocean_custom_logo_tablet_max_height":0,"ocean_custom_logo_mobile_max_height":0,"ocean_header_custom_menu":"","ocean_menu_typo_font_family":"","ocean_menu_typo_font_subset":"","ocean_menu_typo_font_size":0,"ocean_menu_typo_font_size_tablet":0,"ocean_menu_typo_font_size_mobile":0,"ocean_menu_typo_font_size_unit":"px","ocean_menu_typo_font_weight":"","ocean_menu_typo_font_weight_tablet":"","ocean_menu_typo_font_weight_mobile":"","ocean_menu_typo_transform":"","ocean_menu_typo_transform_tablet":"","ocean_menu_typo_transform_mobile":"","ocean_menu_typo_line_height":0,"ocean_menu_typo_line_height_tablet":0,"ocean_menu_typo_line_height_mobile":0,"ocean_menu_typo_line_height_unit":"","ocean_menu_typo_spacing":0,"ocean_menu_typo_spacing_tablet":0,"ocean_menu_typo_spacing_mobile":0,"ocean_menu_typo_spacing_unit":"","ocean_menu_link_color":"","ocean_menu_link_color_hover":"","ocean_menu_link_color_active":"","ocean_menu_link_background":"","ocean_menu_link_hover_background":"","ocean_menu_link_active_background":"","ocean_menu_social_links_bg":"","ocean_menu_social_hover_links_bg":"","ocean_menu_social_links_color":"","ocean_menu_social_hover_links_color":"","ocean_disable_title":"default","ocean_disable_heading":"default","ocean_post_title":"","ocean_post_subheading":"","ocean_post_title_style":"","ocean_post_title_background_color":"","ocean_post_title_background":0,"ocean_post_title_bg_image_position":"","ocean_post_title_bg_image_attachment":"","ocean_post_title_bg_image_repeat":"","ocean_post_title_bg_image_size":"","ocean_post_title_height":0,"ocean_post_title_bg_overlay":0.5,"ocean_post_title_bg_overlay_color":"","ocean_disable_breadcrumbs":"default","ocean_breadcrumbs_color":"","ocean_breadcrumbs_separator_color":"","ocean_breadcrumbs_links_color":"","ocean_breadcrumbs_links_hover_color":"","ocean_display_footer_widgets":"default","ocean_display_footer_bottom":"default","ocean_custom_footer_template":""},"product_brand":[],"product_cat":[19],"product_tag":[],"class_list":{"0":"post-7848","1":"product","2":"type-product","3":"status-publish","4":"has-post-thumbnail","6":"product_cat-non-classe","7":"entry","8":"has-media","10":"first","11":"instock","12":"shipping-taxable","13":"purchasable","14":"product-type-simple"},"acf":[],"yoast_head":"<!-- This site is optimized with the Yoast SEO plugin v27.3 - https:\/\/yoast.com\/product\/yoast-seo-wordpress\/ -->\n<title>Porsche 356 B Super 90 - Matching Numbers &amp; Color - AVF Motors<\/title>\n<meta name=\"robots\" content=\"index, follow, max-snippet:-1, max-image-preview:large, max-video-preview:-1\" \/>\n<link rel=\"canonical\" href=\"https:\/\/www.avf-motors.com\/en\/shop\/porsche-356-b-super-90-matching-numbers-color\/\" \/>\n<meta property=\"og:locale\" content=\"en_GB\" \/>\n<meta property=\"og:type\" content=\"article\" \/>\n<meta property=\"og:title\" content=\"Porsche 356 B Super 90 - Matching Numbers &amp; Color - AVF Motors\" \/>\n<meta property=\"og:description\" content=\"Disponible Maintenant !Available Now !Sur rendez-vous uniquement.By appointment only.AVF Motors vous propose \u00e0 la vente cette superbe Porsche 356 B Super 90 Cabriolet.Notre exemplaire, matching numbers et color, fut livr\u00e9 neuf en Allemagne.Chose rare, l&#039;auto dispose notamment de son titre de propri\u00e9t\u00e9 allemand original, permettant de retracer sa vie dans son pays d&#039;origine.Apr\u00e8s avoir pass\u00e9 plusieurs ann\u00e9es aux Etats-Unis, cette derni\u00e8re est arriv\u00e9e en France en 2011. Son propri\u00e9taire actuel la poss\u00e8de depuis maintenant plus de quatre ans.Il est important de noter que cette Porsche poss\u00e8de son certificat d&#039;identification Porsche ainsi que son attestation de conformit\u00e9 Porsche attestant de sa limpidit\u00e9.Toujours v\u00eatue de sa configuration d&#039;origine, la peinture Ivoire offre un tr\u00e8s bel aspect et les alignements sont bons.&nbsp;L&#039;habitacle, habill\u00e9 de cuir rouge et ayant fait l&#039;objet d&#039;une restauration en 2019, se pr\u00e9sente en bel \u00e9tat sans trous ni d\u00e9chirures.&nbsp;La capote, quant \u00e0 elle, est aussi en tr\u00e8s bon \u00e9tat.La m\u00e9canique fonctionne parfaitement, sans \u00e9l\u00e9ment suspect.Le moteur a d&#039;ailleurs b\u00e9n\u00e9fici\u00e9 d&#039;une importante remise \u00e0 neuf en 2016.En quelques mots, cette Porsche 356 Super 90 Cabriolet est pr\u00eate \u00e0 offrir \u00e0 son prochain propri\u00e9taire de belles aventures \u00e0 son volant.Nous serons ravis d&#039;\u00e9changer avec vous pour toute demande.\" \/>\n<meta property=\"og:url\" content=\"https:\/\/www.avf-motors.com\/en\/shop\/porsche-356-b-super-90-matching-numbers-color\/\" \/>\n<meta property=\"og:site_name\" content=\"AVF Motors\" \/>\n<meta property=\"article:modified_time\" content=\"2026-05-03T13:00:09+00:00\" \/>\n<meta property=\"og:image\" content=\"https:\/\/www.avf-motors.com\/wp-content\/uploads\/2026\/04\/121499-iekXWPYFglTsEGMcwSDL.jpg\" \/>\n\t<meta property=\"og:image:width\" content=\"800\" \/>\n\t<meta property=\"og:image:height\" content=\"600\" \/>\n\t<meta property=\"og:image:type\" content=\"image\/jpeg\" \/>\n<meta name=\"twitter:card\" content=\"summary_large_image\" \/>\n<meta name=\"twitter:label1\" content=\"Estimated reading time\" \/>\n\t<meta name=\"twitter:data1\" content=\"1 minute\" \/>\n<script type=\"application\/ld+json\" class=\"yoast-schema-graph\">{\"@context\":\"https:\\\/\\\/schema.org\",\"@graph\":[{\"@type\":\"WebPage\",\"@id\":\"https:\\\/\\\/www.avf-motors.com\\\/shop\\\/porsche-356-b-super-90-matching-numbers-color\\\/\",\"url\":\"https:\\\/\\\/www.avf-motors.com\\\/shop\\\/porsche-356-b-super-90-matching-numbers-color\\\/\",\"name\":\"Porsche 356 B Super 90 - Matching Numbers & Color - AVF Motors\",\"isPartOf\":{\"@id\":\"https:\\\/\\\/www.avf-motors.com\\\/en\\\/#website\"},\"primaryImageOfPage\":{\"@id\":\"https:\\\/\\\/www.avf-motors.com\\\/shop\\\/porsche-356-b-super-90-matching-numbers-color\\\/#primaryimage\"},\"image\":{\"@id\":\"https:\\\/\\\/www.avf-motors.com\\\/shop\\\/porsche-356-b-super-90-matching-numbers-color\\\/#primaryimage\"},\"thumbnailUrl\":\"https:\\\/\\\/www.avf-motors.com\\\/wp-content\\\/uploads\\\/2026\\\/04\\\/121499-iekXWPYFglTsEGMcwSDL.jpg\",\"datePublished\":\"2026-04-01T17:02:32+00:00\",\"dateModified\":\"2026-05-03T13:00:09+00:00\",\"breadcrumb\":{\"@id\":\"https:\\\/\\\/www.avf-motors.com\\\/shop\\\/porsche-356-b-super-90-matching-numbers-color\\\/#breadcrumb\"},\"inLanguage\":\"en-GB\",\"potentialAction\":[{\"@type\":\"ReadAction\",\"target\":[\"https:\\\/\\\/www.avf-motors.com\\\/shop\\\/porsche-356-b-super-90-matching-numbers-color\\\/\"]}]},{\"@type\":\"ImageObject\",\"inLanguage\":\"en-GB\",\"@id\":\"https:\\\/\\\/www.avf-motors.com\\\/shop\\\/porsche-356-b-super-90-matching-numbers-color\\\/#primaryimage\",\"url\":\"https:\\\/\\\/www.avf-motors.com\\\/wp-content\\\/uploads\\\/2026\\\/04\\\/121499-iekXWPYFglTsEGMcwSDL.jpg\",\"contentUrl\":\"https:\\\/\\\/www.avf-motors.com\\\/wp-content\\\/uploads\\\/2026\\\/04\\\/121499-iekXWPYFglTsEGMcwSDL.jpg\",\"width\":800,\"height\":600},{\"@type\":\"BreadcrumbList\",\"@id\":\"https:\\\/\\\/www.avf-motors.com\\\/shop\\\/porsche-356-b-super-90-matching-numbers-color\\\/#breadcrumb\",\"itemListElement\":[{\"@type\":\"ListItem\",\"position\":1,\"name\":\"Accueil\",\"item\":\"https:\\\/\\\/www.avf-motors.com\\\/en\\\/\"},{\"@type\":\"ListItem\",\"position\":2,\"name\":\"Nos voitures\",\"item\":\"https:\\\/\\\/www.avf-motors.com\\\/en\\\/nos-voitures\\\/\"},{\"@type\":\"ListItem\",\"position\":3,\"name\":\"Porsche 356 B Super 90 &#8211; Matching Numbers &#038; Color\"}]},{\"@type\":\"WebSite\",\"@id\":\"https:\\\/\\\/www.avf-motors.com\\\/en\\\/#website\",\"url\":\"https:\\\/\\\/www.avf-motors.com\\\/en\\\/\",\"name\":\"AVF Motors\",\"description\":\"\",\"publisher\":{\"@id\":\"https:\\\/\\\/www.avf-motors.com\\\/en\\\/#organization\"},\"potentialAction\":[{\"@type\":\"SearchAction\",\"target\":{\"@type\":\"EntryPoint\",\"urlTemplate\":\"https:\\\/\\\/www.avf-motors.com\\\/en\\\/?s={search_term_string}\"},\"query-input\":{\"@type\":\"PropertyValueSpecification\",\"valueRequired\":true,\"valueName\":\"search_term_string\"}}],\"inLanguage\":\"en-GB\"},{\"@type\":\"Organization\",\"@id\":\"https:\\\/\\\/www.avf-motors.com\\\/en\\\/#organization\",\"name\":\"AVF Motors\",\"url\":\"https:\\\/\\\/www.avf-motors.com\\\/en\\\/\",\"logo\":{\"@type\":\"ImageObject\",\"inLanguage\":\"en-GB\",\"@id\":\"https:\\\/\\\/www.avf-motors.com\\\/en\\\/#\\\/schema\\\/logo\\\/image\\\/\",\"url\":\"https:\\\/\\\/www.avf-motors.com\\\/wp-content\\\/uploads\\\/2025\\\/06\\\/cropped-cropped-Logo-couleur-baseline-vectoriel-removebg-preview-1-1.png\",\"contentUrl\":\"https:\\\/\\\/www.avf-motors.com\\\/wp-content\\\/uploads\\\/2025\\\/06\\\/cropped-cropped-Logo-couleur-baseline-vectoriel-removebg-preview-1-1.png\",\"width\":630,\"height\":330,\"caption\":\"AVF Motors\"},\"image\":{\"@id\":\"https:\\\/\\\/www.avf-motors.com\\\/en\\\/#\\\/schema\\\/logo\\\/image\\\/\"}}]}<\/script>\n<!-- \/ Yoast SEO plugin. -->","yoast_head_json":{"title":"Porsche 356 B Super 90 - Matching Numbers & Color - AVF Motors","robots":{"index":"index","follow":"follow","max-snippet":"max-snippet:-1","max-image-preview":"max-image-preview:large","max-video-preview":"max-video-preview:-1"},"canonical":"https:\/\/www.avf-motors.com\/en\/shop\/porsche-356-b-super-90-matching-numbers-color\/","og_locale":"en_GB","og_type":"article","og_title":"Porsche 356 B Super 90 - Matching Numbers & Color - AVF Motors","og_description":"Disponible Maintenant !Available Now !Sur rendez-vous uniquement.By appointment only.AVF Motors vous propose \u00e0 la vente cette superbe Porsche 356 B Super 90 Cabriolet.Notre exemplaire, matching numbers et color, fut livr\u00e9 neuf en Allemagne.Chose rare, l'auto dispose notamment de son titre de propri\u00e9t\u00e9 allemand original, permettant de retracer sa vie dans son pays d'origine.Apr\u00e8s avoir pass\u00e9 plusieurs ann\u00e9es aux Etats-Unis, cette derni\u00e8re est arriv\u00e9e en France en 2011. Son propri\u00e9taire actuel la poss\u00e8de depuis maintenant plus de quatre ans.Il est important de noter que cette Porsche poss\u00e8de son certificat d'identification Porsche ainsi que son attestation de conformit\u00e9 Porsche attestant de sa limpidit\u00e9.Toujours v\u00eatue de sa configuration d'origine, la peinture Ivoire offre un tr\u00e8s bel aspect et les alignements sont bons.&nbsp;L'habitacle, habill\u00e9 de cuir rouge et ayant fait l'objet d'une restauration en 2019, se pr\u00e9sente en bel \u00e9tat sans trous ni d\u00e9chirures.&nbsp;La capote, quant \u00e0 elle, est aussi en tr\u00e8s bon \u00e9tat.La m\u00e9canique fonctionne parfaitement, sans \u00e9l\u00e9ment suspect.Le moteur a d'ailleurs b\u00e9n\u00e9fici\u00e9 d'une importante remise \u00e0 neuf en 2016.En quelques mots, cette Porsche 356 Super 90 Cabriolet est pr\u00eate \u00e0 offrir \u00e0 son prochain propri\u00e9taire de belles aventures \u00e0 son volant.Nous serons ravis d'\u00e9changer avec vous pour toute demande.","og_url":"https:\/\/www.avf-motors.com\/en\/shop\/porsche-356-b-super-90-matching-numbers-color\/","og_site_name":"AVF Motors","article_modified_time":"2026-05-03T13:00:09+00:00","og_image":[{"width":800,"height":600,"url":"https:\/\/www.avf-motors.com\/wp-content\/uploads\/2026\/04\/121499-iekXWPYFglTsEGMcwSDL.jpg","type":"image\/jpeg"}],"twitter_card":"summary_large_image","twitter_misc":{"Estimated reading time":"1 minute"},"schema":{"@context":"https:\/\/schema.org","@graph":[{"@type":"WebPage","@id":"https:\/\/www.avf-motors.com\/shop\/porsche-356-b-super-90-matching-numbers-color\/","url":"https:\/\/www.avf-motors.com\/shop\/porsche-356-b-super-90-matching-numbers-color\/","name":"Porsche 356 B Super 90 - Matching Numbers & Color - AVF Motors","isPartOf":{"@id":"https:\/\/www.avf-motors.com\/en\/#website"},"primaryImageOfPage":{"@id":"https:\/\/www.avf-motors.com\/shop\/porsche-356-b-super-90-matching-numbers-color\/#primaryimage"},"image":{"@id":"https:\/\/www.avf-motors.com\/shop\/porsche-356-b-super-90-matching-numbers-color\/#primaryimage"},"thumbnailUrl":"https:\/\/www.avf-motors.com\/wp-content\/uploads\/2026\/04\/121499-iekXWPYFglTsEGMcwSDL.jpg","datePublished":"2026-04-01T17:02:32+00:00","dateModified":"2026-05-03T13:00:09+00:00","breadcrumb":{"@id":"https:\/\/www.avf-motors.com\/shop\/porsche-356-b-super-90-matching-numbers-color\/#breadcrumb"},"inLanguage":"en-GB","potentialAction":[{"@type":"ReadAction","target":["https:\/\/www.avf-motors.com\/shop\/porsche-356-b-super-90-matching-numbers-color\/"]}]},{"@type":"ImageObject","inLanguage":"en-GB","@id":"https:\/\/www.avf-motors.com\/shop\/porsche-356-b-super-90-matching-numbers-color\/#primaryimage","url":"https:\/\/www.avf-motors.com\/wp-content\/uploads\/2026\/04\/121499-iekXWPYFglTsEGMcwSDL.jpg","contentUrl":"https:\/\/www.avf-motors.com\/wp-content\/uploads\/2026\/04\/121499-iekXWPYFglTsEGMcwSDL.jpg","width":800,"height":600},{"@type":"BreadcrumbList","@id":"https:\/\/www.avf-motors.com\/shop\/porsche-356-b-super-90-matching-numbers-color\/#breadcrumb","itemListElement":[{"@type":"ListItem","position":1,"name":"Accueil","item":"https:\/\/www.avf-motors.com\/en\/"},{"@type":"ListItem","position":2,"name":"Nos voitures","item":"https:\/\/www.avf-motors.com\/en\/nos-voitures\/"},{"@type":"ListItem","position":3,"name":"Porsche 356 B Super 90 &#8211; Matching Numbers &#038; Color"}]},{"@type":"WebSite","@id":"https:\/\/www.avf-motors.com\/en\/#website","url":"https:\/\/www.avf-motors.com\/en\/","name":"AVF Motors","description":"","publisher":{"@id":"https:\/\/www.avf-motors.com\/en\/#organization"},"potentialAction":[{"@type":"SearchAction","target":{"@type":"EntryPoint","urlTemplate":"https:\/\/www.avf-motors.com\/en\/?s={search_term_string}"},"query-input":{"@type":"PropertyValueSpecification","valueRequired":true,"valueName":"search_term_string"}}],"inLanguage":"en-GB"},{"@type":"Organization","@id":"https:\/\/www.avf-motors.com\/en\/#organization","name":"AVF Motors","url":"https:\/\/www.avf-motors.com\/en\/","logo":{"@type":"ImageObject","inLanguage":"en-GB","@id":"https:\/\/www.avf-motors.com\/en\/#\/schema\/logo\/image\/","url":"https:\/\/www.avf-motors.com\/wp-content\/uploads\/2025\/06\/cropped-cropped-Logo-couleur-baseline-vectoriel-removebg-preview-1-1.png","contentUrl":"https:\/\/www.avf-motors.com\/wp-content\/uploads\/2025\/06\/cropped-cropped-Logo-couleur-baseline-vectoriel-removebg-preview-1-1.png","width":630,"height":330,"caption":"AVF Motors"},"image":{"@id":"https:\/\/www.avf-motors.com\/en\/#\/schema\/logo\/image\/"}}]}},"_links":{"self":[{"href":"https:\/\/www.avf-motors.com\/en\/wp-json\/wp\/v2\/product\/7848","targetHints":{"allow":["GET"]}}],"collection":[{"href":"https:\/\/www.avf-motors.com\/en\/wp-json\/wp\/v2\/product"}],"about":[{"href":"https:\/\/www.avf-motors.com\/en\/wp-json\/wp\/v2\/types\/product"}],"wp:featuredmedia":[{"embeddable":true,"href":"https:\/\/www.avf-motors.com\/en\/wp-json\/wp\/v2\/media\/7699"}],"wp:attachment":[{"href":"https:\/\/www.avf-motors.com\/en\/wp-json\/wp\/v2\/media?parent=7848"}],"wp:term":[{"taxonomy":"product_brand","embeddable":true,"href":"https:\/\/www.avf-motors.com\/en\/wp-json\/wp\/v2\/product_brand?post=7848"},{"taxonomy":"product_cat","embeddable":true,"href":"https:\/\/www.avf-motors.com\/en\/wp-json\/wp\/v2\/product_cat?post=7848"},{"taxonomy":"product_tag","embeddable":true,"href":"https:\/\/www.avf-motors.com\/en\/wp-json\/wp\/v2\/product_tag?post=7848"}],"curies":[{"name":"wp","href":"https:\/\/api.w.org\/{rel}","templated":true}]}}