{"id":5192,"date":"2025-07-09T14:56:45","date_gmt":"2025-07-09T12:56:45","guid":{"rendered":"http:\/\/bive5814.odns.fr\/AVF\/?page_id=5192"},"modified":"2026-03-20T10:05:49","modified_gmt":"2026-03-20T09:05:49","slug":"vente","status":"publish","type":"page","link":"https:\/\/www.avf-motors.com\/en\/vente\/","title":{"rendered":"Vehicle Sales"},"content":{"rendered":"<div data-elementor-type=\"wp-page\" data-elementor-id=\"5192\" class=\"elementor elementor-5192\">\n\t\t\t\t<div class=\"elementor-element elementor-element-3bc4ee6 e-flex e-con-boxed e-con e-parent\" data-id=\"3bc4ee6\" data-element_type=\"container\" data-e-type=\"container\" data-settings=\"{&quot;background_background&quot;:&quot;classic&quot;}\">\n\t\t\t\t\t<div class=\"e-con-inner\">\n\t\t\t\t<div class=\"elementor-element elementor-element-c460458 elementor-widget elementor-widget-heading\" data-id=\"c460458\" data-element_type=\"widget\" data-e-type=\"widget\" data-widget_type=\"heading.default\">\n\t\t\t\t<div class=\"elementor-widget-container\">\n\t\t\t\t\t<h1 class=\"elementor-heading-title elementor-size-xxl\">Prestige <span style=\"color:#7D5A4E\"> Vehicle Sales<\/span> <\/h1>\t\t\t\t<\/div>\n\t\t\t\t<\/div>\n\t\t\t\t<div class=\"elementor-element elementor-element-c3b6c6b elementor-widget-divider--view-line elementor-widget elementor-widget-divider\" data-id=\"c3b6c6b\" data-element_type=\"widget\" data-e-type=\"widget\" data-widget_type=\"divider.default\">\n\t\t\t\t<div class=\"elementor-widget-container\">\n\t\t\t\t\t\t\t<div class=\"elementor-divider\">\n\t\t\t<span class=\"elementor-divider-separator\">\n\t\t\t\t\t\t<\/span>\n\t\t<\/div>\n\t\t\t\t\t\t<\/div>\n\t\t\t\t<\/div>\n\t\t\t\t<div class=\"elementor-element elementor-element-0bd0732 elementor-widget elementor-widget-heading\" data-id=\"0bd0732\" data-element_type=\"widget\" data-e-type=\"widget\" data-widget_type=\"heading.default\">\n\t\t\t\t<div class=\"elementor-widget-container\">\n\t\t\t\t\t<h2 class=\"elementor-heading-title elementor-size-large\">A High-End Selection, Tailored Support<\/h2>\t\t\t\t<\/div>\n\t\t\t\t<\/div>\n\t\t\t\t<div class=\"elementor-element elementor-element-fa79c92 elementor-widget elementor-widget-text-editor\" data-id=\"fa79c92\" data-element_type=\"widget\" data-e-type=\"widget\" data-widget_type=\"text-editor.default\">\n\t\t\t\t<div class=\"elementor-widget-container\">\n\t\t\t\t\t\t\t\t\t<p><span style=\"font-weight: 400;\">We offer\u00a0<\/span><b>an exclusive range of luxury vehicles<\/b><span style=\"font-weight: 400;\">, meticulously selected for their design, performance, and impeccable condition. Every vehicle we present for sale undergoes a rigorous inspection and careful preparation to deliver an unparalleled driving experience.<\/span><\/p><p><span style=\"font-weight: 400;\">Our vehicles may be\u00a0<\/span><b>available immediately<\/b><span style=\"font-weight: 400;\">\u00a0or\u00a0<\/span><b>sourced on demand<\/b><span style=\"font-weight: 400;\">, according to your precise requirements:<\/span><\/p>\t\t\t\t\t\t\t\t<\/div>\n\t\t\t\t<\/div>\n\t\t<div class=\"elementor-element elementor-element-526713e e-con-full e-flex e-con e-child\" data-id=\"526713e\" data-element_type=\"container\" data-e-type=\"container\">\n\t\t<div class=\"elementor-element elementor-element-145d77c e-con-full e-flex e-con e-child\" data-id=\"145d77c\" data-element_type=\"container\" data-e-type=\"container\">\n\t\t\t\t<div class=\"elementor-element elementor-element-cb0d390 elementor-widget elementor-widget-text-editor\" data-id=\"cb0d390\" data-element_type=\"widget\" data-e-type=\"widget\" data-widget_type=\"text-editor.default\">\n\t\t\t\t<div class=\"elementor-widget-container\">\n\t\t\t\t\t\t\t\t\t<ul><li style=\"font-weight: 400;\" aria-level=\"1\"><span style=\"font-weight: 400;\">Brand, model, and trim level<\/span><\/li><li style=\"font-weight: 400;\" aria-level=\"1\"><span style=\"font-weight: 400;\">Powertrain (combustion, hybrid, electric)<\/span><\/li><li style=\"font-weight: 400;\" aria-level=\"1\"><span style=\"font-weight: 400;\">Color, equipment, and exclusive options<\/span><\/li><li style=\"font-weight: 400;\" aria-level=\"1\"><span style=\"font-weight: 400;\">Origin, history, and overall condition of the vehicle<\/span><\/li><\/ul>\t\t\t\t\t\t\t\t<\/div>\n\t\t\t\t<\/div>\n\t\t\t\t<div class=\"elementor-element elementor-element-ee92041 elementor-widget elementor-widget-heading\" data-id=\"ee92041\" data-element_type=\"widget\" data-e-type=\"widget\" data-widget_type=\"heading.default\">\n\t\t\t\t<div class=\"elementor-widget-container\">\n\t\t\t\t\t<h3 class=\"elementor-heading-title elementor-size-large\">Have a clear vision? We bring it to life.\n<\/h3>\t\t\t\t<\/div>\n\t\t\t\t<\/div>\n\t\t\t\t<div class=\"elementor-element elementor-element-aa9ae1a elementor-widget elementor-widget-text-editor\" data-id=\"aa9ae1a\" data-element_type=\"widget\" data-e-type=\"widget\" data-widget_type=\"text-editor.default\">\n\t\t\t\t<div class=\"elementor-widget-container\">\n\t\t\t\t\t\t\t\t\t<p><span style=\"font-weight: 400;\">Our strength lies in our\u00a0<\/span><b>extensive partner network<\/b><span style=\"font-weight: 400;\">\u00a0and our\u00a0<\/span><b>expertise in the international market<\/b><span style=\"font-weight: 400;\">. Looking for a rare model, a limited edition, or a vehicle unavailable on the local market?\u00a0<\/span><b>We\u2019ll find it for you.<\/b><\/p>\t\t\t\t\t\t\t\t<\/div>\n\t\t\t\t<\/div>\n\t\t\t\t<div class=\"elementor-element elementor-element-6620643 elementor-widget elementor-widget-heading\" data-id=\"6620643\" data-element_type=\"widget\" data-e-type=\"widget\" data-widget_type=\"heading.default\">\n\t\t\t\t<div class=\"elementor-widget-container\">\n\t\t\t\t\t<h3 class=\"elementor-heading-title elementor-size-large\">Our Promise: Excellence, On Demand\n<\/h3>\t\t\t\t<\/div>\n\t\t\t\t<\/div>\n\t\t\t\t<div class=\"elementor-element elementor-element-75e4447 elementor-widget elementor-widget-text-editor\" data-id=\"75e4447\" data-element_type=\"widget\" data-e-type=\"widget\" data-widget_type=\"text-editor.default\">\n\t\t\t\t<div class=\"elementor-widget-container\">\n\t\t\t\t\t\t\t\t\t<p><span style=\"font-weight: 400;\">At AVF Motors, every transaction is\u00a0<\/span><b>personalized, secure, and discreet<\/b><span style=\"font-weight: 400;\">. We provide comprehensive support throughout the acquisition of your future dream vehicle.<\/span><\/p>\t\t\t\t\t\t\t\t<\/div>\n\t\t\t\t<\/div>\n\t\t\t\t<\/div>\n\t\t<div class=\"elementor-element elementor-element-65c755b e-con-full e-flex e-con e-child\" data-id=\"65c755b\" data-element_type=\"container\" data-e-type=\"container\">\n\t\t\t\t<div class=\"elementor-element elementor-element-6c55855 elementor-widget elementor-widget-image\" data-id=\"6c55855\" data-element_type=\"widget\" data-e-type=\"widget\" data-widget_type=\"image.default\">\n\t\t\t\t<div class=\"elementor-widget-container\">\n\t\t\t\t\t\t\t\t\t\t\t\t\t\t\t<img fetchpriority=\"high\" decoding=\"async\" width=\"1024\" height=\"683\" src=\"https:\/\/www.avf-motors.com\/wp-content\/uploads\/2025\/11\/DSC06799_Calvin_COURJON-1024x683.jpg\" class=\"elementor-animation-sink attachment-large size-large wp-image-6380\" alt=\"\" srcset=\"https:\/\/www.avf-motors.com\/wp-content\/uploads\/2025\/11\/DSC06799_Calvin_COURJON-1024x683.jpg 1024w, https:\/\/www.avf-motors.com\/wp-content\/uploads\/2025\/11\/DSC06799_Calvin_COURJON-300x200.jpg 300w, https:\/\/www.avf-motors.com\/wp-content\/uploads\/2025\/11\/DSC06799_Calvin_COURJON-768x512.jpg 768w, https:\/\/www.avf-motors.com\/wp-content\/uploads\/2025\/11\/DSC06799_Calvin_COURJON-1536x1025.jpg 1536w, https:\/\/www.avf-motors.com\/wp-content\/uploads\/2025\/11\/DSC06799_Calvin_COURJON-600x400.jpg 600w, https:\/\/www.avf-motors.com\/wp-content\/uploads\/2025\/11\/DSC06799_Calvin_COURJON.jpg 2048w\" sizes=\"(max-width: 1024px) 100vw, 1024px\" \/>\t\t\t\t\t\t\t\t\t\t\t\t\t\t\t<\/div>\n\t\t\t\t<\/div>\n\t\t\t\t<\/div>\n\t\t\t\t<\/div>\n\t\t\t\t<div class=\"elementor-element elementor-element-01b1809 elementor-widget elementor-widget-heading\" data-id=\"01b1809\" data-element_type=\"widget\" data-e-type=\"widget\" data-widget_type=\"heading.default\">\n\t\t\t\t<div class=\"elementor-widget-container\">\n\t\t\t\t\t<h2 class=\"elementor-heading-title elementor-size-large\">Entrust Us With Your Project<\/h2>\t\t\t\t<\/div>\n\t\t\t\t<\/div>\n\t\t\t\t<div class=\"elementor-element elementor-element-aae2dbf elementor-widget elementor-widget-text-editor\" data-id=\"aae2dbf\" data-element_type=\"widget\" data-e-type=\"widget\" data-widget_type=\"text-editor.default\">\n\t\t\t\t<div class=\"elementor-widget-container\">\n\t\t\t\t\t\t\t\t\t<p><span style=\"font-weight: 400;\">Is there a vehicle that inspires you? <\/span><span style=\"font-weight: 400;\"><br \/><\/span><b>Contact our team today<\/b><span style=\"font-weight: 400;\">\u00a0and let us turn your vision into reality.<\/span><\/p>\t\t\t\t\t\t\t\t<\/div>\n\t\t\t\t<\/div>\n\t\t\t\t<div class=\"elementor-element elementor-element-b230881 popmake-6055 elementor-widget elementor-widget-button\" data-id=\"b230881\" data-element_type=\"widget\" data-e-type=\"widget\" data-widget_type=\"button.default\">\n\t\t\t\t<div class=\"elementor-widget-container\">\n\t\t\t\t\t\t\t\t\t<div class=\"elementor-button-wrapper\">\n\t\t\t\t\t<a class=\"elementor-button elementor-size-sm\" role=\"button\">\n\t\t\t\t\t\t<span class=\"elementor-button-content-wrapper\">\n\t\t\t\t\t\t\t\t\t<span class=\"elementor-button-text\">Contact<\/span>\n\t\t\t\t\t<\/span>\n\t\t\t\t\t<\/a>\n\t\t\t\t<\/div>\n\t\t\t\t\t\t\t\t<\/div>\n\t\t\t\t<\/div>\n\t\t\t\t\t<\/div>\n\t\t\t\t<\/div>\n\t\t\t\t<\/div>","protected":false},"excerpt":{"rendered":"<p>Vente de v\u00e9hicules de prestige Une s\u00e9lection haut de gamme, un accompagnement sur mesure Nous vous proposons une\u00a0gamme exclusive de v\u00e9hicules de luxe, rigoureusement s\u00e9lectionn\u00e9s pour leur design, leurs performances et leur \u00e9tat irr\u00e9prochable. Chaque v\u00e9hicule que nous proposons \u00e0 la vente est inspect\u00e9 avec exigence et pr\u00e9par\u00e9 pour vous offrir une exp\u00e9rience de conduite [&hellip;]<\/p>\n","protected":false},"author":1,"featured_media":0,"parent":0,"menu_order":0,"comment_status":"closed","ping_status":"closed","template":"","meta":{"_acf_changed":false,"content-type":"","ocean_post_layout":"full-screen","ocean_both_sidebars_style":"","ocean_both_sidebars_content_width":0,"ocean_both_sidebars_sidebars_width":0,"ocean_sidebar":"0","ocean_second_sidebar":"0","ocean_disable_margins":"enable","ocean_add_body_class":"","ocean_shortcode_before_top_bar":"","ocean_shortcode_after_top_bar":"","ocean_shortcode_before_header":"","ocean_shortcode_after_header":"","ocean_has_shortcode":"","ocean_shortcode_after_title":"","ocean_shortcode_before_footer_widgets":"","ocean_shortcode_after_footer_widgets":"","ocean_shortcode_before_footer_bottom":"","ocean_shortcode_after_footer_bottom":"","ocean_display_top_bar":"default","ocean_display_header":"default","ocean_header_style":"","ocean_center_header_left_menu":"0","ocean_custom_header_template":"0","ocean_custom_logo":0,"ocean_custom_retina_logo":0,"ocean_custom_logo_max_width":0,"ocean_custom_logo_tablet_max_width":0,"ocean_custom_logo_mobile_max_width":0,"ocean_custom_logo_max_height":0,"ocean_custom_logo_tablet_max_height":0,"ocean_custom_logo_mobile_max_height":0,"ocean_header_custom_menu":"0","ocean_menu_typo_font_family":"0","ocean_menu_typo_font_subset":"","ocean_menu_typo_font_size":0,"ocean_menu_typo_font_size_tablet":0,"ocean_menu_typo_font_size_mobile":0,"ocean_menu_typo_font_size_unit":"px","ocean_menu_typo_font_weight":"","ocean_menu_typo_font_weight_tablet":"","ocean_menu_typo_font_weight_mobile":"","ocean_menu_typo_transform":"","ocean_menu_typo_transform_tablet":"","ocean_menu_typo_transform_mobile":"","ocean_menu_typo_line_height":0,"ocean_menu_typo_line_height_tablet":0,"ocean_menu_typo_line_height_mobile":0,"ocean_menu_typo_line_height_unit":"","ocean_menu_typo_spacing":0,"ocean_menu_typo_spacing_tablet":0,"ocean_menu_typo_spacing_mobile":0,"ocean_menu_typo_spacing_unit":"","ocean_menu_link_color":"","ocean_menu_link_color_hover":"","ocean_menu_link_color_active":"","ocean_menu_link_background":"","ocean_menu_link_hover_background":"","ocean_menu_link_active_background":"","ocean_menu_social_links_bg":"","ocean_menu_social_hover_links_bg":"","ocean_menu_social_links_color":"","ocean_menu_social_hover_links_color":"","ocean_disable_title":"default","ocean_disable_heading":"default","ocean_post_title":"","ocean_post_subheading":"","ocean_post_title_style":"","ocean_post_title_background_color":"","ocean_post_title_background":0,"ocean_post_title_bg_image_position":"","ocean_post_title_bg_image_attachment":"","ocean_post_title_bg_image_repeat":"","ocean_post_title_bg_image_size":"","ocean_post_title_height":0,"ocean_post_title_bg_overlay":0.5,"ocean_post_title_bg_overlay_color":"","ocean_disable_breadcrumbs":"default","ocean_breadcrumbs_color":"","ocean_breadcrumbs_separator_color":"","ocean_breadcrumbs_links_color":"","ocean_breadcrumbs_links_hover_color":"","ocean_display_footer_widgets":"default","ocean_display_footer_bottom":"default","ocean_custom_footer_template":"0","footnotes":""},"class_list":["post-5192","page","type-page","status-publish","hentry","entry"],"acf":[],"yoast_head":"<!-- This site is optimized with the Yoast SEO plugin v27.3 - https:\/\/yoast.com\/product\/yoast-seo-wordpress\/ -->\n<title>Vente - AVF Motors<\/title>\n<meta name=\"robots\" content=\"index, follow, max-snippet:-1, max-image-preview:large, max-video-preview:-1\" \/>\n<link rel=\"canonical\" href=\"https:\/\/www.avf-motors.com\/en\/vente\/\" \/>\n<meta property=\"og:locale\" content=\"en_GB\" \/>\n<meta property=\"og:type\" content=\"article\" \/>\n<meta property=\"og:title\" content=\"Vente - AVF Motors\" \/>\n<meta property=\"og:description\" content=\"Vente de v\u00e9hicules de prestige Une s\u00e9lection haut de gamme, un accompagnement sur mesure Nous vous proposons une\u00a0gamme exclusive de v\u00e9hicules de luxe, rigoureusement s\u00e9lectionn\u00e9s pour leur design, leurs performances et leur \u00e9tat irr\u00e9prochable. Chaque v\u00e9hicule que nous proposons \u00e0 la vente est inspect\u00e9 avec exigence et pr\u00e9par\u00e9 pour vous offrir une exp\u00e9rience de conduite [&hellip;]\" \/>\n<meta property=\"og:url\" content=\"https:\/\/www.avf-motors.com\/en\/vente\/\" \/>\n<meta property=\"og:site_name\" content=\"AVF Motors\" \/>\n<meta property=\"article:modified_time\" content=\"2026-03-20T09:05:49+00:00\" \/>\n<meta property=\"og:image\" content=\"http:\/\/bive5814.odns.fr\/AVF_prod\/wp-content\/uploads\/2025\/11\/DSC06799_Calvin_COURJON-1024x683.jpg\" \/>\n<meta name=\"twitter:card\" content=\"summary_large_image\" \/>\n<meta name=\"twitter:label1\" content=\"Estimated reading time\" \/>\n\t<meta name=\"twitter:data1\" content=\"2 minutes\" \/>\n<script type=\"application\/ld+json\" class=\"yoast-schema-graph\">{\"@context\":\"https:\\\/\\\/schema.org\",\"@graph\":[{\"@type\":\"WebPage\",\"@id\":\"https:\\\/\\\/www.avf-motors.com\\\/vente\\\/\",\"url\":\"https:\\\/\\\/www.avf-motors.com\\\/vente\\\/\",\"name\":\"Vente - AVF Motors\",\"isPartOf\":{\"@id\":\"https:\\\/\\\/www.avf-motors.com\\\/en\\\/#website\"},\"primaryImageOfPage\":{\"@id\":\"https:\\\/\\\/www.avf-motors.com\\\/vente\\\/#primaryimage\"},\"image\":{\"@id\":\"https:\\\/\\\/www.avf-motors.com\\\/vente\\\/#primaryimage\"},\"thumbnailUrl\":\"http:\\\/\\\/bive5814.odns.fr\\\/AVF_prod\\\/wp-content\\\/uploads\\\/2025\\\/11\\\/DSC06799_Calvin_COURJON-1024x683.jpg\",\"datePublished\":\"2025-07-09T12:56:45+00:00\",\"dateModified\":\"2026-03-20T09:05:49+00:00\",\"breadcrumb\":{\"@id\":\"https:\\\/\\\/www.avf-motors.com\\\/vente\\\/#breadcrumb\"},\"inLanguage\":\"en-GB\",\"potentialAction\":[{\"@type\":\"ReadAction\",\"target\":[\"https:\\\/\\\/www.avf-motors.com\\\/vente\\\/\"]}]},{\"@type\":\"ImageObject\",\"inLanguage\":\"en-GB\",\"@id\":\"https:\\\/\\\/www.avf-motors.com\\\/vente\\\/#primaryimage\",\"url\":\"http:\\\/\\\/bive5814.odns.fr\\\/AVF_prod\\\/wp-content\\\/uploads\\\/2025\\\/11\\\/DSC06799_Calvin_COURJON-1024x683.jpg\",\"contentUrl\":\"http:\\\/\\\/bive5814.odns.fr\\\/AVF_prod\\\/wp-content\\\/uploads\\\/2025\\\/11\\\/DSC06799_Calvin_COURJON-1024x683.jpg\"},{\"@type\":\"BreadcrumbList\",\"@id\":\"https:\\\/\\\/www.avf-motors.com\\\/vente\\\/#breadcrumb\",\"itemListElement\":[{\"@type\":\"ListItem\",\"position\":1,\"name\":\"Accueil\",\"item\":\"https:\\\/\\\/www.avf-motors.com\\\/en\\\/\"},{\"@type\":\"ListItem\",\"position\":2,\"name\":\"Vente\"}]},{\"@type\":\"WebSite\",\"@id\":\"https:\\\/\\\/www.avf-motors.com\\\/en\\\/#website\",\"url\":\"https:\\\/\\\/www.avf-motors.com\\\/en\\\/\",\"name\":\"AVF Motors\",\"description\":\"\",\"publisher\":{\"@id\":\"https:\\\/\\\/www.avf-motors.com\\\/en\\\/#organization\"},\"potentialAction\":[{\"@type\":\"SearchAction\",\"target\":{\"@type\":\"EntryPoint\",\"urlTemplate\":\"https:\\\/\\\/www.avf-motors.com\\\/en\\\/?s={search_term_string}\"},\"query-input\":{\"@type\":\"PropertyValueSpecification\",\"valueRequired\":true,\"valueName\":\"search_term_string\"}}],\"inLanguage\":\"en-GB\"},{\"@type\":\"Organization\",\"@id\":\"https:\\\/\\\/www.avf-motors.com\\\/en\\\/#organization\",\"name\":\"AVF Motors\",\"url\":\"https:\\\/\\\/www.avf-motors.com\\\/en\\\/\",\"logo\":{\"@type\":\"ImageObject\",\"inLanguage\":\"en-GB\",\"@id\":\"https:\\\/\\\/www.avf-motors.com\\\/en\\\/#\\\/schema\\\/logo\\\/image\\\/\",\"url\":\"https:\\\/\\\/www.avf-motors.com\\\/wp-content\\\/uploads\\\/2025\\\/06\\\/cropped-cropped-Logo-couleur-baseline-vectoriel-removebg-preview-1-1.png\",\"contentUrl\":\"https:\\\/\\\/www.avf-motors.com\\\/wp-content\\\/uploads\\\/2025\\\/06\\\/cropped-cropped-Logo-couleur-baseline-vectoriel-removebg-preview-1-1.png\",\"width\":630,\"height\":330,\"caption\":\"AVF Motors\"},\"image\":{\"@id\":\"https:\\\/\\\/www.avf-motors.com\\\/en\\\/#\\\/schema\\\/logo\\\/image\\\/\"}}]}<\/script>\n<!-- \/ Yoast SEO plugin. -->","yoast_head_json":{"title":"Vente - AVF Motors","robots":{"index":"index","follow":"follow","max-snippet":"max-snippet:-1","max-image-preview":"max-image-preview:large","max-video-preview":"max-video-preview:-1"},"canonical":"https:\/\/www.avf-motors.com\/en\/vente\/","og_locale":"en_GB","og_type":"article","og_title":"Vente - AVF Motors","og_description":"Vente de v\u00e9hicules de prestige Une s\u00e9lection haut de gamme, un accompagnement sur mesure Nous vous proposons une\u00a0gamme exclusive de v\u00e9hicules de luxe, rigoureusement s\u00e9lectionn\u00e9s pour leur design, leurs performances et leur \u00e9tat irr\u00e9prochable. Chaque v\u00e9hicule que nous proposons \u00e0 la vente est inspect\u00e9 avec exigence et pr\u00e9par\u00e9 pour vous offrir une exp\u00e9rience de conduite [&hellip;]","og_url":"https:\/\/www.avf-motors.com\/en\/vente\/","og_site_name":"AVF Motors","article_modified_time":"2026-03-20T09:05:49+00:00","og_image":[{"url":"http:\/\/bive5814.odns.fr\/AVF_prod\/wp-content\/uploads\/2025\/11\/DSC06799_Calvin_COURJON-1024x683.jpg","type":"","width":"","height":""}],"twitter_card":"summary_large_image","twitter_misc":{"Estimated reading time":"2 minutes"},"schema":{"@context":"https:\/\/schema.org","@graph":[{"@type":"WebPage","@id":"https:\/\/www.avf-motors.com\/vente\/","url":"https:\/\/www.avf-motors.com\/vente\/","name":"Vente - AVF Motors","isPartOf":{"@id":"https:\/\/www.avf-motors.com\/en\/#website"},"primaryImageOfPage":{"@id":"https:\/\/www.avf-motors.com\/vente\/#primaryimage"},"image":{"@id":"https:\/\/www.avf-motors.com\/vente\/#primaryimage"},"thumbnailUrl":"http:\/\/bive5814.odns.fr\/AVF_prod\/wp-content\/uploads\/2025\/11\/DSC06799_Calvin_COURJON-1024x683.jpg","datePublished":"2025-07-09T12:56:45+00:00","dateModified":"2026-03-20T09:05:49+00:00","breadcrumb":{"@id":"https:\/\/www.avf-motors.com\/vente\/#breadcrumb"},"inLanguage":"en-GB","potentialAction":[{"@type":"ReadAction","target":["https:\/\/www.avf-motors.com\/vente\/"]}]},{"@type":"ImageObject","inLanguage":"en-GB","@id":"https:\/\/www.avf-motors.com\/vente\/#primaryimage","url":"http:\/\/bive5814.odns.fr\/AVF_prod\/wp-content\/uploads\/2025\/11\/DSC06799_Calvin_COURJON-1024x683.jpg","contentUrl":"http:\/\/bive5814.odns.fr\/AVF_prod\/wp-content\/uploads\/2025\/11\/DSC06799_Calvin_COURJON-1024x683.jpg"},{"@type":"BreadcrumbList","@id":"https:\/\/www.avf-motors.com\/vente\/#breadcrumb","itemListElement":[{"@type":"ListItem","position":1,"name":"Accueil","item":"https:\/\/www.avf-motors.com\/en\/"},{"@type":"ListItem","position":2,"name":"Vente"}]},{"@type":"WebSite","@id":"https:\/\/www.avf-motors.com\/en\/#website","url":"https:\/\/www.avf-motors.com\/en\/","name":"AVF Motors","description":"","publisher":{"@id":"https:\/\/www.avf-motors.com\/en\/#organization"},"potentialAction":[{"@type":"SearchAction","target":{"@type":"EntryPoint","urlTemplate":"https:\/\/www.avf-motors.com\/en\/?s={search_term_string}"},"query-input":{"@type":"PropertyValueSpecification","valueRequired":true,"valueName":"search_term_string"}}],"inLanguage":"en-GB"},{"@type":"Organization","@id":"https:\/\/www.avf-motors.com\/en\/#organization","name":"AVF Motors","url":"https:\/\/www.avf-motors.com\/en\/","logo":{"@type":"ImageObject","inLanguage":"en-GB","@id":"https:\/\/www.avf-motors.com\/en\/#\/schema\/logo\/image\/","url":"https:\/\/www.avf-motors.com\/wp-content\/uploads\/2025\/06\/cropped-cropped-Logo-couleur-baseline-vectoriel-removebg-preview-1-1.png","contentUrl":"https:\/\/www.avf-motors.com\/wp-content\/uploads\/2025\/06\/cropped-cropped-Logo-couleur-baseline-vectoriel-removebg-preview-1-1.png","width":630,"height":330,"caption":"AVF Motors"},"image":{"@id":"https:\/\/www.avf-motors.com\/en\/#\/schema\/logo\/image\/"}}]}},"_links":{"self":[{"href":"https:\/\/www.avf-motors.com\/en\/wp-json\/wp\/v2\/pages\/5192","targetHints":{"allow":["GET"]}}],"collection":[{"href":"https:\/\/www.avf-motors.com\/en\/wp-json\/wp\/v2\/pages"}],"about":[{"href":"https:\/\/www.avf-motors.com\/en\/wp-json\/wp\/v2\/types\/page"}],"author":[{"embeddable":true,"href":"https:\/\/www.avf-motors.com\/en\/wp-json\/wp\/v2\/users\/1"}],"replies":[{"embeddable":true,"href":"https:\/\/www.avf-motors.com\/en\/wp-json\/wp\/v2\/comments?post=5192"}],"version-history":[{"count":55,"href":"https:\/\/www.avf-motors.com\/en\/wp-json\/wp\/v2\/pages\/5192\/revisions"}],"predecessor-version":[{"id":7633,"href":"https:\/\/www.avf-motors.com\/en\/wp-json\/wp\/v2\/pages\/5192\/revisions\/7633"}],"wp:attachment":[{"href":"https:\/\/www.avf-motors.com\/en\/wp-json\/wp\/v2\/media?parent=5192"}],"curies":[{"name":"wp","href":"https:\/\/api.w.org\/{rel}","templated":true}]}}