{"id":2,"date":"2023-10-16T17:37:36","date_gmt":"2023-10-16T15:37:36","guid":{"rendered":"http:\/\/bive5814.odns.fr\/AVF\/?page_id=2"},"modified":"2025-11-20T14:18:08","modified_gmt":"2025-11-20T13:18:08","slug":"a-propos","status":"publish","type":"page","link":"https:\/\/www.avf-motors.com\/en\/a-propos\/","title":{"rendered":"About Us"},"content":{"rendered":"<div data-elementor-type=\"wp-page\" data-elementor-id=\"2\" class=\"elementor elementor-2\">\n\t\t\t\t<div class=\"elementor-element elementor-element-3bc4ee6 e-flex e-con-boxed e-con e-parent\" data-id=\"3bc4ee6\" data-element_type=\"container\" data-e-type=\"container\" data-settings=\"{&quot;background_background&quot;:&quot;classic&quot;}\">\n\t\t\t\t\t<div class=\"e-con-inner\">\n\t\t\t\t<div class=\"elementor-element elementor-element-c460458 elementor-widget elementor-widget-heading\" data-id=\"c460458\" data-element_type=\"widget\" data-e-type=\"widget\" data-widget_type=\"heading.default\">\n\t\t\t\t<div class=\"elementor-widget-container\">\n\t\t\t\t\t<h1 class=\"elementor-heading-title elementor-size-xxl\">About <span style=\"color:#7D5A4E\">Us<\/span><\/h1>\t\t\t\t<\/div>\n\t\t\t\t<\/div>\n\t\t\t\t<div class=\"elementor-element elementor-element-c3b6c6b elementor-widget-divider--view-line elementor-widget elementor-widget-divider\" data-id=\"c3b6c6b\" data-element_type=\"widget\" data-e-type=\"widget\" data-widget_type=\"divider.default\">\n\t\t\t\t<div class=\"elementor-widget-container\">\n\t\t\t\t\t\t\t<div class=\"elementor-divider\">\n\t\t\t<span class=\"elementor-divider-separator\">\n\t\t\t\t\t\t<\/span>\n\t\t<\/div>\n\t\t\t\t\t\t<\/div>\n\t\t\t\t<\/div>\n\t\t\t\t<div class=\"elementor-element elementor-element-2cb81be elementor-widget elementor-widget-text-editor\" data-id=\"2cb81be\" data-element_type=\"widget\" data-e-type=\"widget\" data-widget_type=\"text-editor.default\">\n\t\t\t\t<div class=\"elementor-widget-container\">\n\t\t\t\t\t\t\t\t\t<p>At AVF Motors, we redefine the high-end car rental experience. For nearly 20 years, we provide tailored support to a discerning clientele in the selection and delivery of prestige vehicles, available from stock or custom-ordered. Each model is chosen with the utmost care, and every detail is designed to meet the highest standards of comfort, performance, and refinement.<\/p>\t\t\t\t\t\t\t\t<\/div>\n\t\t\t\t<\/div>\n\t\t<div class=\"elementor-element elementor-element-3a69081 e-con-full e-flex e-con e-child\" data-id=\"3a69081\" data-element_type=\"container\" data-e-type=\"container\">\n\t\t<div class=\"elementor-element elementor-element-d1cb061 e-con-full e-flex e-con e-child\" data-id=\"d1cb061\" data-element_type=\"container\" data-e-type=\"container\">\n\t\t\t\t<div class=\"elementor-element elementor-element-28f5977 elementor-widget elementor-widget-text-editor\" data-id=\"28f5977\" data-element_type=\"widget\" data-e-type=\"widget\" data-widget_type=\"text-editor.default\">\n\t\t\t\t<div class=\"elementor-widget-container\">\n\t\t\t\t\t\t\t\t\t<p>Based in Luxembourg<strong>,<\/strong> our team provides a discreet, seamless, and comprehensive service: <strong>registration, insurance, maintenance, roadside assistance, vehicle replacement<\/strong>\u2014 everything is taken care of. Our clients have only one thing to do: get behind the wheel and enjoy their vehicle with complete peace of mind.<\/p><p><strong>AVF Motors<\/strong>\u00a0stands for the freedom to drive with confidence, elegance, and without compromise.<\/p>\t\t\t\t\t\t\t\t<\/div>\n\t\t\t\t<\/div>\n\t\t\t\t<div class=\"elementor-element elementor-element-3b07e6f elementor-widget elementor-widget-image\" data-id=\"3b07e6f\" data-element_type=\"widget\" data-e-type=\"widget\" data-widget_type=\"image.default\">\n\t\t\t\t<div class=\"elementor-widget-container\">\n\t\t\t\t\t\t\t\t\t\t\t\t\t\t\t<img fetchpriority=\"high\" decoding=\"async\" width=\"1024\" height=\"683\" src=\"https:\/\/www.avf-motors.com\/wp-content\/uploads\/2025\/11\/DSC06777_Calvin_COURJON-1-1024x683.jpg\" class=\"elementor-animation-sink attachment-large size-large wp-image-6844\" alt=\"\" srcset=\"https:\/\/www.avf-motors.com\/wp-content\/uploads\/2025\/11\/DSC06777_Calvin_COURJON-1-1024x683.jpg 1024w, https:\/\/www.avf-motors.com\/wp-content\/uploads\/2025\/11\/DSC06777_Calvin_COURJON-1-300x200.jpg 300w, https:\/\/www.avf-motors.com\/wp-content\/uploads\/2025\/11\/DSC06777_Calvin_COURJON-1-768x512.jpg 768w, https:\/\/www.avf-motors.com\/wp-content\/uploads\/2025\/11\/DSC06777_Calvin_COURJON-1-1536x1025.jpg 1536w, https:\/\/www.avf-motors.com\/wp-content\/uploads\/2025\/11\/DSC06777_Calvin_COURJON-1-600x400.jpg 600w, https:\/\/www.avf-motors.com\/wp-content\/uploads\/2025\/11\/DSC06777_Calvin_COURJON-1.jpg 2048w\" sizes=\"(max-width: 1024px) 100vw, 1024px\" \/>\t\t\t\t\t\t\t\t\t\t\t\t\t\t\t<\/div>\n\t\t\t\t<\/div>\n\t\t\t\t<\/div>\n\t\t<div class=\"elementor-element elementor-element-bb386b0 e-con-full e-flex e-con e-child\" data-id=\"bb386b0\" data-element_type=\"container\" data-e-type=\"container\">\n\t\t\t\t<div class=\"elementor-element elementor-element-de4341f elementor-widget elementor-widget-text-editor\" data-id=\"de4341f\" data-element_type=\"widget\" data-e-type=\"widget\" data-widget_type=\"text-editor.default\">\n\t\t\t\t<div class=\"elementor-widget-container\">\n\t\t\t\t\t\t\t\t\t<p>\n<div class=\"wpcf7 no-js\" id=\"wpcf7-f790-o1\" lang=\"fr-FR\" dir=\"ltr\" data-wpcf7-id=\"790\">\n<div class=\"screen-reader-response\"><p role=\"status\" aria-live=\"polite\" aria-atomic=\"true\"><\/p> <ul><\/ul><\/div>\n<form action=\"\/en\/wp-json\/wp\/v2\/pages\/2#wpcf7-f790-o1\" method=\"post\" class=\"wpcf7-form init\" aria-label=\"Contact Form\" novalidate=\"novalidate\" data-status=\"init\" data-trp-original-action=\"\/en\/wp-json\/wp\/v2\/pages\/2#wpcf7-f790-o1\">\n<fieldset class=\"hidden-fields-container\"><input type=\"hidden\" name=\"_wpcf7\" value=\"790\" \/><input type=\"hidden\" name=\"_wpcf7_version\" value=\"6.1.5\" \/><input type=\"hidden\" name=\"_wpcf7_locale\" value=\"fr_FR\" \/><input type=\"hidden\" name=\"_wpcf7_unit_tag\" value=\"wpcf7-f790-o1\" \/><input type=\"hidden\" name=\"_wpcf7_container_post\" value=\"0\" \/><input type=\"hidden\" name=\"_wpcf7_posted_data_hash\" value=\"\" \/>\n<\/fieldset>\n<div class=\"cv-form-container\">\n\t<div class=\"cv-form-row\">\n\t\t<div class=\"cv-form-group cv-form-half\">\n\t\t\t<p><label for=\"prenom\" class=\"cv-form-label\">First Name<\/label><span class=\"wpcf7-form-control-wrap\" data-name=\"prenom\"><input size=\"40\" maxlength=\"400\" class=\"wpcf7-form-control wpcf7-text wpcf7-validates-as-required cv-form-input\" id=\"prenom\" aria-required=\"true\" aria-invalid=\"false\" placeholder=\"Your First Name\" value=\"\" type=\"text\" name=\"prenom\" \/><\/span>\n\t\t\t<\/p>\n\t\t<\/div>\n\t\t<div class=\"cv-form-group cv-form-half\">\n\t\t\t<p><label for=\"nom\" class=\"cv-form-label\">Last Name<\/label><span class=\"wpcf7-form-control-wrap\" data-name=\"nom\"><input size=\"40\" maxlength=\"400\" class=\"wpcf7-form-control wpcf7-text wpcf7-validates-as-required cv-form-input\" id=\"nom\" aria-required=\"true\" aria-invalid=\"false\" placeholder=\"Your Last Name\" value=\"\" type=\"text\" name=\"nom\" \/><\/span>\n\t\t\t<\/p>\n\t\t<\/div>\n\t<\/div>\n\t<div class=\"cv-form-row\">\n\t\t<div class=\"cv-form-group cv-form-half\">\n\t\t\t<p><label for=\"email\" class=\"cv-form-label\">Email<\/label><span class=\"wpcf7-form-control-wrap\" data-name=\"email\"><input size=\"40\" maxlength=\"400\" class=\"wpcf7-form-control wpcf7-email wpcf7-validates-as-required wpcf7-text wpcf7-validates-as-email cv-form-input\" id=\"email\" aria-required=\"true\" aria-invalid=\"false\" placeholder=\"your@email.com\" value=\"\" type=\"email\" name=\"email\" \/><\/span>\n\t\t\t<\/p>\n\t\t<\/div>\n\t\t<div class=\"cv-form-group cv-form-half\">\n\t\t\t<p><label for=\"telephone\" class=\"cv-form-label\">Phone<\/label><span class=\"wpcf7-form-control-wrap\" data-name=\"telephone\"><input size=\"40\" maxlength=\"400\" class=\"wpcf7-form-control wpcf7-tel wpcf7-validates-as-required wpcf7-text wpcf7-validates-as-tel cv-form-input\" id=\"telephone\" aria-required=\"true\" aria-invalid=\"false\" placeholder=\"06 12 34 56 78\" value=\"\" type=\"tel\" name=\"telephone\" \/><\/span>\n\t\t\t<\/p>\n\t\t<\/div>\n\t<\/div>\n\t<div class=\"cv-form-group\">\n\t\t<p><label for=\"type-demande\" class=\"cv-form-label\">Request Type<\/label><span class=\"wpcf7-form-control-wrap\" data-name=\"type-demande\"><select class=\"wpcf7-form-control wpcf7-select wpcf7-validates-as-required cv-form-select\" id=\"type-demande\" aria-required=\"true\" aria-invalid=\"false\" name=\"type-demande\"><option value=\"\">Please choose an option<\/option><option value=\"R\u00e9servation d\u2019un v\u00e9hicule\">Vehicle Reservation<\/option><option value=\"Rendez-vous personnalis\u00e9\">Personalised Appointment<\/option><option value=\"Demande d\u2019informations\">Information Request<\/option><\/select><\/span>\n\t\t<\/p>\n\t<\/div>\n\t<div class=\"cv-form-group\">\n\t\t<p><label for=\"message\" class=\"cv-form-label\">Message<\/label><span class=\"wpcf7-form-control-wrap\" data-name=\"message\"><textarea cols=\"40\" rows=\"5\" maxlength=\"2000\" class=\"wpcf7-form-control wpcf7-textarea cv-form-textarea\" id=\"message\" aria-invalid=\"false\" placeholder=\"Tell us about your needs or project in a few words.\" name=\"message\"><\/textarea><\/span>\n\t\t<\/p>\n\t<\/div>\n\t<div class=\"cv-form-submit-container\">\n\t\t<p><input class=\"wpcf7-form-control wpcf7-submit has-spinner cv-form-submit\" type=\"submit\" value=\"Send my message\" \/>\n\t\t<\/p>\n\t<\/div>\n<\/div><input type='hidden' class='wpcf7-pum' value='{\"closepopup\":false,\"closedelay\":0,\"openpopup\":false,\"openpopup_id\":0}' \/><div class=\"wpcf7-response-output\" aria-hidden=\"true\"><\/div>\n<input type=\"hidden\" name=\"trp-form-language\" value=\"en\"\/><\/form>\n<\/div>\n<\/p>\t\t\t\t\t\t\t\t<\/div>\n\t\t\t\t<\/div>\n\t\t\t\t<\/div>\n\t\t\t\t<\/div>\n\t\t\t\t\t<\/div>\n\t\t\t\t<\/div>\n\t\t\t\t<\/div>","protected":false},"excerpt":{"rendered":"<p>A propos de nous Chez AVF Motors, nous r\u00e9inventons l&rsquo;exp\u00e9rience de la location automobile haut de gamme. Depuis pr\u00e8s de 20 ans, nous accompagnons une client\u00e8le exigeante dans le choix et la mise \u00e0 disposition de v\u00e9hicules de prestige, en stock ou command\u00e9s sur mesure. Chaque mod\u00e8le est s\u00e9lectionn\u00e9 avec rigueur, chaque d\u00e9tail pens\u00e9 pour [&hellip;]<\/p>\n","protected":false},"author":1,"featured_media":0,"parent":0,"menu_order":0,"comment_status":"closed","ping_status":"closed","template":"","meta":{"_acf_changed":false,"content-type":"","ocean_post_layout":"full-screen","ocean_both_sidebars_style":"","ocean_both_sidebars_content_width":0,"ocean_both_sidebars_sidebars_width":0,"ocean_sidebar":"0","ocean_second_sidebar":"0","ocean_disable_margins":"enable","ocean_add_body_class":"","ocean_shortcode_before_top_bar":"","ocean_shortcode_after_top_bar":"","ocean_shortcode_before_header":"","ocean_shortcode_after_header":"","ocean_has_shortcode":"","ocean_shortcode_after_title":"","ocean_shortcode_before_footer_widgets":"","ocean_shortcode_after_footer_widgets":"","ocean_shortcode_before_footer_bottom":"","ocean_shortcode_after_footer_bottom":"","ocean_display_top_bar":"default","ocean_display_header":"default","ocean_header_style":"","ocean_center_header_left_menu":"0","ocean_custom_header_template":"0","ocean_custom_logo":0,"ocean_custom_retina_logo":0,"ocean_custom_logo_max_width":0,"ocean_custom_logo_tablet_max_width":0,"ocean_custom_logo_mobile_max_width":0,"ocean_custom_logo_max_height":0,"ocean_custom_logo_tablet_max_height":0,"ocean_custom_logo_mobile_max_height":0,"ocean_header_custom_menu":"0","ocean_menu_typo_font_family":"0","ocean_menu_typo_font_subset":"","ocean_menu_typo_font_size":0,"ocean_menu_typo_font_size_tablet":0,"ocean_menu_typo_font_size_mobile":0,"ocean_menu_typo_font_size_unit":"px","ocean_menu_typo_font_weight":"","ocean_menu_typo_font_weight_tablet":"","ocean_menu_typo_font_weight_mobile":"","ocean_menu_typo_transform":"","ocean_menu_typo_transform_tablet":"","ocean_menu_typo_transform_mobile":"","ocean_menu_typo_line_height":0,"ocean_menu_typo_line_height_tablet":0,"ocean_menu_typo_line_height_mobile":0,"ocean_menu_typo_line_height_unit":"","ocean_menu_typo_spacing":0,"ocean_menu_typo_spacing_tablet":0,"ocean_menu_typo_spacing_mobile":0,"ocean_menu_typo_spacing_unit":"","ocean_menu_link_color":"","ocean_menu_link_color_hover":"","ocean_menu_link_color_active":"","ocean_menu_link_background":"","ocean_menu_link_hover_background":"","ocean_menu_link_active_background":"","ocean_menu_social_links_bg":"","ocean_menu_social_hover_links_bg":"","ocean_menu_social_links_color":"","ocean_menu_social_hover_links_color":"","ocean_disable_title":"default","ocean_disable_heading":"default","ocean_post_title":"","ocean_post_subheading":"","ocean_post_title_style":"","ocean_post_title_background_color":"","ocean_post_title_background":0,"ocean_post_title_bg_image_position":"","ocean_post_title_bg_image_attachment":"","ocean_post_title_bg_image_repeat":"","ocean_post_title_bg_image_size":"","ocean_post_title_height":0,"ocean_post_title_bg_overlay":0.5,"ocean_post_title_bg_overlay_color":"","ocean_disable_breadcrumbs":"default","ocean_breadcrumbs_color":"","ocean_breadcrumbs_separator_color":"","ocean_breadcrumbs_links_color":"","ocean_breadcrumbs_links_hover_color":"","ocean_display_footer_widgets":"default","ocean_display_footer_bottom":"default","ocean_custom_footer_template":"0","footnotes":""},"class_list":["post-2","page","type-page","status-publish","hentry","entry"],"acf":[],"yoast_head":"<!-- This site is optimized with the Yoast SEO plugin v27.3 - https:\/\/yoast.com\/product\/yoast-seo-wordpress\/ -->\n<title>A propos de nous - AVF Motors<\/title>\n<meta name=\"robots\" content=\"index, follow, max-snippet:-1, max-image-preview:large, max-video-preview:-1\" \/>\n<link rel=\"canonical\" href=\"https:\/\/www.avf-motors.com\/en\/a-propos\/\" \/>\n<meta property=\"og:locale\" content=\"en_GB\" \/>\n<meta property=\"og:type\" content=\"article\" \/>\n<meta property=\"og:title\" content=\"A propos de nous - AVF Motors\" \/>\n<meta property=\"og:description\" content=\"A propos de nous Chez AVF Motors, nous r\u00e9inventons l&rsquo;exp\u00e9rience de la location automobile haut de gamme. Depuis pr\u00e8s de 20 ans, nous accompagnons une client\u00e8le exigeante dans le choix et la mise \u00e0 disposition de v\u00e9hicules de prestige, en stock ou command\u00e9s sur mesure. Chaque mod\u00e8le est s\u00e9lectionn\u00e9 avec rigueur, chaque d\u00e9tail pens\u00e9 pour [&hellip;]\" \/>\n<meta property=\"og:url\" content=\"https:\/\/www.avf-motors.com\/en\/a-propos\/\" \/>\n<meta property=\"og:site_name\" content=\"AVF Motors\" \/>\n<meta property=\"article:modified_time\" content=\"2025-11-20T13:18:08+00:00\" \/>\n<meta property=\"og:image\" content=\"http:\/\/bive5814.odns.fr\/AVF\/wp-content\/uploads\/2025\/11\/DSC06777_Calvin_COURJON-1-1024x683.jpg\" \/>\n<meta name=\"twitter:card\" content=\"summary_large_image\" \/>\n<meta name=\"twitter:label1\" content=\"Estimated reading time\" \/>\n\t<meta name=\"twitter:data1\" content=\"1 minute\" \/>\n<script type=\"application\/ld+json\" class=\"yoast-schema-graph\">{\"@context\":\"https:\\\/\\\/schema.org\",\"@graph\":[{\"@type\":\"WebPage\",\"@id\":\"https:\\\/\\\/www.avf-motors.com\\\/a-propos\\\/\",\"url\":\"https:\\\/\\\/www.avf-motors.com\\\/a-propos\\\/\",\"name\":\"A propos de nous - AVF Motors\",\"isPartOf\":{\"@id\":\"https:\\\/\\\/www.avf-motors.com\\\/en\\\/#website\"},\"primaryImageOfPage\":{\"@id\":\"https:\\\/\\\/www.avf-motors.com\\\/a-propos\\\/#primaryimage\"},\"image\":{\"@id\":\"https:\\\/\\\/www.avf-motors.com\\\/a-propos\\\/#primaryimage\"},\"thumbnailUrl\":\"http:\\\/\\\/bive5814.odns.fr\\\/AVF\\\/wp-content\\\/uploads\\\/2025\\\/11\\\/DSC06777_Calvin_COURJON-1-1024x683.jpg\",\"datePublished\":\"2023-10-16T15:37:36+00:00\",\"dateModified\":\"2025-11-20T13:18:08+00:00\",\"breadcrumb\":{\"@id\":\"https:\\\/\\\/www.avf-motors.com\\\/a-propos\\\/#breadcrumb\"},\"inLanguage\":\"en-GB\",\"potentialAction\":[{\"@type\":\"ReadAction\",\"target\":[\"https:\\\/\\\/www.avf-motors.com\\\/a-propos\\\/\"]}]},{\"@type\":\"ImageObject\",\"inLanguage\":\"en-GB\",\"@id\":\"https:\\\/\\\/www.avf-motors.com\\\/a-propos\\\/#primaryimage\",\"url\":\"http:\\\/\\\/bive5814.odns.fr\\\/AVF\\\/wp-content\\\/uploads\\\/2025\\\/11\\\/DSC06777_Calvin_COURJON-1-1024x683.jpg\",\"contentUrl\":\"http:\\\/\\\/bive5814.odns.fr\\\/AVF\\\/wp-content\\\/uploads\\\/2025\\\/11\\\/DSC06777_Calvin_COURJON-1-1024x683.jpg\"},{\"@type\":\"BreadcrumbList\",\"@id\":\"https:\\\/\\\/www.avf-motors.com\\\/a-propos\\\/#breadcrumb\",\"itemListElement\":[{\"@type\":\"ListItem\",\"position\":1,\"name\":\"Accueil\",\"item\":\"https:\\\/\\\/www.avf-motors.com\\\/en\\\/\"},{\"@type\":\"ListItem\",\"position\":2,\"name\":\"A propos de nous\"}]},{\"@type\":\"WebSite\",\"@id\":\"https:\\\/\\\/www.avf-motors.com\\\/en\\\/#website\",\"url\":\"https:\\\/\\\/www.avf-motors.com\\\/en\\\/\",\"name\":\"AVF Motors\",\"description\":\"\",\"publisher\":{\"@id\":\"https:\\\/\\\/www.avf-motors.com\\\/en\\\/#organization\"},\"potentialAction\":[{\"@type\":\"SearchAction\",\"target\":{\"@type\":\"EntryPoint\",\"urlTemplate\":\"https:\\\/\\\/www.avf-motors.com\\\/en\\\/?s={search_term_string}\"},\"query-input\":{\"@type\":\"PropertyValueSpecification\",\"valueRequired\":true,\"valueName\":\"search_term_string\"}}],\"inLanguage\":\"en-GB\"},{\"@type\":\"Organization\",\"@id\":\"https:\\\/\\\/www.avf-motors.com\\\/en\\\/#organization\",\"name\":\"AVF Motors\",\"url\":\"https:\\\/\\\/www.avf-motors.com\\\/en\\\/\",\"logo\":{\"@type\":\"ImageObject\",\"inLanguage\":\"en-GB\",\"@id\":\"https:\\\/\\\/www.avf-motors.com\\\/en\\\/#\\\/schema\\\/logo\\\/image\\\/\",\"url\":\"https:\\\/\\\/www.avf-motors.com\\\/wp-content\\\/uploads\\\/2025\\\/06\\\/cropped-cropped-Logo-couleur-baseline-vectoriel-removebg-preview-1-1.png\",\"contentUrl\":\"https:\\\/\\\/www.avf-motors.com\\\/wp-content\\\/uploads\\\/2025\\\/06\\\/cropped-cropped-Logo-couleur-baseline-vectoriel-removebg-preview-1-1.png\",\"width\":630,\"height\":330,\"caption\":\"AVF Motors\"},\"image\":{\"@id\":\"https:\\\/\\\/www.avf-motors.com\\\/en\\\/#\\\/schema\\\/logo\\\/image\\\/\"}}]}<\/script>\n<!-- \/ Yoast SEO plugin. -->","yoast_head_json":{"title":"A propos de nous - AVF Motors","robots":{"index":"index","follow":"follow","max-snippet":"max-snippet:-1","max-image-preview":"max-image-preview:large","max-video-preview":"max-video-preview:-1"},"canonical":"https:\/\/www.avf-motors.com\/en\/a-propos\/","og_locale":"en_GB","og_type":"article","og_title":"A propos de nous - AVF Motors","og_description":"A propos de nous Chez AVF Motors, nous r\u00e9inventons l&rsquo;exp\u00e9rience de la location automobile haut de gamme. Depuis pr\u00e8s de 20 ans, nous accompagnons une client\u00e8le exigeante dans le choix et la mise \u00e0 disposition de v\u00e9hicules de prestige, en stock ou command\u00e9s sur mesure. Chaque mod\u00e8le est s\u00e9lectionn\u00e9 avec rigueur, chaque d\u00e9tail pens\u00e9 pour [&hellip;]","og_url":"https:\/\/www.avf-motors.com\/en\/a-propos\/","og_site_name":"AVF Motors","article_modified_time":"2025-11-20T13:18:08+00:00","og_image":[{"url":"http:\/\/bive5814.odns.fr\/AVF\/wp-content\/uploads\/2025\/11\/DSC06777_Calvin_COURJON-1-1024x683.jpg","type":"","width":"","height":""}],"twitter_card":"summary_large_image","twitter_misc":{"Estimated reading time":"1 minute"},"schema":{"@context":"https:\/\/schema.org","@graph":[{"@type":"WebPage","@id":"https:\/\/www.avf-motors.com\/a-propos\/","url":"https:\/\/www.avf-motors.com\/a-propos\/","name":"A propos de nous - AVF Motors","isPartOf":{"@id":"https:\/\/www.avf-motors.com\/en\/#website"},"primaryImageOfPage":{"@id":"https:\/\/www.avf-motors.com\/a-propos\/#primaryimage"},"image":{"@id":"https:\/\/www.avf-motors.com\/a-propos\/#primaryimage"},"thumbnailUrl":"http:\/\/bive5814.odns.fr\/AVF\/wp-content\/uploads\/2025\/11\/DSC06777_Calvin_COURJON-1-1024x683.jpg","datePublished":"2023-10-16T15:37:36+00:00","dateModified":"2025-11-20T13:18:08+00:00","breadcrumb":{"@id":"https:\/\/www.avf-motors.com\/a-propos\/#breadcrumb"},"inLanguage":"en-GB","potentialAction":[{"@type":"ReadAction","target":["https:\/\/www.avf-motors.com\/a-propos\/"]}]},{"@type":"ImageObject","inLanguage":"en-GB","@id":"https:\/\/www.avf-motors.com\/a-propos\/#primaryimage","url":"http:\/\/bive5814.odns.fr\/AVF\/wp-content\/uploads\/2025\/11\/DSC06777_Calvin_COURJON-1-1024x683.jpg","contentUrl":"http:\/\/bive5814.odns.fr\/AVF\/wp-content\/uploads\/2025\/11\/DSC06777_Calvin_COURJON-1-1024x683.jpg"},{"@type":"BreadcrumbList","@id":"https:\/\/www.avf-motors.com\/a-propos\/#breadcrumb","itemListElement":[{"@type":"ListItem","position":1,"name":"Accueil","item":"https:\/\/www.avf-motors.com\/en\/"},{"@type":"ListItem","position":2,"name":"A propos de nous"}]},{"@type":"WebSite","@id":"https:\/\/www.avf-motors.com\/en\/#website","url":"https:\/\/www.avf-motors.com\/en\/","name":"AVF Motors","description":"","publisher":{"@id":"https:\/\/www.avf-motors.com\/en\/#organization"},"potentialAction":[{"@type":"SearchAction","target":{"@type":"EntryPoint","urlTemplate":"https:\/\/www.avf-motors.com\/en\/?s={search_term_string}"},"query-input":{"@type":"PropertyValueSpecification","valueRequired":true,"valueName":"search_term_string"}}],"inLanguage":"en-GB"},{"@type":"Organization","@id":"https:\/\/www.avf-motors.com\/en\/#organization","name":"AVF Motors","url":"https:\/\/www.avf-motors.com\/en\/","logo":{"@type":"ImageObject","inLanguage":"en-GB","@id":"https:\/\/www.avf-motors.com\/en\/#\/schema\/logo\/image\/","url":"https:\/\/www.avf-motors.com\/wp-content\/uploads\/2025\/06\/cropped-cropped-Logo-couleur-baseline-vectoriel-removebg-preview-1-1.png","contentUrl":"https:\/\/www.avf-motors.com\/wp-content\/uploads\/2025\/06\/cropped-cropped-Logo-couleur-baseline-vectoriel-removebg-preview-1-1.png","width":630,"height":330,"caption":"AVF Motors"},"image":{"@id":"https:\/\/www.avf-motors.com\/en\/#\/schema\/logo\/image\/"}}]}},"_links":{"self":[{"href":"https:\/\/www.avf-motors.com\/en\/wp-json\/wp\/v2\/pages\/2","targetHints":{"allow":["GET"]}}],"collection":[{"href":"https:\/\/www.avf-motors.com\/en\/wp-json\/wp\/v2\/pages"}],"about":[{"href":"https:\/\/www.avf-motors.com\/en\/wp-json\/wp\/v2\/types\/page"}],"author":[{"embeddable":true,"href":"https:\/\/www.avf-motors.com\/en\/wp-json\/wp\/v2\/users\/1"}],"replies":[{"embeddable":true,"href":"https:\/\/www.avf-motors.com\/en\/wp-json\/wp\/v2\/comments?post=2"}],"version-history":[{"count":89,"href":"https:\/\/www.avf-motors.com\/en\/wp-json\/wp\/v2\/pages\/2\/revisions"}],"predecessor-version":[{"id":6847,"href":"https:\/\/www.avf-motors.com\/en\/wp-json\/wp\/v2\/pages\/2\/revisions\/6847"}],"wp:attachment":[{"href":"https:\/\/www.avf-motors.com\/en\/wp-json\/wp\/v2\/media?parent=2"}],"curies":[{"name":"wp","href":"https:\/\/api.w.org\/{rel}","templated":true}]}}